{"id":259921,"date":"2025-03-16T18:05:37","date_gmt":"2025-03-16T18:05:37","guid":{"rendered":"https:\/\/new.staging.swizzle.se\/produkt\/ocb-virgin-cones-3st\/"},"modified":"2026-02-04T18:47:27","modified_gmt":"2026-02-04T18:47:27","slug":"ocb-virgin-cones-3st","status":"publish","type":"product","link":"https:\/\/staging.swizzle.se\/dk\/product-2\/ocb-virgin-cones-3st\/","title":{"rendered":"OCB | Virgin Cones 3st\/frp"},"content":{"rendered":"<p><strong>OCB | Virgin Cones 3st\/frp<\/strong><\/p>\n<p>OCB Virgin oblekta cones med filter och pack-pinne. Dessa f\u00f6rrullade cones \u00e4r gjorda av tunt Virgin-papper som brinner extra l\u00e5ngsamt.<\/p>\n<ul>\n<li>Antal: 3 st<\/li>\n<li>Storlek: 109 mm<\/li>\n<\/ul>\n<p>OCB grundades i Frankrike 1918 och tillverkar idag n\u00e5gra av v\u00e4rldens popul\u00e4raste och mest s\u00e5lda rullpapper. Alla papper fr\u00e5n OCB \u00e4r t\u00e4ckta av ett m\u00f6nster vilket g\u00f6r att pappret brinner j\u00e4mnt och f\u00f6rhindrar att oljor dras ner mot filtret. Veganv\u00e4nligt och alltid GMO-fritt.<\/p>\n<p>F\u00f6rrullade cones med ett f\u00f6rinstallerat filter.\u00a0<span class=\"Y2IQFc\" lang=\"sv\">OCB Virgin Slim Cones \u00e4r tillverkade<\/span> av 100% naturliga och oblekta fiber. Dessa koner \u00e4r FSC-certifierade och tillverkade med respekt f\u00f6r milj\u00f6n.<\/p>\n<p>&nbsp;<\/p>\n<p>Se ogs\u00e5 her:\u00a0<a href=\"https:\/\/staging.swizzle.se\/dk\/product-2\/ocb-premium-cone-3pcs\/\">OCB | Premium Cones (3pcs)<\/a><\/p>","protected":false},"excerpt":{"rendered":"<p class=\"ai-optimize-34\"><strong>OCB | Virgin Cones 3st\/frp<\/strong><\/p>\n<p class=\"ai-optimize-35\">OCB Virgin oblekta cones med filter och pack-pinne. Dessa f\u00f6rrullade cones \u00e4r gjorda av tunt Virgin-papper som brinner extra l\u00e5ngsamt.<\/p>\n<ul>\n<li class=\"ai-optimize-36\">Antal: 3 st<\/li>\n<li class=\"ai-optimize-37\">Storlek: 109 mm<\/li>\n<\/ul>\n<p>&nbsp;<\/p>","protected":false},"featured_media":261324,"comment_status":"open","ping_status":"closed","template":"","meta":{"site-sidebar-layout":"default","site-content-layout":"","ast-site-content-layout":"default","site-content-style":"default","site-sidebar-style":"default","ast-global-header-display":"","ast-banner-title-visibility":"","ast-main-header-display":"","ast-hfb-above-header-display":"","ast-hfb-below-header-display":"","ast-hfb-mobile-header-display":"","site-post-title":"","ast-breadcrumbs-content":"","ast-featured-img":"","footer-sml-layout":"","ast-disable-related-posts":"","theme-transparent-header-meta":"default","adv-header-id-meta":"","stick-header-meta":"","header-above-stick-meta":"","header-main-stick-meta":"","header-below-stick-meta":"","astra-migrate-meta-layouts":"set","ast-page-background-enabled":"default","ast-page-background-meta":{"desktop":{"background-color":"var(--ast-global-color-4)","background-image":"","background-repeat":"repeat","background-position":"center center","background-size":"auto","background-attachment":"scroll","background-type":"","background-media":"","overlay-type":"","overlay-color":"","overlay-opacity":"","overlay-gradient":""},"tablet":{"background-color":"","background-image":"","background-repeat":"repeat","background-position":"center center","background-size":"auto","background-attachment":"scroll","background-type":"","background-media":"","overlay-type":"","overlay-color":"","overlay-opacity":"","overlay-gradient":""},"mobile":{"background-color":"","background-image":"","background-repeat":"repeat","background-position":"center center","background-size":"auto","background-attachment":"scroll","background-type":"","background-media":"","overlay-type":"","overlay-color":"","overlay-opacity":"","overlay-gradient":""}},"ast-content-background-meta":{"desktop":{"background-color":"var(--ast-global-color-5)","background-image":"","background-repeat":"repeat","background-position":"center center","background-size":"auto","background-attachment":"scroll","background-type":"","background-media":"","overlay-type":"","overlay-color":"","overlay-opacity":"","overlay-gradient":""},"tablet":{"background-color":"var(--ast-global-color-5)","background-image":"","background-repeat":"repeat","background-position":"center center","background-size":"auto","background-attachment":"scroll","background-type":"","background-media":"","overlay-type":"","overlay-color":"","overlay-opacity":"","overlay-gradient":""},"mobile":{"background-color":"var(--ast-global-color-5)","background-image":"","background-repeat":"repeat","background-position":"center center","background-size":"auto","background-attachment":"scroll","background-type":"","background-media":"","overlay-type":"","overlay-color":"","overlay-opacity":"","overlay-gradient":""}}},"product_brand":[759],"product_cat":[308,284,285],"product_tag":[],"superdeal":[],"product_variant_id":[],"class_list":{"0":"post-259921","1":"product","2":"type-product","3":"status-publish","4":"has-post-thumbnail","6":"product_brand-ocb","7":"product_cat-ocb","8":"product_cat-roktillbehor","9":"product_cat-rullpapper","10":"desktop-align-center","11":"tablet-align-left","12":"mobile-align-left","13":"ast-product-gallery-layout-horizontal-slider","14":"ast-magnify-disabled","15":"ast-product-tabs-layout-horizontal","17":"first","18":"instock","19":"taxable","20":"shipping-taxable","21":"purchasable","22":"product-type-simple"},"yoast_head":"<!-- This site is optimized with the Yoast SEO Premium plugin v26.9 (Yoast SEO v26.9) - https:\/\/yoast.com\/product\/yoast-seo-premium-wordpress\/ -->\n<title>OCB | Virgin Cones 3st\/frp<\/title>\n<meta name=\"description\" content=\"OCB | Virgin Cones 3st\/frp med filter och pack-pinne. Dessa f\u00f6rrullade cones \u00e4r gjorda av tunt Virgin-papper som brinner extra l\u00e5ngsamt.\" \/>\n<meta name=\"robots\" content=\"noindex, follow, max-snippet:-1, max-image-preview:large, max-video-preview:-1\" \/>\n<meta property=\"og:locale\" content=\"da_DK\" \/>\n<meta property=\"og:type\" content=\"article\" \/>\n<meta property=\"og:title\" content=\"OCB | Virgin Cones 3st\/frp\" \/>\n<meta property=\"og:description\" content=\"OCB | Virgin Cones 3st\/frp med filter och pack-pinne. Dessa f\u00f6rrullade cones \u00e4r gjorda av tunt Virgin-papper som brinner extra l\u00e5ngsamt.\" \/>\n<meta property=\"og:url\" content=\"https:\/\/www.swizzle.se\/produkt\/ocb-virgin-cones-3st\/\" \/>\n<meta property=\"og:site_name\" content=\"Swizzle\" \/>\n<meta property=\"article:modified_time\" content=\"2026-02-04T18:47:27+00:00\" \/>\n<meta property=\"og:image\" content=\"https:\/\/www.swizzle.se\/wp-content\/uploads\/2025\/06\/ocb-virgin-slim-cones-unbleached-109-mm-20-packungen-60-cones-pro-box2-e1749043948299.jpg\" \/>\n\t<meta property=\"og:image:width\" content=\"1024\" \/>\n\t<meta property=\"og:image:height\" content=\"1024\" \/>\n\t<meta property=\"og:image:type\" content=\"image\/jpeg\" \/>\n<meta name=\"twitter:card\" content=\"summary_large_image\" \/>\n<meta name=\"twitter:title\" content=\"OCB | Virgin Cones 3st\/frp\" \/>\n<meta name=\"twitter:description\" content=\"OCB | Virgin Cones 3st\/frp med filter och pack-pinne. Dessa f\u00f6rrullade cones \u00e4r gjorda av tunt Virgin-papper som brinner extra l\u00e5ngsamt.\" \/>\n<meta name=\"twitter:label1\" content=\"Pris\" \/>\n\t<meta name=\"twitter:data1\" content=\"23.00&nbsp;&#107;&#114;\" \/>\n\t<meta name=\"twitter:label2\" content=\"Tilg\u00e6ngelighed\" \/>\n\t<meta name=\"twitter:data2\" content=\"P\u00e5 lager\" \/>\n<script type=\"application\/ld+json\" class=\"yoast-schema-graph\">{\"@context\":\"https:\/\/schema.org\",\"@graph\":[{\"@type\":\"WebPage\",\"@id\":\"https:\/\/www.swizzle.se\/produkt\/ocb-virgin-cones-3st\/\",\"url\":\"https:\/\/www.swizzle.se\/produkt\/ocb-virgin-cones-3st\/\",\"name\":\"OCB | Virgin Cones 3st\/frp\",\"isPartOf\":{\"@id\":\"https:\/\/staging.swizzle.se\/#website\"},\"primaryImageOfPage\":{\"@id\":\"https:\/\/www.swizzle.se\/produkt\/ocb-virgin-cones-3st\/#primaryimage\"},\"image\":{\"@id\":\"https:\/\/www.swizzle.se\/produkt\/ocb-virgin-cones-3st\/#primaryimage\"},\"thumbnailUrl\":\"https:\/\/staging.swizzle.se\/wp-content\/uploads\/2025\/06\/ocb-virgin-slim-cones-unbleached-109-mm-20-packungen-60-cones-pro-box2-e1749043948299.jpg\",\"datePublished\":\"2025-03-16T18:05:37+00:00\",\"dateModified\":\"2026-02-04T18:47:27+00:00\",\"description\":\"OCB | Virgin Cones 3st\/frp med filter och pack-pinne. Dessa f\u00f6rrullade cones \u00e4r gjorda av tunt Virgin-papper som brinner extra l\u00e5ngsamt.\",\"breadcrumb\":{\"@id\":\"https:\/\/www.swizzle.se\/produkt\/ocb-virgin-cones-3st\/#breadcrumb\"},\"inLanguage\":\"da-DK\",\"potentialAction\":[{\"@type\":\"ReadAction\",\"target\":[\"https:\/\/www.swizzle.se\/produkt\/ocb-virgin-cones-3st\/\"]}]},{\"@type\":\"ImageObject\",\"inLanguage\":\"da-DK\",\"@id\":\"https:\/\/www.swizzle.se\/produkt\/ocb-virgin-cones-3st\/#primaryimage\",\"url\":\"https:\/\/staging.swizzle.se\/wp-content\/uploads\/2025\/06\/ocb-virgin-slim-cones-unbleached-109-mm-20-packungen-60-cones-pro-box2-e1749043948299.jpg\",\"contentUrl\":\"https:\/\/staging.swizzle.se\/wp-content\/uploads\/2025\/06\/ocb-virgin-slim-cones-unbleached-109-mm-20-packungen-60-cones-pro-box2-e1749043948299.jpg\",\"width\":1024,\"height\":1024,\"caption\":\"bild cones\"},{\"@type\":\"BreadcrumbList\",\"@id\":\"https:\/\/www.swizzle.se\/produkt\/ocb-virgin-cones-3st\/#breadcrumb\",\"itemListElement\":[{\"@type\":\"ListItem\",\"position\":1,\"name\":\"Home\",\"item\":\"https:\/\/www.swizzle.se\/\"},{\"@type\":\"ListItem\",\"position\":2,\"name\":\"Shop\",\"item\":\"https:\/\/www.swizzle.se\/shop\/\"},{\"@type\":\"ListItem\",\"position\":3,\"name\":\"R\u00d6KTILLBEH\u00d6R\",\"item\":\"https:\/\/www.swizzle.se\/produkt-kategori\/roktillbehor\/\"},{\"@type\":\"ListItem\",\"position\":4,\"name\":\"RULLPAPPER\",\"item\":\"https:\/\/www.swizzle.se\/produkt-kategori\/roktillbehor\/rullpapper\/\"},{\"@type\":\"ListItem\",\"position\":5,\"name\":\"OCB\",\"item\":\"https:\/\/www.swizzle.se\/produkt-kategori\/roktillbehor\/rullpapper\/ocb\/\"},{\"@type\":\"ListItem\",\"position\":6,\"name\":\"OCB | Virgin Cones 3st\/frp\"}]},{\"@type\":\"WebSite\",\"@id\":\"https:\/\/staging.swizzle.se\/#website\",\"url\":\"https:\/\/staging.swizzle.se\/\",\"name\":\"Swizzle\",\"description\":\"Nikotin CBD Vapes Snus White Portion\",\"publisher\":{\"@id\":\"https:\/\/staging.swizzle.se\/#organization\"},\"potentialAction\":[{\"@type\":\"SearchAction\",\"target\":{\"@type\":\"EntryPoint\",\"urlTemplate\":\"https:\/\/staging.swizzle.se\/?s={search_term_string}\"},\"query-input\":{\"@type\":\"PropertyValueSpecification\",\"valueRequired\":true,\"valueName\":\"search_term_string\"}}],\"inLanguage\":\"da-DK\"},{\"@type\":\"Organization\",\"@id\":\"https:\/\/staging.swizzle.se\/#organization\",\"name\":\"Swizzle\",\"url\":\"https:\/\/staging.swizzle.se\/\",\"logo\":{\"@type\":\"ImageObject\",\"inLanguage\":\"da-DK\",\"@id\":\"https:\/\/staging.swizzle.se\/#\/schema\/logo\/image\/\",\"url\":\"https:\/\/staging.swizzle.se\/wp-content\/uploads\/2025\/10\/cropped-SWIZZLE.-4.png\",\"contentUrl\":\"https:\/\/staging.swizzle.se\/wp-content\/uploads\/2025\/10\/cropped-SWIZZLE.-4.png\",\"width\":800,\"height\":267,\"caption\":\"Swizzle\"},\"image\":{\"@id\":\"https:\/\/staging.swizzle.se\/#\/schema\/logo\/image\/\"},\"hasMerchantReturnPolicy\":{\"@type\":\"MerchantReturnPolicy\",\"merchantReturnLink\":\"https:\/\/staging.swizzle.se\/dk\/villkor\/\"}}]}<\/script>\n<meta property=\"product:price:amount\" content=\"23.00\" \/>\n<meta property=\"product:price:currency\" content=\"SEK\" \/>\n<meta property=\"og:availability\" content=\"instock\" \/>\n<meta property=\"product:availability\" content=\"instock\" \/>\n<meta property=\"product:retailer_item_id\" content=\"0c154\" \/>\n<meta property=\"product:condition\" content=\"new\" \/>\n<!-- \/ Yoast SEO Premium plugin. -->","yoast_head_json":{"title":"OCB | Virgin Cones 3st\/frp","description":"OCB | Virgin Cones 3st\/frp med filter och pack-pinne. Dessa f\u00f6rrullade cones \u00e4r gjorda av tunt Virgin-papper som brinner extra l\u00e5ngsamt.","robots":{"index":"noindex","follow":"follow","max-snippet":"max-snippet:-1","max-image-preview":"max-image-preview:large","max-video-preview":"max-video-preview:-1"},"og_locale":"da_DK","og_type":"article","og_title":"OCB | Virgin Cones 3st\/frp","og_description":"OCB | Virgin Cones 3st\/frp med filter och pack-pinne. Dessa f\u00f6rrullade cones \u00e4r gjorda av tunt Virgin-papper som brinner extra l\u00e5ngsamt.","og_url":"https:\/\/www.swizzle.se\/produkt\/ocb-virgin-cones-3st\/","og_site_name":"Swizzle","article_modified_time":"2026-02-04T18:47:27+00:00","og_image":[{"width":1024,"height":1024,"url":"https:\/\/www.swizzle.se\/wp-content\/uploads\/2025\/06\/ocb-virgin-slim-cones-unbleached-109-mm-20-packungen-60-cones-pro-box2-e1749043948299.jpg","type":"image\/jpeg"}],"twitter_card":"summary_large_image","twitter_title":"OCB | Virgin Cones 3st\/frp","twitter_description":"OCB | Virgin Cones 3st\/frp med filter och pack-pinne. Dessa f\u00f6rrullade cones \u00e4r gjorda av tunt Virgin-papper som brinner extra l\u00e5ngsamt.","twitter_misc":{"Pris":"23.00&nbsp;&#107;&#114;","Tilg\u00e6ngelighed":"P\u00e5 lager"},"schema":{"@context":"https:\/\/schema.org","@graph":[{"@type":"WebPage","@id":"https:\/\/www.swizzle.se\/produkt\/ocb-virgin-cones-3st\/","url":"https:\/\/www.swizzle.se\/produkt\/ocb-virgin-cones-3st\/","name":"OCB | Virgin Cones 3st\/frp","isPartOf":{"@id":"https:\/\/staging.swizzle.se\/#website"},"primaryImageOfPage":{"@id":"https:\/\/www.swizzle.se\/produkt\/ocb-virgin-cones-3st\/#primaryimage"},"image":{"@id":"https:\/\/www.swizzle.se\/produkt\/ocb-virgin-cones-3st\/#primaryimage"},"thumbnailUrl":"https:\/\/staging.swizzle.se\/wp-content\/uploads\/2025\/06\/ocb-virgin-slim-cones-unbleached-109-mm-20-packungen-60-cones-pro-box2-e1749043948299.jpg","datePublished":"2025-03-16T18:05:37+00:00","dateModified":"2026-02-04T18:47:27+00:00","description":"OCB | Virgin Cones 3st\/frp med filter och pack-pinne. Dessa f\u00f6rrullade cones \u00e4r gjorda av tunt Virgin-papper som brinner extra l\u00e5ngsamt.","breadcrumb":{"@id":"https:\/\/www.swizzle.se\/produkt\/ocb-virgin-cones-3st\/#breadcrumb"},"inLanguage":"da-DK","potentialAction":[{"@type":"ReadAction","target":["https:\/\/www.swizzle.se\/produkt\/ocb-virgin-cones-3st\/"]}]},{"@type":"ImageObject","inLanguage":"da-DK","@id":"https:\/\/www.swizzle.se\/produkt\/ocb-virgin-cones-3st\/#primaryimage","url":"https:\/\/staging.swizzle.se\/wp-content\/uploads\/2025\/06\/ocb-virgin-slim-cones-unbleached-109-mm-20-packungen-60-cones-pro-box2-e1749043948299.jpg","contentUrl":"https:\/\/staging.swizzle.se\/wp-content\/uploads\/2025\/06\/ocb-virgin-slim-cones-unbleached-109-mm-20-packungen-60-cones-pro-box2-e1749043948299.jpg","width":1024,"height":1024,"caption":"bild cones"},{"@type":"BreadcrumbList","@id":"https:\/\/www.swizzle.se\/produkt\/ocb-virgin-cones-3st\/#breadcrumb","itemListElement":[{"@type":"ListItem","position":1,"name":"Home","item":"https:\/\/www.swizzle.se\/"},{"@type":"ListItem","position":2,"name":"Shop","item":"https:\/\/www.swizzle.se\/shop\/"},{"@type":"ListItem","position":3,"name":"R\u00d6KTILLBEH\u00d6R","item":"https:\/\/www.swizzle.se\/produkt-kategori\/roktillbehor\/"},{"@type":"ListItem","position":4,"name":"RULLPAPPER","item":"https:\/\/www.swizzle.se\/produkt-kategori\/roktillbehor\/rullpapper\/"},{"@type":"ListItem","position":5,"name":"OCB","item":"https:\/\/www.swizzle.se\/produkt-kategori\/roktillbehor\/rullpapper\/ocb\/"},{"@type":"ListItem","position":6,"name":"OCB | Virgin Cones 3st\/frp"}]},{"@type":"WebSite","@id":"https:\/\/staging.swizzle.se\/#website","url":"https:\/\/staging.swizzle.se\/","name":"Swizzle","description":"Nikotin CBD Vapes Snus Hvid Portion","publisher":{"@id":"https:\/\/staging.swizzle.se\/#organization"},"potentialAction":[{"@type":"SearchAction","target":{"@type":"EntryPoint","urlTemplate":"https:\/\/staging.swizzle.se\/?s={search_term_string}"},"query-input":{"@type":"PropertyValueSpecification","valueRequired":true,"valueName":"search_term_string"}}],"inLanguage":"da-DK"},{"@type":"Organization","@id":"https:\/\/staging.swizzle.se\/#organization","name":"Swizzle","url":"https:\/\/staging.swizzle.se\/","logo":{"@type":"ImageObject","inLanguage":"da-DK","@id":"https:\/\/staging.swizzle.se\/#\/schema\/logo\/image\/","url":"https:\/\/staging.swizzle.se\/wp-content\/uploads\/2025\/10\/cropped-SWIZZLE.-4.png","contentUrl":"https:\/\/staging.swizzle.se\/wp-content\/uploads\/2025\/10\/cropped-SWIZZLE.-4.png","width":800,"height":267,"caption":"Swizzle"},"image":{"@id":"https:\/\/staging.swizzle.se\/#\/schema\/logo\/image\/"},"hasMerchantReturnPolicy":{"@type":"MerchantReturnPolicy","merchantReturnLink":"https:\/\/staging.swizzle.se\/dk\/villkor\/"}}]},"product_price_amount":"23.00","product_price_currency":"SEK","og_availability":"instock","product_availability":"instock","product_retailer_item_id":"0c154","product_condition":"new"},"tiered_pricing_type":"fixed","tiered_pricing_fixed_rules":[],"tiered_pricing_product_settings":{"layout":"default","base_unit_name":{"singular":null,"plural":null},"default_variation":null},"tiered_pricing_minimum_quantity":null,"tiered_pricing_roles_data":[],"tiered_pricing_percentage_rules":[],"tiered_pricing_maximum_quantity":null,"tiered_pricing_quantity_step":null,"_links":{"self":[{"href":"https:\/\/staging.swizzle.se\/dk\/wp-json\/wp\/v2\/product\/259921","targetHints":{"allow":["GET"]}}],"collection":[{"href":"https:\/\/staging.swizzle.se\/dk\/wp-json\/wp\/v2\/product"}],"about":[{"href":"https:\/\/staging.swizzle.se\/dk\/wp-json\/wp\/v2\/types\/product"}],"replies":[{"embeddable":true,"href":"https:\/\/staging.swizzle.se\/dk\/wp-json\/wp\/v2\/comments?post=259921"}],"version-history":[{"count":0,"href":"https:\/\/staging.swizzle.se\/dk\/wp-json\/wp\/v2\/product\/259921\/revisions"}],"wp:featuredmedia":[{"embeddable":true,"href":"https:\/\/staging.swizzle.se\/dk\/wp-json\/wp\/v2\/media\/261324"}],"wp:attachment":[{"href":"https:\/\/staging.swizzle.se\/dk\/wp-json\/wp\/v2\/media?parent=259921"}],"wp:term":[{"taxonomy":"product_brand","embeddable":true,"href":"https:\/\/staging.swizzle.se\/dk\/wp-json\/wp\/v2\/product_brand?post=259921"},{"taxonomy":"product_cat","embeddable":true,"href":"https:\/\/staging.swizzle.se\/dk\/wp-json\/wp\/v2\/product_cat?post=259921"},{"taxonomy":"product_tag","embeddable":true,"href":"https:\/\/staging.swizzle.se\/dk\/wp-json\/wp\/v2\/product_tag?post=259921"},{"taxonomy":"superdeal","embeddable":true,"href":"https:\/\/staging.swizzle.se\/dk\/wp-json\/wp\/v2\/superdeal?post=259921"},{"taxonomy":"product_variant_id","embeddable":true,"href":"https:\/\/staging.swizzle.se\/dk\/wp-json\/wp\/v2\/product_variant_id?post=259921"}],"curies":[{"name":"wp","href":"https:\/\/api.w.org\/{rel}","templated":true}]}}