{"id":259917,"date":"2025-03-16T17:56:59","date_gmt":"2025-03-16T17:56:59","guid":{"rendered":"https:\/\/new.staging.swizzle.se\/produkt\/ocb-ultimate-rolls\/"},"modified":"2026-02-04T13:59:28","modified_gmt":"2026-02-04T13:59:28","slug":"ocb-ultimate-rolls","status":"publish","type":"product","link":"https:\/\/staging.swizzle.se\/dk\/product-2\/ocb-ultimate-rolls\/","title":{"rendered":"OCB | Ultimate Rolls"},"content":{"rendered":"<p>OCB | Ultimate Rolls<\/p>\n<p>OCB grundades i Frankrike 1918 och tillverkar idag n\u00e5gra av v\u00e4rldens popul\u00e4raste och mest s\u00e5lda rullpapper. Detta \u00e4r Ultimate-serien som inneb\u00e4r att det \u00e4r de l\u00e4ttaste papprena i OCB&#8217;s sortiment, med en vikt p\u00e5 endast 10g\/m2 vilket troligtvis \u00e4ven g\u00f6r dem till v\u00e4rldens tunnaste. Detta minimerar smaken fr\u00e5n br\u00e4nt papper och l\u00e5ter dig fokusera p\u00e5 det det goda inneh\u00e5llet ist\u00e4llet. Brinner trots det extra l\u00e5ngsamt och h\u00e5ller h\u00f6g kvalitet. Alla papper fr\u00e5n OCB \u00e4r t\u00e4ckta av ett m\u00f6nster vilket g\u00f6r att pappret brinner j\u00e4mnt och f\u00f6rhindrar att oljor dras ner mot filtret. Veganv\u00e4nligt och alltid GMO-fritt. Tillverkade f\u00f6r erfarna r\u00f6kare.<\/p>\n<ul>\n<li>Antal: 1 rulle\u00a0 (\u00e5f: 24 rullar)<\/li>\n<li>Storlek: 44 x 4000 mm (4 meter)<\/li>\n<\/ul>","protected":false},"excerpt":{"rendered":"<p class=\"ai-optimize-37 ai-optimize-introduction\">OCB | Ultimate Rolls<\/p>\n<p class=\"ai-optimize-38\">OCB Ultimate Rolls fr\u00e5n Ultimate-serien som inneb\u00e4r att det \u00e4r de l\u00e4ttaste papprena i OCB&#8217;s sortiment, vikt p\u00e5 endast 10g\/m2. F\u00f6r erfarna r\u00f6kare.<\/p>\n<ul>\n<li class=\"ai-optimize-39\">Antal: 1 rulle\u00a0 (\u00e5f: 24 rullar)<\/li>\n<li class=\"ai-optimize-40\">Storlek: 44 x 4000 mm (4 meter)<\/li>\n<\/ul>","protected":false},"featured_media":259919,"comment_status":"open","ping_status":"closed","template":"","meta":{"site-sidebar-layout":"default","site-content-layout":"","ast-site-content-layout":"default","site-content-style":"default","site-sidebar-style":"default","ast-global-header-display":"","ast-banner-title-visibility":"","ast-main-header-display":"","ast-hfb-above-header-display":"","ast-hfb-below-header-display":"","ast-hfb-mobile-header-display":"","site-post-title":"","ast-breadcrumbs-content":"","ast-featured-img":"","footer-sml-layout":"","ast-disable-related-posts":"","theme-transparent-header-meta":"","adv-header-id-meta":"","stick-header-meta":"","header-above-stick-meta":"","header-main-stick-meta":"","header-below-stick-meta":"","astra-migrate-meta-layouts":"default","ast-page-background-enabled":"default","ast-page-background-meta":{"desktop":{"background-color":"var(--ast-global-color-4)","background-image":"","background-repeat":"repeat","background-position":"center center","background-size":"auto","background-attachment":"scroll","background-type":"","background-media":"","overlay-type":"","overlay-color":"","overlay-opacity":"","overlay-gradient":""},"tablet":{"background-color":"","background-image":"","background-repeat":"repeat","background-position":"center center","background-size":"auto","background-attachment":"scroll","background-type":"","background-media":"","overlay-type":"","overlay-color":"","overlay-opacity":"","overlay-gradient":""},"mobile":{"background-color":"","background-image":"","background-repeat":"repeat","background-position":"center center","background-size":"auto","background-attachment":"scroll","background-type":"","background-media":"","overlay-type":"","overlay-color":"","overlay-opacity":"","overlay-gradient":""}},"ast-content-background-meta":{"desktop":{"background-color":"var(--ast-global-color-5)","background-image":"","background-repeat":"repeat","background-position":"center center","background-size":"auto","background-attachment":"scroll","background-type":"","background-media":"","overlay-type":"","overlay-color":"","overlay-opacity":"","overlay-gradient":""},"tablet":{"background-color":"var(--ast-global-color-5)","background-image":"","background-repeat":"repeat","background-position":"center center","background-size":"auto","background-attachment":"scroll","background-type":"","background-media":"","overlay-type":"","overlay-color":"","overlay-opacity":"","overlay-gradient":""},"mobile":{"background-color":"var(--ast-global-color-5)","background-image":"","background-repeat":"repeat","background-position":"center center","background-size":"auto","background-attachment":"scroll","background-type":"","background-media":"","overlay-type":"","overlay-color":"","overlay-opacity":"","overlay-gradient":""}}},"product_brand":[759],"product_cat":[308,284,285],"product_tag":[],"superdeal":[],"product_variant_id":[],"class_list":{"0":"post-259917","1":"product","2":"type-product","3":"status-publish","4":"has-post-thumbnail","6":"product_brand-ocb","7":"product_cat-ocb","8":"product_cat-roktillbehor","9":"product_cat-rullpapper","10":"desktop-align-center","11":"tablet-align-left","12":"mobile-align-left","13":"ast-product-gallery-layout-horizontal-slider","14":"ast-product-gallery-with-no-image","15":"ast-magnify-disabled","16":"ast-product-tabs-layout-horizontal","18":"first","19":"instock","20":"taxable","21":"shipping-taxable","22":"purchasable","23":"product-type-simple"},"yoast_head":"<!-- This site is optimized with the Yoast SEO Premium plugin v26.9 (Yoast SEO v26.9) - https:\/\/yoast.com\/product\/yoast-seo-premium-wordpress\/ -->\n<title>OCB | Ultimate Rolls<\/title>\n<meta name=\"description\" content=\"OCB Ultimate Rolls fr\u00e5n Ultimate-serien som inneb\u00e4r att det \u00e4r de l\u00e4ttaste papprena i OCB&#039;s sortiment, vikt p\u00e5 endast 10g\/m2. F\u00f6r erfarna r\u00f6kare.\" \/>\n<meta name=\"robots\" content=\"noindex, follow, max-snippet:-1, max-image-preview:large, max-video-preview:-1\" \/>\n<meta property=\"og:locale\" content=\"da_DK\" \/>\n<meta property=\"og:type\" content=\"article\" \/>\n<meta property=\"og:title\" content=\"OCB | Ultimate Rolls\" \/>\n<meta property=\"og:description\" content=\"OCB Ultimate Rolls fr\u00e5n Ultimate-serien som inneb\u00e4r att det \u00e4r de l\u00e4ttaste papprena i OCB&#039;s sortiment, vikt p\u00e5 endast 10g\/m2. F\u00f6r erfarna r\u00f6kare.\" \/>\n<meta property=\"og:url\" content=\"https:\/\/www.swizzle.se\/produkt\/ocb-ultimate-rolls\/\" \/>\n<meta property=\"og:site_name\" content=\"Swizzle\" \/>\n<meta property=\"article:modified_time\" content=\"2026-02-04T13:59:28+00:00\" \/>\n<meta property=\"og:image\" content=\"https:\/\/www.swizzle.se\/wp-content\/uploads\/2025\/05\/ocb_ultimate_rolls-bla.jpg\" \/>\n\t<meta property=\"og:image:width\" content=\"1100\" \/>\n\t<meta property=\"og:image:height\" content=\"1100\" \/>\n\t<meta property=\"og:image:type\" content=\"image\/jpeg\" \/>\n<meta name=\"twitter:card\" content=\"summary_large_image\" \/>\n<meta name=\"twitter:title\" content=\"OCB | Ultimate Rolls\" \/>\n<meta name=\"twitter:description\" content=\"OCB Ultimate Rolls fr\u00e5n Ultimate-serien som inneb\u00e4r att det \u00e4r de l\u00e4ttaste papprena i OCB&#039;s sortiment, vikt p\u00e5 endast 10g\/m2. F\u00f6r erfarna r\u00f6kare.\" \/>\n<meta name=\"twitter:label1\" content=\"Pris\" \/>\n\t<meta name=\"twitter:data1\" content=\"19.00&nbsp;&#107;&#114;\" \/>\n\t<meta name=\"twitter:label2\" content=\"Tilg\u00e6ngelighed\" \/>\n\t<meta name=\"twitter:data2\" content=\"P\u00e5 lager\" \/>\n<script type=\"application\/ld+json\" class=\"yoast-schema-graph\">{\"@context\":\"https:\/\/schema.org\",\"@graph\":[{\"@type\":\"WebPage\",\"@id\":\"https:\/\/www.swizzle.se\/produkt\/ocb-ultimate-rolls\/\",\"url\":\"https:\/\/www.swizzle.se\/produkt\/ocb-ultimate-rolls\/\",\"name\":\"OCB | Ultimate Rolls\",\"isPartOf\":{\"@id\":\"https:\/\/staging.swizzle.se\/#website\"},\"primaryImageOfPage\":{\"@id\":\"https:\/\/www.swizzle.se\/produkt\/ocb-ultimate-rolls\/#primaryimage\"},\"image\":{\"@id\":\"https:\/\/www.swizzle.se\/produkt\/ocb-ultimate-rolls\/#primaryimage\"},\"thumbnailUrl\":\"https:\/\/staging.swizzle.se\/wp-content\/uploads\/2025\/05\/ocb_ultimate_rolls-bla.jpg\",\"datePublished\":\"2025-03-16T17:56:59+00:00\",\"dateModified\":\"2026-02-04T13:59:28+00:00\",\"description\":\"OCB Ultimate Rolls fr\u00e5n Ultimate-serien som inneb\u00e4r att det \u00e4r de l\u00e4ttaste papprena i OCB's sortiment, vikt p\u00e5 endast 10g\/m2. F\u00f6r erfarna r\u00f6kare.\",\"breadcrumb\":{\"@id\":\"https:\/\/www.swizzle.se\/produkt\/ocb-ultimate-rolls\/#breadcrumb\"},\"inLanguage\":\"da-DK\",\"potentialAction\":[{\"@type\":\"ReadAction\",\"target\":[\"https:\/\/www.swizzle.se\/produkt\/ocb-ultimate-rolls\/\"]}]},{\"@type\":\"ImageObject\",\"inLanguage\":\"da-DK\",\"@id\":\"https:\/\/www.swizzle.se\/produkt\/ocb-ultimate-rolls\/#primaryimage\",\"url\":\"https:\/\/staging.swizzle.se\/wp-content\/uploads\/2025\/05\/ocb_ultimate_rolls-bla.jpg\",\"contentUrl\":\"https:\/\/staging.swizzle.se\/wp-content\/uploads\/2025\/05\/ocb_ultimate_rolls-bla.jpg\",\"width\":1100,\"height\":1100,\"caption\":\"ocb ultimate rolls bl\u00e5\"},{\"@type\":\"BreadcrumbList\",\"@id\":\"https:\/\/www.swizzle.se\/produkt\/ocb-ultimate-rolls\/#breadcrumb\",\"itemListElement\":[{\"@type\":\"ListItem\",\"position\":1,\"name\":\"Home\",\"item\":\"https:\/\/www.swizzle.se\/\"},{\"@type\":\"ListItem\",\"position\":2,\"name\":\"Shop\",\"item\":\"https:\/\/www.swizzle.se\/shop\/\"},{\"@type\":\"ListItem\",\"position\":3,\"name\":\"R\u00d6KTILLBEH\u00d6R\",\"item\":\"https:\/\/www.swizzle.se\/produkt-kategori\/roktillbehor\/\"},{\"@type\":\"ListItem\",\"position\":4,\"name\":\"RULLPAPPER\",\"item\":\"https:\/\/www.swizzle.se\/produkt-kategori\/roktillbehor\/rullpapper\/\"},{\"@type\":\"ListItem\",\"position\":5,\"name\":\"OCB\",\"item\":\"https:\/\/www.swizzle.se\/produkt-kategori\/roktillbehor\/rullpapper\/ocb\/\"},{\"@type\":\"ListItem\",\"position\":6,\"name\":\"OCB | Ultimate Rolls\"}]},{\"@type\":\"WebSite\",\"@id\":\"https:\/\/staging.swizzle.se\/#website\",\"url\":\"https:\/\/staging.swizzle.se\/\",\"name\":\"Swizzle\",\"description\":\"Nikotin CBD Vapes Snus White Portion\",\"publisher\":{\"@id\":\"https:\/\/staging.swizzle.se\/#organization\"},\"potentialAction\":[{\"@type\":\"SearchAction\",\"target\":{\"@type\":\"EntryPoint\",\"urlTemplate\":\"https:\/\/staging.swizzle.se\/?s={search_term_string}\"},\"query-input\":{\"@type\":\"PropertyValueSpecification\",\"valueRequired\":true,\"valueName\":\"search_term_string\"}}],\"inLanguage\":\"da-DK\"},{\"@type\":\"Organization\",\"@id\":\"https:\/\/staging.swizzle.se\/#organization\",\"name\":\"Swizzle\",\"url\":\"https:\/\/staging.swizzle.se\/\",\"logo\":{\"@type\":\"ImageObject\",\"inLanguage\":\"da-DK\",\"@id\":\"https:\/\/staging.swizzle.se\/#\/schema\/logo\/image\/\",\"url\":\"https:\/\/staging.swizzle.se\/wp-content\/uploads\/2025\/10\/cropped-SWIZZLE.-4.png\",\"contentUrl\":\"https:\/\/staging.swizzle.se\/wp-content\/uploads\/2025\/10\/cropped-SWIZZLE.-4.png\",\"width\":800,\"height\":267,\"caption\":\"Swizzle\"},\"image\":{\"@id\":\"https:\/\/staging.swizzle.se\/#\/schema\/logo\/image\/\"},\"hasMerchantReturnPolicy\":{\"@type\":\"MerchantReturnPolicy\",\"merchantReturnLink\":\"https:\/\/staging.swizzle.se\/dk\/villkor\/\"}}]}<\/script>\n<meta property=\"product:price:amount\" content=\"19.00\" \/>\n<meta property=\"product:price:currency\" content=\"SEK\" \/>\n<meta property=\"og:availability\" content=\"instock\" \/>\n<meta property=\"product:availability\" content=\"instock\" \/>\n<meta property=\"product:retailer_item_id\" content=\"oc153\" \/>\n<meta property=\"product:condition\" content=\"new\" \/>\n<!-- \/ Yoast SEO Premium plugin. -->","yoast_head_json":{"title":"OCB | Ultimate Rolls","description":"OCB Ultimate Rolls fr\u00e5n Ultimate-serien som inneb\u00e4r att det \u00e4r de l\u00e4ttaste papprena i OCB's sortiment, vikt p\u00e5 endast 10g\/m2. F\u00f6r erfarna r\u00f6kare.","robots":{"index":"noindex","follow":"follow","max-snippet":"max-snippet:-1","max-image-preview":"max-image-preview:large","max-video-preview":"max-video-preview:-1"},"og_locale":"da_DK","og_type":"article","og_title":"OCB | Ultimate Rolls","og_description":"OCB Ultimate Rolls fr\u00e5n Ultimate-serien som inneb\u00e4r att det \u00e4r de l\u00e4ttaste papprena i OCB's sortiment, vikt p\u00e5 endast 10g\/m2. F\u00f6r erfarna r\u00f6kare.","og_url":"https:\/\/www.swizzle.se\/produkt\/ocb-ultimate-rolls\/","og_site_name":"Swizzle","article_modified_time":"2026-02-04T13:59:28+00:00","og_image":[{"width":1100,"height":1100,"url":"https:\/\/www.swizzle.se\/wp-content\/uploads\/2025\/05\/ocb_ultimate_rolls-bla.jpg","type":"image\/jpeg"}],"twitter_card":"summary_large_image","twitter_title":"OCB | Ultimate Rolls","twitter_description":"OCB Ultimate Rolls fr\u00e5n Ultimate-serien som inneb\u00e4r att det \u00e4r de l\u00e4ttaste papprena i OCB's sortiment, vikt p\u00e5 endast 10g\/m2. F\u00f6r erfarna r\u00f6kare.","twitter_misc":{"Pris":"19.00&nbsp;&#107;&#114;","Tilg\u00e6ngelighed":"P\u00e5 lager"},"schema":{"@context":"https:\/\/schema.org","@graph":[{"@type":"WebPage","@id":"https:\/\/www.swizzle.se\/produkt\/ocb-ultimate-rolls\/","url":"https:\/\/www.swizzle.se\/produkt\/ocb-ultimate-rolls\/","name":"OCB | Ultimate Rolls","isPartOf":{"@id":"https:\/\/staging.swizzle.se\/#website"},"primaryImageOfPage":{"@id":"https:\/\/www.swizzle.se\/produkt\/ocb-ultimate-rolls\/#primaryimage"},"image":{"@id":"https:\/\/www.swizzle.se\/produkt\/ocb-ultimate-rolls\/#primaryimage"},"thumbnailUrl":"https:\/\/staging.swizzle.se\/wp-content\/uploads\/2025\/05\/ocb_ultimate_rolls-bla.jpg","datePublished":"2025-03-16T17:56:59+00:00","dateModified":"2026-02-04T13:59:28+00:00","description":"OCB Ultimate Rolls fr\u00e5n Ultimate-serien som inneb\u00e4r att det \u00e4r de l\u00e4ttaste papprena i OCB's sortiment, vikt p\u00e5 endast 10g\/m2. F\u00f6r erfarna r\u00f6kare.","breadcrumb":{"@id":"https:\/\/www.swizzle.se\/produkt\/ocb-ultimate-rolls\/#breadcrumb"},"inLanguage":"da-DK","potentialAction":[{"@type":"ReadAction","target":["https:\/\/www.swizzle.se\/produkt\/ocb-ultimate-rolls\/"]}]},{"@type":"ImageObject","inLanguage":"da-DK","@id":"https:\/\/www.swizzle.se\/produkt\/ocb-ultimate-rolls\/#primaryimage","url":"https:\/\/staging.swizzle.se\/wp-content\/uploads\/2025\/05\/ocb_ultimate_rolls-bla.jpg","contentUrl":"https:\/\/staging.swizzle.se\/wp-content\/uploads\/2025\/05\/ocb_ultimate_rolls-bla.jpg","width":1100,"height":1100,"caption":"ocb ultimate rolls bl\u00e5"},{"@type":"BreadcrumbList","@id":"https:\/\/www.swizzle.se\/produkt\/ocb-ultimate-rolls\/#breadcrumb","itemListElement":[{"@type":"ListItem","position":1,"name":"Home","item":"https:\/\/www.swizzle.se\/"},{"@type":"ListItem","position":2,"name":"Shop","item":"https:\/\/www.swizzle.se\/shop\/"},{"@type":"ListItem","position":3,"name":"R\u00d6KTILLBEH\u00d6R","item":"https:\/\/www.swizzle.se\/produkt-kategori\/roktillbehor\/"},{"@type":"ListItem","position":4,"name":"RULLPAPPER","item":"https:\/\/www.swizzle.se\/produkt-kategori\/roktillbehor\/rullpapper\/"},{"@type":"ListItem","position":5,"name":"OCB","item":"https:\/\/www.swizzle.se\/produkt-kategori\/roktillbehor\/rullpapper\/ocb\/"},{"@type":"ListItem","position":6,"name":"OCB | Ultimate Rolls"}]},{"@type":"WebSite","@id":"https:\/\/staging.swizzle.se\/#website","url":"https:\/\/staging.swizzle.se\/","name":"Swizzle","description":"Nikotin CBD Vapes Snus Hvid Portion","publisher":{"@id":"https:\/\/staging.swizzle.se\/#organization"},"potentialAction":[{"@type":"SearchAction","target":{"@type":"EntryPoint","urlTemplate":"https:\/\/staging.swizzle.se\/?s={search_term_string}"},"query-input":{"@type":"PropertyValueSpecification","valueRequired":true,"valueName":"search_term_string"}}],"inLanguage":"da-DK"},{"@type":"Organization","@id":"https:\/\/staging.swizzle.se\/#organization","name":"Swizzle","url":"https:\/\/staging.swizzle.se\/","logo":{"@type":"ImageObject","inLanguage":"da-DK","@id":"https:\/\/staging.swizzle.se\/#\/schema\/logo\/image\/","url":"https:\/\/staging.swizzle.se\/wp-content\/uploads\/2025\/10\/cropped-SWIZZLE.-4.png","contentUrl":"https:\/\/staging.swizzle.se\/wp-content\/uploads\/2025\/10\/cropped-SWIZZLE.-4.png","width":800,"height":267,"caption":"Swizzle"},"image":{"@id":"https:\/\/staging.swizzle.se\/#\/schema\/logo\/image\/"},"hasMerchantReturnPolicy":{"@type":"MerchantReturnPolicy","merchantReturnLink":"https:\/\/staging.swizzle.se\/dk\/villkor\/"}}]},"product_price_amount":"19.00","product_price_currency":"SEK","og_availability":"instock","product_availability":"instock","product_retailer_item_id":"oc153","product_condition":"new"},"tiered_pricing_type":"fixed","tiered_pricing_fixed_rules":[],"tiered_pricing_product_settings":{"layout":"default","base_unit_name":{"singular":null,"plural":null},"default_variation":null},"tiered_pricing_minimum_quantity":null,"tiered_pricing_roles_data":[],"tiered_pricing_percentage_rules":[],"tiered_pricing_maximum_quantity":null,"tiered_pricing_quantity_step":null,"_links":{"self":[{"href":"https:\/\/staging.swizzle.se\/dk\/wp-json\/wp\/v2\/product\/259917","targetHints":{"allow":["GET"]}}],"collection":[{"href":"https:\/\/staging.swizzle.se\/dk\/wp-json\/wp\/v2\/product"}],"about":[{"href":"https:\/\/staging.swizzle.se\/dk\/wp-json\/wp\/v2\/types\/product"}],"replies":[{"embeddable":true,"href":"https:\/\/staging.swizzle.se\/dk\/wp-json\/wp\/v2\/comments?post=259917"}],"version-history":[{"count":0,"href":"https:\/\/staging.swizzle.se\/dk\/wp-json\/wp\/v2\/product\/259917\/revisions"}],"wp:featuredmedia":[{"embeddable":true,"href":"https:\/\/staging.swizzle.se\/dk\/wp-json\/wp\/v2\/media\/259919"}],"wp:attachment":[{"href":"https:\/\/staging.swizzle.se\/dk\/wp-json\/wp\/v2\/media?parent=259917"}],"wp:term":[{"taxonomy":"product_brand","embeddable":true,"href":"https:\/\/staging.swizzle.se\/dk\/wp-json\/wp\/v2\/product_brand?post=259917"},{"taxonomy":"product_cat","embeddable":true,"href":"https:\/\/staging.swizzle.se\/dk\/wp-json\/wp\/v2\/product_cat?post=259917"},{"taxonomy":"product_tag","embeddable":true,"href":"https:\/\/staging.swizzle.se\/dk\/wp-json\/wp\/v2\/product_tag?post=259917"},{"taxonomy":"superdeal","embeddable":true,"href":"https:\/\/staging.swizzle.se\/dk\/wp-json\/wp\/v2\/superdeal?post=259917"},{"taxonomy":"product_variant_id","embeddable":true,"href":"https:\/\/staging.swizzle.se\/dk\/wp-json\/wp\/v2\/product_variant_id?post=259917"}],"curies":[{"name":"wp","href":"https:\/\/api.w.org\/{rel}","templated":true}]}}