{"id":259879,"date":"2025-03-15T20:36:24","date_gmt":"2025-03-15T20:36:24","guid":{"rendered":"https:\/\/new.staging.swizzle.se\/produkt\/euphoria-grinder-metall\/"},"modified":"2026-02-04T14:10:26","modified_gmt":"2026-02-04T14:10:26","slug":"euphoria-grinder-metall","status":"publish","type":"product","link":"https:\/\/staging.swizzle.se\/dk\/product-2\/euphoria-grinder-metall\/","title":{"rendered":"Grinder &#8211; Euphoria &#8211; Metall"},"content":{"rendered":"<p>Grinder &#8211; Euphoria &#8211; Metall<\/p>\n<p>Uppt\u00e4ck det b\u00e4sta inom stil och funktionalitet med v\u00e5ra premiumgrinders fr\u00e5n <strong data-start=\"182\" data-end=\"194\">EUPHORIA<\/strong>. De unika designerna g\u00f6r att vi sticker ut och ger dina kunder en sofistikerad upplevelse vid varje malning. V\u00e5ra grinders \u00e4r konstruerade f\u00f6r h\u00e5llbarhet och kombinerar kvalitet med estetik p\u00e5 ett s\u00f6ml\u00f6st s\u00e4tt.<\/p>\n<p>Denna grinder fr\u00e5n Euphoria har fyra delar med m\u00f6nster p\u00e5 locket och botten. Skruv st\u00e4ngning och separat kief-uppsamling i bottenkammaren f\u00f6r framtida anv\u00e4ndning av trikomer.<\/p>","protected":false},"excerpt":{"rendered":"<p class=\"ai-optimize-37 ai-optimize-introduction\">Grinder &#8211; Euphoria &#8211; Metall<\/p>\n<p class=\"ai-optimize-36\">Denna grinder fr\u00e5n Euphoria har fyra delar med m\u00f6nster p\u00e5 locket och botten. Skruv st\u00e4ngning och separat kief-uppsamling i bottenkammaren f\u00f6r framtida anv\u00e4ndning av trikomer.<\/p>","protected":false},"featured_media":261282,"comment_status":"open","ping_status":"closed","template":"","meta":{"site-sidebar-layout":"default","site-content-layout":"","ast-site-content-layout":"default","site-content-style":"default","site-sidebar-style":"default","ast-global-header-display":"","ast-banner-title-visibility":"","ast-main-header-display":"","ast-hfb-above-header-display":"","ast-hfb-below-header-display":"","ast-hfb-mobile-header-display":"","site-post-title":"","ast-breadcrumbs-content":"","ast-featured-img":"","footer-sml-layout":"","ast-disable-related-posts":"","theme-transparent-header-meta":"","adv-header-id-meta":"","stick-header-meta":"","header-above-stick-meta":"","header-main-stick-meta":"","header-below-stick-meta":"","astra-migrate-meta-layouts":"default","ast-page-background-enabled":"default","ast-page-background-meta":{"desktop":{"background-color":"var(--ast-global-color-4)","background-image":"","background-repeat":"repeat","background-position":"center center","background-size":"auto","background-attachment":"scroll","background-type":"","background-media":"","overlay-type":"","overlay-color":"","overlay-opacity":"","overlay-gradient":""},"tablet":{"background-color":"","background-image":"","background-repeat":"repeat","background-position":"center center","background-size":"auto","background-attachment":"scroll","background-type":"","background-media":"","overlay-type":"","overlay-color":"","overlay-opacity":"","overlay-gradient":""},"mobile":{"background-color":"","background-image":"","background-repeat":"repeat","background-position":"center center","background-size":"auto","background-attachment":"scroll","background-type":"","background-media":"","overlay-type":"","overlay-color":"","overlay-opacity":"","overlay-gradient":""}},"ast-content-background-meta":{"desktop":{"background-color":"var(--ast-global-color-5)","background-image":"","background-repeat":"repeat","background-position":"center center","background-size":"auto","background-attachment":"scroll","background-type":"","background-media":"","overlay-type":"","overlay-color":"","overlay-opacity":"","overlay-gradient":""},"tablet":{"background-color":"var(--ast-global-color-5)","background-image":"","background-repeat":"repeat","background-position":"center center","background-size":"auto","background-attachment":"scroll","background-type":"","background-media":"","overlay-type":"","overlay-color":"","overlay-opacity":"","overlay-gradient":""},"mobile":{"background-color":"var(--ast-global-color-5)","background-image":"","background-repeat":"repeat","background-position":"center center","background-size":"auto","background-attachment":"scroll","background-type":"","background-media":"","overlay-type":"","overlay-color":"","overlay-opacity":"","overlay-gradient":""}}},"product_brand":[738],"product_cat":[319,284],"product_tag":[],"superdeal":[],"product_variant_id":[],"class_list":{"0":"post-259879","1":"product","2":"type-product","3":"status-publish","4":"has-post-thumbnail","6":"product_brand-euphoria","7":"product_cat-grinders-roktillbehor","8":"product_cat-roktillbehor","9":"desktop-align-center","10":"tablet-align-left","11":"mobile-align-left","12":"ast-product-gallery-layout-horizontal-slider","13":"ast-magnify-disabled","14":"ast-product-tabs-layout-horizontal","16":"first","17":"outofstock","18":"taxable","19":"shipping-taxable","20":"purchasable","21":"product-type-simple"},"yoast_head":"<!-- This site is optimized with the Yoast SEO Premium plugin v26.9 (Yoast SEO v26.9) - https:\/\/yoast.com\/product\/yoast-seo-premium-wordpress\/ -->\n<title>Grinder - Euphoria - Metall<\/title>\n<meta name=\"description\" content=\"Grinder - Euphoria - Metall. Grinder av h\u00f6g kvalitet fr\u00e5n Euphoria. Denna ger dig garanterat inga problem n\u00e4r du vill mala ner dina blommor innan r\u00f6kning.\" \/>\n<meta name=\"robots\" content=\"noindex, follow, max-snippet:-1, max-image-preview:large, max-video-preview:-1\" \/>\n<meta property=\"og:locale\" content=\"da_DK\" \/>\n<meta property=\"og:type\" content=\"article\" \/>\n<meta property=\"og:title\" content=\"Grinder - Euphoria - Metall\" \/>\n<meta property=\"og:description\" content=\"Grinder - Euphoria - Metall. Grinder av h\u00f6g kvalitet fr\u00e5n Euphoria. Denna ger dig garanterat inga problem n\u00e4r du vill mala ner dina blommor innan r\u00f6kning.\" \/>\n<meta property=\"og:url\" content=\"https:\/\/www.swizzle.se\/produkt\/euphoria-grinder-metall\/\" \/>\n<meta property=\"og:site_name\" content=\"Swizzle\" \/>\n<meta property=\"article:modified_time\" content=\"2026-02-04T14:10:26+00:00\" \/>\n<meta property=\"og:image\" content=\"https:\/\/www.swizzle.se\/wp-content\/uploads\/2025\/06\/grinder-metalowy-euphoria-mystical-4-czesciowy-63-mm-b-iext181829575.webp\" \/>\n\t<meta property=\"og:image:width\" content=\"544\" \/>\n\t<meta property=\"og:image:height\" content=\"544\" \/>\n\t<meta property=\"og:image:type\" content=\"image\/webp\" \/>\n<meta name=\"twitter:card\" content=\"summary_large_image\" \/>\n<meta name=\"twitter:title\" content=\"Grinder - Euphoria - Metall\" \/>\n<meta name=\"twitter:description\" content=\"Grinder - Euphoria - Metall. Grinder av h\u00f6g kvalitet fr\u00e5n Euphoria. Denna ger dig garanterat inga problem n\u00e4r du vill mala ner dina blommor innan r\u00f6kning.\" \/>\n<meta name=\"twitter:label1\" content=\"Pris\" \/>\n\t<meta name=\"twitter:data1\" content=\"189.00&nbsp;&#107;&#114;\" \/>\n\t<meta name=\"twitter:label2\" content=\"Tilg\u00e6ngelighed\" \/>\n\t<meta name=\"twitter:data2\" content=\"Ikke p\u00e5 lager\" \/>\n<script type=\"application\/ld+json\" class=\"yoast-schema-graph\">{\"@context\":\"https:\/\/schema.org\",\"@graph\":[{\"@type\":\"WebPage\",\"@id\":\"https:\/\/www.swizzle.se\/produkt\/euphoria-grinder-metall\/\",\"url\":\"https:\/\/www.swizzle.se\/produkt\/euphoria-grinder-metall\/\",\"name\":\"Grinder - Euphoria - Metall\",\"isPartOf\":{\"@id\":\"https:\/\/staging.swizzle.se\/#website\"},\"primaryImageOfPage\":{\"@id\":\"https:\/\/www.swizzle.se\/produkt\/euphoria-grinder-metall\/#primaryimage\"},\"image\":{\"@id\":\"https:\/\/www.swizzle.se\/produkt\/euphoria-grinder-metall\/#primaryimage\"},\"thumbnailUrl\":\"https:\/\/staging.swizzle.se\/wp-content\/uploads\/2025\/06\/grinder-metalowy-euphoria-mystical-4-czesciowy-63-mm-b-iext181829575.webp\",\"datePublished\":\"2025-03-15T20:36:24+00:00\",\"dateModified\":\"2026-02-04T14:10:26+00:00\",\"description\":\"Grinder - Euphoria - Metall. Grinder av h\u00f6g kvalitet fr\u00e5n Euphoria. Denna ger dig garanterat inga problem n\u00e4r du vill mala ner dina blommor innan r\u00f6kning.\",\"breadcrumb\":{\"@id\":\"https:\/\/www.swizzle.se\/produkt\/euphoria-grinder-metall\/#breadcrumb\"},\"inLanguage\":\"da-DK\",\"potentialAction\":[{\"@type\":\"ReadAction\",\"target\":[\"https:\/\/www.swizzle.se\/produkt\/euphoria-grinder-metall\/\"]}]},{\"@type\":\"ImageObject\",\"inLanguage\":\"da-DK\",\"@id\":\"https:\/\/www.swizzle.se\/produkt\/euphoria-grinder-metall\/#primaryimage\",\"url\":\"https:\/\/staging.swizzle.se\/wp-content\/uploads\/2025\/06\/grinder-metalowy-euphoria-mystical-4-czesciowy-63-mm-b-iext181829575.webp\",\"contentUrl\":\"https:\/\/staging.swizzle.se\/wp-content\/uploads\/2025\/06\/grinder-metalowy-euphoria-mystical-4-czesciowy-63-mm-b-iext181829575.webp\",\"width\":544,\"height\":544,\"caption\":\"Bild grinder\"},{\"@type\":\"BreadcrumbList\",\"@id\":\"https:\/\/www.swizzle.se\/produkt\/euphoria-grinder-metall\/#breadcrumb\",\"itemListElement\":[{\"@type\":\"ListItem\",\"position\":1,\"name\":\"Home\",\"item\":\"https:\/\/www.swizzle.se\/\"},{\"@type\":\"ListItem\",\"position\":2,\"name\":\"Shop\",\"item\":\"https:\/\/www.swizzle.se\/shop\/\"},{\"@type\":\"ListItem\",\"position\":3,\"name\":\"R\u00d6KTILLBEH\u00d6R\",\"item\":\"https:\/\/www.swizzle.se\/produkt-kategori\/roktillbehor\/\"},{\"@type\":\"ListItem\",\"position\":4,\"name\":\"GRINDERS\",\"item\":\"https:\/\/www.swizzle.se\/produkt-kategori\/roktillbehor\/grinders-roktillbehor\/\"},{\"@type\":\"ListItem\",\"position\":5,\"name\":\"Grinder &#8211; Euphoria &#8211; Metall\"}]},{\"@type\":\"WebSite\",\"@id\":\"https:\/\/staging.swizzle.se\/#website\",\"url\":\"https:\/\/staging.swizzle.se\/\",\"name\":\"Swizzle\",\"description\":\"Nikotin CBD Vapes Snus White Portion\",\"publisher\":{\"@id\":\"https:\/\/staging.swizzle.se\/#organization\"},\"potentialAction\":[{\"@type\":\"SearchAction\",\"target\":{\"@type\":\"EntryPoint\",\"urlTemplate\":\"https:\/\/staging.swizzle.se\/?s={search_term_string}\"},\"query-input\":{\"@type\":\"PropertyValueSpecification\",\"valueRequired\":true,\"valueName\":\"search_term_string\"}}],\"inLanguage\":\"da-DK\"},{\"@type\":\"Organization\",\"@id\":\"https:\/\/staging.swizzle.se\/#organization\",\"name\":\"Swizzle\",\"url\":\"https:\/\/staging.swizzle.se\/\",\"logo\":{\"@type\":\"ImageObject\",\"inLanguage\":\"da-DK\",\"@id\":\"https:\/\/staging.swizzle.se\/#\/schema\/logo\/image\/\",\"url\":\"https:\/\/staging.swizzle.se\/wp-content\/uploads\/2025\/10\/cropped-SWIZZLE.-4.png\",\"contentUrl\":\"https:\/\/staging.swizzle.se\/wp-content\/uploads\/2025\/10\/cropped-SWIZZLE.-4.png\",\"width\":800,\"height\":267,\"caption\":\"Swizzle\"},\"image\":{\"@id\":\"https:\/\/staging.swizzle.se\/#\/schema\/logo\/image\/\"},\"hasMerchantReturnPolicy\":{\"@type\":\"MerchantReturnPolicy\",\"merchantReturnLink\":\"https:\/\/staging.swizzle.se\/dk\/villkor\/\"}}]}<\/script>\n<meta property=\"product:price:amount\" content=\"189.00\" \/>\n<meta property=\"product:price:currency\" content=\"SEK\" \/>\n<meta property=\"og:availability\" content=\"out of stock\" \/>\n<meta property=\"product:availability\" content=\"out of stock\" \/>\n<meta property=\"product:retailer_item_id\" content=\"947-2-6\" \/>\n<meta property=\"product:condition\" content=\"new\" \/>\n<!-- \/ Yoast SEO Premium plugin. -->","yoast_head_json":{"title":"Grinder - Euphoria - Metall","description":"Grinder - Euphoria - Metall. Grinder av h\u00f6g kvalitet fr\u00e5n Euphoria. Denna ger dig garanterat inga problem n\u00e4r du vill mala ner dina blommor innan r\u00f6kning.","robots":{"index":"noindex","follow":"follow","max-snippet":"max-snippet:-1","max-image-preview":"max-image-preview:large","max-video-preview":"max-video-preview:-1"},"og_locale":"da_DK","og_type":"article","og_title":"Grinder - Euphoria - Metall","og_description":"Grinder - Euphoria - Metall. Grinder av h\u00f6g kvalitet fr\u00e5n Euphoria. Denna ger dig garanterat inga problem n\u00e4r du vill mala ner dina blommor innan r\u00f6kning.","og_url":"https:\/\/www.swizzle.se\/produkt\/euphoria-grinder-metall\/","og_site_name":"Swizzle","article_modified_time":"2026-02-04T14:10:26+00:00","og_image":[{"width":544,"height":544,"url":"https:\/\/www.swizzle.se\/wp-content\/uploads\/2025\/06\/grinder-metalowy-euphoria-mystical-4-czesciowy-63-mm-b-iext181829575.webp","type":"image\/webp"}],"twitter_card":"summary_large_image","twitter_title":"Grinder - Euphoria - Metall","twitter_description":"Grinder - Euphoria - Metall. Grinder av h\u00f6g kvalitet fr\u00e5n Euphoria. Denna ger dig garanterat inga problem n\u00e4r du vill mala ner dina blommor innan r\u00f6kning.","twitter_misc":{"Pris":"189.00&nbsp;&#107;&#114;","Tilg\u00e6ngelighed":"Ikke p\u00e5 lager"},"schema":{"@context":"https:\/\/schema.org","@graph":[{"@type":"WebPage","@id":"https:\/\/www.swizzle.se\/produkt\/euphoria-grinder-metall\/","url":"https:\/\/www.swizzle.se\/produkt\/euphoria-grinder-metall\/","name":"Grinder - Euphoria - Metall","isPartOf":{"@id":"https:\/\/staging.swizzle.se\/#website"},"primaryImageOfPage":{"@id":"https:\/\/www.swizzle.se\/produkt\/euphoria-grinder-metall\/#primaryimage"},"image":{"@id":"https:\/\/www.swizzle.se\/produkt\/euphoria-grinder-metall\/#primaryimage"},"thumbnailUrl":"https:\/\/staging.swizzle.se\/wp-content\/uploads\/2025\/06\/grinder-metalowy-euphoria-mystical-4-czesciowy-63-mm-b-iext181829575.webp","datePublished":"2025-03-15T20:36:24+00:00","dateModified":"2026-02-04T14:10:26+00:00","description":"Grinder - Euphoria - Metall. Grinder av h\u00f6g kvalitet fr\u00e5n Euphoria. Denna ger dig garanterat inga problem n\u00e4r du vill mala ner dina blommor innan r\u00f6kning.","breadcrumb":{"@id":"https:\/\/www.swizzle.se\/produkt\/euphoria-grinder-metall\/#breadcrumb"},"inLanguage":"da-DK","potentialAction":[{"@type":"ReadAction","target":["https:\/\/www.swizzle.se\/produkt\/euphoria-grinder-metall\/"]}]},{"@type":"ImageObject","inLanguage":"da-DK","@id":"https:\/\/www.swizzle.se\/produkt\/euphoria-grinder-metall\/#primaryimage","url":"https:\/\/staging.swizzle.se\/wp-content\/uploads\/2025\/06\/grinder-metalowy-euphoria-mystical-4-czesciowy-63-mm-b-iext181829575.webp","contentUrl":"https:\/\/staging.swizzle.se\/wp-content\/uploads\/2025\/06\/grinder-metalowy-euphoria-mystical-4-czesciowy-63-mm-b-iext181829575.webp","width":544,"height":544,"caption":"Bild grinder"},{"@type":"BreadcrumbList","@id":"https:\/\/www.swizzle.se\/produkt\/euphoria-grinder-metall\/#breadcrumb","itemListElement":[{"@type":"ListItem","position":1,"name":"Home","item":"https:\/\/www.swizzle.se\/"},{"@type":"ListItem","position":2,"name":"Shop","item":"https:\/\/www.swizzle.se\/shop\/"},{"@type":"ListItem","position":3,"name":"R\u00d6KTILLBEH\u00d6R","item":"https:\/\/www.swizzle.se\/produkt-kategori\/roktillbehor\/"},{"@type":"ListItem","position":4,"name":"GRINDERS","item":"https:\/\/www.swizzle.se\/produkt-kategori\/roktillbehor\/grinders-roktillbehor\/"},{"@type":"ListItem","position":5,"name":"Grinder &#8211; Euphoria &#8211; Metall"}]},{"@type":"WebSite","@id":"https:\/\/staging.swizzle.se\/#website","url":"https:\/\/staging.swizzle.se\/","name":"Swizzle","description":"Nikotin CBD Vapes Snus Hvid Portion","publisher":{"@id":"https:\/\/staging.swizzle.se\/#organization"},"potentialAction":[{"@type":"SearchAction","target":{"@type":"EntryPoint","urlTemplate":"https:\/\/staging.swizzle.se\/?s={search_term_string}"},"query-input":{"@type":"PropertyValueSpecification","valueRequired":true,"valueName":"search_term_string"}}],"inLanguage":"da-DK"},{"@type":"Organization","@id":"https:\/\/staging.swizzle.se\/#organization","name":"Swizzle","url":"https:\/\/staging.swizzle.se\/","logo":{"@type":"ImageObject","inLanguage":"da-DK","@id":"https:\/\/staging.swizzle.se\/#\/schema\/logo\/image\/","url":"https:\/\/staging.swizzle.se\/wp-content\/uploads\/2025\/10\/cropped-SWIZZLE.-4.png","contentUrl":"https:\/\/staging.swizzle.se\/wp-content\/uploads\/2025\/10\/cropped-SWIZZLE.-4.png","width":800,"height":267,"caption":"Swizzle"},"image":{"@id":"https:\/\/staging.swizzle.se\/#\/schema\/logo\/image\/"},"hasMerchantReturnPolicy":{"@type":"MerchantReturnPolicy","merchantReturnLink":"https:\/\/staging.swizzle.se\/dk\/villkor\/"}}]},"product_price_amount":"189.00","product_price_currency":"SEK","og_availability":"out of stock","product_availability":"out of stock","product_retailer_item_id":"947-2-6","product_condition":"new"},"tiered_pricing_type":"fixed","tiered_pricing_fixed_rules":[],"tiered_pricing_product_settings":{"layout":"default","base_unit_name":{"singular":null,"plural":null},"default_variation":null},"tiered_pricing_minimum_quantity":null,"tiered_pricing_roles_data":[],"tiered_pricing_percentage_rules":[],"tiered_pricing_maximum_quantity":null,"tiered_pricing_quantity_step":null,"_links":{"self":[{"href":"https:\/\/staging.swizzle.se\/dk\/wp-json\/wp\/v2\/product\/259879","targetHints":{"allow":["GET"]}}],"collection":[{"href":"https:\/\/staging.swizzle.se\/dk\/wp-json\/wp\/v2\/product"}],"about":[{"href":"https:\/\/staging.swizzle.se\/dk\/wp-json\/wp\/v2\/types\/product"}],"replies":[{"embeddable":true,"href":"https:\/\/staging.swizzle.se\/dk\/wp-json\/wp\/v2\/comments?post=259879"}],"version-history":[{"count":0,"href":"https:\/\/staging.swizzle.se\/dk\/wp-json\/wp\/v2\/product\/259879\/revisions"}],"wp:featuredmedia":[{"embeddable":true,"href":"https:\/\/staging.swizzle.se\/dk\/wp-json\/wp\/v2\/media\/261282"}],"wp:attachment":[{"href":"https:\/\/staging.swizzle.se\/dk\/wp-json\/wp\/v2\/media?parent=259879"}],"wp:term":[{"taxonomy":"product_brand","embeddable":true,"href":"https:\/\/staging.swizzle.se\/dk\/wp-json\/wp\/v2\/product_brand?post=259879"},{"taxonomy":"product_cat","embeddable":true,"href":"https:\/\/staging.swizzle.se\/dk\/wp-json\/wp\/v2\/product_cat?post=259879"},{"taxonomy":"product_tag","embeddable":true,"href":"https:\/\/staging.swizzle.se\/dk\/wp-json\/wp\/v2\/product_tag?post=259879"},{"taxonomy":"superdeal","embeddable":true,"href":"https:\/\/staging.swizzle.se\/dk\/wp-json\/wp\/v2\/superdeal?post=259879"},{"taxonomy":"product_variant_id","embeddable":true,"href":"https:\/\/staging.swizzle.se\/dk\/wp-json\/wp\/v2\/product_variant_id?post=259879"}],"curies":[{"name":"wp","href":"https:\/\/api.w.org\/{rel}","templated":true}]}}