{"id":259870,"date":"2025-03-01T18:50:01","date_gmt":"2025-03-01T18:50:01","guid":{"rendered":"https:\/\/new.staging.swizzle.se\/produkt\/thca-vape-99-magic-farmers\/"},"modified":"2026-03-03T19:45:19","modified_gmt":"2026-03-03T19:45:19","slug":"thca-vape-99-magic-farmers-2ml-cherry-sour","status":"publish","type":"product","link":"https:\/\/staging.swizzle.se\/dk\/product-2\/thca-vape-99-magic-farmers-2ml-cherry-sour\/","title":{"rendered":"THCA Vape 99% - Magic Farmers - 2ml - Cherry Sour"},"content":{"rendered":"<p><strong>THCA Vape 99% - Magic Farmers - 2ml - Cherry Sour<\/strong><\/p>\n<p><strong>Potentiella f\u00f6rdelar med THCA vapes<\/strong><\/p>\n<ul>\n<li><strong>Neuroprotektiva egenskaper<br \/>\n<\/strong>THCA-produkter kan ge neuroprotektiva f\u00f6rdelar och hj\u00e4lpa till att f\u00f6rebygga och behandla neurodegenerativa tillst\u00e5nd som Alzheimers och Parkinsons.<\/li>\n<li><strong>Inflammationsreduktion<\/strong><br \/>\nCannabinoiden THCA har naturliga antiinflammatoriska egenskaper. Som s\u00e5dan kan det hj\u00e4lpa till att behandla kroniska tillst\u00e5nd som k\u00e4nnetecknas av svullnad, inklusive multipel skleros, inflammatorisk tarmsjukdom och artrit.<\/li>\n<li><strong>Sm\u00e4rtlindring<\/strong><br \/>\nTHCA kan ge snabb lindring fr\u00e5n inflammation, men det kan ocks\u00e5 ge snabb lindring fr\u00e5n sm\u00e4rta, tack vare f\u00f6reningens sm\u00e4rtstillande egenskaper. Det \u00e4r en lovande potentiell behandling f\u00f6r akut eller kronisk sm\u00e4rta till f\u00f6ljd av skador eller sjukdomar.<\/li>\n<li><strong>Aptitstimulering<\/strong><br \/>\nTHCA kommunicerar med CB1-receptorer i det endocannabinoida systemet, vilket resulterar i fris\u00e4ttning av hormoner som uppmuntrar hunger. Detta g\u00f6r det till ett attraktivt potentiellt aptitstimulerande medel f\u00f6r individer som k\u00e4mpar med oavsiktlig viktminskning p\u00e5 grund av sjukdom eller medicinska behandlingar som kemoterapi.<\/li>\n<li><strong>Lindring av illam\u00e5ende och kr\u00e4kningar<\/strong><br \/>\nF\u00f6rutom att h\u00f6ja aptiten kan THCA-produkter lindra illam\u00e5ende och kr\u00e4kningar. Dess antiemetiska effekter \u00f6kar dess potentiella terapeutiska v\u00e4rde f\u00f6r individer som g\u00e5r igenom kemoterapi eller hanterar medicinska tillst\u00e5nd som orsakar illam\u00e5ende eller kr\u00e4kningar.<\/li>\n<li><strong>Antikonvulsiva och krampl\u00f6sande egenskaper<\/strong><br \/>\nDenna m\u00e5ngsidiga cannabisv\u00e4xtf\u00f6rening unders\u00f6ks ocks\u00e5 f\u00f6r dess potential att f\u00f6rebygga och lindra anfall och spasmer.<\/li>\n<\/ul>\n<p>Andra popul\u00e4ra smaker:<\/p>\n<p><a href=\"https:\/\/staging.swizzle.se\/dk\/product-2\/thca-vape-magic-farmers-cotton-candy\/\">THCA Vape 99% Magic Farmers Cotton Candy<\/a><\/p>\n<p><a href=\"https:\/\/staging.swizzle.se\/dk\/product-2\/thca-vape-99-magic-farmers-kiwi-sorbet\/\">THCA Vape 99% Magic Farmers Kiwi Sorbet<\/a><\/p>\n<p>Se hela kategorin h\u00e4r:\u00a0<a href=\"http:\/\/staging.swizzle.se\/dk\/product-category\/thca-2\/thca-vapes\/\">H\u00c4R<\/a><\/p>\n<p>THCA Vape 99% &#8211; Magic Farmers &#8211; Cotton Candy<\/p>\n<p>Bem\u00e6rk!<br \/>\nDu skal v\u00e6re mindst 18 \u00e5r gammel for at k\u00f8be dette produkt. Det er ikke beregnet som medicin, kosttilskud eller naturprodukt. Vi opfordrer ikke til at indtage eller ryge dette produkt. Opbevar det utilg\u00e6ngeligt for b\u00f8rn Vi fraskriver os ethvert ansvar for, hvordan du som kunde bruger vores produkter. Vi s\u00e6lger dem til indsamlings- og prydform\u00e5l.<\/p>\n<p>&nbsp;<\/p>","protected":false},"excerpt":{"rendered":"<p><span style=\"font-weight: 400;\">THCA Vape 99% &#8211; Magic Farmers &#8211; 2ml &#8211; Cherry Sour.<\/span><\/p>\n<p><span style=\"font-weight: 400;\">Upplev sommarsmakerna med v\u00e5r THCA Vape &#8211; Cherry Sour.\u00a0 Med en volym p\u00e5 2 ml och upp till 1000 puffs, kan du njuta l\u00e4nge.\u00a0<\/span><\/p>\n<p><strong>Specifikationer:<br \/>\n<\/strong><\/p>\n<ul>\n<li><span style=\"font-weight: 400;\"><strong>Kapacitet:<\/strong> 2 ml<\/span><\/li>\n<li><strong>Puffs:<\/strong> Upp till 1000<\/li>\n<li><strong>Inneh\u00e5ll:<\/strong> 99% THCA fr\u00e5n isolat<\/li>\n<li><strong>THC-fri<\/strong><\/li>\n<\/ul>\n<p>Dette produkt har en mindsteprisgaranti, l\u00e6s mere om, hvad det betyder.<a href=\"https:\/\/staging.swizzle.se\/dk\/lagsta-pris-garanti\/\"><b> her<\/b><\/a>.<\/p>","protected":false},"featured_media":259872,"comment_status":"open","ping_status":"closed","template":"","meta":{"site-sidebar-layout":"default","site-content-layout":"","ast-site-content-layout":"default","site-content-style":"default","site-sidebar-style":"default","ast-global-header-display":"","ast-banner-title-visibility":"","ast-main-header-display":"","ast-hfb-above-header-display":"","ast-hfb-below-header-display":"","ast-hfb-mobile-header-display":"","site-post-title":"","ast-breadcrumbs-content":"","ast-featured-img":"","footer-sml-layout":"","ast-disable-related-posts":"","theme-transparent-header-meta":"default","adv-header-id-meta":"","stick-header-meta":"default","header-above-stick-meta":"","header-main-stick-meta":"","header-below-stick-meta":"","astra-migrate-meta-layouts":"set","ast-page-background-enabled":"default","ast-page-background-meta":{"desktop":{"background-color":"var(--ast-global-color-4)","background-image":"","background-repeat":"repeat","background-position":"center center","background-size":"auto","background-attachment":"scroll","background-type":"","background-media":"","overlay-type":"","overlay-color":"","overlay-opacity":"","overlay-gradient":""},"tablet":{"background-color":"","background-image":"","background-repeat":"repeat","background-position":"center center","background-size":"auto","background-attachment":"scroll","background-type":"","background-media":"","overlay-type":"","overlay-color":"","overlay-opacity":"","overlay-gradient":""},"mobile":{"background-color":"","background-image":"","background-repeat":"repeat","background-position":"center center","background-size":"auto","background-attachment":"scroll","background-type":"","background-media":"","overlay-type":"","overlay-color":"","overlay-opacity":"","overlay-gradient":""}},"ast-content-background-meta":{"desktop":{"background-color":"var(--ast-global-color-5)","background-image":"","background-repeat":"repeat","background-position":"center center","background-size":"auto","background-attachment":"scroll","background-type":"","background-media":"","overlay-type":"","overlay-color":"","overlay-opacity":"","overlay-gradient":""},"tablet":{"background-color":"var(--ast-global-color-5)","background-image":"","background-repeat":"repeat","background-position":"center center","background-size":"auto","background-attachment":"scroll","background-type":"","background-media":"","overlay-type":"","overlay-color":"","overlay-opacity":"","overlay-gradient":""},"mobile":{"background-color":"var(--ast-global-color-5)","background-image":"","background-repeat":"repeat","background-position":"center center","background-size":"auto","background-attachment":"scroll","background-type":"","background-media":"","overlay-type":"","overlay-color":"","overlay-opacity":"","overlay-gradient":""}}},"product_brand":[756],"product_cat":[303,464],"product_tag":[],"superdeal":[],"product_variant_id":[786],"class_list":{"0":"post-259870","1":"product","2":"type-product","3":"status-publish","4":"has-post-thumbnail","6":"product_brand-magic-farmers","7":"product_cat-thca","8":"product_cat-thca-vapes","9":"pa_storlek-2ml","10":"product_variant_id-magic-farmers","11":"desktop-align-center","12":"tablet-align-left","13":"mobile-align-left","14":"ast-product-gallery-layout-horizontal-slider","15":"ast-magnify-disabled","16":"ast-product-tabs-layout-horizontal","18":"first","19":"instock","20":"taxable","21":"shipping-taxable","22":"purchasable","23":"product-type-simple"},"yoast_head":"<!-- This site is optimized with the Yoast SEO Premium plugin v26.9 (Yoast SEO v26.9) - https:\/\/yoast.com\/product\/yoast-seo-premium-wordpress\/ -->\n<title>THCA Vape 99% - Magic Farmers - 2ml - Cherry Sour<\/title>\n<meta name=\"description\" content=\"THCA Vape 99% - Magic Farmers - 2ml - Cherry Sour - relativt ny uppt\u00e4ckt inom cannabisforskningen. Smakupplevelse av cherry sour.\" \/>\n<meta name=\"robots\" content=\"noindex, follow, max-snippet:-1, max-image-preview:large, max-video-preview:-1\" \/>\n<meta property=\"og:locale\" content=\"da_DK\" \/>\n<meta property=\"og:type\" content=\"article\" \/>\n<meta property=\"og:title\" content=\"THCA Vape \u2013 Cherry Sour 99% \u2013 2ML 1000 puffar\" \/>\n<meta property=\"og:description\" content=\"THCA vape 99% Magic Farmers - Cherry Sour - relativt ny uppt\u00e4ckt inom cannabisforskningen. Kiwi Sorbet-smaken i denna vape ger en h\u00e4rlig smakupplevelse.\" \/>\n<meta property=\"og:url\" content=\"https:\/\/staging.swizzle.se\/dk\/product-2\/thca-vape-99-magic-farmers-2ml-cherry-sour\/\" \/>\n<meta property=\"og:site_name\" content=\"Swizzle\" \/>\n<meta property=\"article:modified_time\" content=\"2026-03-03T19:45:19+00:00\" \/>\n<meta property=\"og:image\" content=\"https:\/\/staging.swizzle.se\/wp-content\/uploads\/2025\/05\/THCA_PUFF1000_CHERRY.png\" \/>\n\t<meta property=\"og:image:width\" content=\"800\" \/>\n\t<meta property=\"og:image:height\" content=\"800\" \/>\n\t<meta property=\"og:image:type\" content=\"image\/png\" \/>\n<meta name=\"twitter:card\" content=\"summary_large_image\" \/>\n<meta name=\"twitter:title\" content=\"THCA Vape \u2013 Cherry Sour 99% \u2013 2ML 1000 puffar\" \/>\n<meta name=\"twitter:description\" content=\"THCA vape 99% Magic Farmers - Cherry Sour - relativt ny uppt\u00e4ckt inom cannabisforskningen. Kiwi Sorbet-smaken i denna vape ger en h\u00e4rlig smakupplevelse.\" \/>\n<meta name=\"twitter:label1\" content=\"Pris\" \/>\n\t<meta name=\"twitter:data1\" content=\"899.00&nbsp;&#107;&#114;\" \/>\n\t<meta name=\"twitter:label2\" content=\"Tilg\u00e6ngelighed\" \/>\n\t<meta name=\"twitter:data2\" content=\"P\u00e5 lager\" \/>\n<script type=\"application\/ld+json\" class=\"yoast-schema-graph\">{\"@context\":\"https:\/\/schema.org\",\"@graph\":[{\"@type\":\"WebPage\",\"@id\":\"https:\/\/staging.swizzle.se\/produkt\/thca-vape-99-magic-farmers-2ml-cherry-sour\/\",\"url\":\"https:\/\/staging.swizzle.se\/produkt\/thca-vape-99-magic-farmers-2ml-cherry-sour\/\",\"name\":\"THCA Vape 99% - Magic Farmers - 2ml - Cherry Sour\",\"isPartOf\":{\"@id\":\"https:\/\/staging.swizzle.se\/#website\"},\"primaryImageOfPage\":{\"@id\":\"https:\/\/staging.swizzle.se\/produkt\/thca-vape-99-magic-farmers-2ml-cherry-sour\/#primaryimage\"},\"image\":{\"@id\":\"https:\/\/staging.swizzle.se\/produkt\/thca-vape-99-magic-farmers-2ml-cherry-sour\/#primaryimage\"},\"thumbnailUrl\":\"https:\/\/staging.swizzle.se\/wp-content\/uploads\/2025\/05\/THCA_PUFF1000_CHERRY.png\",\"datePublished\":\"2025-03-01T18:50:01+00:00\",\"dateModified\":\"2026-03-03T19:45:19+00:00\",\"description\":\"THCA Vape 99% - Magic Farmers - 2ml - Cherry Sour - relativt ny uppt\u00e4ckt inom cannabisforskningen. Smakupplevelse av cherry sour.\",\"breadcrumb\":{\"@id\":\"https:\/\/staging.swizzle.se\/produkt\/thca-vape-99-magic-farmers-2ml-cherry-sour\/#breadcrumb\"},\"inLanguage\":\"da-DK\",\"potentialAction\":[{\"@type\":\"ReadAction\",\"target\":[\"https:\/\/staging.swizzle.se\/produkt\/thca-vape-99-magic-farmers-2ml-cherry-sour\/\"]}]},{\"@type\":\"ImageObject\",\"inLanguage\":\"da-DK\",\"@id\":\"https:\/\/staging.swizzle.se\/produkt\/thca-vape-99-magic-farmers-2ml-cherry-sour\/#primaryimage\",\"url\":\"https:\/\/staging.swizzle.se\/wp-content\/uploads\/2025\/05\/THCA_PUFF1000_CHERRY.png\",\"contentUrl\":\"https:\/\/staging.swizzle.se\/wp-content\/uploads\/2025\/05\/THCA_PUFF1000_CHERRY.png\",\"width\":800,\"height\":800,\"caption\":\"Magic Farmers thca 99%\"},{\"@type\":\"BreadcrumbList\",\"@id\":\"https:\/\/staging.swizzle.se\/produkt\/thca-vape-99-magic-farmers-2ml-cherry-sour\/#breadcrumb\",\"itemListElement\":[{\"@type\":\"ListItem\",\"position\":1,\"name\":\"Home\",\"item\":\"https:\/\/www.swizzle.se\/\"},{\"@type\":\"ListItem\",\"position\":2,\"name\":\"Shop\",\"item\":\"https:\/\/www.swizzle.se\/shop\/\"},{\"@type\":\"ListItem\",\"position\":3,\"name\":\"THCA\",\"item\":\"https:\/\/www.swizzle.se\/produkt-kategori\/thca\/\"},{\"@type\":\"ListItem\",\"position\":4,\"name\":\"THCA Vape 99% &#8211; Magic Farmers &#8211; 2ml &#8211; Cherry Sour\"}]},{\"@type\":\"WebSite\",\"@id\":\"https:\/\/staging.swizzle.se\/#website\",\"url\":\"https:\/\/staging.swizzle.se\/\",\"name\":\"Swizzle\",\"description\":\"Nikotin CBD Vapes Snus White Portion\",\"publisher\":{\"@id\":\"https:\/\/staging.swizzle.se\/#organization\"},\"potentialAction\":[{\"@type\":\"SearchAction\",\"target\":{\"@type\":\"EntryPoint\",\"urlTemplate\":\"https:\/\/staging.swizzle.se\/?s={search_term_string}\"},\"query-input\":{\"@type\":\"PropertyValueSpecification\",\"valueRequired\":true,\"valueName\":\"search_term_string\"}}],\"inLanguage\":\"da-DK\"},{\"@type\":\"Organization\",\"@id\":\"https:\/\/staging.swizzle.se\/#organization\",\"name\":\"Swizzle\",\"url\":\"https:\/\/staging.swizzle.se\/\",\"logo\":{\"@type\":\"ImageObject\",\"inLanguage\":\"da-DK\",\"@id\":\"https:\/\/staging.swizzle.se\/#\/schema\/logo\/image\/\",\"url\":\"https:\/\/staging.swizzle.se\/wp-content\/uploads\/2025\/10\/cropped-SWIZZLE.-4.png\",\"contentUrl\":\"https:\/\/staging.swizzle.se\/wp-content\/uploads\/2025\/10\/cropped-SWIZZLE.-4.png\",\"width\":800,\"height\":267,\"caption\":\"Swizzle\"},\"image\":{\"@id\":\"https:\/\/staging.swizzle.se\/#\/schema\/logo\/image\/\"},\"hasMerchantReturnPolicy\":{\"@type\":\"MerchantReturnPolicy\",\"merchantReturnLink\":\"https:\/\/staging.swizzle.se\/dk\/villkor\/\"}}]}<\/script>\n<meta property=\"product:price:amount\" content=\"899.00\" \/>\n<meta property=\"product:price:currency\" content=\"SEK\" \/>\n<meta property=\"og:availability\" content=\"instock\" \/>\n<meta property=\"product:availability\" content=\"instock\" \/>\n<meta property=\"product:retailer_item_id\" content=\"MF54203-3\" \/>\n<meta property=\"product:condition\" content=\"new\" \/>\n<!-- \/ Yoast SEO Premium plugin. -->","yoast_head_json":{"title":"THCA Vape 99% - Magic Farmers - 2ml - Cherry Sour","description":"THCA Vape 99% - Magic Farmers - 2ml - Cherry Sour - relativt ny uppt\u00e4ckt inom cannabisforskningen. Smakupplevelse av cherry sour.","robots":{"index":"noindex","follow":"follow","max-snippet":"max-snippet:-1","max-image-preview":"max-image-preview:large","max-video-preview":"max-video-preview:-1"},"og_locale":"da_DK","og_type":"article","og_title":"THCA Vape \u2013 Cherry Sour 99% \u2013 2ML 1000 puffar","og_description":"THCA vape 99% Magic Farmers - Cherry Sour - relativt ny uppt\u00e4ckt inom cannabisforskningen. Kiwi Sorbet-smaken i denna vape ger en h\u00e4rlig smakupplevelse.","og_url":"https:\/\/staging.swizzle.se\/dk\/product-2\/thca-vape-99-magic-farmers-2ml-cherry-sour\/","og_site_name":"Swizzle","article_modified_time":"2026-03-03T19:45:19+00:00","og_image":[{"width":800,"height":800,"url":"https:\/\/staging.swizzle.se\/wp-content\/uploads\/2025\/05\/THCA_PUFF1000_CHERRY.png","type":"image\/png"}],"twitter_card":"summary_large_image","twitter_title":"THCA Vape \u2013 Cherry Sour 99% \u2013 2ML 1000 puffar","twitter_description":"THCA vape 99% Magic Farmers - Cherry Sour - relativt ny uppt\u00e4ckt inom cannabisforskningen. Kiwi Sorbet-smaken i denna vape ger en h\u00e4rlig smakupplevelse.","twitter_misc":{"Pris":"899.00&nbsp;&#107;&#114;","Tilg\u00e6ngelighed":"P\u00e5 lager"},"schema":{"@context":"https:\/\/schema.org","@graph":[{"@type":"WebPage","@id":"https:\/\/staging.swizzle.se\/produkt\/thca-vape-99-magic-farmers-2ml-cherry-sour\/","url":"https:\/\/staging.swizzle.se\/produkt\/thca-vape-99-magic-farmers-2ml-cherry-sour\/","name":"THCA Vape 99% - Magic Farmers - 2ml - Cherry Sour","isPartOf":{"@id":"https:\/\/staging.swizzle.se\/#website"},"primaryImageOfPage":{"@id":"https:\/\/staging.swizzle.se\/produkt\/thca-vape-99-magic-farmers-2ml-cherry-sour\/#primaryimage"},"image":{"@id":"https:\/\/staging.swizzle.se\/produkt\/thca-vape-99-magic-farmers-2ml-cherry-sour\/#primaryimage"},"thumbnailUrl":"https:\/\/staging.swizzle.se\/wp-content\/uploads\/2025\/05\/THCA_PUFF1000_CHERRY.png","datePublished":"2025-03-01T18:50:01+00:00","dateModified":"2026-03-03T19:45:19+00:00","description":"THCA Vape 99% - Magic Farmers - 2ml - Cherry Sour - relativt ny uppt\u00e4ckt inom cannabisforskningen. Smakupplevelse av cherry sour.","breadcrumb":{"@id":"https:\/\/staging.swizzle.se\/produkt\/thca-vape-99-magic-farmers-2ml-cherry-sour\/#breadcrumb"},"inLanguage":"da-DK","potentialAction":[{"@type":"ReadAction","target":["https:\/\/staging.swizzle.se\/produkt\/thca-vape-99-magic-farmers-2ml-cherry-sour\/"]}]},{"@type":"ImageObject","inLanguage":"da-DK","@id":"https:\/\/staging.swizzle.se\/produkt\/thca-vape-99-magic-farmers-2ml-cherry-sour\/#primaryimage","url":"https:\/\/staging.swizzle.se\/wp-content\/uploads\/2025\/05\/THCA_PUFF1000_CHERRY.png","contentUrl":"https:\/\/staging.swizzle.se\/wp-content\/uploads\/2025\/05\/THCA_PUFF1000_CHERRY.png","width":800,"height":800,"caption":"Magic Farmers thca 99%"},{"@type":"BreadcrumbList","@id":"https:\/\/staging.swizzle.se\/produkt\/thca-vape-99-magic-farmers-2ml-cherry-sour\/#breadcrumb","itemListElement":[{"@type":"ListItem","position":1,"name":"Home","item":"https:\/\/www.swizzle.se\/"},{"@type":"ListItem","position":2,"name":"Shop","item":"https:\/\/www.swizzle.se\/shop\/"},{"@type":"ListItem","position":3,"name":"THCA","item":"https:\/\/www.swizzle.se\/produkt-kategori\/thca\/"},{"@type":"ListItem","position":4,"name":"THCA Vape 99% &#8211; Magic Farmers &#8211; 2ml &#8211; Cherry Sour"}]},{"@type":"WebSite","@id":"https:\/\/staging.swizzle.se\/#website","url":"https:\/\/staging.swizzle.se\/","name":"Swizzle","description":"Nikotin CBD Vapes Snus Hvid Portion","publisher":{"@id":"https:\/\/staging.swizzle.se\/#organization"},"potentialAction":[{"@type":"SearchAction","target":{"@type":"EntryPoint","urlTemplate":"https:\/\/staging.swizzle.se\/?s={search_term_string}"},"query-input":{"@type":"PropertyValueSpecification","valueRequired":true,"valueName":"search_term_string"}}],"inLanguage":"da-DK"},{"@type":"Organization","@id":"https:\/\/staging.swizzle.se\/#organization","name":"Swizzle","url":"https:\/\/staging.swizzle.se\/","logo":{"@type":"ImageObject","inLanguage":"da-DK","@id":"https:\/\/staging.swizzle.se\/#\/schema\/logo\/image\/","url":"https:\/\/staging.swizzle.se\/wp-content\/uploads\/2025\/10\/cropped-SWIZZLE.-4.png","contentUrl":"https:\/\/staging.swizzle.se\/wp-content\/uploads\/2025\/10\/cropped-SWIZZLE.-4.png","width":800,"height":267,"caption":"Swizzle"},"image":{"@id":"https:\/\/staging.swizzle.se\/#\/schema\/logo\/image\/"},"hasMerchantReturnPolicy":{"@type":"MerchantReturnPolicy","merchantReturnLink":"https:\/\/staging.swizzle.se\/dk\/villkor\/"}}]},"product_price_amount":"899.00","product_price_currency":"SEK","og_availability":"instock","product_availability":"instock","product_retailer_item_id":"MF54203-3","product_condition":"new"},"tiered_pricing_type":"percentage","tiered_pricing_fixed_rules":[],"tiered_pricing_product_settings":{"layout":"default","base_unit_name":{"singular":"st","plural":""},"default_variation":null},"tiered_pricing_minimum_quantity":null,"tiered_pricing_roles_data":[],"tiered_pricing_percentage_rules":{"3":30,"5":39,"10":43},"tiered_pricing_maximum_quantity":null,"tiered_pricing_quantity_step":null,"_links":{"self":[{"href":"https:\/\/staging.swizzle.se\/dk\/wp-json\/wp\/v2\/product\/259870","targetHints":{"allow":["GET"]}}],"collection":[{"href":"https:\/\/staging.swizzle.se\/dk\/wp-json\/wp\/v2\/product"}],"about":[{"href":"https:\/\/staging.swizzle.se\/dk\/wp-json\/wp\/v2\/types\/product"}],"replies":[{"embeddable":true,"href":"https:\/\/staging.swizzle.se\/dk\/wp-json\/wp\/v2\/comments?post=259870"}],"version-history":[{"count":0,"href":"https:\/\/staging.swizzle.se\/dk\/wp-json\/wp\/v2\/product\/259870\/revisions"}],"wp:featuredmedia":[{"embeddable":true,"href":"https:\/\/staging.swizzle.se\/dk\/wp-json\/wp\/v2\/media\/259872"}],"wp:attachment":[{"href":"https:\/\/staging.swizzle.se\/dk\/wp-json\/wp\/v2\/media?parent=259870"}],"wp:term":[{"taxonomy":"product_brand","embeddable":true,"href":"https:\/\/staging.swizzle.se\/dk\/wp-json\/wp\/v2\/product_brand?post=259870"},{"taxonomy":"product_cat","embeddable":true,"href":"https:\/\/staging.swizzle.se\/dk\/wp-json\/wp\/v2\/product_cat?post=259870"},{"taxonomy":"product_tag","embeddable":true,"href":"https:\/\/staging.swizzle.se\/dk\/wp-json\/wp\/v2\/product_tag?post=259870"},{"taxonomy":"superdeal","embeddable":true,"href":"https:\/\/staging.swizzle.se\/dk\/wp-json\/wp\/v2\/superdeal?post=259870"},{"taxonomy":"product_variant_id","embeddable":true,"href":"https:\/\/staging.swizzle.se\/dk\/wp-json\/wp\/v2\/product_variant_id?post=259870"}],"curies":[{"name":"wp","href":"https:\/\/api.w.org\/{rel}","templated":true}]}}