{"id":259836,"date":"2025-02-20T15:47:01","date_gmt":"2025-02-20T15:47:01","guid":{"rendered":"https:\/\/new.staging.swizzle.se\/produkt\/thca-buds-27-chupa-chups-magic-farmers\/"},"modified":"2025-07-09T07:06:49","modified_gmt":"2025-07-09T07:06:49","slug":"thca-buds-27-chupa-chups-magic-farmers","status":"publish","type":"product","link":"https:\/\/staging.swizzle.se\/dk\/product-2\/thca-buds-27-chupa-chups-magic-farmers\/","title":{"rendered":"THCA BUDS 5g &#8211; CHUPA CHUPS 27% &#8211; Magic Farmers"},"content":{"rendered":"<div data-elementor-type=\"product-post\" data-elementor-id=\"259836\" class=\"elementor elementor-259836\" data-elementor-post-type=\"product\">\n\t\t\t\t<div class=\"elementor-element elementor-element-5cd91d4f e-flex e-con-boxed e-con e-parent\" data-id=\"5cd91d4f\" data-element_type=\"container\" data-e-type=\"container\">\n\t\t\t\t\t<div class=\"e-con-inner\">\n\t\t\t\t<div class=\"elementor-element elementor-element-42a67f2e elementor-widget elementor-widget-text-editor\" data-id=\"42a67f2e\" data-element_type=\"widget\" data-e-type=\"widget\" data-widget_type=\"text-editor.default\">\n\t\t\t\t<div class=\"elementor-widget-container\">\n\t\t\t\t\t\t\t\t\t<h2>THCA Buds 27% Chupa Chups &#8211; Magic Farmers<\/h2><h3>u00a0<\/h3><p><strong>Bem\u00e6rk!<\/strong><br \/>Du mu00e5ste vara minst 18 u00e5r fu00f6r att ku00f6pa denna produkt. Den u00e4r inte avsedd som lu00e4kemedel, kosttillskott eller naturprodukt. Vi uppmuntrar inte till konsumtion eller ru00f6kning av produkten. Fu00f6rvara den utom ru00e4ckhu00e5ll fu00f6r barn.Vi friskriver oss fru00e5n hur du som kund anvu00e4nder vu00e5ra produkter. Vi su00e4ljer dem fu00f6r samlings- och prydnadssyften.<\/p>\t\t\t\t\t\t\t\t<\/div>\n\t\t\t\t<\/div>\n\t\t\t\t\t<\/div>\n\t\t\t\t<\/div>\n\t\t\t\t<\/div>","protected":false},"excerpt":{"rendered":"<p>THCA Buds 27% Chupa Chups &#8211; Magic Farmers. N\u00e4r du vill ha kvalitet p\u00e5 riktigt.<\/p>\n<p>Chupa Chups THCA Flower \u00e4r en sp\u00e4nnande produkt f\u00f6r de som vill uppleva en kraftfull och ren THCA-effet utan att \u00f6verskrida de lagliga gr\u00e4nserna f\u00f6r THC. Den \u00e4r infuserad med en imponerande\u00a0<strong>THCA-halt p\u00e5 27%<\/strong>, medan\u00a0<strong>THC-halten \u00e4r mycket l\u00e5g p\u00e5 endast 0,18%, <\/strong>det inneb\u00e4r att anv\u00e4ndare kan f\u00e5 ut maximalt av den terapeutiska potentialen i THCA.<\/p>\n<ul>\n<li>Magiske landm\u00e6nd<\/li>\n<li>THC &#8211; Free<\/li>\n<li>27% THCA<\/li>\n<\/ul>","protected":false},"featured_media":259837,"comment_status":"open","ping_status":"closed","template":"","meta":{"site-sidebar-layout":"default","site-content-layout":"","ast-site-content-layout":"default","site-content-style":"default","site-sidebar-style":"default","ast-global-header-display":"","ast-banner-title-visibility":"","ast-main-header-display":"","ast-hfb-above-header-display":"","ast-hfb-below-header-display":"","ast-hfb-mobile-header-display":"","site-post-title":"","ast-breadcrumbs-content":"","ast-featured-img":"","footer-sml-layout":"","ast-disable-related-posts":"","theme-transparent-header-meta":"","adv-header-id-meta":"","stick-header-meta":"","header-above-stick-meta":"","header-main-stick-meta":"","header-below-stick-meta":"","astra-migrate-meta-layouts":"default","ast-page-background-enabled":"default","ast-page-background-meta":{"desktop":{"background-color":"var(--ast-global-color-4)","background-image":"","background-repeat":"repeat","background-position":"center center","background-size":"auto","background-attachment":"scroll","background-type":"","background-media":"","overlay-type":"","overlay-color":"","overlay-opacity":"","overlay-gradient":""},"tablet":{"background-color":"","background-image":"","background-repeat":"repeat","background-position":"center center","background-size":"auto","background-attachment":"scroll","background-type":"","background-media":"","overlay-type":"","overlay-color":"","overlay-opacity":"","overlay-gradient":""},"mobile":{"background-color":"","background-image":"","background-repeat":"repeat","background-position":"center center","background-size":"auto","background-attachment":"scroll","background-type":"","background-media":"","overlay-type":"","overlay-color":"","overlay-opacity":"","overlay-gradient":""}},"ast-content-background-meta":{"desktop":{"background-color":"var(--ast-global-color-5)","background-image":"","background-repeat":"repeat","background-position":"center center","background-size":"auto","background-attachment":"scroll","background-type":"","background-media":"","overlay-type":"","overlay-color":"","overlay-opacity":"","overlay-gradient":""},"tablet":{"background-color":"var(--ast-global-color-5)","background-image":"","background-repeat":"repeat","background-position":"center center","background-size":"auto","background-attachment":"scroll","background-type":"","background-media":"","overlay-type":"","overlay-color":"","overlay-opacity":"","overlay-gradient":""},"mobile":{"background-color":"var(--ast-global-color-5)","background-image":"","background-repeat":"repeat","background-position":"center center","background-size":"auto","background-attachment":"scroll","background-type":"","background-media":"","overlay-type":"","overlay-color":"","overlay-opacity":"","overlay-gradient":""}}},"product_brand":[],"product_cat":[303,317],"product_tag":[],"superdeal":[],"product_variant_id":[],"class_list":{"0":"post-259836","1":"product","2":"type-product","3":"status-publish","4":"has-post-thumbnail","6":"product_cat-thca","7":"product_cat-thca-buds-blommor","8":"desktop-align-center","9":"tablet-align-left","10":"mobile-align-left","11":"ast-product-gallery-layout-horizontal-slider","12":"ast-magnify-disabled","13":"ast-product-tabs-layout-horizontal","15":"first","16":"outofstock","17":"taxable","18":"shipping-taxable","19":"purchasable","20":"product-type-simple"},"yoast_head":"<!-- This site is optimized with the Yoast SEO Premium plugin v26.9 (Yoast SEO v26.9) - https:\/\/yoast.com\/product\/yoast-seo-premium-wordpress\/ -->\n<title>THCA Buds 27% Chupa Chups - Magic Farmers<\/title>\n<meta name=\"description\" content=\"THCA Buds 27% Chupa Chups - Magic Farmers , en sann fr\u00f6jd f\u00f6r sp\u00e4nningss\u00f6kare! Med varje puff f\u00e5r du s\u00f6ta aromer som p\u00e5minner om k\u00f6rsb\u00e4rsgodis\" \/>\n<meta name=\"robots\" content=\"noindex, follow, max-snippet:-1, max-image-preview:large, max-video-preview:-1\" \/>\n<meta property=\"og:locale\" content=\"da_DK\" \/>\n<meta property=\"og:type\" content=\"article\" \/>\n<meta property=\"og:title\" content=\"THCA BUDS 5g - CHUPA CHUPS 27% - Magic Farmers\" \/>\n<meta property=\"og:description\" content=\"THCA Buds 27% Chupa Chups - Magic Farmers , en sann fr\u00f6jd f\u00f6r sp\u00e4nningss\u00f6kare! Med varje puff f\u00e5r du s\u00f6ta aromer som p\u00e5minner om k\u00f6rsb\u00e4rsgodis\" \/>\n<meta property=\"og:url\" content=\"https:\/\/www.swizzle.se\/produkt\/thca-buds-27-chupa-chups-magic-farmers\/\" \/>\n<meta property=\"og:site_name\" content=\"Swizzle\" \/>\n<meta property=\"article:modified_time\" content=\"2025-07-09T07:06:49+00:00\" \/>\n<meta property=\"og:image\" content=\"https:\/\/www.swizzle.se\/wp-content\/uploads\/2025\/05\/Magic-farmers-chupa-chups.png\" \/>\n\t<meta property=\"og:image:width\" content=\"500\" \/>\n\t<meta property=\"og:image:height\" content=\"500\" \/>\n\t<meta property=\"og:image:type\" content=\"image\/png\" \/>\n<meta name=\"twitter:card\" content=\"summary_large_image\" \/>\n<meta name=\"twitter:label1\" content=\"Pris\" \/>\n\t<meta name=\"twitter:data1\" content=\"169.00&nbsp;&#107;&#114;\" \/>\n\t<meta name=\"twitter:label2\" content=\"Tilg\u00e6ngelighed\" \/>\n\t<meta name=\"twitter:data2\" content=\"Ikke p\u00e5 lager\" \/>\n<script type=\"application\/ld+json\" class=\"yoast-schema-graph\">{\"@context\":\"https:\/\/schema.org\",\"@graph\":[{\"@type\":\"WebPage\",\"@id\":\"https:\/\/www.swizzle.se\/produkt\/thca-buds-27-chupa-chups-magic-farmers\/\",\"url\":\"https:\/\/www.swizzle.se\/produkt\/thca-buds-27-chupa-chups-magic-farmers\/\",\"name\":\"THCA Buds 27% Chupa Chups - Magic Farmers\",\"isPartOf\":{\"@id\":\"https:\/\/staging.swizzle.se\/#website\"},\"primaryImageOfPage\":{\"@id\":\"https:\/\/www.swizzle.se\/produkt\/thca-buds-27-chupa-chups-magic-farmers\/#primaryimage\"},\"image\":{\"@id\":\"https:\/\/www.swizzle.se\/produkt\/thca-buds-27-chupa-chups-magic-farmers\/#primaryimage\"},\"thumbnailUrl\":\"https:\/\/staging.swizzle.se\/wp-content\/uploads\/2025\/05\/Magic-farmers-chupa-chups.png\",\"datePublished\":\"2025-02-20T15:47:01+00:00\",\"dateModified\":\"2025-07-09T07:06:49+00:00\",\"description\":\"THCA Buds 27% Chupa Chups - Magic Farmers , en sann fr\u00f6jd f\u00f6r sp\u00e4nningss\u00f6kare! Med varje puff f\u00e5r du s\u00f6ta aromer som p\u00e5minner om k\u00f6rsb\u00e4rsgodis\",\"breadcrumb\":{\"@id\":\"https:\/\/www.swizzle.se\/produkt\/thca-buds-27-chupa-chups-magic-farmers\/#breadcrumb\"},\"inLanguage\":\"da-DK\",\"potentialAction\":[{\"@type\":\"ReadAction\",\"target\":[\"https:\/\/www.swizzle.se\/produkt\/thca-buds-27-chupa-chups-magic-farmers\/\"]}]},{\"@type\":\"ImageObject\",\"inLanguage\":\"da-DK\",\"@id\":\"https:\/\/www.swizzle.se\/produkt\/thca-buds-27-chupa-chups-magic-farmers\/#primaryimage\",\"url\":\"https:\/\/staging.swizzle.se\/wp-content\/uploads\/2025\/05\/Magic-farmers-chupa-chups.png\",\"contentUrl\":\"https:\/\/staging.swizzle.se\/wp-content\/uploads\/2025\/05\/Magic-farmers-chupa-chups.png\",\"width\":500,\"height\":500,\"caption\":\"THCA Magic Farmers\"},{\"@type\":\"BreadcrumbList\",\"@id\":\"https:\/\/www.swizzle.se\/produkt\/thca-buds-27-chupa-chups-magic-farmers\/#breadcrumb\",\"itemListElement\":[{\"@type\":\"ListItem\",\"position\":1,\"name\":\"Home\",\"item\":\"https:\/\/www.swizzle.se\/\"},{\"@type\":\"ListItem\",\"position\":2,\"name\":\"Shop\",\"item\":\"https:\/\/www.swizzle.se\/shop\/\"},{\"@type\":\"ListItem\",\"position\":3,\"name\":\"THCA\",\"item\":\"https:\/\/www.swizzle.se\/produkt-kategori\/thca\/\"},{\"@type\":\"ListItem\",\"position\":4,\"name\":\"THCA BUDS \/ BLOMMOR\",\"item\":\"https:\/\/www.swizzle.se\/produkt-kategori\/thca\/thca-buds-blommor\/\"},{\"@type\":\"ListItem\",\"position\":5,\"name\":\"THCA BUDS 5g &#8211; CHUPA CHUPS 27% &#8211; Magic Farmers\"}]},{\"@type\":\"WebSite\",\"@id\":\"https:\/\/staging.swizzle.se\/#website\",\"url\":\"https:\/\/staging.swizzle.se\/\",\"name\":\"Swizzle\",\"description\":\"Nikotin CBD Vapes Snus White Portion\",\"publisher\":{\"@id\":\"https:\/\/staging.swizzle.se\/#organization\"},\"potentialAction\":[{\"@type\":\"SearchAction\",\"target\":{\"@type\":\"EntryPoint\",\"urlTemplate\":\"https:\/\/staging.swizzle.se\/?s={search_term_string}\"},\"query-input\":{\"@type\":\"PropertyValueSpecification\",\"valueRequired\":true,\"valueName\":\"search_term_string\"}}],\"inLanguage\":\"da-DK\"},{\"@type\":\"Organization\",\"@id\":\"https:\/\/staging.swizzle.se\/#organization\",\"name\":\"Swizzle\",\"url\":\"https:\/\/staging.swizzle.se\/\",\"logo\":{\"@type\":\"ImageObject\",\"inLanguage\":\"da-DK\",\"@id\":\"https:\/\/staging.swizzle.se\/#\/schema\/logo\/image\/\",\"url\":\"https:\/\/staging.swizzle.se\/wp-content\/uploads\/2025\/10\/cropped-SWIZZLE.-4.png\",\"contentUrl\":\"https:\/\/staging.swizzle.se\/wp-content\/uploads\/2025\/10\/cropped-SWIZZLE.-4.png\",\"width\":800,\"height\":267,\"caption\":\"Swizzle\"},\"image\":{\"@id\":\"https:\/\/staging.swizzle.se\/#\/schema\/logo\/image\/\"},\"hasMerchantReturnPolicy\":{\"@type\":\"MerchantReturnPolicy\",\"merchantReturnLink\":\"https:\/\/staging.swizzle.se\/dk\/villkor\/\"}}]}<\/script>\n<meta property=\"product:price:amount\" content=\"169.00\" \/>\n<meta property=\"product:price:currency\" content=\"SEK\" \/>\n<meta property=\"og:availability\" content=\"out of stock\" \/>\n<meta property=\"product:availability\" content=\"out of stock\" \/>\n<meta property=\"product:retailer_item_id\" content=\"SWBUDS1\" \/>\n<meta property=\"product:condition\" content=\"new\" \/>\n<!-- \/ Yoast SEO Premium plugin. -->","yoast_head_json":{"title":"THCA Buds 27% Chupa Chups - Magic Farmers","description":"THCA Buds 27% Chupa Chups - Magic Farmers , en sann fr\u00f6jd f\u00f6r sp\u00e4nningss\u00f6kare! Med varje puff f\u00e5r du s\u00f6ta aromer som p\u00e5minner om k\u00f6rsb\u00e4rsgodis","robots":{"index":"noindex","follow":"follow","max-snippet":"max-snippet:-1","max-image-preview":"max-image-preview:large","max-video-preview":"max-video-preview:-1"},"og_locale":"da_DK","og_type":"article","og_title":"THCA BUDS 5g - CHUPA CHUPS 27% - Magic Farmers","og_description":"THCA Buds 27% Chupa Chups - Magic Farmers , en sann fr\u00f6jd f\u00f6r sp\u00e4nningss\u00f6kare! Med varje puff f\u00e5r du s\u00f6ta aromer som p\u00e5minner om k\u00f6rsb\u00e4rsgodis","og_url":"https:\/\/www.swizzle.se\/produkt\/thca-buds-27-chupa-chups-magic-farmers\/","og_site_name":"Swizzle","article_modified_time":"2025-07-09T07:06:49+00:00","og_image":[{"width":500,"height":500,"url":"https:\/\/www.swizzle.se\/wp-content\/uploads\/2025\/05\/Magic-farmers-chupa-chups.png","type":"image\/png"}],"twitter_card":"summary_large_image","twitter_misc":{"Pris":"169.00&nbsp;&#107;&#114;","Tilg\u00e6ngelighed":"Ikke p\u00e5 lager"},"schema":{"@context":"https:\/\/schema.org","@graph":[{"@type":"WebPage","@id":"https:\/\/www.swizzle.se\/produkt\/thca-buds-27-chupa-chups-magic-farmers\/","url":"https:\/\/www.swizzle.se\/produkt\/thca-buds-27-chupa-chups-magic-farmers\/","name":"THCA Buds 27% Chupa Chups - Magic Farmers","isPartOf":{"@id":"https:\/\/staging.swizzle.se\/#website"},"primaryImageOfPage":{"@id":"https:\/\/www.swizzle.se\/produkt\/thca-buds-27-chupa-chups-magic-farmers\/#primaryimage"},"image":{"@id":"https:\/\/www.swizzle.se\/produkt\/thca-buds-27-chupa-chups-magic-farmers\/#primaryimage"},"thumbnailUrl":"https:\/\/staging.swizzle.se\/wp-content\/uploads\/2025\/05\/Magic-farmers-chupa-chups.png","datePublished":"2025-02-20T15:47:01+00:00","dateModified":"2025-07-09T07:06:49+00:00","description":"THCA Buds 27% Chupa Chups - Magic Farmers , en sann fr\u00f6jd f\u00f6r sp\u00e4nningss\u00f6kare! Med varje puff f\u00e5r du s\u00f6ta aromer som p\u00e5minner om k\u00f6rsb\u00e4rsgodis","breadcrumb":{"@id":"https:\/\/www.swizzle.se\/produkt\/thca-buds-27-chupa-chups-magic-farmers\/#breadcrumb"},"inLanguage":"da-DK","potentialAction":[{"@type":"ReadAction","target":["https:\/\/www.swizzle.se\/produkt\/thca-buds-27-chupa-chups-magic-farmers\/"]}]},{"@type":"ImageObject","inLanguage":"da-DK","@id":"https:\/\/www.swizzle.se\/produkt\/thca-buds-27-chupa-chups-magic-farmers\/#primaryimage","url":"https:\/\/staging.swizzle.se\/wp-content\/uploads\/2025\/05\/Magic-farmers-chupa-chups.png","contentUrl":"https:\/\/staging.swizzle.se\/wp-content\/uploads\/2025\/05\/Magic-farmers-chupa-chups.png","width":500,"height":500,"caption":"THCA Magic Farmers"},{"@type":"BreadcrumbList","@id":"https:\/\/www.swizzle.se\/produkt\/thca-buds-27-chupa-chups-magic-farmers\/#breadcrumb","itemListElement":[{"@type":"ListItem","position":1,"name":"Home","item":"https:\/\/www.swizzle.se\/"},{"@type":"ListItem","position":2,"name":"Shop","item":"https:\/\/www.swizzle.se\/shop\/"},{"@type":"ListItem","position":3,"name":"THCA","item":"https:\/\/www.swizzle.se\/produkt-kategori\/thca\/"},{"@type":"ListItem","position":4,"name":"THCA BUDS \/ BLOMMOR","item":"https:\/\/www.swizzle.se\/produkt-kategori\/thca\/thca-buds-blommor\/"},{"@type":"ListItem","position":5,"name":"THCA BUDS 5g &#8211; CHUPA CHUPS 27% &#8211; Magic Farmers"}]},{"@type":"WebSite","@id":"https:\/\/staging.swizzle.se\/#website","url":"https:\/\/staging.swizzle.se\/","name":"Swizzle","description":"Nikotin CBD Vapes Snus Hvid Portion","publisher":{"@id":"https:\/\/staging.swizzle.se\/#organization"},"potentialAction":[{"@type":"SearchAction","target":{"@type":"EntryPoint","urlTemplate":"https:\/\/staging.swizzle.se\/?s={search_term_string}"},"query-input":{"@type":"PropertyValueSpecification","valueRequired":true,"valueName":"search_term_string"}}],"inLanguage":"da-DK"},{"@type":"Organization","@id":"https:\/\/staging.swizzle.se\/#organization","name":"Swizzle","url":"https:\/\/staging.swizzle.se\/","logo":{"@type":"ImageObject","inLanguage":"da-DK","@id":"https:\/\/staging.swizzle.se\/#\/schema\/logo\/image\/","url":"https:\/\/staging.swizzle.se\/wp-content\/uploads\/2025\/10\/cropped-SWIZZLE.-4.png","contentUrl":"https:\/\/staging.swizzle.se\/wp-content\/uploads\/2025\/10\/cropped-SWIZZLE.-4.png","width":800,"height":267,"caption":"Swizzle"},"image":{"@id":"https:\/\/staging.swizzle.se\/#\/schema\/logo\/image\/"},"hasMerchantReturnPolicy":{"@type":"MerchantReturnPolicy","merchantReturnLink":"https:\/\/staging.swizzle.se\/dk\/villkor\/"}}]},"product_price_amount":"169.00","product_price_currency":"SEK","og_availability":"out of stock","product_availability":"out of stock","product_retailer_item_id":"SWBUDS1","product_condition":"new"},"tiered_pricing_type":"fixed","tiered_pricing_fixed_rules":[],"tiered_pricing_product_settings":{"layout":"default","base_unit_name":{"singular":null,"plural":null},"default_variation":null},"tiered_pricing_minimum_quantity":null,"tiered_pricing_roles_data":[],"tiered_pricing_percentage_rules":[],"tiered_pricing_maximum_quantity":null,"tiered_pricing_quantity_step":null,"_links":{"self":[{"href":"https:\/\/staging.swizzle.se\/dk\/wp-json\/wp\/v2\/product\/259836","targetHints":{"allow":["GET"]}}],"collection":[{"href":"https:\/\/staging.swizzle.se\/dk\/wp-json\/wp\/v2\/product"}],"about":[{"href":"https:\/\/staging.swizzle.se\/dk\/wp-json\/wp\/v2\/types\/product"}],"replies":[{"embeddable":true,"href":"https:\/\/staging.swizzle.se\/dk\/wp-json\/wp\/v2\/comments?post=259836"}],"version-history":[{"count":0,"href":"https:\/\/staging.swizzle.se\/dk\/wp-json\/wp\/v2\/product\/259836\/revisions"}],"wp:featuredmedia":[{"embeddable":true,"href":"https:\/\/staging.swizzle.se\/dk\/wp-json\/wp\/v2\/media\/259837"}],"wp:attachment":[{"href":"https:\/\/staging.swizzle.se\/dk\/wp-json\/wp\/v2\/media?parent=259836"}],"wp:term":[{"taxonomy":"product_brand","embeddable":true,"href":"https:\/\/staging.swizzle.se\/dk\/wp-json\/wp\/v2\/product_brand?post=259836"},{"taxonomy":"product_cat","embeddable":true,"href":"https:\/\/staging.swizzle.se\/dk\/wp-json\/wp\/v2\/product_cat?post=259836"},{"taxonomy":"product_tag","embeddable":true,"href":"https:\/\/staging.swizzle.se\/dk\/wp-json\/wp\/v2\/product_tag?post=259836"},{"taxonomy":"superdeal","embeddable":true,"href":"https:\/\/staging.swizzle.se\/dk\/wp-json\/wp\/v2\/superdeal?post=259836"},{"taxonomy":"product_variant_id","embeddable":true,"href":"https:\/\/staging.swizzle.se\/dk\/wp-json\/wp\/v2\/product_variant_id?post=259836"}],"curies":[{"name":"wp","href":"https:\/\/api.w.org\/{rel}","templated":true}]}}