{"id":259775,"date":"2024-12-19T21:52:43","date_gmt":"2024-12-19T21:52:43","guid":{"rendered":"https:\/\/new.staging.swizzle.se\/produkt\/cbd-kaffe-poddar-nesspresso-10-st-20mg-st\/"},"modified":"2026-02-02T19:11:34","modified_gmt":"2026-02-02T19:11:34","slug":"cbd-kaffe-poddar-nesspresso-10-st-20mg-st","status":"publish","type":"product","link":"https:\/\/staging.swizzle.se\/dk\/product-2\/cbd-kaffe-poddar-nesspresso-10-st-20mg-st\/","title":{"rendered":"CBD KAFFE PODDAR &#8211; Nesspresso &#8211; 20mg\/st &#8211; 10st"},"content":{"rendered":"<p>CBD Kaffe Poddar 20mg\/st<\/p>\n<p>Koffeinet i CBD Cannabis Coffee Capsules \u00e4r 100 % naturligt. Vanligtvis anv\u00e4nds Arabica-kaffeb\u00f6nan f\u00f6r sin exotiska arom. Du kan extrahera den b\u00e4sta CBD-oljan fr\u00e5n stj\u00e4lkarna p\u00e5 marijuanav\u00e4xten. Detta g\u00f6rs genom en 100 % effektiv process utan risk f\u00f6r kontaminering med andra v\u00e4tskor fr\u00e5n marijuanaplantan. Tillsammans g\u00f6r dessa tv\u00e5 ett av de smidigaste kaffe du n\u00e5gonsin smakat. Doften utstr\u00e5lar friskhet. Produktionsprocessen \u00e4r unik och mycket professionell. Resultatet \u00e4r de b\u00e4sta Cannabis-kaffeb\u00f6norna och d\u00e4rf\u00f6r de godaste CBD Cannabis-kaffekopparna i v\u00e4rlden.<\/p>\n<p>&nbsp;<\/p>\n<p>Fri fr\u00e5n THC<\/p>\n<p><strong>Bem\u00e6rk!<\/strong><br \/>\nDu skal v\u00e6re mindst 18 \u00e5r gammel for at k\u00f8be dette produkt. Det er ikke beregnet som medicin, kosttilskud eller naturprodukt. Vi opfordrer ikke til at indtage eller ryge dette produkt. Opbevar det utilg\u00e6ngeligt for b\u00f8rn Vi fraskriver os ethvert ansvar for, hvordan du som kunde bruger vores produkter. Vi s\u00e6lger dem til indsamlings- og prydform\u00e5l.<\/p>","protected":false},"excerpt":{"rendered":"<div class=\"QFw9Te BLojaf\">CBD Kaffe Poddar 20mg\/st<\/div>\n<div><\/div>\n<div class=\"n4sEPd\">\n<div>\n<div class=\"j1rqpc\">\n<div class=\"VhOj3e\">\n<div><span class=\"jCAhz ChMk0b\"><span class=\"ryNqvb\">Detta CBD kaffe har en m\u00f6rk profil med m\u00f6rk choklad och kola undertoner.<\/span><\/span> <span class=\"jCAhz ChMk0b\"><span class=\"ryNqvb\">Kompatibel med n\u00e4stan alla bryggare som anv\u00e4nder 1.0 och 2.0 K-Cups <\/span><\/span><span class=\"jCAhz ChMk0b\"><span class=\"ryNqvb\">Varje portion \u00e4r packad med 20 mg fullspektrum-CBD, vilket ger hela utbudet av cannabinoider f\u00f6r b\u00e4sta resultat och smak.\u00a0<\/span><\/span><\/div>\n<\/div>\n<\/div>\n<\/div>\n<\/div>","protected":false},"featured_media":261183,"comment_status":"open","ping_status":"closed","template":"","meta":{"site-sidebar-layout":"default","site-content-layout":"","ast-site-content-layout":"default","site-content-style":"default","site-sidebar-style":"default","ast-global-header-display":"","ast-banner-title-visibility":"","ast-main-header-display":"","ast-hfb-above-header-display":"","ast-hfb-below-header-display":"","ast-hfb-mobile-header-display":"","site-post-title":"","ast-breadcrumbs-content":"","ast-featured-img":"","footer-sml-layout":"","ast-disable-related-posts":"","theme-transparent-header-meta":"","adv-header-id-meta":"","stick-header-meta":"","header-above-stick-meta":"","header-main-stick-meta":"","header-below-stick-meta":"","astra-migrate-meta-layouts":"default","ast-page-background-enabled":"default","ast-page-background-meta":{"desktop":{"background-color":"var(--ast-global-color-4)","background-image":"","background-repeat":"repeat","background-position":"center center","background-size":"auto","background-attachment":"scroll","background-type":"","background-media":"","overlay-type":"","overlay-color":"","overlay-opacity":"","overlay-gradient":""},"tablet":{"background-color":"","background-image":"","background-repeat":"repeat","background-position":"center center","background-size":"auto","background-attachment":"scroll","background-type":"","background-media":"","overlay-type":"","overlay-color":"","overlay-opacity":"","overlay-gradient":""},"mobile":{"background-color":"","background-image":"","background-repeat":"repeat","background-position":"center center","background-size":"auto","background-attachment":"scroll","background-type":"","background-media":"","overlay-type":"","overlay-color":"","overlay-opacity":"","overlay-gradient":""}},"ast-content-background-meta":{"desktop":{"background-color":"var(--ast-global-color-5)","background-image":"","background-repeat":"repeat","background-position":"center center","background-size":"auto","background-attachment":"scroll","background-type":"","background-media":"","overlay-type":"","overlay-color":"","overlay-opacity":"","overlay-gradient":""},"tablet":{"background-color":"var(--ast-global-color-5)","background-image":"","background-repeat":"repeat","background-position":"center center","background-size":"auto","background-attachment":"scroll","background-type":"","background-media":"","overlay-type":"","overlay-color":"","overlay-opacity":"","overlay-gradient":""},"mobile":{"background-color":"var(--ast-global-color-5)","background-image":"","background-repeat":"repeat","background-position":"center center","background-size":"auto","background-attachment":"scroll","background-type":"","background-media":"","overlay-type":"","overlay-color":"","overlay-opacity":"","overlay-gradient":""}}},"product_brand":[],"product_cat":[441,331,354,388],"product_tag":[],"superdeal":[],"product_variant_id":[],"class_list":{"0":"post-259775","1":"product","2":"type-product","3":"status-publish","4":"has-post-thumbnail","6":"product_cat-cbd-kaffe","7":"product_cat-cbd-g-n","8":"product_cat-edibles","9":"product_cat-kaffe","10":"desktop-align-center","11":"tablet-align-left","12":"mobile-align-left","13":"ast-product-gallery-layout-horizontal-slider","14":"ast-product-gallery-with-no-image","15":"ast-magnify-disabled","16":"ast-product-tabs-layout-horizontal","18":"first","19":"instock","20":"taxable","21":"shipping-taxable","22":"purchasable","23":"product-type-simple"},"yoast_head":"<!-- This site is optimized with the Yoast SEO Premium plugin v26.9 (Yoast SEO v26.9) - https:\/\/yoast.com\/product\/yoast-seo-premium-wordpress\/ -->\n<title>CBD Kaffe Poddar 20mg\/st<\/title>\n<meta name=\"description\" content=\"Detta CBD kaffe har en m\u00f6rk profil med m\u00f6rk choklad och kola undertoner. Kompatibel med n\u00e4stan alla bryggare som anv\u00e4nder 1.0 och 2.0 K-Cups\" \/>\n<meta name=\"robots\" content=\"noindex, follow, max-snippet:-1, max-image-preview:large, max-video-preview:-1\" \/>\n<meta property=\"og:locale\" content=\"da_DK\" \/>\n<meta property=\"og:type\" content=\"article\" \/>\n<meta property=\"og:title\" content=\"CBD Kaffe Poddar 20mg\/st\" \/>\n<meta property=\"og:description\" content=\"Detta CBD kaffe har en m\u00f6rk profil med m\u00f6rk choklad och kola undertoner. Kompatibel med n\u00e4stan alla bryggare som anv\u00e4nder 1.0 och 2.0 K-Cups.\" \/>\n<meta property=\"og:url\" content=\"https:\/\/www.swizzle.se\/produkt\/cbd-kaffe-poddar-nesspresso-10-st-20mg-st\/\" \/>\n<meta property=\"og:site_name\" content=\"Swizzle\" \/>\n<meta property=\"article:modified_time\" content=\"2026-02-02T19:11:34+00:00\" \/>\n<meta property=\"og:image\" content=\"https:\/\/www.swizzle.se\/wp-content\/uploads\/2025\/06\/CBD-Koffie-capsules.webp\" \/>\n\t<meta property=\"og:image:width\" content=\"1000\" \/>\n\t<meta property=\"og:image:height\" content=\"1000\" \/>\n\t<meta property=\"og:image:type\" content=\"image\/webp\" \/>\n<meta name=\"twitter:card\" content=\"summary_large_image\" \/>\n<meta name=\"twitter:title\" content=\"CBD Kaffe Poddar 20mg\/st\" \/>\n<meta name=\"twitter:description\" content=\"Detta CBD kaffe har en m\u00f6rk profil med m\u00f6rk choklad och kola undertoner. Kompatibel med n\u00e4stan alla bryggare som anv\u00e4nder 1.0 och 2.0 K-Cups.\" \/>\n<meta name=\"twitter:label1\" content=\"Pris\" \/>\n\t<meta name=\"twitter:data1\" content=\"189.00&nbsp;&#107;&#114;\" \/>\n\t<meta name=\"twitter:label2\" content=\"Tilg\u00e6ngelighed\" \/>\n\t<meta name=\"twitter:data2\" content=\"P\u00e5 lager\" \/>\n<script type=\"application\/ld+json\" class=\"yoast-schema-graph\">{\"@context\":\"https:\/\/schema.org\",\"@graph\":[{\"@type\":\"WebPage\",\"@id\":\"https:\/\/www.swizzle.se\/produkt\/cbd-kaffe-poddar-nesspresso-10-st-20mg-st\/\",\"url\":\"https:\/\/www.swizzle.se\/produkt\/cbd-kaffe-poddar-nesspresso-10-st-20mg-st\/\",\"name\":\"CBD Kaffe Poddar 20mg\/st\",\"isPartOf\":{\"@id\":\"https:\/\/staging.swizzle.se\/#website\"},\"primaryImageOfPage\":{\"@id\":\"https:\/\/www.swizzle.se\/produkt\/cbd-kaffe-poddar-nesspresso-10-st-20mg-st\/#primaryimage\"},\"image\":{\"@id\":\"https:\/\/www.swizzle.se\/produkt\/cbd-kaffe-poddar-nesspresso-10-st-20mg-st\/#primaryimage\"},\"thumbnailUrl\":\"https:\/\/staging.swizzle.se\/wp-content\/uploads\/2025\/06\/CBD-Koffie-capsules.webp\",\"datePublished\":\"2024-12-19T21:52:43+00:00\",\"dateModified\":\"2026-02-02T19:11:34+00:00\",\"description\":\"Detta CBD kaffe har en m\u00f6rk profil med m\u00f6rk choklad och kola undertoner. Kompatibel med n\u00e4stan alla bryggare som anv\u00e4nder 1.0 och 2.0 K-Cups\",\"breadcrumb\":{\"@id\":\"https:\/\/www.swizzle.se\/produkt\/cbd-kaffe-poddar-nesspresso-10-st-20mg-st\/#breadcrumb\"},\"inLanguage\":\"da-DK\",\"potentialAction\":[{\"@type\":\"ReadAction\",\"target\":[\"https:\/\/www.swizzle.se\/produkt\/cbd-kaffe-poddar-nesspresso-10-st-20mg-st\/\"]}]},{\"@type\":\"ImageObject\",\"inLanguage\":\"da-DK\",\"@id\":\"https:\/\/www.swizzle.se\/produkt\/cbd-kaffe-poddar-nesspresso-10-st-20mg-st\/#primaryimage\",\"url\":\"https:\/\/staging.swizzle.se\/wp-content\/uploads\/2025\/06\/CBD-Koffie-capsules.webp\",\"contentUrl\":\"https:\/\/staging.swizzle.se\/wp-content\/uploads\/2025\/06\/CBD-Koffie-capsules.webp\",\"width\":1000,\"height\":1000,\"caption\":\"Bild kaffe\"},{\"@type\":\"BreadcrumbList\",\"@id\":\"https:\/\/www.swizzle.se\/produkt\/cbd-kaffe-poddar-nesspresso-10-st-20mg-st\/#breadcrumb\",\"itemListElement\":[{\"@type\":\"ListItem\",\"position\":1,\"name\":\"Home\",\"item\":\"https:\/\/www.swizzle.se\/\"},{\"@type\":\"ListItem\",\"position\":2,\"name\":\"Shop\",\"item\":\"https:\/\/www.swizzle.se\/shop\/\"},{\"@type\":\"ListItem\",\"position\":3,\"name\":\"CANNABINOIDER\",\"item\":\"https:\/\/www.swizzle.se\/produkt-kategori\/cannabinoider\/\"},{\"@type\":\"ListItem\",\"position\":4,\"name\":\"CBD\/G\/N\",\"item\":\"https:\/\/www.swizzle.se\/produkt-kategori\/cannabinoider\/cbd-g-n\/\"},{\"@type\":\"ListItem\",\"position\":5,\"name\":\"CBD KAFFE\",\"item\":\"https:\/\/www.swizzle.se\/produkt-kategori\/cannabinoider\/cbd-g-n\/cbd-kaffe\/\"},{\"@type\":\"ListItem\",\"position\":6,\"name\":\"CBD KAFFE PODDAR &#8211; Nesspresso &#8211; 20mg\/st &#8211; 10st\"}]},{\"@type\":\"WebSite\",\"@id\":\"https:\/\/staging.swizzle.se\/#website\",\"url\":\"https:\/\/staging.swizzle.se\/\",\"name\":\"Swizzle\",\"description\":\"Nikotin CBD Vapes Snus White Portion\",\"publisher\":{\"@id\":\"https:\/\/staging.swizzle.se\/#organization\"},\"potentialAction\":[{\"@type\":\"SearchAction\",\"target\":{\"@type\":\"EntryPoint\",\"urlTemplate\":\"https:\/\/staging.swizzle.se\/?s={search_term_string}\"},\"query-input\":{\"@type\":\"PropertyValueSpecification\",\"valueRequired\":true,\"valueName\":\"search_term_string\"}}],\"inLanguage\":\"da-DK\"},{\"@type\":\"Organization\",\"@id\":\"https:\/\/staging.swizzle.se\/#organization\",\"name\":\"Swizzle\",\"url\":\"https:\/\/staging.swizzle.se\/\",\"logo\":{\"@type\":\"ImageObject\",\"inLanguage\":\"da-DK\",\"@id\":\"https:\/\/staging.swizzle.se\/#\/schema\/logo\/image\/\",\"url\":\"https:\/\/staging.swizzle.se\/wp-content\/uploads\/2025\/10\/cropped-SWIZZLE.-4.png\",\"contentUrl\":\"https:\/\/staging.swizzle.se\/wp-content\/uploads\/2025\/10\/cropped-SWIZZLE.-4.png\",\"width\":800,\"height\":267,\"caption\":\"Swizzle\"},\"image\":{\"@id\":\"https:\/\/staging.swizzle.se\/#\/schema\/logo\/image\/\"},\"hasMerchantReturnPolicy\":{\"@type\":\"MerchantReturnPolicy\",\"merchantReturnLink\":\"https:\/\/staging.swizzle.se\/dk\/villkor\/\"}}]}<\/script>\n<meta property=\"product:price:amount\" content=\"189.00\" \/>\n<meta property=\"product:price:currency\" content=\"SEK\" \/>\n<meta property=\"og:availability\" content=\"instock\" \/>\n<meta property=\"product:availability\" content=\"instock\" \/>\n<meta property=\"product:retailer_item_id\" content=\"1139497002903\" \/>\n<meta property=\"product:condition\" content=\"new\" \/>\n<!-- \/ Yoast SEO Premium plugin. -->","yoast_head_json":{"title":"CBD Kaffe Poddar 20mg\/st","description":"Detta CBD kaffe har en m\u00f6rk profil med m\u00f6rk choklad och kola undertoner. Kompatibel med n\u00e4stan alla bryggare som anv\u00e4nder 1.0 och 2.0 K-Cups","robots":{"index":"noindex","follow":"follow","max-snippet":"max-snippet:-1","max-image-preview":"max-image-preview:large","max-video-preview":"max-video-preview:-1"},"og_locale":"da_DK","og_type":"article","og_title":"CBD Kaffe Poddar 20mg\/st","og_description":"Detta CBD kaffe har en m\u00f6rk profil med m\u00f6rk choklad och kola undertoner. Kompatibel med n\u00e4stan alla bryggare som anv\u00e4nder 1.0 och 2.0 K-Cups.","og_url":"https:\/\/www.swizzle.se\/produkt\/cbd-kaffe-poddar-nesspresso-10-st-20mg-st\/","og_site_name":"Swizzle","article_modified_time":"2026-02-02T19:11:34+00:00","og_image":[{"width":1000,"height":1000,"url":"https:\/\/www.swizzle.se\/wp-content\/uploads\/2025\/06\/CBD-Koffie-capsules.webp","type":"image\/webp"}],"twitter_card":"summary_large_image","twitter_title":"CBD Kaffe Poddar 20mg\/st","twitter_description":"Detta CBD kaffe har en m\u00f6rk profil med m\u00f6rk choklad och kola undertoner. Kompatibel med n\u00e4stan alla bryggare som anv\u00e4nder 1.0 och 2.0 K-Cups.","twitter_misc":{"Pris":"189.00&nbsp;&#107;&#114;","Tilg\u00e6ngelighed":"P\u00e5 lager"},"schema":{"@context":"https:\/\/schema.org","@graph":[{"@type":"WebPage","@id":"https:\/\/www.swizzle.se\/produkt\/cbd-kaffe-poddar-nesspresso-10-st-20mg-st\/","url":"https:\/\/www.swizzle.se\/produkt\/cbd-kaffe-poddar-nesspresso-10-st-20mg-st\/","name":"CBD Kaffe Poddar 20mg\/st","isPartOf":{"@id":"https:\/\/staging.swizzle.se\/#website"},"primaryImageOfPage":{"@id":"https:\/\/www.swizzle.se\/produkt\/cbd-kaffe-poddar-nesspresso-10-st-20mg-st\/#primaryimage"},"image":{"@id":"https:\/\/www.swizzle.se\/produkt\/cbd-kaffe-poddar-nesspresso-10-st-20mg-st\/#primaryimage"},"thumbnailUrl":"https:\/\/staging.swizzle.se\/wp-content\/uploads\/2025\/06\/CBD-Koffie-capsules.webp","datePublished":"2024-12-19T21:52:43+00:00","dateModified":"2026-02-02T19:11:34+00:00","description":"Detta CBD kaffe har en m\u00f6rk profil med m\u00f6rk choklad och kola undertoner. Kompatibel med n\u00e4stan alla bryggare som anv\u00e4nder 1.0 och 2.0 K-Cups","breadcrumb":{"@id":"https:\/\/www.swizzle.se\/produkt\/cbd-kaffe-poddar-nesspresso-10-st-20mg-st\/#breadcrumb"},"inLanguage":"da-DK","potentialAction":[{"@type":"ReadAction","target":["https:\/\/www.swizzle.se\/produkt\/cbd-kaffe-poddar-nesspresso-10-st-20mg-st\/"]}]},{"@type":"ImageObject","inLanguage":"da-DK","@id":"https:\/\/www.swizzle.se\/produkt\/cbd-kaffe-poddar-nesspresso-10-st-20mg-st\/#primaryimage","url":"https:\/\/staging.swizzle.se\/wp-content\/uploads\/2025\/06\/CBD-Koffie-capsules.webp","contentUrl":"https:\/\/staging.swizzle.se\/wp-content\/uploads\/2025\/06\/CBD-Koffie-capsules.webp","width":1000,"height":1000,"caption":"Bild kaffe"},{"@type":"BreadcrumbList","@id":"https:\/\/www.swizzle.se\/produkt\/cbd-kaffe-poddar-nesspresso-10-st-20mg-st\/#breadcrumb","itemListElement":[{"@type":"ListItem","position":1,"name":"Home","item":"https:\/\/www.swizzle.se\/"},{"@type":"ListItem","position":2,"name":"Shop","item":"https:\/\/www.swizzle.se\/shop\/"},{"@type":"ListItem","position":3,"name":"CANNABINOIDER","item":"https:\/\/www.swizzle.se\/produkt-kategori\/cannabinoider\/"},{"@type":"ListItem","position":4,"name":"CBD\/G\/N","item":"https:\/\/www.swizzle.se\/produkt-kategori\/cannabinoider\/cbd-g-n\/"},{"@type":"ListItem","position":5,"name":"CBD KAFFE","item":"https:\/\/www.swizzle.se\/produkt-kategori\/cannabinoider\/cbd-g-n\/cbd-kaffe\/"},{"@type":"ListItem","position":6,"name":"CBD KAFFE PODDAR &#8211; Nesspresso &#8211; 20mg\/st &#8211; 10st"}]},{"@type":"WebSite","@id":"https:\/\/staging.swizzle.se\/#website","url":"https:\/\/staging.swizzle.se\/","name":"Swizzle","description":"Nikotin CBD Vapes Snus Hvid Portion","publisher":{"@id":"https:\/\/staging.swizzle.se\/#organization"},"potentialAction":[{"@type":"SearchAction","target":{"@type":"EntryPoint","urlTemplate":"https:\/\/staging.swizzle.se\/?s={search_term_string}"},"query-input":{"@type":"PropertyValueSpecification","valueRequired":true,"valueName":"search_term_string"}}],"inLanguage":"da-DK"},{"@type":"Organization","@id":"https:\/\/staging.swizzle.se\/#organization","name":"Swizzle","url":"https:\/\/staging.swizzle.se\/","logo":{"@type":"ImageObject","inLanguage":"da-DK","@id":"https:\/\/staging.swizzle.se\/#\/schema\/logo\/image\/","url":"https:\/\/staging.swizzle.se\/wp-content\/uploads\/2025\/10\/cropped-SWIZZLE.-4.png","contentUrl":"https:\/\/staging.swizzle.se\/wp-content\/uploads\/2025\/10\/cropped-SWIZZLE.-4.png","width":800,"height":267,"caption":"Swizzle"},"image":{"@id":"https:\/\/staging.swizzle.se\/#\/schema\/logo\/image\/"},"hasMerchantReturnPolicy":{"@type":"MerchantReturnPolicy","merchantReturnLink":"https:\/\/staging.swizzle.se\/dk\/villkor\/"}}]},"product_price_amount":"189.00","product_price_currency":"SEK","og_availability":"instock","product_availability":"instock","product_retailer_item_id":"1139497002903","product_condition":"new"},"tiered_pricing_type":"fixed","tiered_pricing_fixed_rules":[],"tiered_pricing_product_settings":{"layout":"default","base_unit_name":{"singular":null,"plural":null},"default_variation":null},"tiered_pricing_minimum_quantity":null,"tiered_pricing_roles_data":[],"tiered_pricing_percentage_rules":[],"tiered_pricing_maximum_quantity":null,"tiered_pricing_quantity_step":null,"_links":{"self":[{"href":"https:\/\/staging.swizzle.se\/dk\/wp-json\/wp\/v2\/product\/259775","targetHints":{"allow":["GET"]}}],"collection":[{"href":"https:\/\/staging.swizzle.se\/dk\/wp-json\/wp\/v2\/product"}],"about":[{"href":"https:\/\/staging.swizzle.se\/dk\/wp-json\/wp\/v2\/types\/product"}],"replies":[{"embeddable":true,"href":"https:\/\/staging.swizzle.se\/dk\/wp-json\/wp\/v2\/comments?post=259775"}],"version-history":[{"count":0,"href":"https:\/\/staging.swizzle.se\/dk\/wp-json\/wp\/v2\/product\/259775\/revisions"}],"wp:featuredmedia":[{"embeddable":true,"href":"https:\/\/staging.swizzle.se\/dk\/wp-json\/wp\/v2\/media\/261183"}],"wp:attachment":[{"href":"https:\/\/staging.swizzle.se\/dk\/wp-json\/wp\/v2\/media?parent=259775"}],"wp:term":[{"taxonomy":"product_brand","embeddable":true,"href":"https:\/\/staging.swizzle.se\/dk\/wp-json\/wp\/v2\/product_brand?post=259775"},{"taxonomy":"product_cat","embeddable":true,"href":"https:\/\/staging.swizzle.se\/dk\/wp-json\/wp\/v2\/product_cat?post=259775"},{"taxonomy":"product_tag","embeddable":true,"href":"https:\/\/staging.swizzle.se\/dk\/wp-json\/wp\/v2\/product_tag?post=259775"},{"taxonomy":"superdeal","embeddable":true,"href":"https:\/\/staging.swizzle.se\/dk\/wp-json\/wp\/v2\/superdeal?post=259775"},{"taxonomy":"product_variant_id","embeddable":true,"href":"https:\/\/staging.swizzle.se\/dk\/wp-json\/wp\/v2\/product_variant_id?post=259775"}],"curies":[{"name":"wp","href":"https:\/\/api.w.org\/{rel}","templated":true}]}}