{"id":259768,"date":"2024-12-15T19:19:26","date_gmt":"2024-12-15T19:19:26","guid":{"rendered":"https:\/\/new.staging.swizzle.se\/produkt\/cannabis-choklad-cbd-och-hampa-fron\/"},"modified":"2025-10-15T06:50:54","modified_gmt":"2025-10-15T06:50:54","slug":"mary-juana-cannabis-dark-chocolate","status":"publish","type":"product","link":"https:\/\/staging.swizzle.se\/dk\/product-2\/mary-juana-cannabis-dark-chocolate\/","title":{"rendered":"Mary and Juana Cannabis Dark Chocolate with Cannabis Sativa seeds"},"content":{"rendered":"<p>Mary &amp; Juana Cannabis Dark Chocolate<\/p>\n<p>Njut av en perfekt balanserad kombination av 70 % m\u00f6rk choklad med 10 % hampafr\u00f6n. Mary &amp; Juanas h\u00f6gkvalitativa choklad med hampafr\u00f6n har en utm\u00e4rkt n\u00e4ringsprofil som inneh\u00e5ller alla nio essentiella aminosyror, mineraler, h\u00e4lsosamma fetter och fibrer och kan minska oxidativ stress eller bek\u00e4mpa tr\u00f6tthet.<\/p>\n<p>THC fri.<\/p>\n<p>&nbsp;<\/p>\n<p><strong>Bem\u00e6rk!<\/strong><br \/>\nDu skal v\u00e6re mindst 18 \u00e5r gammel for at k\u00f8be dette produkt. Det er ikke beregnet som medicin, kosttilskud eller naturprodukt. Vi opfordrer ikke til at indtage eller ryge dette produkt. Opbevar det utilg\u00e6ngeligt for b\u00f8rn Vi fraskriver os ethvert ansvar for, hvordan du som kunde bruger vores produkter. Vi s\u00e6lger dem til indsamlings- og prydform\u00e5l.<\/p>","protected":false},"excerpt":{"rendered":"<p class=\"ai-optimize-33\">Mary &amp; Juana Cannabis Dark Chocolate<\/p>\n<p class=\"ai-optimize-34\">Njut av en perfekt balanserad kombination av 70 % m\u00f6rk choklad med 10 % hampafr\u00f6n. Mary &amp; Juanas h\u00f6gkvalitativa choklad med hampafr\u00f6n har en utm\u00e4rkt n\u00e4ringsprofil som inneh\u00e5ller alla nio essentiella aminosyror, mineraler, h\u00e4lsosamma fetter och fibrer och kan minska oxidativ stress eller bek\u00e4mpa tr\u00f6tthet.<\/p>","protected":false},"featured_media":261174,"comment_status":"open","ping_status":"closed","template":"","meta":{"site-sidebar-layout":"default","site-content-layout":"","ast-site-content-layout":"default","site-content-style":"default","site-sidebar-style":"default","ast-global-header-display":"","ast-banner-title-visibility":"","ast-main-header-display":"","ast-hfb-above-header-display":"","ast-hfb-below-header-display":"","ast-hfb-mobile-header-display":"","site-post-title":"","ast-breadcrumbs-content":"","ast-featured-img":"","footer-sml-layout":"","ast-disable-related-posts":"","theme-transparent-header-meta":"default","adv-header-id-meta":"","stick-header-meta":"","header-above-stick-meta":"","header-main-stick-meta":"","header-below-stick-meta":"","astra-migrate-meta-layouts":"set","ast-page-background-enabled":"default","ast-page-background-meta":{"desktop":{"background-color":"var(--ast-global-color-4)","background-image":"","background-repeat":"repeat","background-position":"center center","background-size":"auto","background-attachment":"scroll","background-type":"","background-media":"","overlay-type":"","overlay-color":"","overlay-opacity":"","overlay-gradient":""},"tablet":{"background-color":"","background-image":"","background-repeat":"repeat","background-position":"center center","background-size":"auto","background-attachment":"scroll","background-type":"","background-media":"","overlay-type":"","overlay-color":"","overlay-opacity":"","overlay-gradient":""},"mobile":{"background-color":"","background-image":"","background-repeat":"repeat","background-position":"center center","background-size":"auto","background-attachment":"scroll","background-type":"","background-media":"","overlay-type":"","overlay-color":"","overlay-opacity":"","overlay-gradient":""}},"ast-content-background-meta":{"desktop":{"background-color":"var(--ast-global-color-5)","background-image":"","background-repeat":"repeat","background-position":"center center","background-size":"auto","background-attachment":"scroll","background-type":"","background-media":"","overlay-type":"","overlay-color":"","overlay-opacity":"","overlay-gradient":""},"tablet":{"background-color":"var(--ast-global-color-5)","background-image":"","background-repeat":"repeat","background-position":"center center","background-size":"auto","background-attachment":"scroll","background-type":"","background-media":"","overlay-type":"","overlay-color":"","overlay-opacity":"","overlay-gradient":""},"mobile":{"background-color":"var(--ast-global-color-5)","background-image":"","background-repeat":"repeat","background-position":"center center","background-size":"auto","background-attachment":"scroll","background-type":"","background-media":"","overlay-type":"","overlay-color":"","overlay-opacity":"","overlay-gradient":""}}},"product_brand":[],"product_cat":[365,354],"product_tag":[],"superdeal":[],"product_variant_id":[],"class_list":{"0":"post-259768","1":"product","2":"type-product","3":"status-publish","4":"has-post-thumbnail","6":"product_cat-choklad","7":"product_cat-edibles","8":"desktop-align-center","9":"tablet-align-left","10":"mobile-align-left","11":"ast-product-gallery-layout-horizontal-slider","12":"ast-magnify-disabled","13":"ast-product-tabs-layout-horizontal","15":"first","16":"outofstock","17":"taxable","18":"shipping-taxable","19":"purchasable","20":"product-type-simple"},"yoast_head":"<!-- This site is optimized with the Yoast SEO Premium plugin v26.9 (Yoast SEO v26.9) - https:\/\/yoast.com\/product\/yoast-seo-premium-wordpress\/ -->\n<title>Mary &amp; Juana Cannabis Dark Chocolate<\/title>\n<meta name=\"description\" content=\"Mary &amp; Juana Cannabis Dark Chocolate Njut av en perfekt balanserad kombination av 70 % m\u00f6rk choklad med 10 % hampafr\u00f6n. Mary &amp; Juanas h\u00f6gkvalitativa choklad\" \/>\n<meta name=\"robots\" content=\"noindex, follow, max-snippet:-1, max-image-preview:large, max-video-preview:-1\" \/>\n<meta property=\"og:locale\" content=\"da_DK\" \/>\n<meta property=\"og:type\" content=\"article\" \/>\n<meta property=\"og:title\" content=\"Mary &amp; Juana Cannabis Dark Chocolate\" \/>\n<meta property=\"og:description\" content=\"Mary &amp; Juana Cannabis Dark Chocolate Njut av en perfekt balanserad kombination av 70 % m\u00f6rk choklad med 10 % hampafr\u00f6n. Mary &amp; Juanas h\u00f6gkvalitativa choklad\" \/>\n<meta property=\"og:url\" content=\"https:\/\/www.swizzle.se\/produkt\/mary-juana-cannabis-dark-chocolate\/\" \/>\n<meta property=\"og:site_name\" content=\"Swizzle\" \/>\n<meta property=\"article:modified_time\" content=\"2025-10-15T06:50:54+00:00\" \/>\n<meta property=\"og:image\" content=\"https:\/\/www.swizzle.se\/wp-content\/uploads\/2025\/06\/gorzka-czekolada-mary-juana-z-luskanymi-nasionami-konopi.webp\" \/>\n\t<meta property=\"og:image:width\" content=\"400\" \/>\n\t<meta property=\"og:image:height\" content=\"489\" \/>\n\t<meta property=\"og:image:type\" content=\"image\/webp\" \/>\n<meta name=\"twitter:card\" content=\"summary_large_image\" \/>\n<meta name=\"twitter:title\" content=\"Mary &amp; Juana Cannabis Dark Chocolate\" \/>\n<meta name=\"twitter:description\" content=\"Mary &amp; Juana Cannabis Dark Chocolate Njut av en perfekt balanserad kombination av 70 % m\u00f6rk choklad med 10 % hampafr\u00f6n. Mary &amp; Juanas h\u00f6gkvalitativa choklad\" \/>\n<meta name=\"twitter:label1\" content=\"Pris\" \/>\n\t<meta name=\"twitter:data1\" content=\"59.00&nbsp;&#107;&#114;\" \/>\n\t<meta name=\"twitter:label2\" content=\"Tilg\u00e6ngelighed\" \/>\n\t<meta name=\"twitter:data2\" content=\"Ikke p\u00e5 lager\" \/>\n<script type=\"application\/ld+json\" class=\"yoast-schema-graph\">{\"@context\":\"https:\/\/schema.org\",\"@graph\":[{\"@type\":\"WebPage\",\"@id\":\"https:\/\/www.swizzle.se\/produkt\/mary-juana-cannabis-dark-chocolate\/\",\"url\":\"https:\/\/www.swizzle.se\/produkt\/mary-juana-cannabis-dark-chocolate\/\",\"name\":\"Mary & Juana Cannabis Dark Chocolate\",\"isPartOf\":{\"@id\":\"https:\/\/staging.swizzle.se\/#website\"},\"primaryImageOfPage\":{\"@id\":\"https:\/\/www.swizzle.se\/produkt\/mary-juana-cannabis-dark-chocolate\/#primaryimage\"},\"image\":{\"@id\":\"https:\/\/www.swizzle.se\/produkt\/mary-juana-cannabis-dark-chocolate\/#primaryimage\"},\"thumbnailUrl\":\"https:\/\/staging.swizzle.se\/wp-content\/uploads\/2025\/06\/gorzka-czekolada-mary-juana-z-luskanymi-nasionami-konopi.webp\",\"datePublished\":\"2024-12-15T19:19:26+00:00\",\"dateModified\":\"2025-10-15T06:50:54+00:00\",\"description\":\"Mary & Juana Cannabis Dark Chocolate Njut av en perfekt balanserad kombination av 70 % m\u00f6rk choklad med 10 % hampafr\u00f6n. Mary & Juanas h\u00f6gkvalitativa choklad\",\"breadcrumb\":{\"@id\":\"https:\/\/www.swizzle.se\/produkt\/mary-juana-cannabis-dark-chocolate\/#breadcrumb\"},\"inLanguage\":\"da-DK\",\"potentialAction\":[{\"@type\":\"ReadAction\",\"target\":[\"https:\/\/www.swizzle.se\/produkt\/mary-juana-cannabis-dark-chocolate\/\"]}]},{\"@type\":\"ImageObject\",\"inLanguage\":\"da-DK\",\"@id\":\"https:\/\/www.swizzle.se\/produkt\/mary-juana-cannabis-dark-chocolate\/#primaryimage\",\"url\":\"https:\/\/staging.swizzle.se\/wp-content\/uploads\/2025\/06\/gorzka-czekolada-mary-juana-z-luskanymi-nasionami-konopi.webp\",\"contentUrl\":\"https:\/\/staging.swizzle.se\/wp-content\/uploads\/2025\/06\/gorzka-czekolada-mary-juana-z-luskanymi-nasionami-konopi.webp\",\"width\":400,\"height\":489,\"caption\":\"Bild choklad\"},{\"@type\":\"BreadcrumbList\",\"@id\":\"https:\/\/www.swizzle.se\/produkt\/mary-juana-cannabis-dark-chocolate\/#breadcrumb\",\"itemListElement\":[{\"@type\":\"ListItem\",\"position\":1,\"name\":\"Home\",\"item\":\"https:\/\/www.swizzle.se\/\"},{\"@type\":\"ListItem\",\"position\":2,\"name\":\"Shop\",\"item\":\"https:\/\/www.swizzle.se\/shop\/\"},{\"@type\":\"ListItem\",\"position\":3,\"name\":\"EDIBLES\",\"item\":\"https:\/\/www.swizzle.se\/produkt-kategori\/edibles\/\"},{\"@type\":\"ListItem\",\"position\":4,\"name\":\"CHOKLAD\",\"item\":\"https:\/\/www.swizzle.se\/produkt-kategori\/edibles\/choklad\/\"},{\"@type\":\"ListItem\",\"position\":5,\"name\":\"Mary and Juana Cannabis Dark Chocolate with Cannabis Sativa seeds\"}]},{\"@type\":\"WebSite\",\"@id\":\"https:\/\/staging.swizzle.se\/#website\",\"url\":\"https:\/\/staging.swizzle.se\/\",\"name\":\"Swizzle\",\"description\":\"Nikotin CBD Vapes Snus White Portion\",\"publisher\":{\"@id\":\"https:\/\/staging.swizzle.se\/#organization\"},\"potentialAction\":[{\"@type\":\"SearchAction\",\"target\":{\"@type\":\"EntryPoint\",\"urlTemplate\":\"https:\/\/staging.swizzle.se\/?s={search_term_string}\"},\"query-input\":{\"@type\":\"PropertyValueSpecification\",\"valueRequired\":true,\"valueName\":\"search_term_string\"}}],\"inLanguage\":\"da-DK\"},{\"@type\":\"Organization\",\"@id\":\"https:\/\/staging.swizzle.se\/#organization\",\"name\":\"Swizzle\",\"url\":\"https:\/\/staging.swizzle.se\/\",\"logo\":{\"@type\":\"ImageObject\",\"inLanguage\":\"da-DK\",\"@id\":\"https:\/\/staging.swizzle.se\/#\/schema\/logo\/image\/\",\"url\":\"https:\/\/staging.swizzle.se\/wp-content\/uploads\/2025\/10\/cropped-SWIZZLE.-4.png\",\"contentUrl\":\"https:\/\/staging.swizzle.se\/wp-content\/uploads\/2025\/10\/cropped-SWIZZLE.-4.png\",\"width\":800,\"height\":267,\"caption\":\"Swizzle\"},\"image\":{\"@id\":\"https:\/\/staging.swizzle.se\/#\/schema\/logo\/image\/\"},\"hasMerchantReturnPolicy\":{\"@type\":\"MerchantReturnPolicy\",\"merchantReturnLink\":\"https:\/\/staging.swizzle.se\/dk\/villkor\/\"}}]}<\/script>\n<meta property=\"product:price:amount\" content=\"59.00\" \/>\n<meta property=\"product:price:currency\" content=\"SEK\" \/>\n<meta property=\"og:availability\" content=\"out of stock\" \/>\n<meta property=\"product:availability\" content=\"out of stock\" \/>\n<meta property=\"product:retailer_item_id\" content=\"822\" \/>\n<meta property=\"product:condition\" content=\"new\" \/>\n<!-- \/ Yoast SEO Premium plugin. -->","yoast_head_json":{"title":"Mary & Juana Cannabis Dark Chocolate","description":"Mary & Juana Cannabis Dark Chocolate Njut av en perfekt balanserad kombination av 70 % m\u00f6rk choklad med 10 % hampafr\u00f6n. Mary & Juanas h\u00f6gkvalitativa choklad","robots":{"index":"noindex","follow":"follow","max-snippet":"max-snippet:-1","max-image-preview":"max-image-preview:large","max-video-preview":"max-video-preview:-1"},"og_locale":"da_DK","og_type":"article","og_title":"Mary & Juana Cannabis Dark Chocolate","og_description":"Mary & Juana Cannabis Dark Chocolate Njut av en perfekt balanserad kombination av 70 % m\u00f6rk choklad med 10 % hampafr\u00f6n. Mary & Juanas h\u00f6gkvalitativa choklad","og_url":"https:\/\/www.swizzle.se\/produkt\/mary-juana-cannabis-dark-chocolate\/","og_site_name":"Swizzle","article_modified_time":"2025-10-15T06:50:54+00:00","og_image":[{"width":400,"height":489,"url":"https:\/\/www.swizzle.se\/wp-content\/uploads\/2025\/06\/gorzka-czekolada-mary-juana-z-luskanymi-nasionami-konopi.webp","type":"image\/webp"}],"twitter_card":"summary_large_image","twitter_title":"Mary & Juana Cannabis Dark Chocolate","twitter_description":"Mary & Juana Cannabis Dark Chocolate Njut av en perfekt balanserad kombination av 70 % m\u00f6rk choklad med 10 % hampafr\u00f6n. Mary & Juanas h\u00f6gkvalitativa choklad","twitter_misc":{"Pris":"59.00&nbsp;&#107;&#114;","Tilg\u00e6ngelighed":"Ikke p\u00e5 lager"},"schema":{"@context":"https:\/\/schema.org","@graph":[{"@type":"WebPage","@id":"https:\/\/www.swizzle.se\/produkt\/mary-juana-cannabis-dark-chocolate\/","url":"https:\/\/www.swizzle.se\/produkt\/mary-juana-cannabis-dark-chocolate\/","name":"Mary & Juana Cannabis Dark Chocolate","isPartOf":{"@id":"https:\/\/staging.swizzle.se\/#website"},"primaryImageOfPage":{"@id":"https:\/\/www.swizzle.se\/produkt\/mary-juana-cannabis-dark-chocolate\/#primaryimage"},"image":{"@id":"https:\/\/www.swizzle.se\/produkt\/mary-juana-cannabis-dark-chocolate\/#primaryimage"},"thumbnailUrl":"https:\/\/staging.swizzle.se\/wp-content\/uploads\/2025\/06\/gorzka-czekolada-mary-juana-z-luskanymi-nasionami-konopi.webp","datePublished":"2024-12-15T19:19:26+00:00","dateModified":"2025-10-15T06:50:54+00:00","description":"Mary & Juana Cannabis Dark Chocolate Njut av en perfekt balanserad kombination av 70 % m\u00f6rk choklad med 10 % hampafr\u00f6n. Mary & Juanas h\u00f6gkvalitativa choklad","breadcrumb":{"@id":"https:\/\/www.swizzle.se\/produkt\/mary-juana-cannabis-dark-chocolate\/#breadcrumb"},"inLanguage":"da-DK","potentialAction":[{"@type":"ReadAction","target":["https:\/\/www.swizzle.se\/produkt\/mary-juana-cannabis-dark-chocolate\/"]}]},{"@type":"ImageObject","inLanguage":"da-DK","@id":"https:\/\/www.swizzle.se\/produkt\/mary-juana-cannabis-dark-chocolate\/#primaryimage","url":"https:\/\/staging.swizzle.se\/wp-content\/uploads\/2025\/06\/gorzka-czekolada-mary-juana-z-luskanymi-nasionami-konopi.webp","contentUrl":"https:\/\/staging.swizzle.se\/wp-content\/uploads\/2025\/06\/gorzka-czekolada-mary-juana-z-luskanymi-nasionami-konopi.webp","width":400,"height":489,"caption":"Bild choklad"},{"@type":"BreadcrumbList","@id":"https:\/\/www.swizzle.se\/produkt\/mary-juana-cannabis-dark-chocolate\/#breadcrumb","itemListElement":[{"@type":"ListItem","position":1,"name":"Home","item":"https:\/\/www.swizzle.se\/"},{"@type":"ListItem","position":2,"name":"Shop","item":"https:\/\/www.swizzle.se\/shop\/"},{"@type":"ListItem","position":3,"name":"EDIBLES","item":"https:\/\/www.swizzle.se\/produkt-kategori\/edibles\/"},{"@type":"ListItem","position":4,"name":"CHOKLAD","item":"https:\/\/www.swizzle.se\/produkt-kategori\/edibles\/choklad\/"},{"@type":"ListItem","position":5,"name":"Mary and Juana Cannabis Dark Chocolate with Cannabis Sativa seeds"}]},{"@type":"WebSite","@id":"https:\/\/staging.swizzle.se\/#website","url":"https:\/\/staging.swizzle.se\/","name":"Swizzle","description":"Nikotin CBD Vapes Snus Hvid Portion","publisher":{"@id":"https:\/\/staging.swizzle.se\/#organization"},"potentialAction":[{"@type":"SearchAction","target":{"@type":"EntryPoint","urlTemplate":"https:\/\/staging.swizzle.se\/?s={search_term_string}"},"query-input":{"@type":"PropertyValueSpecification","valueRequired":true,"valueName":"search_term_string"}}],"inLanguage":"da-DK"},{"@type":"Organization","@id":"https:\/\/staging.swizzle.se\/#organization","name":"Swizzle","url":"https:\/\/staging.swizzle.se\/","logo":{"@type":"ImageObject","inLanguage":"da-DK","@id":"https:\/\/staging.swizzle.se\/#\/schema\/logo\/image\/","url":"https:\/\/staging.swizzle.se\/wp-content\/uploads\/2025\/10\/cropped-SWIZZLE.-4.png","contentUrl":"https:\/\/staging.swizzle.se\/wp-content\/uploads\/2025\/10\/cropped-SWIZZLE.-4.png","width":800,"height":267,"caption":"Swizzle"},"image":{"@id":"https:\/\/staging.swizzle.se\/#\/schema\/logo\/image\/"},"hasMerchantReturnPolicy":{"@type":"MerchantReturnPolicy","merchantReturnLink":"https:\/\/staging.swizzle.se\/dk\/villkor\/"}}]},"product_price_amount":"59.00","product_price_currency":"SEK","og_availability":"out of stock","product_availability":"out of stock","product_retailer_item_id":"822","product_condition":"new"},"tiered_pricing_type":"fixed","tiered_pricing_fixed_rules":[],"tiered_pricing_product_settings":{"layout":"default","base_unit_name":{"singular":null,"plural":null},"default_variation":null},"tiered_pricing_minimum_quantity":null,"tiered_pricing_roles_data":[],"tiered_pricing_percentage_rules":[],"tiered_pricing_maximum_quantity":null,"tiered_pricing_quantity_step":null,"_links":{"self":[{"href":"https:\/\/staging.swizzle.se\/dk\/wp-json\/wp\/v2\/product\/259768","targetHints":{"allow":["GET"]}}],"collection":[{"href":"https:\/\/staging.swizzle.se\/dk\/wp-json\/wp\/v2\/product"}],"about":[{"href":"https:\/\/staging.swizzle.se\/dk\/wp-json\/wp\/v2\/types\/product"}],"replies":[{"embeddable":true,"href":"https:\/\/staging.swizzle.se\/dk\/wp-json\/wp\/v2\/comments?post=259768"}],"version-history":[{"count":0,"href":"https:\/\/staging.swizzle.se\/dk\/wp-json\/wp\/v2\/product\/259768\/revisions"}],"wp:featuredmedia":[{"embeddable":true,"href":"https:\/\/staging.swizzle.se\/dk\/wp-json\/wp\/v2\/media\/261174"}],"wp:attachment":[{"href":"https:\/\/staging.swizzle.se\/dk\/wp-json\/wp\/v2\/media?parent=259768"}],"wp:term":[{"taxonomy":"product_brand","embeddable":true,"href":"https:\/\/staging.swizzle.se\/dk\/wp-json\/wp\/v2\/product_brand?post=259768"},{"taxonomy":"product_cat","embeddable":true,"href":"https:\/\/staging.swizzle.se\/dk\/wp-json\/wp\/v2\/product_cat?post=259768"},{"taxonomy":"product_tag","embeddable":true,"href":"https:\/\/staging.swizzle.se\/dk\/wp-json\/wp\/v2\/product_tag?post=259768"},{"taxonomy":"superdeal","embeddable":true,"href":"https:\/\/staging.swizzle.se\/dk\/wp-json\/wp\/v2\/superdeal?post=259768"},{"taxonomy":"product_variant_id","embeddable":true,"href":"https:\/\/staging.swizzle.se\/dk\/wp-json\/wp\/v2\/product_variant_id?post=259768"}],"curies":[{"name":"wp","href":"https:\/\/api.w.org\/{rel}","templated":true}]}}