{"id":259763,"date":"2024-12-15T18:58:37","date_gmt":"2024-12-15T18:58:37","guid":{"rendered":"https:\/\/new.staging.swizzle.se\/produkt\/smaskig-cbd-browine\/"},"modified":"2025-09-08T11:25:25","modified_gmt":"2025-09-08T11:25:25","slug":"euphoria-hash-brownie-cannabis-rom","status":"publish","type":"product","link":"https:\/\/staging.swizzle.se\/dk\/product-2\/euphoria-hash-brownie-cannabis-rom\/","title":{"rendered":"Euphoria Hash Brownie Cannabis &#8211; Rom"},"content":{"rendered":"<p>Euphoria Hash Brownie Cannabis &amp; Rom<\/p>\n<p><span class=\"Y2IQFc\" lang=\"sv\"><strong>Effekter av Euphoria Hash Brownie Cannabis &amp; Rom<br \/>\n<\/strong><\/span>N\u00e4r du \u00e4ter denna l\u00e4ckra Brownie Pure Cannabis &amp; Rom kommer du att k\u00e4nna alla de h\u00e4lsosamma f\u00f6rdelarna med CBD. Till skillnad fr\u00e5n konsumtionsprodukter genom inandning kommer det att ta lite l\u00e4ngre tid f\u00f6r cannabidiolmolekyler att tas upp helt i din kropp. Men efter att ha smakat denna brownie med choklad och jordig smak kommer du efter ungef\u00e4r en timme att k\u00e4nna en behaglig k\u00e4nsla av v\u00e4lbefinnande och avkoppling. <span class=\"Y2IQFc\" lang=\"sv\">Naturligtvis hj\u00e4lper CBD till att hantera stress, \u00e5ngest, nervositet och frustration, vilket kommer att ta bort tyngden fr\u00e5n dina axlar.<\/span><\/p>\n<p><strong>F\u00f6rdelar<br \/>\n<\/strong> F\u00f6rdelarna med att inta CBD-produkter \u00e4r m\u00e5nga och \u00e4r s\u00e4rskilt l\u00e4mpliga f\u00f6r en viss kategori av konsumenter. F\u00f6r dem som inte \u00e4r vana vid att andas in eller f\u00f6r\u00e5nga CBD, \u00e4r det en stor f\u00f6rdel att kunna \u00e4ta det. Om du lider av kronisk sm\u00e4rta kan en CBD brownie hj\u00e4lpa dig att du kan dra nytta av en sm\u00e4rtlindrande och antiinflammatorisk effekterna i flera timmar.<\/p>\n<p>THC &#8211; Free<\/p>","protected":false},"excerpt":{"rendered":"<p dir=\"ltr\" data-placeholder=\"Translation\" data-ved=\"2ahUKEwj1l7G1xOiIAxXpFRAIHVDdEIMQ3ewLegQICBAU\" aria-label=\"Translated text: Alla vet redan att choklad och cannabis g\u00e5r bra ihop. Men n\u00e4r den doftande hampasmaken l\u00e4ggs till de delikata chokladbrowniesna skapar det en h\u00e4rlig dessert som du g\u00e4rna blir fet av.\"><strong>Euphoria Hash Brownie Cannabis &amp; Rom<\/strong><\/p>\n<p id=\"tw-target-text\" class=\"tw-data-text tw-text-large tw-ta\" dir=\"ltr\" data-placeholder=\"Translation\" data-ved=\"2ahUKEwj1l7G1xOiIAxXpFRAIHVDdEIMQ3ewLegQICBAU\" aria-label=\"Translated text: Alla vet redan att choklad och cannabis g\u00e5r bra ihop. Men n\u00e4r den doftande hampasmaken l\u00e4ggs till de delikata chokladbrowniesna skapar det en h\u00e4rlig dessert som du g\u00e4rna blir fet av.\"><span class=\"Y2IQFc\" lang=\"sv\">Det \u00e4r v\u00e4lk\u00e4nt att choklad och cannabis g\u00e5r bra ihop. Men n\u00e4r den v\u00e4ldoftande hampasmaken och rom l\u00e4ggs till de delikata chokladbrowniesna skapar det en h\u00e4rlig dessert som du g\u00e4rna blir fet av.<\/span><\/p>\n<p id=\"tw-target-text\" class=\"tw-data-text tw-text-large tw-ta\" dir=\"ltr\" data-placeholder=\"Translation\" data-ved=\"2ahUKEwj1l7G1xOiIAxXpFRAIHVDdEIMQ3ewLegQICBAU\" aria-label=\"Translated text: H\u00e4r \u00e4r Pure Cannabis Brownie i rampljuset. Euphoria's Pure Cannabis Brownie \u00e4r saftig, choklad och smaksatt med de finaste kakao- och hampafr\u00f6n. Tillverkade med l\u00e4ckra naturliga ingredienser, dessa cupcakes erbjuder en perfekt konsistens och konsistens som kommer att gl\u00e4dja alla \u00e4lskare av s\u00f6t mat.\"><span class=\"Y2IQFc\" lang=\"sv\">Euphoria&#8217;s Pure Cannabis Brownie \u00e4r saftig, choklad och smaksatt med de finaste kakao och hampafr\u00f6n. Tillverkade av de mest naturliga ingredienser, dessa brownies erbjuder en perfekt konsistens som kommer att gl\u00e4dja alla \u00e4lskare av s\u00f6tsaker. Testa Euphoria Hash Brownie Cannabis &amp; Rom.<\/span><\/p>","protected":false},"featured_media":271641,"comment_status":"open","ping_status":"closed","template":"","meta":{"site-sidebar-layout":"default","site-content-layout":"","ast-site-content-layout":"default","site-content-style":"default","site-sidebar-style":"default","ast-global-header-display":"","ast-banner-title-visibility":"","ast-main-header-display":"","ast-hfb-above-header-display":"","ast-hfb-below-header-display":"","ast-hfb-mobile-header-display":"","site-post-title":"","ast-breadcrumbs-content":"","ast-featured-img":"","footer-sml-layout":"","ast-disable-related-posts":"","theme-transparent-header-meta":"default","adv-header-id-meta":"","stick-header-meta":"","header-above-stick-meta":"","header-main-stick-meta":"","header-below-stick-meta":"","astra-migrate-meta-layouts":"set","ast-page-background-enabled":"default","ast-page-background-meta":{"desktop":{"background-color":"var(--ast-global-color-4)","background-image":"","background-repeat":"repeat","background-position":"center center","background-size":"auto","background-attachment":"scroll","background-type":"","background-media":"","overlay-type":"","overlay-color":"","overlay-opacity":"","overlay-gradient":""},"tablet":{"background-color":"","background-image":"","background-repeat":"repeat","background-position":"center center","background-size":"auto","background-attachment":"scroll","background-type":"","background-media":"","overlay-type":"","overlay-color":"","overlay-opacity":"","overlay-gradient":""},"mobile":{"background-color":"","background-image":"","background-repeat":"repeat","background-position":"center center","background-size":"auto","background-attachment":"scroll","background-type":"","background-media":"","overlay-type":"","overlay-color":"","overlay-opacity":"","overlay-gradient":""}},"ast-content-background-meta":{"desktop":{"background-color":"var(--ast-global-color-5)","background-image":"","background-repeat":"repeat","background-position":"center center","background-size":"auto","background-attachment":"scroll","background-type":"","background-media":"","overlay-type":"","overlay-color":"","overlay-opacity":"","overlay-gradient":""},"tablet":{"background-color":"var(--ast-global-color-5)","background-image":"","background-repeat":"repeat","background-position":"center center","background-size":"auto","background-attachment":"scroll","background-type":"","background-media":"","overlay-type":"","overlay-color":"","overlay-opacity":"","overlay-gradient":""},"mobile":{"background-color":"var(--ast-global-color-5)","background-image":"","background-repeat":"repeat","background-position":"center center","background-size":"auto","background-attachment":"scroll","background-type":"","background-media":"","overlay-type":"","overlay-color":"","overlay-opacity":"","overlay-gradient":""}}},"product_brand":[],"product_cat":[370,354],"product_tag":[],"superdeal":[],"product_variant_id":[],"class_list":{"0":"post-259763","1":"product","2":"type-product","3":"status-publish","4":"has-post-thumbnail","6":"product_cat-brownies","7":"product_cat-edibles","8":"desktop-align-center","9":"tablet-align-left","10":"mobile-align-left","11":"ast-product-gallery-layout-horizontal-slider","12":"ast-magnify-disabled","13":"ast-product-tabs-layout-horizontal","15":"first","16":"outofstock","17":"taxable","18":"shipping-taxable","19":"purchasable","20":"product-type-simple"},"yoast_head":"<!-- This site is optimized with the Yoast SEO Premium plugin v26.9 (Yoast SEO v26.9) - https:\/\/yoast.com\/product\/yoast-seo-premium-wordpress\/ -->\n<title>Euphoria Hash Brownie Cannabis &amp; Rom<\/title>\n<meta name=\"description\" content=\"Euphoria Hash Brownie Cannabis &amp; Rom. En fantastiskt good och smakrik CBD Brownie fr\u00e5n Euphoria. Den f\u00e4rska smaken av choklad mixas med hampa och rom.\" \/>\n<meta name=\"robots\" content=\"noindex, follow, max-snippet:-1, max-image-preview:large, max-video-preview:-1\" \/>\n<meta property=\"og:locale\" content=\"da_DK\" \/>\n<meta property=\"og:type\" content=\"article\" \/>\n<meta property=\"og:title\" content=\"Euphoria Hash Brownie Cannabis &amp; Rom\" \/>\n<meta property=\"og:description\" content=\"Euphoria Hash Brownie Cannabis &amp; Rom. En fantastiskt good och smakrik CBD Brownie fr\u00e5n Euphoria. Den f\u00e4rska smaken av choklad mixas med hampa och rom.\" \/>\n<meta property=\"og:url\" content=\"https:\/\/www.swizzle.se\/produkt\/euphoria-hash-brownie-cannabis-rom\/\" \/>\n<meta property=\"og:site_name\" content=\"Swizzle\" \/>\n<meta property=\"article:modified_time\" content=\"2025-09-08T11:25:25+00:00\" \/>\n<meta property=\"og:image\" content=\"https:\/\/www.swizzle.se\/wp-content\/uploads\/2024\/12\/Euphoria-Hash-Brownie-Cannabis-Rum_1500x-1.webp\" \/>\n\t<meta property=\"og:image:width\" content=\"1500\" \/>\n\t<meta property=\"og:image:height\" content=\"1500\" \/>\n\t<meta property=\"og:image:type\" content=\"image\/webp\" \/>\n<meta name=\"twitter:card\" content=\"summary_large_image\" \/>\n<meta name=\"twitter:title\" content=\"Euphoria Hash Brownie Cannabis &amp; Rom\" \/>\n<meta name=\"twitter:description\" content=\"Euphoria Hash Brownie Cannabis &amp; Rom. En fantastiskt good och smakrik CBD Brownie fr\u00e5n Euphoria. Den f\u00e4rska smaken av choklad mixas med hampa och rom.\" \/>\n<meta name=\"twitter:label1\" content=\"Pris\" \/>\n\t<meta name=\"twitter:data1\" content=\"59.00&nbsp;&#107;&#114;\" \/>\n\t<meta name=\"twitter:label2\" content=\"Tilg\u00e6ngelighed\" \/>\n\t<meta name=\"twitter:data2\" content=\"Ikke p\u00e5 lager\" \/>\n<script type=\"application\/ld+json\" class=\"yoast-schema-graph\">{\"@context\":\"https:\/\/schema.org\",\"@graph\":[{\"@type\":\"WebPage\",\"@id\":\"https:\/\/www.swizzle.se\/produkt\/euphoria-hash-brownie-cannabis-rom\/\",\"url\":\"https:\/\/www.swizzle.se\/produkt\/euphoria-hash-brownie-cannabis-rom\/\",\"name\":\"Euphoria Hash Brownie Cannabis & Rom\",\"isPartOf\":{\"@id\":\"https:\/\/staging.swizzle.se\/#website\"},\"primaryImageOfPage\":{\"@id\":\"https:\/\/www.swizzle.se\/produkt\/euphoria-hash-brownie-cannabis-rom\/#primaryimage\"},\"image\":{\"@id\":\"https:\/\/www.swizzle.se\/produkt\/euphoria-hash-brownie-cannabis-rom\/#primaryimage\"},\"thumbnailUrl\":\"https:\/\/staging.swizzle.se\/wp-content\/uploads\/2024\/12\/Euphoria-Hash-Brownie-Cannabis-Rum_1500x-1.webp\",\"datePublished\":\"2024-12-15T18:58:37+00:00\",\"dateModified\":\"2025-09-08T11:25:25+00:00\",\"description\":\"Euphoria Hash Brownie Cannabis & Rom. En fantastiskt good och smakrik CBD Brownie fr\u00e5n Euphoria. Den f\u00e4rska smaken av choklad mixas med hampa och rom.\",\"breadcrumb\":{\"@id\":\"https:\/\/www.swizzle.se\/produkt\/euphoria-hash-brownie-cannabis-rom\/#breadcrumb\"},\"inLanguage\":\"da-DK\",\"potentialAction\":[{\"@type\":\"ReadAction\",\"target\":[\"https:\/\/www.swizzle.se\/produkt\/euphoria-hash-brownie-cannabis-rom\/\"]}]},{\"@type\":\"ImageObject\",\"inLanguage\":\"da-DK\",\"@id\":\"https:\/\/www.swizzle.se\/produkt\/euphoria-hash-brownie-cannabis-rom\/#primaryimage\",\"url\":\"https:\/\/staging.swizzle.se\/wp-content\/uploads\/2024\/12\/Euphoria-Hash-Brownie-Cannabis-Rum_1500x-1.webp\",\"contentUrl\":\"https:\/\/staging.swizzle.se\/wp-content\/uploads\/2024\/12\/Euphoria-Hash-Brownie-Cannabis-Rum_1500x-1.webp\",\"width\":1500,\"height\":1500,\"caption\":\"Bild brownie\"},{\"@type\":\"BreadcrumbList\",\"@id\":\"https:\/\/www.swizzle.se\/produkt\/euphoria-hash-brownie-cannabis-rom\/#breadcrumb\",\"itemListElement\":[{\"@type\":\"ListItem\",\"position\":1,\"name\":\"Home\",\"item\":\"https:\/\/www.swizzle.se\/\"},{\"@type\":\"ListItem\",\"position\":2,\"name\":\"Shop\",\"item\":\"https:\/\/www.swizzle.se\/shop\/\"},{\"@type\":\"ListItem\",\"position\":3,\"name\":\"EDIBLES\",\"item\":\"https:\/\/www.swizzle.se\/produkt-kategori\/edibles\/\"},{\"@type\":\"ListItem\",\"position\":4,\"name\":\"BROWNIES\",\"item\":\"https:\/\/www.swizzle.se\/produkt-kategori\/edibles\/brownies\/\"},{\"@type\":\"ListItem\",\"position\":5,\"name\":\"Euphoria Hash Brownie Cannabis &#8211; Rom\"}]},{\"@type\":\"WebSite\",\"@id\":\"https:\/\/staging.swizzle.se\/#website\",\"url\":\"https:\/\/staging.swizzle.se\/\",\"name\":\"Swizzle\",\"description\":\"Nikotin CBD Vapes Snus White Portion\",\"publisher\":{\"@id\":\"https:\/\/staging.swizzle.se\/#organization\"},\"potentialAction\":[{\"@type\":\"SearchAction\",\"target\":{\"@type\":\"EntryPoint\",\"urlTemplate\":\"https:\/\/staging.swizzle.se\/?s={search_term_string}\"},\"query-input\":{\"@type\":\"PropertyValueSpecification\",\"valueRequired\":true,\"valueName\":\"search_term_string\"}}],\"inLanguage\":\"da-DK\"},{\"@type\":\"Organization\",\"@id\":\"https:\/\/staging.swizzle.se\/#organization\",\"name\":\"Swizzle\",\"url\":\"https:\/\/staging.swizzle.se\/\",\"logo\":{\"@type\":\"ImageObject\",\"inLanguage\":\"da-DK\",\"@id\":\"https:\/\/staging.swizzle.se\/#\/schema\/logo\/image\/\",\"url\":\"https:\/\/staging.swizzle.se\/wp-content\/uploads\/2025\/10\/cropped-SWIZZLE.-4.png\",\"contentUrl\":\"https:\/\/staging.swizzle.se\/wp-content\/uploads\/2025\/10\/cropped-SWIZZLE.-4.png\",\"width\":800,\"height\":267,\"caption\":\"Swizzle\"},\"image\":{\"@id\":\"https:\/\/staging.swizzle.se\/#\/schema\/logo\/image\/\"},\"hasMerchantReturnPolicy\":{\"@type\":\"MerchantReturnPolicy\",\"merchantReturnLink\":\"https:\/\/staging.swizzle.se\/dk\/villkor\/\"}}]}<\/script>\n<meta property=\"product:price:amount\" content=\"59.00\" \/>\n<meta property=\"product:price:currency\" content=\"SEK\" \/>\n<meta property=\"og:availability\" content=\"out of stock\" \/>\n<meta property=\"product:availability\" content=\"out of stock\" \/>\n<meta property=\"product:retailer_item_id\" content=\"752\" \/>\n<meta property=\"product:condition\" content=\"new\" \/>\n<!-- \/ Yoast SEO Premium plugin. -->","yoast_head_json":{"title":"Euphoria Hash Brownie Cannabis & Rom","description":"Euphoria Hash Brownie Cannabis & Rom. En fantastiskt good och smakrik CBD Brownie fr\u00e5n Euphoria. Den f\u00e4rska smaken av choklad mixas med hampa och rom.","robots":{"index":"noindex","follow":"follow","max-snippet":"max-snippet:-1","max-image-preview":"max-image-preview:large","max-video-preview":"max-video-preview:-1"},"og_locale":"da_DK","og_type":"article","og_title":"Euphoria Hash Brownie Cannabis & Rom","og_description":"Euphoria Hash Brownie Cannabis & Rom. En fantastiskt good och smakrik CBD Brownie fr\u00e5n Euphoria. Den f\u00e4rska smaken av choklad mixas med hampa och rom.","og_url":"https:\/\/www.swizzle.se\/produkt\/euphoria-hash-brownie-cannabis-rom\/","og_site_name":"Swizzle","article_modified_time":"2025-09-08T11:25:25+00:00","og_image":[{"width":1500,"height":1500,"url":"https:\/\/www.swizzle.se\/wp-content\/uploads\/2024\/12\/Euphoria-Hash-Brownie-Cannabis-Rum_1500x-1.webp","type":"image\/webp"}],"twitter_card":"summary_large_image","twitter_title":"Euphoria Hash Brownie Cannabis & Rom","twitter_description":"Euphoria Hash Brownie Cannabis & Rom. En fantastiskt good och smakrik CBD Brownie fr\u00e5n Euphoria. Den f\u00e4rska smaken av choklad mixas med hampa och rom.","twitter_misc":{"Pris":"59.00&nbsp;&#107;&#114;","Tilg\u00e6ngelighed":"Ikke p\u00e5 lager"},"schema":{"@context":"https:\/\/schema.org","@graph":[{"@type":"WebPage","@id":"https:\/\/www.swizzle.se\/produkt\/euphoria-hash-brownie-cannabis-rom\/","url":"https:\/\/www.swizzle.se\/produkt\/euphoria-hash-brownie-cannabis-rom\/","name":"Euphoria Hash Brownie Cannabis & Rom","isPartOf":{"@id":"https:\/\/staging.swizzle.se\/#website"},"primaryImageOfPage":{"@id":"https:\/\/www.swizzle.se\/produkt\/euphoria-hash-brownie-cannabis-rom\/#primaryimage"},"image":{"@id":"https:\/\/www.swizzle.se\/produkt\/euphoria-hash-brownie-cannabis-rom\/#primaryimage"},"thumbnailUrl":"https:\/\/staging.swizzle.se\/wp-content\/uploads\/2024\/12\/Euphoria-Hash-Brownie-Cannabis-Rum_1500x-1.webp","datePublished":"2024-12-15T18:58:37+00:00","dateModified":"2025-09-08T11:25:25+00:00","description":"Euphoria Hash Brownie Cannabis & Rom. En fantastiskt good och smakrik CBD Brownie fr\u00e5n Euphoria. Den f\u00e4rska smaken av choklad mixas med hampa och rom.","breadcrumb":{"@id":"https:\/\/www.swizzle.se\/produkt\/euphoria-hash-brownie-cannabis-rom\/#breadcrumb"},"inLanguage":"da-DK","potentialAction":[{"@type":"ReadAction","target":["https:\/\/www.swizzle.se\/produkt\/euphoria-hash-brownie-cannabis-rom\/"]}]},{"@type":"ImageObject","inLanguage":"da-DK","@id":"https:\/\/www.swizzle.se\/produkt\/euphoria-hash-brownie-cannabis-rom\/#primaryimage","url":"https:\/\/staging.swizzle.se\/wp-content\/uploads\/2024\/12\/Euphoria-Hash-Brownie-Cannabis-Rum_1500x-1.webp","contentUrl":"https:\/\/staging.swizzle.se\/wp-content\/uploads\/2024\/12\/Euphoria-Hash-Brownie-Cannabis-Rum_1500x-1.webp","width":1500,"height":1500,"caption":"Bild brownie"},{"@type":"BreadcrumbList","@id":"https:\/\/www.swizzle.se\/produkt\/euphoria-hash-brownie-cannabis-rom\/#breadcrumb","itemListElement":[{"@type":"ListItem","position":1,"name":"Home","item":"https:\/\/www.swizzle.se\/"},{"@type":"ListItem","position":2,"name":"Shop","item":"https:\/\/www.swizzle.se\/shop\/"},{"@type":"ListItem","position":3,"name":"EDIBLES","item":"https:\/\/www.swizzle.se\/produkt-kategori\/edibles\/"},{"@type":"ListItem","position":4,"name":"BROWNIES","item":"https:\/\/www.swizzle.se\/produkt-kategori\/edibles\/brownies\/"},{"@type":"ListItem","position":5,"name":"Euphoria Hash Brownie Cannabis &#8211; Rom"}]},{"@type":"WebSite","@id":"https:\/\/staging.swizzle.se\/#website","url":"https:\/\/staging.swizzle.se\/","name":"Swizzle","description":"Nikotin CBD Vapes Snus Hvid Portion","publisher":{"@id":"https:\/\/staging.swizzle.se\/#organization"},"potentialAction":[{"@type":"SearchAction","target":{"@type":"EntryPoint","urlTemplate":"https:\/\/staging.swizzle.se\/?s={search_term_string}"},"query-input":{"@type":"PropertyValueSpecification","valueRequired":true,"valueName":"search_term_string"}}],"inLanguage":"da-DK"},{"@type":"Organization","@id":"https:\/\/staging.swizzle.se\/#organization","name":"Swizzle","url":"https:\/\/staging.swizzle.se\/","logo":{"@type":"ImageObject","inLanguage":"da-DK","@id":"https:\/\/staging.swizzle.se\/#\/schema\/logo\/image\/","url":"https:\/\/staging.swizzle.se\/wp-content\/uploads\/2025\/10\/cropped-SWIZZLE.-4.png","contentUrl":"https:\/\/staging.swizzle.se\/wp-content\/uploads\/2025\/10\/cropped-SWIZZLE.-4.png","width":800,"height":267,"caption":"Swizzle"},"image":{"@id":"https:\/\/staging.swizzle.se\/#\/schema\/logo\/image\/"},"hasMerchantReturnPolicy":{"@type":"MerchantReturnPolicy","merchantReturnLink":"https:\/\/staging.swizzle.se\/dk\/villkor\/"}}]},"product_price_amount":"59.00","product_price_currency":"SEK","og_availability":"out of stock","product_availability":"out of stock","product_retailer_item_id":"752","product_condition":"new"},"tiered_pricing_type":"fixed","tiered_pricing_fixed_rules":[],"tiered_pricing_product_settings":{"layout":"default","base_unit_name":{"singular":null,"plural":null},"default_variation":null},"tiered_pricing_minimum_quantity":null,"tiered_pricing_roles_data":[],"tiered_pricing_percentage_rules":[],"tiered_pricing_maximum_quantity":null,"tiered_pricing_quantity_step":null,"_links":{"self":[{"href":"https:\/\/staging.swizzle.se\/dk\/wp-json\/wp\/v2\/product\/259763","targetHints":{"allow":["GET"]}}],"collection":[{"href":"https:\/\/staging.swizzle.se\/dk\/wp-json\/wp\/v2\/product"}],"about":[{"href":"https:\/\/staging.swizzle.se\/dk\/wp-json\/wp\/v2\/types\/product"}],"replies":[{"embeddable":true,"href":"https:\/\/staging.swizzle.se\/dk\/wp-json\/wp\/v2\/comments?post=259763"}],"version-history":[{"count":0,"href":"https:\/\/staging.swizzle.se\/dk\/wp-json\/wp\/v2\/product\/259763\/revisions"}],"wp:featuredmedia":[{"embeddable":true,"href":"https:\/\/staging.swizzle.se\/dk\/wp-json\/wp\/v2\/media\/271641"}],"wp:attachment":[{"href":"https:\/\/staging.swizzle.se\/dk\/wp-json\/wp\/v2\/media?parent=259763"}],"wp:term":[{"taxonomy":"product_brand","embeddable":true,"href":"https:\/\/staging.swizzle.se\/dk\/wp-json\/wp\/v2\/product_brand?post=259763"},{"taxonomy":"product_cat","embeddable":true,"href":"https:\/\/staging.swizzle.se\/dk\/wp-json\/wp\/v2\/product_cat?post=259763"},{"taxonomy":"product_tag","embeddable":true,"href":"https:\/\/staging.swizzle.se\/dk\/wp-json\/wp\/v2\/product_tag?post=259763"},{"taxonomy":"superdeal","embeddable":true,"href":"https:\/\/staging.swizzle.se\/dk\/wp-json\/wp\/v2\/superdeal?post=259763"},{"taxonomy":"product_variant_id","embeddable":true,"href":"https:\/\/staging.swizzle.se\/dk\/wp-json\/wp\/v2\/product_variant_id?post=259763"}],"curies":[{"name":"wp","href":"https:\/\/api.w.org\/{rel}","templated":true}]}}