{"id":259729,"date":"2024-12-14T17:12:24","date_gmt":"2024-12-14T17:12:24","guid":{"rendered":"https:\/\/new.staging.swizzle.se\/produkt\/nika-cookies-vapes-med-flera-uppfriskande-och-goda-smaker\/"},"modified":"2025-10-31T20:20:16","modified_gmt":"2025-10-31T20:20:16","slug":"cookies-puff-double-apple-600-nicotine","status":"publish","type":"product","link":"https:\/\/staging.swizzle.se\/dk\/product-2\/cookies-puff-double-apple-600-nicotine\/","title":{"rendered":"COOKIES &#8211; PUFF DOUBLE APPLE 600 NICOTINE"},"content":{"rendered":"<p><strong>COOKIES &#8211; PUFF DOUBLE APPLE 600 NICOTINE<\/strong><\/p>\n<p>Uppt\u00e4ck Puff Double Apple fr\u00e5n Cookies, en e-cigarett f\u00f6r eng\u00e5ngsbruk med fruktiga och harmoniska smaker. Denna unika blandning kombinerar r\u00f6tt \u00e4pples s\u00f6ta mjukhet med gr\u00f6na \u00e4pplens syrliga fr\u00e4sch\u00f6r, vilket ger en sofistikerad smakupplevelse.<\/p>\n<p>Inneh\u00e5ller 20 mg\/ml nikotin, med en kapacitet p\u00e5 2 ml e-v\u00e4tska och erbjuder upp till 600 bloss tack vare det integrerade 650 mAh-batteriet. Kompositionen inkluderar propylenglykol, vegetabilisk glycerin, smak\u00e4mnen och nikotin. Denna produkt \u00e4r endast avsedd f\u00f6r vuxna och rekommenderas inte f\u00f6r minder\u00e5riga eller gravida kvinnor.<\/p>","protected":false},"excerpt":{"rendered":"<p><strong>COOKIES &#8211; PUFF DOUBLE APPLE 600 NICOTINE<\/strong><\/p>\n<p>Uppt\u00e4ck Puff Double Apple fr\u00e5n Cookies, en e-cigarett f\u00f6r eng\u00e5ngsbruk med fruktiga och harmoniska smaker. Denna unika blandning kombinerar r\u00f6tt \u00e4pples s\u00f6ta mjukhet med gr\u00f6na \u00e4pplens syrliga fr\u00e4sch\u00f6r, vilket ger en sofistikerad smakupplevelse.<\/p>","protected":false},"featured_media":261124,"comment_status":"open","ping_status":"closed","template":"","meta":{"site-sidebar-layout":"default","site-content-layout":"","ast-site-content-layout":"default","site-content-style":"default","site-sidebar-style":"default","ast-global-header-display":"","ast-banner-title-visibility":"","ast-main-header-display":"","ast-hfb-above-header-display":"","ast-hfb-below-header-display":"","ast-hfb-mobile-header-display":"","site-post-title":"","ast-breadcrumbs-content":"","ast-featured-img":"","footer-sml-layout":"","ast-disable-related-posts":"","theme-transparent-header-meta":"","adv-header-id-meta":"","stick-header-meta":"","header-above-stick-meta":"","header-main-stick-meta":"","header-below-stick-meta":"","astra-migrate-meta-layouts":"default","ast-page-background-enabled":"default","ast-page-background-meta":{"desktop":{"background-color":"var(--ast-global-color-4)","background-image":"","background-repeat":"repeat","background-position":"center center","background-size":"auto","background-attachment":"scroll","background-type":"","background-media":"","overlay-type":"","overlay-color":"","overlay-opacity":"","overlay-gradient":""},"tablet":{"background-color":"","background-image":"","background-repeat":"repeat","background-position":"center center","background-size":"auto","background-attachment":"scroll","background-type":"","background-media":"","overlay-type":"","overlay-color":"","overlay-opacity":"","overlay-gradient":""},"mobile":{"background-color":"","background-image":"","background-repeat":"repeat","background-position":"center center","background-size":"auto","background-attachment":"scroll","background-type":"","background-media":"","overlay-type":"","overlay-color":"","overlay-opacity":"","overlay-gradient":""}},"ast-content-background-meta":{"desktop":{"background-color":"var(--ast-global-color-5)","background-image":"","background-repeat":"repeat","background-position":"center center","background-size":"auto","background-attachment":"scroll","background-type":"","background-media":"","overlay-type":"","overlay-color":"","overlay-opacity":"","overlay-gradient":""},"tablet":{"background-color":"var(--ast-global-color-5)","background-image":"","background-repeat":"repeat","background-position":"center center","background-size":"auto","background-attachment":"scroll","background-type":"","background-media":"","overlay-type":"","overlay-color":"","overlay-opacity":"","overlay-gradient":""},"mobile":{"background-color":"var(--ast-global-color-5)","background-image":"","background-repeat":"repeat","background-position":"center center","background-size":"auto","background-attachment":"scroll","background-type":"","background-media":"","overlay-type":"","overlay-color":"","overlay-opacity":"","overlay-gradient":""}}},"product_brand":[],"product_cat":[592,329,381,490],"product_tag":[],"superdeal":[],"product_variant_id":[],"class_list":{"0":"post-259729","1":"product","2":"type-product","3":"status-publish","4":"has-post-thumbnail","6":"product_cat-engangsvapes","7":"product_cat-nikotin-2","8":"product_cat-vapes","9":"product_cat-vapes-nikotin","10":"desktop-align-center","11":"tablet-align-left","12":"mobile-align-left","13":"ast-product-gallery-layout-horizontal-slider","14":"ast-product-gallery-with-no-image","15":"ast-magnify-disabled","16":"ast-product-tabs-layout-horizontal","18":"first","19":"outofstock","20":"taxable","21":"shipping-taxable","22":"purchasable","23":"product-type-simple"},"yoast_head":"<!-- This site is optimized with the Yoast SEO Premium plugin v26.9 (Yoast SEO v26.9) - https:\/\/yoast.com\/product\/yoast-seo-premium-wordpress\/ -->\n<title>COOKIES - PUFF DOUBLE APPLE 600 NICOTINE<\/title>\n<meta name=\"description\" content=\"COOKIES - PUFF DOUBLE APPLE 600 NICOTINE, en e-cigarett f\u00f6r eng\u00e5ngsbruk med fruktiga och harmoniska smaker. Smak R\u00f6tt + Gr\u00f6nt \u00e4pple.\" \/>\n<meta name=\"robots\" content=\"noindex, follow, max-snippet:-1, max-image-preview:large, max-video-preview:-1\" \/>\n<meta property=\"og:locale\" content=\"da_DK\" \/>\n<meta property=\"og:type\" content=\"article\" \/>\n<meta property=\"og:title\" content=\"COOKIES - PUFF DOUBLE APPLE 600 NICOTINE\" \/>\n<meta property=\"og:description\" content=\"COOKIES - PUFF DOUBLE APPLE 600 NICOTINE, en e-cigarett f\u00f6r eng\u00e5ngsbruk med fruktiga och harmoniska smaker. Smak R\u00f6tt + Gr\u00f6nt \u00e4pple.\" \/>\n<meta property=\"og:url\" content=\"https:\/\/www.swizzle.se\/produkt\/cookies-puff-double-apple-600-nicotine\/\" \/>\n<meta property=\"og:site_name\" content=\"Swizzle\" \/>\n<meta property=\"article:modified_time\" content=\"2025-10-31T20:20:16+00:00\" \/>\n<meta name=\"twitter:card\" content=\"summary_large_image\" \/>\n<meta name=\"twitter:title\" content=\"COOKIES - PUFF DOUBLE APPLE 600 NICOTINE\" \/>\n<meta name=\"twitter:description\" content=\"COOKIES - PUFF DOUBLE APPLE 600 NICOTINE, en e-cigarett f\u00f6r eng\u00e5ngsbruk med fruktiga och harmoniska smaker. Smak R\u00f6tt + Gr\u00f6nt \u00e4pple.\" \/>\n<meta name=\"twitter:label1\" content=\"Pris\" \/>\n\t<meta name=\"twitter:data1\" content=\"119.00&nbsp;&#107;&#114;\" \/>\n\t<meta name=\"twitter:label2\" content=\"Tilg\u00e6ngelighed\" \/>\n\t<meta name=\"twitter:data2\" content=\"Ikke p\u00e5 lager\" \/>\n<script type=\"application\/ld+json\" class=\"yoast-schema-graph\">{\"@context\":\"https:\/\/schema.org\",\"@graph\":[{\"@type\":\"WebPage\",\"@id\":\"https:\/\/www.swizzle.se\/produkt\/cookies-puff-double-apple-600-nicotine\/\",\"url\":\"https:\/\/www.swizzle.se\/produkt\/cookies-puff-double-apple-600-nicotine\/\",\"name\":\"COOKIES - PUFF DOUBLE APPLE 600 NICOTINE\",\"isPartOf\":{\"@id\":\"https:\/\/staging.swizzle.se\/#website\"},\"primaryImageOfPage\":{\"@id\":\"https:\/\/www.swizzle.se\/produkt\/cookies-puff-double-apple-600-nicotine\/#primaryimage\"},\"image\":{\"@id\":\"https:\/\/www.swizzle.se\/produkt\/cookies-puff-double-apple-600-nicotine\/#primaryimage\"},\"thumbnailUrl\":\"https:\/\/staging.swizzle.se\/wp-content\/uploads\/2025\/06\/COOKIES_PUFF600_DOUBLEAPPLE.avif\",\"datePublished\":\"2024-12-14T17:12:24+00:00\",\"dateModified\":\"2025-10-31T20:20:16+00:00\",\"description\":\"COOKIES - PUFF DOUBLE APPLE 600 NICOTINE, en e-cigarett f\u00f6r eng\u00e5ngsbruk med fruktiga och harmoniska smaker. Smak R\u00f6tt + Gr\u00f6nt \u00e4pple.\",\"breadcrumb\":{\"@id\":\"https:\/\/www.swizzle.se\/produkt\/cookies-puff-double-apple-600-nicotine\/#breadcrumb\"},\"inLanguage\":\"da-DK\",\"potentialAction\":[{\"@type\":\"ReadAction\",\"target\":[\"https:\/\/www.swizzle.se\/produkt\/cookies-puff-double-apple-600-nicotine\/\"]}]},{\"@type\":\"ImageObject\",\"inLanguage\":\"da-DK\",\"@id\":\"https:\/\/www.swizzle.se\/produkt\/cookies-puff-double-apple-600-nicotine\/#primaryimage\",\"url\":\"https:\/\/staging.swizzle.se\/wp-content\/uploads\/2025\/06\/COOKIES_PUFF600_DOUBLEAPPLE.avif\",\"contentUrl\":\"https:\/\/staging.swizzle.se\/wp-content\/uploads\/2025\/06\/COOKIES_PUFF600_DOUBLEAPPLE.avif\",\"width\":800,\"height\":800},{\"@type\":\"BreadcrumbList\",\"@id\":\"https:\/\/www.swizzle.se\/produkt\/cookies-puff-double-apple-600-nicotine\/#breadcrumb\",\"itemListElement\":[{\"@type\":\"ListItem\",\"position\":1,\"name\":\"Home\",\"item\":\"https:\/\/www.swizzle.se\/\"},{\"@type\":\"ListItem\",\"position\":2,\"name\":\"Shop\",\"item\":\"https:\/\/www.swizzle.se\/shop\/\"},{\"@type\":\"ListItem\",\"position\":3,\"name\":\"Vape &amp; E-cigg online\",\"item\":\"https:\/\/www.swizzle.se\/produkt-kategori\/vapes\/\"},{\"@type\":\"ListItem\",\"position\":4,\"name\":\"Eng\u00e5ngsvapes\",\"item\":\"https:\/\/www.swizzle.se\/produkt-kategori\/vapes\/engangsvapes\/\"},{\"@type\":\"ListItem\",\"position\":5,\"name\":\"COOKIES &#8211; PUFF DOUBLE APPLE 600 NICOTINE\"}]},{\"@type\":\"WebSite\",\"@id\":\"https:\/\/staging.swizzle.se\/#website\",\"url\":\"https:\/\/staging.swizzle.se\/\",\"name\":\"Swizzle\",\"description\":\"Nikotin CBD Vapes Snus White Portion\",\"publisher\":{\"@id\":\"https:\/\/staging.swizzle.se\/#organization\"},\"potentialAction\":[{\"@type\":\"SearchAction\",\"target\":{\"@type\":\"EntryPoint\",\"urlTemplate\":\"https:\/\/staging.swizzle.se\/?s={search_term_string}\"},\"query-input\":{\"@type\":\"PropertyValueSpecification\",\"valueRequired\":true,\"valueName\":\"search_term_string\"}}],\"inLanguage\":\"da-DK\"},{\"@type\":\"Organization\",\"@id\":\"https:\/\/staging.swizzle.se\/#organization\",\"name\":\"Swizzle\",\"url\":\"https:\/\/staging.swizzle.se\/\",\"logo\":{\"@type\":\"ImageObject\",\"inLanguage\":\"da-DK\",\"@id\":\"https:\/\/staging.swizzle.se\/#\/schema\/logo\/image\/\",\"url\":\"https:\/\/staging.swizzle.se\/wp-content\/uploads\/2025\/10\/cropped-SWIZZLE.-4.png\",\"contentUrl\":\"https:\/\/staging.swizzle.se\/wp-content\/uploads\/2025\/10\/cropped-SWIZZLE.-4.png\",\"width\":800,\"height\":267,\"caption\":\"Swizzle\"},\"image\":{\"@id\":\"https:\/\/staging.swizzle.se\/#\/schema\/logo\/image\/\"},\"hasMerchantReturnPolicy\":{\"@type\":\"MerchantReturnPolicy\",\"merchantReturnLink\":\"https:\/\/staging.swizzle.se\/dk\/villkor\/\"}}]}<\/script>\n<meta property=\"product:price:amount\" content=\"119.00\" \/>\n<meta property=\"product:price:currency\" content=\"SEK\" \/>\n<meta property=\"og:availability\" content=\"out of stock\" \/>\n<meta property=\"product:availability\" content=\"out of stock\" \/>\n<meta property=\"product:retailer_item_id\" content=\"cks601\" \/>\n<meta property=\"product:condition\" content=\"new\" \/>\n<!-- \/ Yoast SEO Premium plugin. -->","yoast_head_json":{"title":"COOKIES - PUFF DOUBLE APPLE 600 NICOTINE","description":"COOKIES - PUFF DOUBLE APPLE 600 NICOTINE, en e-cigarett f\u00f6r eng\u00e5ngsbruk med fruktiga och harmoniska smaker. Smak R\u00f6tt + Gr\u00f6nt \u00e4pple.","robots":{"index":"noindex","follow":"follow","max-snippet":"max-snippet:-1","max-image-preview":"max-image-preview:large","max-video-preview":"max-video-preview:-1"},"og_locale":"da_DK","og_type":"article","og_title":"COOKIES - PUFF DOUBLE APPLE 600 NICOTINE","og_description":"COOKIES - PUFF DOUBLE APPLE 600 NICOTINE, en e-cigarett f\u00f6r eng\u00e5ngsbruk med fruktiga och harmoniska smaker. Smak R\u00f6tt + Gr\u00f6nt \u00e4pple.","og_url":"https:\/\/www.swizzle.se\/produkt\/cookies-puff-double-apple-600-nicotine\/","og_site_name":"Swizzle","article_modified_time":"2025-10-31T20:20:16+00:00","twitter_card":"summary_large_image","twitter_title":"COOKIES - PUFF DOUBLE APPLE 600 NICOTINE","twitter_description":"COOKIES - PUFF DOUBLE APPLE 600 NICOTINE, en e-cigarett f\u00f6r eng\u00e5ngsbruk med fruktiga och harmoniska smaker. Smak R\u00f6tt + Gr\u00f6nt \u00e4pple.","twitter_misc":{"Pris":"119.00&nbsp;&#107;&#114;","Tilg\u00e6ngelighed":"Ikke p\u00e5 lager"},"schema":{"@context":"https:\/\/schema.org","@graph":[{"@type":"WebPage","@id":"https:\/\/www.swizzle.se\/produkt\/cookies-puff-double-apple-600-nicotine\/","url":"https:\/\/www.swizzle.se\/produkt\/cookies-puff-double-apple-600-nicotine\/","name":"COOKIES - PUFF DOUBLE APPLE 600 NICOTINE","isPartOf":{"@id":"https:\/\/staging.swizzle.se\/#website"},"primaryImageOfPage":{"@id":"https:\/\/www.swizzle.se\/produkt\/cookies-puff-double-apple-600-nicotine\/#primaryimage"},"image":{"@id":"https:\/\/www.swizzle.se\/produkt\/cookies-puff-double-apple-600-nicotine\/#primaryimage"},"thumbnailUrl":"https:\/\/staging.swizzle.se\/wp-content\/uploads\/2025\/06\/COOKIES_PUFF600_DOUBLEAPPLE.avif","datePublished":"2024-12-14T17:12:24+00:00","dateModified":"2025-10-31T20:20:16+00:00","description":"COOKIES - PUFF DOUBLE APPLE 600 NICOTINE, en e-cigarett f\u00f6r eng\u00e5ngsbruk med fruktiga och harmoniska smaker. Smak R\u00f6tt + Gr\u00f6nt \u00e4pple.","breadcrumb":{"@id":"https:\/\/www.swizzle.se\/produkt\/cookies-puff-double-apple-600-nicotine\/#breadcrumb"},"inLanguage":"da-DK","potentialAction":[{"@type":"ReadAction","target":["https:\/\/www.swizzle.se\/produkt\/cookies-puff-double-apple-600-nicotine\/"]}]},{"@type":"ImageObject","inLanguage":"da-DK","@id":"https:\/\/www.swizzle.se\/produkt\/cookies-puff-double-apple-600-nicotine\/#primaryimage","url":"https:\/\/staging.swizzle.se\/wp-content\/uploads\/2025\/06\/COOKIES_PUFF600_DOUBLEAPPLE.avif","contentUrl":"https:\/\/staging.swizzle.se\/wp-content\/uploads\/2025\/06\/COOKIES_PUFF600_DOUBLEAPPLE.avif","width":800,"height":800},{"@type":"BreadcrumbList","@id":"https:\/\/www.swizzle.se\/produkt\/cookies-puff-double-apple-600-nicotine\/#breadcrumb","itemListElement":[{"@type":"ListItem","position":1,"name":"Home","item":"https:\/\/www.swizzle.se\/"},{"@type":"ListItem","position":2,"name":"Shop","item":"https:\/\/www.swizzle.se\/shop\/"},{"@type":"ListItem","position":3,"name":"Vape &amp; E-cigg online","item":"https:\/\/www.swizzle.se\/produkt-kategori\/vapes\/"},{"@type":"ListItem","position":4,"name":"Eng\u00e5ngsvapes","item":"https:\/\/www.swizzle.se\/produkt-kategori\/vapes\/engangsvapes\/"},{"@type":"ListItem","position":5,"name":"COOKIES &#8211; PUFF DOUBLE APPLE 600 NICOTINE"}]},{"@type":"WebSite","@id":"https:\/\/staging.swizzle.se\/#website","url":"https:\/\/staging.swizzle.se\/","name":"Swizzle","description":"Nikotin CBD Vapes Snus Hvid Portion","publisher":{"@id":"https:\/\/staging.swizzle.se\/#organization"},"potentialAction":[{"@type":"SearchAction","target":{"@type":"EntryPoint","urlTemplate":"https:\/\/staging.swizzle.se\/?s={search_term_string}"},"query-input":{"@type":"PropertyValueSpecification","valueRequired":true,"valueName":"search_term_string"}}],"inLanguage":"da-DK"},{"@type":"Organization","@id":"https:\/\/staging.swizzle.se\/#organization","name":"Swizzle","url":"https:\/\/staging.swizzle.se\/","logo":{"@type":"ImageObject","inLanguage":"da-DK","@id":"https:\/\/staging.swizzle.se\/#\/schema\/logo\/image\/","url":"https:\/\/staging.swizzle.se\/wp-content\/uploads\/2025\/10\/cropped-SWIZZLE.-4.png","contentUrl":"https:\/\/staging.swizzle.se\/wp-content\/uploads\/2025\/10\/cropped-SWIZZLE.-4.png","width":800,"height":267,"caption":"Swizzle"},"image":{"@id":"https:\/\/staging.swizzle.se\/#\/schema\/logo\/image\/"},"hasMerchantReturnPolicy":{"@type":"MerchantReturnPolicy","merchantReturnLink":"https:\/\/staging.swizzle.se\/dk\/villkor\/"}}]},"product_price_amount":"119.00","product_price_currency":"SEK","og_availability":"out of stock","product_availability":"out of stock","product_retailer_item_id":"cks601","product_condition":"new"},"tiered_pricing_type":"fixed","tiered_pricing_fixed_rules":[],"tiered_pricing_product_settings":{"layout":"default","base_unit_name":{"singular":null,"plural":null},"default_variation":null},"tiered_pricing_minimum_quantity":null,"tiered_pricing_roles_data":[],"tiered_pricing_percentage_rules":[],"tiered_pricing_maximum_quantity":null,"tiered_pricing_quantity_step":null,"_links":{"self":[{"href":"https:\/\/staging.swizzle.se\/dk\/wp-json\/wp\/v2\/product\/259729","targetHints":{"allow":["GET"]}}],"collection":[{"href":"https:\/\/staging.swizzle.se\/dk\/wp-json\/wp\/v2\/product"}],"about":[{"href":"https:\/\/staging.swizzle.se\/dk\/wp-json\/wp\/v2\/types\/product"}],"replies":[{"embeddable":true,"href":"https:\/\/staging.swizzle.se\/dk\/wp-json\/wp\/v2\/comments?post=259729"}],"version-history":[{"count":0,"href":"https:\/\/staging.swizzle.se\/dk\/wp-json\/wp\/v2\/product\/259729\/revisions"}],"wp:featuredmedia":[{"embeddable":true,"href":"https:\/\/staging.swizzle.se\/dk\/wp-json\/wp\/v2\/media\/261124"}],"wp:attachment":[{"href":"https:\/\/staging.swizzle.se\/dk\/wp-json\/wp\/v2\/media?parent=259729"}],"wp:term":[{"taxonomy":"product_brand","embeddable":true,"href":"https:\/\/staging.swizzle.se\/dk\/wp-json\/wp\/v2\/product_brand?post=259729"},{"taxonomy":"product_cat","embeddable":true,"href":"https:\/\/staging.swizzle.se\/dk\/wp-json\/wp\/v2\/product_cat?post=259729"},{"taxonomy":"product_tag","embeddable":true,"href":"https:\/\/staging.swizzle.se\/dk\/wp-json\/wp\/v2\/product_tag?post=259729"},{"taxonomy":"superdeal","embeddable":true,"href":"https:\/\/staging.swizzle.se\/dk\/wp-json\/wp\/v2\/superdeal?post=259729"},{"taxonomy":"product_variant_id","embeddable":true,"href":"https:\/\/staging.swizzle.se\/dk\/wp-json\/wp\/v2\/product_variant_id?post=259729"}],"curies":[{"name":"wp","href":"https:\/\/api.w.org\/{rel}","templated":true}]}}