{"id":259697,"date":"2024-11-24T14:00:22","date_gmt":"2024-11-24T14:00:22","guid":{"rendered":"https:\/\/new.staging.swizzle.se\/produkt\/prova-pa-voon-cbd-3-pack\/"},"modified":"2025-11-14T10:29:04","modified_gmt":"2025-11-14T10:29:04","slug":"prova-pa-voon-cbd-3-pack","status":"publish","type":"product","link":"https:\/\/staging.swizzle.se\/dk\/product-2\/prova-pa-voon-cbd-3-pack\/","title":{"rendered":"Pr\u00f6va p\u00e5 Voon CBD 3-pack"},"content":{"rendered":"<p>Pr\u00f6va p\u00e5 Voon CBD 3-pack<\/p>\n<ul>\n<li><strong>1st Emilias Bubble Gum &#8211; 40mg CBD<\/strong><\/li>\n<li><strong>1st Emilias Water Melon &#8211; 40mg CBD<\/strong><\/li>\n<li><strong>1st Voon Saltlakrits &#8211; 20mg<\/strong><\/li>\n<\/ul>\n<p class=\"vc_custom_heading vc_custom_1714975501337 text-left\"><strong>Vem \u00e4r Emilia L\u00f6f Karlsson?<\/strong><br \/>\nEmilia L\u00f6f Karlsson \u00e4r en meditationsinstrukt\u00f6r och journalist som \u00e4gnar sig \u00e5t att fr\u00e4mja v\u00e4lbefinnande och sj\u00e4lvst\u00e4ndighet.<br \/>\nHon b\u00f6rjade sin resa inom mindfulness redan vid 15 \u00e5rs \u00e5lder och reser nu runt i Sverige f\u00f6r att fr\u00e4mja inre styrka.<\/p>\n<div class=\"wpb_text_column wpb_content_element\">\n<div class=\"wpb_wrapper\">\n<p>Emilia har varit en f\u00f6respr\u00e5kare f\u00f6r VOON sedan starten och produkterna \u00e4r en sj\u00e4lvklar del f\u00f6r henne vid s\u00e5v\u00e4l meditation som yoga.<br \/>\nOch f\u00f6r att fira sommarens intr\u00e4de och Emilias f\u00f6delsedag sl\u00e4pps tv\u00e5 unika varianter i mycket begr\u00e4nsad upplaga.<\/p>\n<\/div>\n<p>OBS! Emilias 40mg har utg\u00e5tt och detta \u00e4r de sista som s\u00e4ljs ut. De nya f\u00f6rpackningarna \u00e4r enbart 20mg.<\/p>\n<\/div>\n<p>Bem\u00e6rk!<br \/>\nDu skal v\u00e6re mindst 18 \u00e5r gammel for at k\u00f8be dette produkt. Det er ikke beregnet som medicin, kosttilskud eller naturprodukt. Vi opfordrer ikke til at indtage eller ryge dette produkt. Opbevar det utilg\u00e6ngeligt for b\u00f8rn Vi fraskriver os ethvert ansvar for, hvordan du som kunde bruger vores produkter. Vi s\u00e6lger dem til indsamlings- og prydform\u00e5l.<\/p>","protected":false},"excerpt":{"rendered":"<p>Pr\u00f6va p\u00e5 3st VOON<\/p>\n<p>1st Emilias Bubble Gum &#8211; 40mg CBD<br \/>\n1st Emilias Water Melon &#8211; 40mg CBD<br \/>\n1st Voon Saltlakrits &#8211; 20mg<\/p>\n<p>Erbjudandet \u00e4r tidsbegr\u00e4nsat och g\u00e4ller s\u00e5 l\u00e5ngt lagret r\u00e4cker.<\/p>","protected":false},"featured_media":261112,"comment_status":"open","ping_status":"closed","template":"","meta":{"site-sidebar-layout":"default","site-content-layout":"","ast-site-content-layout":"default","site-content-style":"default","site-sidebar-style":"default","ast-global-header-display":"","ast-banner-title-visibility":"","ast-main-header-display":"","ast-hfb-above-header-display":"","ast-hfb-below-header-display":"","ast-hfb-mobile-header-display":"","site-post-title":"","ast-breadcrumbs-content":"","ast-featured-img":"","footer-sml-layout":"","ast-disable-related-posts":"","theme-transparent-header-meta":"","adv-header-id-meta":"","stick-header-meta":"","header-above-stick-meta":"","header-main-stick-meta":"","header-below-stick-meta":"","astra-migrate-meta-layouts":"default","ast-page-background-enabled":"default","ast-page-background-meta":{"desktop":{"background-color":"var(--ast-global-color-4)","background-image":"","background-repeat":"repeat","background-position":"center center","background-size":"auto","background-attachment":"scroll","background-type":"","background-media":"","overlay-type":"","overlay-color":"","overlay-opacity":"","overlay-gradient":""},"tablet":{"background-color":"","background-image":"","background-repeat":"repeat","background-position":"center center","background-size":"auto","background-attachment":"scroll","background-type":"","background-media":"","overlay-type":"","overlay-color":"","overlay-opacity":"","overlay-gradient":""},"mobile":{"background-color":"","background-image":"","background-repeat":"repeat","background-position":"center center","background-size":"auto","background-attachment":"scroll","background-type":"","background-media":"","overlay-type":"","overlay-color":"","overlay-opacity":"","overlay-gradient":""}},"ast-content-background-meta":{"desktop":{"background-color":"var(--ast-global-color-5)","background-image":"","background-repeat":"repeat","background-position":"center center","background-size":"auto","background-attachment":"scroll","background-type":"","background-media":"","overlay-type":"","overlay-color":"","overlay-opacity":"","overlay-gradient":""},"tablet":{"background-color":"var(--ast-global-color-5)","background-image":"","background-repeat":"repeat","background-position":"center center","background-size":"auto","background-attachment":"scroll","background-type":"","background-media":"","overlay-type":"","overlay-color":"","overlay-opacity":"","overlay-gradient":""},"mobile":{"background-color":"var(--ast-global-color-5)","background-image":"","background-repeat":"repeat","background-position":"center center","background-size":"auto","background-attachment":"scroll","background-type":"","background-media":"","overlay-type":"","overlay-color":"","overlay-opacity":"","overlay-gradient":""}}},"product_brand":[],"product_cat":[359,331],"product_tag":[],"superdeal":[],"product_variant_id":[],"class_list":{"0":"post-259697","1":"product","2":"type-product","3":"status-publish","4":"has-post-thumbnail","6":"product_cat-cbd-snus-cbd-g-n","7":"product_cat-cbd-g-n","8":"desktop-align-center","9":"tablet-align-left","10":"mobile-align-left","11":"ast-product-gallery-layout-horizontal-slider","12":"ast-magnify-disabled","13":"ast-product-tabs-layout-horizontal","15":"first","16":"outofstock","17":"sale","18":"taxable","19":"shipping-taxable","20":"purchasable","21":"product-type-simple"},"yoast_head":"<!-- This site is optimized with the Yoast SEO Premium plugin v26.9 (Yoast SEO v26.9) - https:\/\/yoast.com\/product\/yoast-seo-premium-wordpress\/ -->\n<title>Pr\u00f6va p\u00e5 Voon CBD 3-pack<\/title>\n<meta name=\"description\" content=\"Pr\u00f6va p\u00e5 Voon CBD 3-pack. Voon CBD Snus erbjuder en banbrytande kombination av traditionellt snus med f\u00f6rdelarna av h\u00f6gkvalitativ cannabidiol (CBD)\" \/>\n<meta name=\"robots\" content=\"noindex, follow, max-snippet:-1, max-image-preview:large, max-video-preview:-1\" \/>\n<meta property=\"og:locale\" content=\"da_DK\" \/>\n<meta property=\"og:type\" content=\"article\" \/>\n<meta property=\"og:title\" content=\"Pr\u00f6va p\u00e5 Voon CBD 3-pack\" \/>\n<meta property=\"og:description\" content=\"Pr\u00f6va p\u00e5 Voon CBD 3-pack. Voon CBD Snus erbjuder en banbrytande kombination av traditionellt snus med f\u00f6rdelarna av h\u00f6gkvalitativ cannabidiol (CBD)\" \/>\n<meta property=\"og:url\" content=\"https:\/\/www.swizzle.se\/produkt\/prova-pa-voon-cbd-3-pack\/\" \/>\n<meta property=\"og:site_name\" content=\"Swizzle\" \/>\n<meta property=\"article:modified_time\" content=\"2025-11-14T10:29:04+00:00\" \/>\n<meta property=\"og:image\" content=\"https:\/\/www.swizzle.se\/wp-content\/uploads\/2025\/06\/Skarmavbild-2025-06-18-kl.-09.08.17.png\" \/>\n\t<meta property=\"og:image:width\" content=\"611\" \/>\n\t<meta property=\"og:image:height\" content=\"607\" \/>\n\t<meta property=\"og:image:type\" content=\"image\/png\" \/>\n<meta name=\"twitter:card\" content=\"summary_large_image\" \/>\n<meta name=\"twitter:title\" content=\"Pr\u00f6va p\u00e5 Voon CBD 3-pack\" \/>\n<meta name=\"twitter:description\" content=\"Pr\u00f6va p\u00e5 Voon CBD 3-pack. Voon CBD Snus erbjuder en banbrytande kombination av traditionellt snus med f\u00f6rdelarna av h\u00f6gkvalitativ cannabidiol (CBD)\" \/>\n<meta name=\"twitter:label1\" content=\"Pris\" \/>\n\t<meta name=\"twitter:data1\" content=\"119.00&nbsp;&#107;&#114;\" \/>\n\t<meta name=\"twitter:label2\" content=\"Tilg\u00e6ngelighed\" \/>\n\t<meta name=\"twitter:data2\" content=\"Ikke p\u00e5 lager\" \/>\n<script type=\"application\/ld+json\" class=\"yoast-schema-graph\">{\"@context\":\"https:\/\/schema.org\",\"@graph\":[{\"@type\":\"WebPage\",\"@id\":\"https:\/\/www.swizzle.se\/produkt\/prova-pa-voon-cbd-3-pack\/\",\"url\":\"https:\/\/www.swizzle.se\/produkt\/prova-pa-voon-cbd-3-pack\/\",\"name\":\"Pr\u00f6va p\u00e5 Voon CBD 3-pack\",\"isPartOf\":{\"@id\":\"https:\/\/staging.swizzle.se\/#website\"},\"primaryImageOfPage\":{\"@id\":\"https:\/\/www.swizzle.se\/produkt\/prova-pa-voon-cbd-3-pack\/#primaryimage\"},\"image\":{\"@id\":\"https:\/\/www.swizzle.se\/produkt\/prova-pa-voon-cbd-3-pack\/#primaryimage\"},\"thumbnailUrl\":\"https:\/\/staging.swizzle.se\/wp-content\/uploads\/2025\/06\/Skarmavbild-2025-06-18-kl.-09.08.17.png\",\"datePublished\":\"2024-11-24T14:00:22+00:00\",\"dateModified\":\"2025-11-14T10:29:04+00:00\",\"description\":\"Pr\u00f6va p\u00e5 Voon CBD 3-pack. Voon CBD Snus erbjuder en banbrytande kombination av traditionellt snus med f\u00f6rdelarna av h\u00f6gkvalitativ cannabidiol (CBD)\",\"breadcrumb\":{\"@id\":\"https:\/\/www.swizzle.se\/produkt\/prova-pa-voon-cbd-3-pack\/#breadcrumb\"},\"inLanguage\":\"da-DK\",\"potentialAction\":[{\"@type\":\"ReadAction\",\"target\":[\"https:\/\/www.swizzle.se\/produkt\/prova-pa-voon-cbd-3-pack\/\"]}]},{\"@type\":\"ImageObject\",\"inLanguage\":\"da-DK\",\"@id\":\"https:\/\/www.swizzle.se\/produkt\/prova-pa-voon-cbd-3-pack\/#primaryimage\",\"url\":\"https:\/\/staging.swizzle.se\/wp-content\/uploads\/2025\/06\/Skarmavbild-2025-06-18-kl.-09.08.17.png\",\"contentUrl\":\"https:\/\/staging.swizzle.se\/wp-content\/uploads\/2025\/06\/Skarmavbild-2025-06-18-kl.-09.08.17.png\",\"width\":611,\"height\":607,\"caption\":\"Bild prova p\u00e5\"},{\"@type\":\"BreadcrumbList\",\"@id\":\"https:\/\/www.swizzle.se\/produkt\/prova-pa-voon-cbd-3-pack\/#breadcrumb\",\"itemListElement\":[{\"@type\":\"ListItem\",\"position\":1,\"name\":\"Home\",\"item\":\"https:\/\/www.swizzle.se\/\"},{\"@type\":\"ListItem\",\"position\":2,\"name\":\"Shop\",\"item\":\"https:\/\/www.swizzle.se\/shop\/\"},{\"@type\":\"ListItem\",\"position\":3,\"name\":\"CANNABINOIDER\",\"item\":\"https:\/\/www.swizzle.se\/produkt-kategori\/cannabinoider\/\"},{\"@type\":\"ListItem\",\"position\":4,\"name\":\"CBD\/G\/N\",\"item\":\"https:\/\/www.swizzle.se\/produkt-kategori\/cannabinoider\/cbd-g-n\/\"},{\"@type\":\"ListItem\",\"position\":5,\"name\":\"CBD SNUS\",\"item\":\"https:\/\/www.swizzle.se\/produkt-kategori\/cannabinoider\/cbd-g-n\/cbd-snus-cbd-g-n\/\"},{\"@type\":\"ListItem\",\"position\":6,\"name\":\"Pr\u00f6va p\u00e5 Voon CBD 3-pack\"}]},{\"@type\":\"WebSite\",\"@id\":\"https:\/\/staging.swizzle.se\/#website\",\"url\":\"https:\/\/staging.swizzle.se\/\",\"name\":\"Swizzle\",\"description\":\"Nikotin CBD Vapes Snus White Portion\",\"publisher\":{\"@id\":\"https:\/\/staging.swizzle.se\/#organization\"},\"potentialAction\":[{\"@type\":\"SearchAction\",\"target\":{\"@type\":\"EntryPoint\",\"urlTemplate\":\"https:\/\/staging.swizzle.se\/?s={search_term_string}\"},\"query-input\":{\"@type\":\"PropertyValueSpecification\",\"valueRequired\":true,\"valueName\":\"search_term_string\"}}],\"inLanguage\":\"da-DK\"},{\"@type\":\"Organization\",\"@id\":\"https:\/\/staging.swizzle.se\/#organization\",\"name\":\"Swizzle\",\"url\":\"https:\/\/staging.swizzle.se\/\",\"logo\":{\"@type\":\"ImageObject\",\"inLanguage\":\"da-DK\",\"@id\":\"https:\/\/staging.swizzle.se\/#\/schema\/logo\/image\/\",\"url\":\"https:\/\/staging.swizzle.se\/wp-content\/uploads\/2025\/10\/cropped-SWIZZLE.-4.png\",\"contentUrl\":\"https:\/\/staging.swizzle.se\/wp-content\/uploads\/2025\/10\/cropped-SWIZZLE.-4.png\",\"width\":800,\"height\":267,\"caption\":\"Swizzle\"},\"image\":{\"@id\":\"https:\/\/staging.swizzle.se\/#\/schema\/logo\/image\/\"},\"hasMerchantReturnPolicy\":{\"@type\":\"MerchantReturnPolicy\",\"merchantReturnLink\":\"https:\/\/staging.swizzle.se\/dk\/villkor\/\"}}]}<\/script>\n<meta property=\"product:price:amount\" content=\"119.00\" \/>\n<meta property=\"product:price:currency\" content=\"SEK\" \/>\n<meta property=\"og:availability\" content=\"out of stock\" \/>\n<meta property=\"product:availability\" content=\"out of stock\" \/>\n<meta property=\"product:retailer_item_id\" content=\"Voonp1\" \/>\n<meta property=\"product:condition\" content=\"new\" \/>\n<!-- \/ Yoast SEO Premium plugin. -->","yoast_head_json":{"title":"Pr\u00f6va p\u00e5 Voon CBD 3-pack","description":"Pr\u00f6va p\u00e5 Voon CBD 3-pack. Voon CBD Snus erbjuder en banbrytande kombination av traditionellt snus med f\u00f6rdelarna av h\u00f6gkvalitativ cannabidiol (CBD)","robots":{"index":"noindex","follow":"follow","max-snippet":"max-snippet:-1","max-image-preview":"max-image-preview:large","max-video-preview":"max-video-preview:-1"},"og_locale":"da_DK","og_type":"article","og_title":"Pr\u00f6va p\u00e5 Voon CBD 3-pack","og_description":"Pr\u00f6va p\u00e5 Voon CBD 3-pack. Voon CBD Snus erbjuder en banbrytande kombination av traditionellt snus med f\u00f6rdelarna av h\u00f6gkvalitativ cannabidiol (CBD)","og_url":"https:\/\/www.swizzle.se\/produkt\/prova-pa-voon-cbd-3-pack\/","og_site_name":"Swizzle","article_modified_time":"2025-11-14T10:29:04+00:00","og_image":[{"width":611,"height":607,"url":"https:\/\/www.swizzle.se\/wp-content\/uploads\/2025\/06\/Skarmavbild-2025-06-18-kl.-09.08.17.png","type":"image\/png"}],"twitter_card":"summary_large_image","twitter_title":"Pr\u00f6va p\u00e5 Voon CBD 3-pack","twitter_description":"Pr\u00f6va p\u00e5 Voon CBD 3-pack. Voon CBD Snus erbjuder en banbrytande kombination av traditionellt snus med f\u00f6rdelarna av h\u00f6gkvalitativ cannabidiol (CBD)","twitter_misc":{"Pris":"119.00&nbsp;&#107;&#114;","Tilg\u00e6ngelighed":"Ikke p\u00e5 lager"},"schema":{"@context":"https:\/\/schema.org","@graph":[{"@type":"WebPage","@id":"https:\/\/www.swizzle.se\/produkt\/prova-pa-voon-cbd-3-pack\/","url":"https:\/\/www.swizzle.se\/produkt\/prova-pa-voon-cbd-3-pack\/","name":"Pr\u00f6va p\u00e5 Voon CBD 3-pack","isPartOf":{"@id":"https:\/\/staging.swizzle.se\/#website"},"primaryImageOfPage":{"@id":"https:\/\/www.swizzle.se\/produkt\/prova-pa-voon-cbd-3-pack\/#primaryimage"},"image":{"@id":"https:\/\/www.swizzle.se\/produkt\/prova-pa-voon-cbd-3-pack\/#primaryimage"},"thumbnailUrl":"https:\/\/staging.swizzle.se\/wp-content\/uploads\/2025\/06\/Skarmavbild-2025-06-18-kl.-09.08.17.png","datePublished":"2024-11-24T14:00:22+00:00","dateModified":"2025-11-14T10:29:04+00:00","description":"Pr\u00f6va p\u00e5 Voon CBD 3-pack. Voon CBD Snus erbjuder en banbrytande kombination av traditionellt snus med f\u00f6rdelarna av h\u00f6gkvalitativ cannabidiol (CBD)","breadcrumb":{"@id":"https:\/\/www.swizzle.se\/produkt\/prova-pa-voon-cbd-3-pack\/#breadcrumb"},"inLanguage":"da-DK","potentialAction":[{"@type":"ReadAction","target":["https:\/\/www.swizzle.se\/produkt\/prova-pa-voon-cbd-3-pack\/"]}]},{"@type":"ImageObject","inLanguage":"da-DK","@id":"https:\/\/www.swizzle.se\/produkt\/prova-pa-voon-cbd-3-pack\/#primaryimage","url":"https:\/\/staging.swizzle.se\/wp-content\/uploads\/2025\/06\/Skarmavbild-2025-06-18-kl.-09.08.17.png","contentUrl":"https:\/\/staging.swizzle.se\/wp-content\/uploads\/2025\/06\/Skarmavbild-2025-06-18-kl.-09.08.17.png","width":611,"height":607,"caption":"Bild prova p\u00e5"},{"@type":"BreadcrumbList","@id":"https:\/\/www.swizzle.se\/produkt\/prova-pa-voon-cbd-3-pack\/#breadcrumb","itemListElement":[{"@type":"ListItem","position":1,"name":"Home","item":"https:\/\/www.swizzle.se\/"},{"@type":"ListItem","position":2,"name":"Shop","item":"https:\/\/www.swizzle.se\/shop\/"},{"@type":"ListItem","position":3,"name":"CANNABINOIDER","item":"https:\/\/www.swizzle.se\/produkt-kategori\/cannabinoider\/"},{"@type":"ListItem","position":4,"name":"CBD\/G\/N","item":"https:\/\/www.swizzle.se\/produkt-kategori\/cannabinoider\/cbd-g-n\/"},{"@type":"ListItem","position":5,"name":"CBD SNUS","item":"https:\/\/www.swizzle.se\/produkt-kategori\/cannabinoider\/cbd-g-n\/cbd-snus-cbd-g-n\/"},{"@type":"ListItem","position":6,"name":"Pr\u00f6va p\u00e5 Voon CBD 3-pack"}]},{"@type":"WebSite","@id":"https:\/\/staging.swizzle.se\/#website","url":"https:\/\/staging.swizzle.se\/","name":"Swizzle","description":"Nikotin CBD Vapes Snus Hvid Portion","publisher":{"@id":"https:\/\/staging.swizzle.se\/#organization"},"potentialAction":[{"@type":"SearchAction","target":{"@type":"EntryPoint","urlTemplate":"https:\/\/staging.swizzle.se\/?s={search_term_string}"},"query-input":{"@type":"PropertyValueSpecification","valueRequired":true,"valueName":"search_term_string"}}],"inLanguage":"da-DK"},{"@type":"Organization","@id":"https:\/\/staging.swizzle.se\/#organization","name":"Swizzle","url":"https:\/\/staging.swizzle.se\/","logo":{"@type":"ImageObject","inLanguage":"da-DK","@id":"https:\/\/staging.swizzle.se\/#\/schema\/logo\/image\/","url":"https:\/\/staging.swizzle.se\/wp-content\/uploads\/2025\/10\/cropped-SWIZZLE.-4.png","contentUrl":"https:\/\/staging.swizzle.se\/wp-content\/uploads\/2025\/10\/cropped-SWIZZLE.-4.png","width":800,"height":267,"caption":"Swizzle"},"image":{"@id":"https:\/\/staging.swizzle.se\/#\/schema\/logo\/image\/"},"hasMerchantReturnPolicy":{"@type":"MerchantReturnPolicy","merchantReturnLink":"https:\/\/staging.swizzle.se\/dk\/villkor\/"}}]},"product_price_amount":"119.00","product_price_currency":"SEK","og_availability":"out of stock","product_availability":"out of stock","product_retailer_item_id":"Voonp1","product_condition":"new"},"tiered_pricing_type":"fixed","tiered_pricing_fixed_rules":[],"tiered_pricing_product_settings":{"layout":"default","base_unit_name":{"singular":null,"plural":null},"default_variation":null},"tiered_pricing_minimum_quantity":null,"tiered_pricing_roles_data":[],"tiered_pricing_percentage_rules":[],"tiered_pricing_maximum_quantity":null,"tiered_pricing_quantity_step":null,"_links":{"self":[{"href":"https:\/\/staging.swizzle.se\/dk\/wp-json\/wp\/v2\/product\/259697","targetHints":{"allow":["GET"]}}],"collection":[{"href":"https:\/\/staging.swizzle.se\/dk\/wp-json\/wp\/v2\/product"}],"about":[{"href":"https:\/\/staging.swizzle.se\/dk\/wp-json\/wp\/v2\/types\/product"}],"replies":[{"embeddable":true,"href":"https:\/\/staging.swizzle.se\/dk\/wp-json\/wp\/v2\/comments?post=259697"}],"version-history":[{"count":0,"href":"https:\/\/staging.swizzle.se\/dk\/wp-json\/wp\/v2\/product\/259697\/revisions"}],"wp:featuredmedia":[{"embeddable":true,"href":"https:\/\/staging.swizzle.se\/dk\/wp-json\/wp\/v2\/media\/261112"}],"wp:attachment":[{"href":"https:\/\/staging.swizzle.se\/dk\/wp-json\/wp\/v2\/media?parent=259697"}],"wp:term":[{"taxonomy":"product_brand","embeddable":true,"href":"https:\/\/staging.swizzle.se\/dk\/wp-json\/wp\/v2\/product_brand?post=259697"},{"taxonomy":"product_cat","embeddable":true,"href":"https:\/\/staging.swizzle.se\/dk\/wp-json\/wp\/v2\/product_cat?post=259697"},{"taxonomy":"product_tag","embeddable":true,"href":"https:\/\/staging.swizzle.se\/dk\/wp-json\/wp\/v2\/product_tag?post=259697"},{"taxonomy":"superdeal","embeddable":true,"href":"https:\/\/staging.swizzle.se\/dk\/wp-json\/wp\/v2\/superdeal?post=259697"},{"taxonomy":"product_variant_id","embeddable":true,"href":"https:\/\/staging.swizzle.se\/dk\/wp-json\/wp\/v2\/product_variant_id?post=259697"}],"curies":[{"name":"wp","href":"https:\/\/api.w.org\/{rel}","templated":true}]}}