{"id":259686,"date":"2024-11-16T14:14:41","date_gmt":"2024-11-16T14:14:41","guid":{"rendered":"https:\/\/new.staging.swizzle.se\/produkt\/ocb-virgin-slim-filter\/"},"modified":"2026-02-04T18:05:36","modified_gmt":"2026-02-04T18:05:36","slug":"ocb-virgin-slim-filter-tips","status":"publish","type":"product","link":"https:\/\/staging.swizzle.se\/dk\/product-2\/ocb-virgin-slim-filter-tips\/","title":{"rendered":"OCB | Virgin Slim + Filter"},"content":{"rendered":"<p>OCB | Virgin Slim + Filter Tips\u00a0\u00e4r ett utm\u00e4rkt val f\u00f6r r\u00f6kare som vill ha en f\u00f6rstklassig upplevelse med extra omtanke om kvalitet och smak. Dessa rullpapper och filterkombination\u00a0 kommer att tilltala b\u00e5de nyb\u00f6rjare och erfarna r\u00f6kare.<\/p>\n<p><a href=\"https:\/\/snusfabriken.com\/produkt-kategori\/roktobak\/tillbehor-ovrig-tobak\/rullpapper\/ocb\/\">OCB har r\u00f6ktillbeh\u00f6r och filterpapper i flera olika storlekar och former, du kan enkelt se hela deras utbud genom att klicka dig vidare h\u00e4r.<\/a><\/p>\n<p>Det mest i\u00f6gonfallande med OCB Virgin Slim Papers + Filter \u00e4r kvaliteten p\u00e5 pappret. Tillverkat av 100% naturliga och oblekta fibrer, \u00e4r detta papper en fr\u00f6jd f\u00f6r alla som uppskattar den \u00e4kta smaken av sina \u00f6rter eller tobak. Pappret \u00e4r ocks\u00e5 otroligt tunt och l\u00e4tt, vilket ger en j\u00e4mn och l\u00e5ngsam br\u00e4nning. Det \u00e4r s\u00e4llsynt att hitta rullpapper som \u00e4r s\u00e5 dedikerade till att bevara den ursprungliga smaken och kvaliteten.<\/p>\n<p>OCB Virgin Slim Papers + Filter \u00e4r ocks\u00e5 mycket anv\u00e4ndarv\u00e4nliga. Pappret \u00e4r smalt och enkelt att hantera, och det har en viss m\u00e4ngd lim f\u00f6r att underl\u00e4tta rullningen. Att fylla och rulla koner med dessa papper \u00e4r en smidig process, och du beh\u00f6ver inte oroa dig f\u00f6r att de ska \u00f6ppna sig eller g\u00e5 s\u00f6nder.<\/p>\n<p>En annan f\u00f6rdel med OCB \u00e4r deras engagemang f\u00f6r h\u00e5llbarhet. Dessa papper och filter \u00e4r FSC-certifierade och tillverkade med h\u00e4nsyn till milj\u00f6n. Det betyder att du kan njuta med gott samvete och bidra till att minska din p\u00e5verkan p\u00e5 planeten.<\/p>\n<h2><strong>Snabb fakta om\u00a0<\/strong>OCB Virgin Slim + Filter<\/h2>\n<ul>\n<li><strong>Antal:<\/strong>\u00a032 papper + 32 filter.<\/li>\n<li><strong>Storlek:<\/strong>\u00a0109 x 44 mm<\/li>\n<li><strong>Format:\u00a0<\/strong>King Size Slim.<\/li>\n<li><strong>Veganskt:\u00a0<\/strong>Ja.<\/li>\n<li><strong>GMO-fritt:\u00a0<\/strong>Ja.<\/li>\n<li><strong>Tillverkare:\u00a0<\/strong>OCB.<\/li>\n<\/ul>\n<h2>Information om f\u00f6retaget OCB<\/h2>\n<p>OCB \u00e4r ett v\u00e4lk\u00e4nt och p\u00e5litligt f\u00f6retag inom tobaksindustrin. Med \u00f6ver 100 \u00e5rs erfarenhet \u00e4r OCB k\u00e4nt f\u00f6r att tillverka h\u00f6gkvalitativa rullpapper och tillbeh\u00f6r f\u00f6r r\u00f6kning. Dem erbjuder ett brett utbud av produkter som passar alla r\u00f6kare, oavsett preferenser och behov. Deras sortiment inkluderar rullpapper i olika storlekar och tjocklekar, f\u00f6rrullade cones, filter och mycket mer. OCB \u00e4r dedikerade till att erbjuda produkter av h\u00f6gsta kvalitet.<\/p>\n<p>En av de stora f\u00f6rdelarna med OCB \u00e4r deras fokus p\u00e5 h\u00e5llbarhet och milj\u00f6medvetenhet. F\u00f6retaget str\u00e4var efter att minimera sin p\u00e5verkan p\u00e5 milj\u00f6n genom att anv\u00e4nda FSC-certifierat papper och andra milj\u00f6v\u00e4nliga material i sin produktion.\u00a0 OCB har ett starkt varum\u00e4rke och en lojal kundbas. Deras produkter \u00e4r v\u00e4lk\u00e4nda och anses vara av h\u00f6g kvalitet. M\u00e5nga r\u00f6kare f\u00f6redrar OCB p\u00e5 grund av deras p\u00e5litlighet och konsekventa prestanda.<\/p>\n<p>2018 firar OCB 100 \u00e5r och det blir ett centry -m\u00e4rke sedan dess f\u00f6delse 1918.\u00a0<a href=\"https:\/\/ocb.net\/heritage\/\" target=\"_blank\" rel=\"noopener\">Vill du l\u00e4sa hela historien om f\u00f6retaget OCB s\u00e5 kan du g\u00f6ra det h\u00e4r.<\/a><\/p>\n<h2>Ytterligare matnyttigt om OCB Virgin Slim + Filter<\/h2>\n<p>OCB tillverkar n\u00e5gra av v\u00e4rldens popul\u00e4raste och mest s\u00e5lda rullpapper. Alla deras papper \u00e4r t\u00e4ckta av ett m\u00f6nster som g\u00f6r att de brinner j\u00e4mnt och f\u00f6rhindrar att n\u00e5gon olja n\u00e5r filtret.<\/p>\n<p>Pappret \u00e4r oblekt, veganv\u00e4nligt och GMO-fritt.<\/p>","protected":false},"excerpt":{"rendered":"<p class=\"ai-optimize-56\"><strong>OCB | Virgin Slim + Filter Tips<\/strong><\/p>\n<p class=\"ai-optimize-27\">OCB pappret \u00e4r smalt och enkelt att hantera, och det har en viss m\u00e4ngd lim f\u00f6r att underl\u00e4tta rullningen. OCB Virgin Slim Papers + Filter ett utm\u00e4rkt val f\u00f6r den som v\u00e4rdes\u00e4tter kvalitet, smak och anv\u00e4ndarv\u00e4nlighet.<\/p>\n<ul>\n<li class=\"ai-optimize-29\"><strong>Antal:<\/strong>\u00a032 papper + 32 filter.<\/li>\n<li class=\"ai-optimize-30\"><strong>Storlek:<\/strong>\u00a0109 x 44 mm<\/li>\n<li class=\"ai-optimize-31\"><strong>Format:\u00a0<\/strong>King Size Slim.<\/li>\n<li class=\"ai-optimize-32\"><strong>Veganskt:\u00a0<\/strong>Ja.<\/li>\n<li class=\"ai-optimize-33\"><strong>GMO-fritt:\u00a0<\/strong>Ja.<\/li>\n<li class=\"ai-optimize-34\"><strong>Tillverkare:\u00a0<\/strong>OCB.<\/li>\n<\/ul>","protected":false},"featured_media":261100,"comment_status":"open","ping_status":"closed","template":"","meta":{"site-sidebar-layout":"default","site-content-layout":"","ast-site-content-layout":"default","site-content-style":"default","site-sidebar-style":"default","ast-global-header-display":"","ast-banner-title-visibility":"","ast-main-header-display":"","ast-hfb-above-header-display":"","ast-hfb-below-header-display":"","ast-hfb-mobile-header-display":"","site-post-title":"","ast-breadcrumbs-content":"","ast-featured-img":"","footer-sml-layout":"","ast-disable-related-posts":"","theme-transparent-header-meta":"default","adv-header-id-meta":"","stick-header-meta":"","header-above-stick-meta":"","header-main-stick-meta":"","header-below-stick-meta":"","astra-migrate-meta-layouts":"set","ast-page-background-enabled":"default","ast-page-background-meta":{"desktop":{"background-color":"var(--ast-global-color-4)","background-image":"","background-repeat":"repeat","background-position":"center center","background-size":"auto","background-attachment":"scroll","background-type":"","background-media":"","overlay-type":"","overlay-color":"","overlay-opacity":"","overlay-gradient":""},"tablet":{"background-color":"","background-image":"","background-repeat":"repeat","background-position":"center center","background-size":"auto","background-attachment":"scroll","background-type":"","background-media":"","overlay-type":"","overlay-color":"","overlay-opacity":"","overlay-gradient":""},"mobile":{"background-color":"","background-image":"","background-repeat":"repeat","background-position":"center center","background-size":"auto","background-attachment":"scroll","background-type":"","background-media":"","overlay-type":"","overlay-color":"","overlay-opacity":"","overlay-gradient":""}},"ast-content-background-meta":{"desktop":{"background-color":"var(--ast-global-color-5)","background-image":"","background-repeat":"repeat","background-position":"center center","background-size":"auto","background-attachment":"scroll","background-type":"","background-media":"","overlay-type":"","overlay-color":"","overlay-opacity":"","overlay-gradient":""},"tablet":{"background-color":"var(--ast-global-color-5)","background-image":"","background-repeat":"repeat","background-position":"center center","background-size":"auto","background-attachment":"scroll","background-type":"","background-media":"","overlay-type":"","overlay-color":"","overlay-opacity":"","overlay-gradient":""},"mobile":{"background-color":"var(--ast-global-color-5)","background-image":"","background-repeat":"repeat","background-position":"center center","background-size":"auto","background-attachment":"scroll","background-type":"","background-media":"","overlay-type":"","overlay-color":"","overlay-opacity":"","overlay-gradient":""}}},"product_brand":[759],"product_cat":[308,284,285],"product_tag":[],"superdeal":[],"product_variant_id":[],"class_list":{"0":"post-259686","1":"product","2":"type-product","3":"status-publish","4":"has-post-thumbnail","6":"product_brand-ocb","7":"product_cat-ocb","8":"product_cat-roktillbehor","9":"product_cat-rullpapper","10":"desktop-align-center","11":"tablet-align-left","12":"mobile-align-left","13":"ast-product-gallery-layout-horizontal-slider","14":"ast-magnify-disabled","15":"ast-product-tabs-layout-horizontal","17":"first","18":"instock","19":"taxable","20":"shipping-taxable","21":"purchasable","22":"product-type-simple"},"yoast_head":"<!-- This site is optimized with the Yoast SEO Premium plugin v26.9 (Yoast SEO v26.9) - https:\/\/yoast.com\/product\/yoast-seo-premium-wordpress\/ -->\n<title>OCB | Virgin Slim + Filter Tips<\/title>\n<meta name=\"description\" content=\"OCB | Virgin Slim + Filter Tips. Smalt och enkelt att hantera, har en viss m\u00e4ngd lim f\u00f6r att underl\u00e4tta rullningen. Inneh\u00e5ller 32 st papper och 32 filter.\" \/>\n<meta name=\"robots\" content=\"noindex, follow, max-snippet:-1, max-image-preview:large, max-video-preview:-1\" \/>\n<meta property=\"og:locale\" content=\"da_DK\" \/>\n<meta property=\"og:type\" content=\"article\" \/>\n<meta property=\"og:title\" content=\"OCB | Virgin Slim + Filter Tips\" \/>\n<meta property=\"og:description\" content=\"OCB | Virgin Slim + Filter Tips. Smalt och enkelt att hantera, har en viss m\u00e4ngd lim f\u00f6r att underl\u00e4tta rullningen. Inneh\u00e5ller 32 st papper och 32 filter.\" \/>\n<meta property=\"og:url\" content=\"https:\/\/www.swizzle.se\/produkt\/ocb-virgin-slim-filter-tips\/\" \/>\n<meta property=\"og:site_name\" content=\"Swizzle\" \/>\n<meta property=\"article:modified_time\" content=\"2026-02-04T18:05:36+00:00\" \/>\n<meta property=\"og:image\" content=\"https:\/\/www.swizzle.se\/wp-content\/uploads\/2025\/06\/ocb-virgin-slim-mit-filter-tips_11_11zon_10_11zon.webp\" \/>\n\t<meta property=\"og:image:width\" content=\"1200\" \/>\n\t<meta property=\"og:image:height\" content=\"1200\" \/>\n\t<meta property=\"og:image:type\" content=\"image\/webp\" \/>\n<meta name=\"twitter:card\" content=\"summary_large_image\" \/>\n<meta name=\"twitter:title\" content=\"OCB | Virgin Slim + Filter Tips\" \/>\n<meta name=\"twitter:description\" content=\"OCB | Virgin Slim + Filter Tips. Smalt och enkelt att hantera, har en viss m\u00e4ngd lim f\u00f6r att underl\u00e4tta rullningen. Inneh\u00e5ller 32 st papper och 32 filter.\" \/>\n<meta name=\"twitter:label1\" content=\"Pris\" \/>\n\t<meta name=\"twitter:data1\" content=\"23.00&nbsp;&#107;&#114;\" \/>\n\t<meta name=\"twitter:label2\" content=\"Tilg\u00e6ngelighed\" \/>\n\t<meta name=\"twitter:data2\" content=\"P\u00e5 lager\" \/>\n<script type=\"application\/ld+json\" class=\"yoast-schema-graph\">{\"@context\":\"https:\/\/schema.org\",\"@graph\":[{\"@type\":\"WebPage\",\"@id\":\"https:\/\/www.swizzle.se\/produkt\/ocb-virgin-slim-filter-tips\/\",\"url\":\"https:\/\/www.swizzle.se\/produkt\/ocb-virgin-slim-filter-tips\/\",\"name\":\"OCB | Virgin Slim + Filter Tips\",\"isPartOf\":{\"@id\":\"https:\/\/staging.swizzle.se\/#website\"},\"primaryImageOfPage\":{\"@id\":\"https:\/\/www.swizzle.se\/produkt\/ocb-virgin-slim-filter-tips\/#primaryimage\"},\"image\":{\"@id\":\"https:\/\/www.swizzle.se\/produkt\/ocb-virgin-slim-filter-tips\/#primaryimage\"},\"thumbnailUrl\":\"https:\/\/staging.swizzle.se\/wp-content\/uploads\/2025\/06\/ocb-virgin-slim-mit-filter-tips_11_11zon_10_11zon.webp\",\"datePublished\":\"2024-11-16T14:14:41+00:00\",\"dateModified\":\"2026-02-04T18:05:36+00:00\",\"description\":\"OCB | Virgin Slim + Filter Tips. Smalt och enkelt att hantera, har en viss m\u00e4ngd lim f\u00f6r att underl\u00e4tta rullningen. Inneh\u00e5ller 32 st papper och 32 filter.\",\"breadcrumb\":{\"@id\":\"https:\/\/www.swizzle.se\/produkt\/ocb-virgin-slim-filter-tips\/#breadcrumb\"},\"inLanguage\":\"da-DK\",\"potentialAction\":[{\"@type\":\"ReadAction\",\"target\":[\"https:\/\/www.swizzle.se\/produkt\/ocb-virgin-slim-filter-tips\/\"]}]},{\"@type\":\"ImageObject\",\"inLanguage\":\"da-DK\",\"@id\":\"https:\/\/www.swizzle.se\/produkt\/ocb-virgin-slim-filter-tips\/#primaryimage\",\"url\":\"https:\/\/staging.swizzle.se\/wp-content\/uploads\/2025\/06\/ocb-virgin-slim-mit-filter-tips_11_11zon_10_11zon.webp\",\"contentUrl\":\"https:\/\/staging.swizzle.se\/wp-content\/uploads\/2025\/06\/ocb-virgin-slim-mit-filter-tips_11_11zon_10_11zon.webp\",\"width\":1200,\"height\":1200,\"caption\":\"Bild virgin\"},{\"@type\":\"BreadcrumbList\",\"@id\":\"https:\/\/www.swizzle.se\/produkt\/ocb-virgin-slim-filter-tips\/#breadcrumb\",\"itemListElement\":[{\"@type\":\"ListItem\",\"position\":1,\"name\":\"Home\",\"item\":\"https:\/\/www.swizzle.se\/\"},{\"@type\":\"ListItem\",\"position\":2,\"name\":\"Shop\",\"item\":\"https:\/\/www.swizzle.se\/shop\/\"},{\"@type\":\"ListItem\",\"position\":3,\"name\":\"R\u00d6KTILLBEH\u00d6R\",\"item\":\"https:\/\/www.swizzle.se\/produkt-kategori\/roktillbehor\/\"},{\"@type\":\"ListItem\",\"position\":4,\"name\":\"RULLPAPPER\",\"item\":\"https:\/\/www.swizzle.se\/produkt-kategori\/roktillbehor\/rullpapper\/\"},{\"@type\":\"ListItem\",\"position\":5,\"name\":\"OCB\",\"item\":\"https:\/\/www.swizzle.se\/produkt-kategori\/roktillbehor\/rullpapper\/ocb\/\"},{\"@type\":\"ListItem\",\"position\":6,\"name\":\"OCB | Virgin Slim + Filter\"}]},{\"@type\":\"WebSite\",\"@id\":\"https:\/\/staging.swizzle.se\/#website\",\"url\":\"https:\/\/staging.swizzle.se\/\",\"name\":\"Swizzle\",\"description\":\"Nikotin CBD Vapes Snus White Portion\",\"publisher\":{\"@id\":\"https:\/\/staging.swizzle.se\/#organization\"},\"potentialAction\":[{\"@type\":\"SearchAction\",\"target\":{\"@type\":\"EntryPoint\",\"urlTemplate\":\"https:\/\/staging.swizzle.se\/?s={search_term_string}\"},\"query-input\":{\"@type\":\"PropertyValueSpecification\",\"valueRequired\":true,\"valueName\":\"search_term_string\"}}],\"inLanguage\":\"da-DK\"},{\"@type\":\"Organization\",\"@id\":\"https:\/\/staging.swizzle.se\/#organization\",\"name\":\"Swizzle\",\"url\":\"https:\/\/staging.swizzle.se\/\",\"logo\":{\"@type\":\"ImageObject\",\"inLanguage\":\"da-DK\",\"@id\":\"https:\/\/staging.swizzle.se\/#\/schema\/logo\/image\/\",\"url\":\"https:\/\/staging.swizzle.se\/wp-content\/uploads\/2025\/10\/cropped-SWIZZLE.-4.png\",\"contentUrl\":\"https:\/\/staging.swizzle.se\/wp-content\/uploads\/2025\/10\/cropped-SWIZZLE.-4.png\",\"width\":800,\"height\":267,\"caption\":\"Swizzle\"},\"image\":{\"@id\":\"https:\/\/staging.swizzle.se\/#\/schema\/logo\/image\/\"},\"hasMerchantReturnPolicy\":{\"@type\":\"MerchantReturnPolicy\",\"merchantReturnLink\":\"https:\/\/staging.swizzle.se\/dk\/villkor\/\"}}]}<\/script>\n<meta property=\"product:price:amount\" content=\"23.00\" \/>\n<meta property=\"product:price:currency\" content=\"SEK\" \/>\n<meta property=\"og:availability\" content=\"instock\" \/>\n<meta property=\"product:availability\" content=\"instock\" \/>\n<meta property=\"product:retailer_item_id\" content=\"OCBVP\" \/>\n<meta property=\"product:condition\" content=\"new\" \/>\n<!-- \/ Yoast SEO Premium plugin. -->","yoast_head_json":{"title":"OCB | Virgin Slim + Filter Tips","description":"OCB | Virgin Slim + Filter Tips. Smalt och enkelt att hantera, har en viss m\u00e4ngd lim f\u00f6r att underl\u00e4tta rullningen. Inneh\u00e5ller 32 st papper och 32 filter.","robots":{"index":"noindex","follow":"follow","max-snippet":"max-snippet:-1","max-image-preview":"max-image-preview:large","max-video-preview":"max-video-preview:-1"},"og_locale":"da_DK","og_type":"article","og_title":"OCB | Virgin Slim + Filter Tips","og_description":"OCB | Virgin Slim + Filter Tips. Smalt och enkelt att hantera, har en viss m\u00e4ngd lim f\u00f6r att underl\u00e4tta rullningen. Inneh\u00e5ller 32 st papper och 32 filter.","og_url":"https:\/\/www.swizzle.se\/produkt\/ocb-virgin-slim-filter-tips\/","og_site_name":"Swizzle","article_modified_time":"2026-02-04T18:05:36+00:00","og_image":[{"width":1200,"height":1200,"url":"https:\/\/www.swizzle.se\/wp-content\/uploads\/2025\/06\/ocb-virgin-slim-mit-filter-tips_11_11zon_10_11zon.webp","type":"image\/webp"}],"twitter_card":"summary_large_image","twitter_title":"OCB | Virgin Slim + Filter Tips","twitter_description":"OCB | Virgin Slim + Filter Tips. Smalt och enkelt att hantera, har en viss m\u00e4ngd lim f\u00f6r att underl\u00e4tta rullningen. Inneh\u00e5ller 32 st papper och 32 filter.","twitter_misc":{"Pris":"23.00&nbsp;&#107;&#114;","Tilg\u00e6ngelighed":"P\u00e5 lager"},"schema":{"@context":"https:\/\/schema.org","@graph":[{"@type":"WebPage","@id":"https:\/\/www.swizzle.se\/produkt\/ocb-virgin-slim-filter-tips\/","url":"https:\/\/www.swizzle.se\/produkt\/ocb-virgin-slim-filter-tips\/","name":"OCB | Virgin Slim + Filter Tips","isPartOf":{"@id":"https:\/\/staging.swizzle.se\/#website"},"primaryImageOfPage":{"@id":"https:\/\/www.swizzle.se\/produkt\/ocb-virgin-slim-filter-tips\/#primaryimage"},"image":{"@id":"https:\/\/www.swizzle.se\/produkt\/ocb-virgin-slim-filter-tips\/#primaryimage"},"thumbnailUrl":"https:\/\/staging.swizzle.se\/wp-content\/uploads\/2025\/06\/ocb-virgin-slim-mit-filter-tips_11_11zon_10_11zon.webp","datePublished":"2024-11-16T14:14:41+00:00","dateModified":"2026-02-04T18:05:36+00:00","description":"OCB | Virgin Slim + Filter Tips. Smalt och enkelt att hantera, har en viss m\u00e4ngd lim f\u00f6r att underl\u00e4tta rullningen. Inneh\u00e5ller 32 st papper och 32 filter.","breadcrumb":{"@id":"https:\/\/www.swizzle.se\/produkt\/ocb-virgin-slim-filter-tips\/#breadcrumb"},"inLanguage":"da-DK","potentialAction":[{"@type":"ReadAction","target":["https:\/\/www.swizzle.se\/produkt\/ocb-virgin-slim-filter-tips\/"]}]},{"@type":"ImageObject","inLanguage":"da-DK","@id":"https:\/\/www.swizzle.se\/produkt\/ocb-virgin-slim-filter-tips\/#primaryimage","url":"https:\/\/staging.swizzle.se\/wp-content\/uploads\/2025\/06\/ocb-virgin-slim-mit-filter-tips_11_11zon_10_11zon.webp","contentUrl":"https:\/\/staging.swizzle.se\/wp-content\/uploads\/2025\/06\/ocb-virgin-slim-mit-filter-tips_11_11zon_10_11zon.webp","width":1200,"height":1200,"caption":"Bild virgin"},{"@type":"BreadcrumbList","@id":"https:\/\/www.swizzle.se\/produkt\/ocb-virgin-slim-filter-tips\/#breadcrumb","itemListElement":[{"@type":"ListItem","position":1,"name":"Home","item":"https:\/\/www.swizzle.se\/"},{"@type":"ListItem","position":2,"name":"Shop","item":"https:\/\/www.swizzle.se\/shop\/"},{"@type":"ListItem","position":3,"name":"R\u00d6KTILLBEH\u00d6R","item":"https:\/\/www.swizzle.se\/produkt-kategori\/roktillbehor\/"},{"@type":"ListItem","position":4,"name":"RULLPAPPER","item":"https:\/\/www.swizzle.se\/produkt-kategori\/roktillbehor\/rullpapper\/"},{"@type":"ListItem","position":5,"name":"OCB","item":"https:\/\/www.swizzle.se\/produkt-kategori\/roktillbehor\/rullpapper\/ocb\/"},{"@type":"ListItem","position":6,"name":"OCB | Virgin Slim + Filter"}]},{"@type":"WebSite","@id":"https:\/\/staging.swizzle.se\/#website","url":"https:\/\/staging.swizzle.se\/","name":"Swizzle","description":"Nikotin CBD Vapes Snus Hvid Portion","publisher":{"@id":"https:\/\/staging.swizzle.se\/#organization"},"potentialAction":[{"@type":"SearchAction","target":{"@type":"EntryPoint","urlTemplate":"https:\/\/staging.swizzle.se\/?s={search_term_string}"},"query-input":{"@type":"PropertyValueSpecification","valueRequired":true,"valueName":"search_term_string"}}],"inLanguage":"da-DK"},{"@type":"Organization","@id":"https:\/\/staging.swizzle.se\/#organization","name":"Swizzle","url":"https:\/\/staging.swizzle.se\/","logo":{"@type":"ImageObject","inLanguage":"da-DK","@id":"https:\/\/staging.swizzle.se\/#\/schema\/logo\/image\/","url":"https:\/\/staging.swizzle.se\/wp-content\/uploads\/2025\/10\/cropped-SWIZZLE.-4.png","contentUrl":"https:\/\/staging.swizzle.se\/wp-content\/uploads\/2025\/10\/cropped-SWIZZLE.-4.png","width":800,"height":267,"caption":"Swizzle"},"image":{"@id":"https:\/\/staging.swizzle.se\/#\/schema\/logo\/image\/"},"hasMerchantReturnPolicy":{"@type":"MerchantReturnPolicy","merchantReturnLink":"https:\/\/staging.swizzle.se\/dk\/villkor\/"}}]},"product_price_amount":"23.00","product_price_currency":"SEK","og_availability":"instock","product_availability":"instock","product_retailer_item_id":"OCBVP","product_condition":"new"},"tiered_pricing_type":"fixed","tiered_pricing_fixed_rules":[],"tiered_pricing_product_settings":{"layout":"default","base_unit_name":{"singular":null,"plural":null},"default_variation":null},"tiered_pricing_minimum_quantity":null,"tiered_pricing_roles_data":[],"tiered_pricing_percentage_rules":[],"tiered_pricing_maximum_quantity":null,"tiered_pricing_quantity_step":null,"_links":{"self":[{"href":"https:\/\/staging.swizzle.se\/dk\/wp-json\/wp\/v2\/product\/259686","targetHints":{"allow":["GET"]}}],"collection":[{"href":"https:\/\/staging.swizzle.se\/dk\/wp-json\/wp\/v2\/product"}],"about":[{"href":"https:\/\/staging.swizzle.se\/dk\/wp-json\/wp\/v2\/types\/product"}],"replies":[{"embeddable":true,"href":"https:\/\/staging.swizzle.se\/dk\/wp-json\/wp\/v2\/comments?post=259686"}],"version-history":[{"count":0,"href":"https:\/\/staging.swizzle.se\/dk\/wp-json\/wp\/v2\/product\/259686\/revisions"}],"wp:featuredmedia":[{"embeddable":true,"href":"https:\/\/staging.swizzle.se\/dk\/wp-json\/wp\/v2\/media\/261100"}],"wp:attachment":[{"href":"https:\/\/staging.swizzle.se\/dk\/wp-json\/wp\/v2\/media?parent=259686"}],"wp:term":[{"taxonomy":"product_brand","embeddable":true,"href":"https:\/\/staging.swizzle.se\/dk\/wp-json\/wp\/v2\/product_brand?post=259686"},{"taxonomy":"product_cat","embeddable":true,"href":"https:\/\/staging.swizzle.se\/dk\/wp-json\/wp\/v2\/product_cat?post=259686"},{"taxonomy":"product_tag","embeddable":true,"href":"https:\/\/staging.swizzle.se\/dk\/wp-json\/wp\/v2\/product_tag?post=259686"},{"taxonomy":"superdeal","embeddable":true,"href":"https:\/\/staging.swizzle.se\/dk\/wp-json\/wp\/v2\/superdeal?post=259686"},{"taxonomy":"product_variant_id","embeddable":true,"href":"https:\/\/staging.swizzle.se\/dk\/wp-json\/wp\/v2\/product_variant_id?post=259686"}],"curies":[{"name":"wp","href":"https:\/\/api.w.org\/{rel}","templated":true}]}}