{"id":259650,"date":"2024-10-04T14:43:49","date_gmt":"2024-10-04T14:43:49","guid":{"rendered":"https:\/\/new.staging.swizzle.se\/produkt\/voon-superdeal-5st-165kr\/"},"modified":"2025-11-14T10:28:48","modified_gmt":"2025-11-14T10:28:48","slug":"superdeal-5st-voon-snus","status":"publish","type":"product","link":"https:\/\/staging.swizzle.se\/dk\/product-2\/superdeal-5st-voon-snus\/","title":{"rendered":"SUPER DEAL! 5st Voon Snus"},"content":{"rendered":"<h2><strong>SUPER DEAL! 5st Voon Snus<\/strong><\/h2>\n<p>Paketet inneh\u00e5ller:<br \/>\n<strong>3st VOON Winter Green<\/strong><br \/>\n<strong>2st Voon Snazzy Tangerine<\/strong><\/p>\n<div class=\"brand-description\">\n<h2>Voon \u2013 Svensk innovation inom nikotinfritt snus<\/h2>\n<p><strong>Voon<\/strong> representerar framtiden f\u00f6r h\u00e4lsosammare alternativ till traditionellt snus. Utvecklat i Sverige med precision, innovation och naturliga ingredienser, erbjuder Voon en helt <strong>nikotinfri och tobaksfri<\/strong> upplevelse \u2013 perfekt f\u00f6r dig som s\u00f6ker ett v\u00e4lsmakande och funktionellt substitut utan beroendeframkallande \u00e4mnen.<\/p>\n<p>Ist\u00e4llet f\u00f6r tobak anv\u00e4nder Voon <strong>100% ekologisk hampa<\/strong> som bas, vilket inte bara ger en mjuk och naturlig smak, utan \u00e4ven en produkt rik p\u00e5 v\u00e4xtbaserade cannabinoider som CBD. Med en rad uppfriskande smaker som Mint, Citrus, och Berry Mint, erbjuder Voon ett <strong>fr\u00e4scht och diskret alternativ<\/strong> f\u00f6r b\u00e5de nya och erfarna anv\u00e4ndare.<\/p>\n<h3>Varf\u00f6r v\u00e4lja Voon?<\/h3>\n<ul>\n<li>Nikotinfritt &amp; tobaksfritt \u2013 helt utan beroendeframkallande \u00e4mnen<\/li>\n<li>Berikat med CBD \u2013 f\u00f6r en lugnare vardag<\/li>\n<li>Ekologisk hampabas \u2013 naturligt och h\u00e5llbart<\/li>\n<li>Svensktillverkat \u2013 h\u00f6g kvalitet och p\u00e5litlig produktion<\/li>\n<li>Diskret format \u2013 perfekt f\u00f6r anv\u00e4ndning n\u00e4r som helst<\/li>\n<\/ul>\n<p>Oavsett om du f\u00f6rs\u00f6ker sluta med nikotin, \u00e4r nyfiken p\u00e5 CBD eller helt enkelt vill ha en fr\u00e4sch munupplevelse utan kompromisser \u2013 <strong>Voon \u00e4r det moderna valet<\/strong>. Prova idag och uppt\u00e4ck hur enkelt det \u00e4r att byta till n\u00e5got b\u00e4ttre.<\/p>\n<\/div>\n<p>&nbsp;<\/p>\n<p><strong>Bem\u00e6rk!<\/strong><br \/>\nDu skal v\u00e6re mindst 18 \u00e5r gammel for at k\u00f8be dette produkt. Det er ikke beregnet som medicin, kosttilskud eller naturprodukt. Vi opfordrer ikke til at indtage eller ryge dette produkt. Opbevar det utilg\u00e6ngeligt for b\u00f8rn Vi fraskriver os ethvert ansvar for, hvordan du som kunde bruger vores produkter. Vi s\u00e6lger dem til indsamlings- og prydform\u00e5l.<\/p>","protected":false},"excerpt":{"rendered":"<h3 class=\"ai-optimize-34\">5 st Voon snus<\/h3>\n<h3 class=\"ai-optimize-34\">F\u00f6r OTROLIGA 165kr s\u00e5 l\u00e5ng lagret r\u00e4cker<\/h3>\n<p class=\"ai-optimize-35\">Paketet inneh\u00e5ller:<br \/>\n<strong>3st VOON Winter Green<\/strong><br \/>\n<strong>2st Voon Snazzy Tangerine<\/strong><\/p>","protected":false},"featured_media":261074,"comment_status":"open","ping_status":"closed","template":"","meta":{"site-sidebar-layout":"default","site-content-layout":"","ast-site-content-layout":"default","site-content-style":"default","site-sidebar-style":"default","ast-global-header-display":"","ast-banner-title-visibility":"","ast-main-header-display":"","ast-hfb-above-header-display":"","ast-hfb-below-header-display":"","ast-hfb-mobile-header-display":"","site-post-title":"","ast-breadcrumbs-content":"","ast-featured-img":"","footer-sml-layout":"","ast-disable-related-posts":"","theme-transparent-header-meta":"","adv-header-id-meta":"","stick-header-meta":"","header-above-stick-meta":"","header-main-stick-meta":"","header-below-stick-meta":"","astra-migrate-meta-layouts":"default","ast-page-background-enabled":"default","ast-page-background-meta":{"desktop":{"background-color":"var(--ast-global-color-4)","background-image":"","background-repeat":"repeat","background-position":"center center","background-size":"auto","background-attachment":"scroll","background-type":"","background-media":"","overlay-type":"","overlay-color":"","overlay-opacity":"","overlay-gradient":""},"tablet":{"background-color":"","background-image":"","background-repeat":"repeat","background-position":"center center","background-size":"auto","background-attachment":"scroll","background-type":"","background-media":"","overlay-type":"","overlay-color":"","overlay-opacity":"","overlay-gradient":""},"mobile":{"background-color":"","background-image":"","background-repeat":"repeat","background-position":"center center","background-size":"auto","background-attachment":"scroll","background-type":"","background-media":"","overlay-type":"","overlay-color":"","overlay-opacity":"","overlay-gradient":""}},"ast-content-background-meta":{"desktop":{"background-color":"var(--ast-global-color-5)","background-image":"","background-repeat":"repeat","background-position":"center center","background-size":"auto","background-attachment":"scroll","background-type":"","background-media":"","overlay-type":"","overlay-color":"","overlay-opacity":"","overlay-gradient":""},"tablet":{"background-color":"var(--ast-global-color-5)","background-image":"","background-repeat":"repeat","background-position":"center center","background-size":"auto","background-attachment":"scroll","background-type":"","background-media":"","overlay-type":"","overlay-color":"","overlay-opacity":"","overlay-gradient":""},"mobile":{"background-color":"var(--ast-global-color-5)","background-image":"","background-repeat":"repeat","background-position":"center center","background-size":"auto","background-attachment":"scroll","background-type":"","background-media":"","overlay-type":"","overlay-color":"","overlay-opacity":"","overlay-gradient":""}}},"product_brand":[],"product_cat":[359,331],"product_tag":[],"superdeal":[],"product_variant_id":[],"class_list":{"0":"post-259650","1":"product","2":"type-product","3":"status-publish","4":"has-post-thumbnail","6":"product_cat-cbd-snus-cbd-g-n","7":"product_cat-cbd-g-n","8":"desktop-align-center","9":"tablet-align-left","10":"mobile-align-left","11":"ast-product-gallery-layout-horizontal-slider","12":"ast-magnify-disabled","13":"ast-product-tabs-layout-horizontal","15":"first","16":"outofstock","17":"sale","18":"taxable","19":"shipping-taxable","20":"purchasable","21":"product-type-simple"},"yoast_head":"<!-- This site is optimized with the Yoast SEO Premium plugin v26.9 (Yoast SEO v26.9) - https:\/\/yoast.com\/product\/yoast-seo-premium-wordpress\/ -->\n<title>5 st Voon snus<\/title>\n<meta name=\"description\" content=\"5 st Voon snus. 3st VOON Winter Green2st Voon Snazzy Tangerine. Passa p\u00e5 att testa p\u00e5 voon med det h\u00e4r fantastiska erbjudandet.\" \/>\n<meta name=\"robots\" content=\"noindex, follow, max-snippet:-1, max-image-preview:large, max-video-preview:-1\" \/>\n<meta property=\"og:locale\" content=\"da_DK\" \/>\n<meta property=\"og:type\" content=\"article\" \/>\n<meta property=\"og:title\" content=\"SUPER DEAL! 5st Voon Snus\" \/>\n<meta property=\"og:description\" content=\"SUPER DEAL! 5st Voon Snus. 3st VOON Winter Green2st Voon Snazzy Tangerine. Passa p\u00e5 att testa p\u00e5 voon med det h\u00e4r fantastiska erbjudandet.\" \/>\n<meta property=\"og:url\" content=\"https:\/\/www.swizzle.se\/produkt\/superdeal-5st-voon-snus\/\" \/>\n<meta property=\"og:site_name\" content=\"Swizzle\" \/>\n<meta property=\"article:modified_time\" content=\"2025-11-14T10:28:48+00:00\" \/>\n<meta property=\"og:image\" content=\"https:\/\/www.swizzle.se\/wp-content\/uploads\/2025\/06\/ratt-bakrund-canadips-18-1.jpg\" \/>\n\t<meta property=\"og:image:width\" content=\"600\" \/>\n\t<meta property=\"og:image:height\" content=\"600\" \/>\n\t<meta property=\"og:image:type\" content=\"image\/jpeg\" \/>\n<meta name=\"twitter:card\" content=\"summary_large_image\" \/>\n<meta name=\"twitter:title\" content=\"SUPER DEAL! 5st Voon Snus\" \/>\n<meta name=\"twitter:description\" content=\"SUPER DEAL! 5st Voon Snus. 3st VOON Winter Green2st Voon Snazzy Tangerine. Passa p\u00e5 att testa p\u00e5 voon med det h\u00e4r fantastiska erbjudandet.\" \/>\n<meta name=\"twitter:label1\" content=\"Pris\" \/>\n\t<meta name=\"twitter:data1\" content=\"165.00&nbsp;&#107;&#114;\" \/>\n\t<meta name=\"twitter:label2\" content=\"Tilg\u00e6ngelighed\" \/>\n\t<meta name=\"twitter:data2\" content=\"Ikke p\u00e5 lager\" \/>\n<script type=\"application\/ld+json\" class=\"yoast-schema-graph\">{\"@context\":\"https:\/\/schema.org\",\"@graph\":[{\"@type\":\"WebPage\",\"@id\":\"https:\/\/www.swizzle.se\/produkt\/superdeal-5st-voon-snus\/\",\"url\":\"https:\/\/www.swizzle.se\/produkt\/superdeal-5st-voon-snus\/\",\"name\":\"5 st Voon snus\",\"isPartOf\":{\"@id\":\"https:\/\/staging.swizzle.se\/#website\"},\"primaryImageOfPage\":{\"@id\":\"https:\/\/www.swizzle.se\/produkt\/superdeal-5st-voon-snus\/#primaryimage\"},\"image\":{\"@id\":\"https:\/\/www.swizzle.se\/produkt\/superdeal-5st-voon-snus\/#primaryimage\"},\"thumbnailUrl\":\"https:\/\/staging.swizzle.se\/wp-content\/uploads\/2025\/06\/ratt-bakrund-canadips-18-1.jpg\",\"datePublished\":\"2024-10-04T14:43:49+00:00\",\"dateModified\":\"2025-11-14T10:28:48+00:00\",\"description\":\"5 st Voon snus. 3st VOON Winter Green2st Voon Snazzy Tangerine. Passa p\u00e5 att testa p\u00e5 voon med det h\u00e4r fantastiska erbjudandet.\",\"breadcrumb\":{\"@id\":\"https:\/\/www.swizzle.se\/produkt\/superdeal-5st-voon-snus\/#breadcrumb\"},\"inLanguage\":\"da-DK\",\"potentialAction\":[{\"@type\":\"ReadAction\",\"target\":[\"https:\/\/www.swizzle.se\/produkt\/superdeal-5st-voon-snus\/\"]}]},{\"@type\":\"ImageObject\",\"inLanguage\":\"da-DK\",\"@id\":\"https:\/\/www.swizzle.se\/produkt\/superdeal-5st-voon-snus\/#primaryimage\",\"url\":\"https:\/\/staging.swizzle.se\/wp-content\/uploads\/2025\/06\/ratt-bakrund-canadips-18-1.jpg\",\"contentUrl\":\"https:\/\/staging.swizzle.se\/wp-content\/uploads\/2025\/06\/ratt-bakrund-canadips-18-1.jpg\",\"width\":600,\"height\":600,\"caption\":\"Bild voon\"},{\"@type\":\"BreadcrumbList\",\"@id\":\"https:\/\/www.swizzle.se\/produkt\/superdeal-5st-voon-snus\/#breadcrumb\",\"itemListElement\":[{\"@type\":\"ListItem\",\"position\":1,\"name\":\"Home\",\"item\":\"https:\/\/www.swizzle.se\/\"},{\"@type\":\"ListItem\",\"position\":2,\"name\":\"Shop\",\"item\":\"https:\/\/www.swizzle.se\/shop\/\"},{\"@type\":\"ListItem\",\"position\":3,\"name\":\"CANNABINOIDER\",\"item\":\"https:\/\/www.swizzle.se\/produkt-kategori\/cannabinoider\/\"},{\"@type\":\"ListItem\",\"position\":4,\"name\":\"CBD\/G\/N\",\"item\":\"https:\/\/www.swizzle.se\/produkt-kategori\/cannabinoider\/cbd-g-n\/\"},{\"@type\":\"ListItem\",\"position\":5,\"name\":\"CBD SNUS\",\"item\":\"https:\/\/www.swizzle.se\/produkt-kategori\/cannabinoider\/cbd-g-n\/cbd-snus-cbd-g-n\/\"},{\"@type\":\"ListItem\",\"position\":6,\"name\":\"SUPER DEAL! 5st Voon Snus\"}]},{\"@type\":\"WebSite\",\"@id\":\"https:\/\/staging.swizzle.se\/#website\",\"url\":\"https:\/\/staging.swizzle.se\/\",\"name\":\"Swizzle\",\"description\":\"Nikotin CBD Vapes Snus White Portion\",\"publisher\":{\"@id\":\"https:\/\/staging.swizzle.se\/#organization\"},\"potentialAction\":[{\"@type\":\"SearchAction\",\"target\":{\"@type\":\"EntryPoint\",\"urlTemplate\":\"https:\/\/staging.swizzle.se\/?s={search_term_string}\"},\"query-input\":{\"@type\":\"PropertyValueSpecification\",\"valueRequired\":true,\"valueName\":\"search_term_string\"}}],\"inLanguage\":\"da-DK\"},{\"@type\":\"Organization\",\"@id\":\"https:\/\/staging.swizzle.se\/#organization\",\"name\":\"Swizzle\",\"url\":\"https:\/\/staging.swizzle.se\/\",\"logo\":{\"@type\":\"ImageObject\",\"inLanguage\":\"da-DK\",\"@id\":\"https:\/\/staging.swizzle.se\/#\/schema\/logo\/image\/\",\"url\":\"https:\/\/staging.swizzle.se\/wp-content\/uploads\/2025\/10\/cropped-SWIZZLE.-4.png\",\"contentUrl\":\"https:\/\/staging.swizzle.se\/wp-content\/uploads\/2025\/10\/cropped-SWIZZLE.-4.png\",\"width\":800,\"height\":267,\"caption\":\"Swizzle\"},\"image\":{\"@id\":\"https:\/\/staging.swizzle.se\/#\/schema\/logo\/image\/\"},\"hasMerchantReturnPolicy\":{\"@type\":\"MerchantReturnPolicy\",\"merchantReturnLink\":\"https:\/\/staging.swizzle.se\/dk\/villkor\/\"}}]}<\/script>\n<meta property=\"product:price:amount\" content=\"165.00\" \/>\n<meta property=\"product:price:currency\" content=\"SEK\" \/>\n<meta property=\"og:availability\" content=\"out of stock\" \/>\n<meta property=\"product:availability\" content=\"out of stock\" \/>\n<meta property=\"product:retailer_item_id\" content=\"VOONDEAL\" \/>\n<meta property=\"product:condition\" content=\"new\" \/>\n<!-- \/ Yoast SEO Premium plugin. -->","yoast_head_json":{"title":"5 st Voon snus","description":"5 st Voon snus. 3st VOON Winter Green2st Voon Snazzy Tangerine. Passa p\u00e5 att testa p\u00e5 voon med det h\u00e4r fantastiska erbjudandet.","robots":{"index":"noindex","follow":"follow","max-snippet":"max-snippet:-1","max-image-preview":"max-image-preview:large","max-video-preview":"max-video-preview:-1"},"og_locale":"da_DK","og_type":"article","og_title":"SUPER DEAL! 5st Voon Snus","og_description":"SUPER DEAL! 5st Voon Snus. 3st VOON Winter Green2st Voon Snazzy Tangerine. Passa p\u00e5 att testa p\u00e5 voon med det h\u00e4r fantastiska erbjudandet.","og_url":"https:\/\/www.swizzle.se\/produkt\/superdeal-5st-voon-snus\/","og_site_name":"Swizzle","article_modified_time":"2025-11-14T10:28:48+00:00","og_image":[{"width":600,"height":600,"url":"https:\/\/www.swizzle.se\/wp-content\/uploads\/2025\/06\/ratt-bakrund-canadips-18-1.jpg","type":"image\/jpeg"}],"twitter_card":"summary_large_image","twitter_title":"SUPER DEAL! 5st Voon Snus","twitter_description":"SUPER DEAL! 5st Voon Snus. 3st VOON Winter Green2st Voon Snazzy Tangerine. Passa p\u00e5 att testa p\u00e5 voon med det h\u00e4r fantastiska erbjudandet.","twitter_misc":{"Pris":"165.00&nbsp;&#107;&#114;","Tilg\u00e6ngelighed":"Ikke p\u00e5 lager"},"schema":{"@context":"https:\/\/schema.org","@graph":[{"@type":"WebPage","@id":"https:\/\/www.swizzle.se\/produkt\/superdeal-5st-voon-snus\/","url":"https:\/\/www.swizzle.se\/produkt\/superdeal-5st-voon-snus\/","name":"5 st Voon snus","isPartOf":{"@id":"https:\/\/staging.swizzle.se\/#website"},"primaryImageOfPage":{"@id":"https:\/\/www.swizzle.se\/produkt\/superdeal-5st-voon-snus\/#primaryimage"},"image":{"@id":"https:\/\/www.swizzle.se\/produkt\/superdeal-5st-voon-snus\/#primaryimage"},"thumbnailUrl":"https:\/\/staging.swizzle.se\/wp-content\/uploads\/2025\/06\/ratt-bakrund-canadips-18-1.jpg","datePublished":"2024-10-04T14:43:49+00:00","dateModified":"2025-11-14T10:28:48+00:00","description":"5 st Voon snus. 3st VOON Winter Green2st Voon Snazzy Tangerine. Passa p\u00e5 att testa p\u00e5 voon med det h\u00e4r fantastiska erbjudandet.","breadcrumb":{"@id":"https:\/\/www.swizzle.se\/produkt\/superdeal-5st-voon-snus\/#breadcrumb"},"inLanguage":"da-DK","potentialAction":[{"@type":"ReadAction","target":["https:\/\/www.swizzle.se\/produkt\/superdeal-5st-voon-snus\/"]}]},{"@type":"ImageObject","inLanguage":"da-DK","@id":"https:\/\/www.swizzle.se\/produkt\/superdeal-5st-voon-snus\/#primaryimage","url":"https:\/\/staging.swizzle.se\/wp-content\/uploads\/2025\/06\/ratt-bakrund-canadips-18-1.jpg","contentUrl":"https:\/\/staging.swizzle.se\/wp-content\/uploads\/2025\/06\/ratt-bakrund-canadips-18-1.jpg","width":600,"height":600,"caption":"Bild voon"},{"@type":"BreadcrumbList","@id":"https:\/\/www.swizzle.se\/produkt\/superdeal-5st-voon-snus\/#breadcrumb","itemListElement":[{"@type":"ListItem","position":1,"name":"Home","item":"https:\/\/www.swizzle.se\/"},{"@type":"ListItem","position":2,"name":"Shop","item":"https:\/\/www.swizzle.se\/shop\/"},{"@type":"ListItem","position":3,"name":"CANNABINOIDER","item":"https:\/\/www.swizzle.se\/produkt-kategori\/cannabinoider\/"},{"@type":"ListItem","position":4,"name":"CBD\/G\/N","item":"https:\/\/www.swizzle.se\/produkt-kategori\/cannabinoider\/cbd-g-n\/"},{"@type":"ListItem","position":5,"name":"CBD SNUS","item":"https:\/\/www.swizzle.se\/produkt-kategori\/cannabinoider\/cbd-g-n\/cbd-snus-cbd-g-n\/"},{"@type":"ListItem","position":6,"name":"SUPER DEAL! 5st Voon Snus"}]},{"@type":"WebSite","@id":"https:\/\/staging.swizzle.se\/#website","url":"https:\/\/staging.swizzle.se\/","name":"Swizzle","description":"Nikotin CBD Vapes Snus Hvid Portion","publisher":{"@id":"https:\/\/staging.swizzle.se\/#organization"},"potentialAction":[{"@type":"SearchAction","target":{"@type":"EntryPoint","urlTemplate":"https:\/\/staging.swizzle.se\/?s={search_term_string}"},"query-input":{"@type":"PropertyValueSpecification","valueRequired":true,"valueName":"search_term_string"}}],"inLanguage":"da-DK"},{"@type":"Organization","@id":"https:\/\/staging.swizzle.se\/#organization","name":"Swizzle","url":"https:\/\/staging.swizzle.se\/","logo":{"@type":"ImageObject","inLanguage":"da-DK","@id":"https:\/\/staging.swizzle.se\/#\/schema\/logo\/image\/","url":"https:\/\/staging.swizzle.se\/wp-content\/uploads\/2025\/10\/cropped-SWIZZLE.-4.png","contentUrl":"https:\/\/staging.swizzle.se\/wp-content\/uploads\/2025\/10\/cropped-SWIZZLE.-4.png","width":800,"height":267,"caption":"Swizzle"},"image":{"@id":"https:\/\/staging.swizzle.se\/#\/schema\/logo\/image\/"},"hasMerchantReturnPolicy":{"@type":"MerchantReturnPolicy","merchantReturnLink":"https:\/\/staging.swizzle.se\/dk\/villkor\/"}}]},"product_price_amount":"165.00","product_price_currency":"SEK","og_availability":"out of stock","product_availability":"out of stock","product_retailer_item_id":"VOONDEAL","product_condition":"new"},"tiered_pricing_type":"fixed","tiered_pricing_fixed_rules":[],"tiered_pricing_product_settings":{"layout":"default","base_unit_name":{"singular":null,"plural":null},"default_variation":null},"tiered_pricing_minimum_quantity":null,"tiered_pricing_roles_data":[],"tiered_pricing_percentage_rules":[],"tiered_pricing_maximum_quantity":null,"tiered_pricing_quantity_step":null,"_links":{"self":[{"href":"https:\/\/staging.swizzle.se\/dk\/wp-json\/wp\/v2\/product\/259650","targetHints":{"allow":["GET"]}}],"collection":[{"href":"https:\/\/staging.swizzle.se\/dk\/wp-json\/wp\/v2\/product"}],"about":[{"href":"https:\/\/staging.swizzle.se\/dk\/wp-json\/wp\/v2\/types\/product"}],"replies":[{"embeddable":true,"href":"https:\/\/staging.swizzle.se\/dk\/wp-json\/wp\/v2\/comments?post=259650"}],"version-history":[{"count":0,"href":"https:\/\/staging.swizzle.se\/dk\/wp-json\/wp\/v2\/product\/259650\/revisions"}],"wp:featuredmedia":[{"embeddable":true,"href":"https:\/\/staging.swizzle.se\/dk\/wp-json\/wp\/v2\/media\/261074"}],"wp:attachment":[{"href":"https:\/\/staging.swizzle.se\/dk\/wp-json\/wp\/v2\/media?parent=259650"}],"wp:term":[{"taxonomy":"product_brand","embeddable":true,"href":"https:\/\/staging.swizzle.se\/dk\/wp-json\/wp\/v2\/product_brand?post=259650"},{"taxonomy":"product_cat","embeddable":true,"href":"https:\/\/staging.swizzle.se\/dk\/wp-json\/wp\/v2\/product_cat?post=259650"},{"taxonomy":"product_tag","embeddable":true,"href":"https:\/\/staging.swizzle.se\/dk\/wp-json\/wp\/v2\/product_tag?post=259650"},{"taxonomy":"superdeal","embeddable":true,"href":"https:\/\/staging.swizzle.se\/dk\/wp-json\/wp\/v2\/superdeal?post=259650"},{"taxonomy":"product_variant_id","embeddable":true,"href":"https:\/\/staging.swizzle.se\/dk\/wp-json\/wp\/v2\/product_variant_id?post=259650"}],"curies":[{"name":"wp","href":"https:\/\/api.w.org\/{rel}","templated":true}]}}