{"id":259561,"date":"2024-09-29T16:38:04","date_gmt":"2024-09-29T16:38:04","guid":{"rendered":"https:\/\/new.staging.swizzle.se\/produkt\/cannabis-choklad-med-cbd-och-hampa-fron\/"},"modified":"2026-02-04T17:53:38","modified_gmt":"2026-02-04T17:53:38","slug":"euphoria-mjolk-choklad-100mg-cbd","status":"publish","type":"product","link":"https:\/\/staging.swizzle.se\/dk\/product-2\/euphoria-mjolk-choklad-100mg-cbd\/","title":{"rendered":"Euphoria Mj\u00f6lk Choklad 100mg CBD"},"content":{"rendered":"<p id=\"tw-target-text\" class=\"tw-data-text tw-text-large tw-ta\" dir=\"ltr\" data-placeholder=\"Translation\" data-ved=\"2ahUKEwj1l7G1xOiIAxXpFRAIHVDdEIMQ3ewLegQICBAU\" aria-label=\"Translated text: Uppt\u00e4ck det l\u00e4ckra s\u00e4ttet till v\u00e4lbefinnande. V\u00e5r Euphoria Dark Chocolate, infunderad med 100 mg CBD, erbjuder flera l\u00e4ckra doser. Tillverkad med 70 % m\u00f6rk choklad, det \u00e4r en goding som inte bara tillfredsst\u00e4ller dina smakl\u00f6kar utan ocks\u00e5 st\u00f6djer ditt v\u00e4lbefinnande. Det som g\u00f6r Euphoria Dark Chocolate med 100 mg CBD s\u00e5 speciellt \u00e4r inkluderingen av 10 % hampafr\u00f6n. \u00c4ven om hampafr\u00f6n inte bidrar till den totala CBD, \u00e4r de en utm\u00e4rkt k\u00e4lla till alla nio aminosyrorna. F\u00f6rdelar med aminosyror Aminosyror ger ett brett utbud av h\u00e4lsof\u00f6rdelar som vanligtvis inte finns i CBD-bara produkter. Frisk hud, h\u00e5r och naglar \u00e4r enorma f\u00f6rdelar med aminosyror och har vetenskapligt bevisats h\u00e5lla ditt yttre utseende obefl\u00e4ckat. Matsm\u00e4ltningsreglering \u00e4r ocks\u00e5 en viktig funktion f\u00f6r aminosyror. Tarmh\u00e4lsa \u00e4r inte n\u00e5got att ta l\u00e4tt p\u00e5 och \u00e4r avg\u00f6rande f\u00f6r att h\u00e5lla ditt matsm\u00e4ltningssystem ig\u00e5ng smidigt. Aminosyror ger ocks\u00e5 ditt immunf\u00f6rsvar en boost. De hj\u00e4lper till att avv\u00e4rja f\u00f6rkylningar och influensa f\u00f6r att f\u00e5 dig att njuta av livet med f\u00e4rre motg\u00e5ngar. De \u00e4r ocks\u00e5 bra f\u00f6r h\u00e5r och naglar och \u00f6kar till och med din \u00f6vergripande energi.\"><span class=\"Y2IQFc\" lang=\"sv\">Uppt\u00e4ck det smakfulla s\u00e4ttet till v\u00e4lbefinnande. V\u00e5r Euphoria Mj\u00f6lk Choklad, med 100mg CBD, erbjuder flera l\u00e4ckra doser. Det som g\u00f6r Euphorias Mj\u00f6lk Choklad med 100mg CBD s\u00e5 speciell \u00e4r att den inneh\u00e5ller 10% hampafr\u00f6n. \u00c4ven om hampafr\u00f6n inte bidrar till den totala CBD m\u00e4ngden, \u00e4r de en utm\u00e4rkt k\u00e4lla till alla nio aminosyrorna. <\/span><\/p>\n<p class=\"tw-data-text tw-text-large tw-ta\" dir=\"ltr\" data-placeholder=\"Translation\" data-ved=\"2ahUKEwj1l7G1xOiIAxXpFRAIHVDdEIMQ3ewLegQICBAU\" aria-label=\"Translated text: Uppt\u00e4ck det l\u00e4ckra s\u00e4ttet till v\u00e4lbefinnande. V\u00e5r Euphoria Dark Chocolate, infunderad med 100 mg CBD, erbjuder flera l\u00e4ckra doser. Tillverkad med 70 % m\u00f6rk choklad, det \u00e4r en goding som inte bara tillfredsst\u00e4ller dina smakl\u00f6kar utan ocks\u00e5 st\u00f6djer ditt v\u00e4lbefinnande. Det som g\u00f6r Euphoria Dark Chocolate med 100 mg CBD s\u00e5 speciellt \u00e4r inkluderingen av 10 % hampafr\u00f6n. \u00c4ven om hampafr\u00f6n inte bidrar till den totala CBD, \u00e4r de en utm\u00e4rkt k\u00e4lla till alla nio aminosyrorna. F\u00f6rdelar med aminosyror Aminosyror ger ett brett utbud av h\u00e4lsof\u00f6rdelar som vanligtvis inte finns i CBD-bara produkter. Frisk hud, h\u00e5r och naglar \u00e4r enorma f\u00f6rdelar med aminosyror och har vetenskapligt bevisats h\u00e5lla ditt yttre utseende obefl\u00e4ckat. Matsm\u00e4ltningsreglering \u00e4r ocks\u00e5 en viktig funktion f\u00f6r aminosyror. Tarmh\u00e4lsa \u00e4r inte n\u00e5got att ta l\u00e4tt p\u00e5 och \u00e4r avg\u00f6rande f\u00f6r att h\u00e5lla ditt matsm\u00e4ltningssystem ig\u00e5ng smidigt. Aminosyror ger ocks\u00e5 ditt immunf\u00f6rsvar en boost. De hj\u00e4lper till att avv\u00e4rja f\u00f6rkylningar och influensa f\u00f6r att f\u00e5 dig att njuta av livet med f\u00e4rre motg\u00e5ngar. De \u00e4r ocks\u00e5 bra f\u00f6r h\u00e5r och naglar och \u00f6kar till och med din \u00f6vergripande energi.\"><span class=\"Y2IQFc\" lang=\"sv\"><strong>F\u00f6rdelar med aminosyror<\/strong> Aminosyror ger ett brett spektrum av h\u00e4lsof\u00f6rdelar som vanligtvis inte finns i enbart i CBD produkter. Frisk hud, h\u00e5r och naglar \u00e4r enorma f\u00f6rdelar med aminosyror och har vetenskapligt bevisats h\u00e5lla ditt yttre utseende obefl\u00e4ckat. Matsm\u00e4ltningsreglering \u00e4r ocks\u00e5 en viktig funktion f\u00f6r aminosyror. Tarmh\u00e4lsa \u00e4r inte n\u00e5got att ta l\u00e4tt p\u00e5 och \u00e4r avg\u00f6rande f\u00f6r att h\u00e5lla ditt matsm\u00e4ltningssystem ig\u00e5ng. Aminosyror ger ocks\u00e5 ditt immunf\u00f6rsvar en boost. De hj\u00e4lper till att avv\u00e4rja f\u00f6rkylningar och influensa f\u00f6r att f\u00e5 dig att njuta av livet. De \u00e4r ocks\u00e5 bra f\u00f6r h\u00e5r och naglar och \u00f6kar till och med din energi.<\/span><\/p>\n<p dir=\"ltr\" data-placeholder=\"Translation\" data-ved=\"2ahUKEwj1l7G1xOiIAxXpFRAIHVDdEIMQ3ewLegQICBAU\" aria-label=\"Translated text: Uppt\u00e4ck det l\u00e4ckra s\u00e4ttet till v\u00e4lbefinnande. V\u00e5r Euphoria Dark Chocolate, infunderad med 100 mg CBD, erbjuder flera l\u00e4ckra doser. Tillverkad med 70 % m\u00f6rk choklad, det \u00e4r en goding som inte bara tillfredsst\u00e4ller dina smakl\u00f6kar utan ocks\u00e5 st\u00f6djer ditt v\u00e4lbefinnande. Det som g\u00f6r Euphoria Dark Chocolate med 100 mg CBD s\u00e5 speciellt \u00e4r inkluderingen av 10 % hampafr\u00f6n. \u00c4ven om hampafr\u00f6n inte bidrar till den totala CBD, \u00e4r de en utm\u00e4rkt k\u00e4lla till alla nio aminosyrorna. F\u00f6rdelar med aminosyror Aminosyror ger ett brett utbud av h\u00e4lsof\u00f6rdelar som vanligtvis inte finns i CBD-bara produkter. Frisk hud, h\u00e5r och naglar \u00e4r enorma f\u00f6rdelar med aminosyror och har vetenskapligt bevisats h\u00e5lla ditt yttre utseende obefl\u00e4ckat. Matsm\u00e4ltningsreglering \u00e4r ocks\u00e5 en viktig funktion f\u00f6r aminosyror. Tarmh\u00e4lsa \u00e4r inte n\u00e5got att ta l\u00e4tt p\u00e5 och \u00e4r avg\u00f6rande f\u00f6r att h\u00e5lla ditt matsm\u00e4ltningssystem ig\u00e5ng smidigt. Aminosyror ger ocks\u00e5 ditt immunf\u00f6rsvar en boost. De hj\u00e4lper till att avv\u00e4rja f\u00f6rkylningar och influensa f\u00f6r att f\u00e5 dig att njuta av livet med f\u00e4rre motg\u00e5ngar. De \u00e4r ocks\u00e5 bra f\u00f6r h\u00e5r och naglar och \u00f6kar till och med din \u00f6vergripande energi.\"><strong>Bem\u00e6rk!<\/strong><br \/>\nDu skal v\u00e6re mindst 18 \u00e5r gammel for at k\u00f8be dette produkt. Det er ikke beregnet som medicin, kosttilskud eller naturprodukt. Vi opfordrer ikke til at indtage eller ryge dette produkt. Opbevar det utilg\u00e6ngeligt for b\u00f8rn Vi fraskriver os ethvert ansvar for, hvordan du som kunde bruger vores produkter. Vi s\u00e6lger dem til indsamlings- og prydform\u00e5l.<\/p>","protected":false},"excerpt":{"rendered":"<p class=\"ai-optimize-31 ai-optimize-introduction\" dir=\"ltr\" data-placeholder=\"Translation\" data-ved=\"2ahUKEwj1l7G1xOiIAxXpFRAIHVDdEIMQ3ewLegQICBAU\" aria-label=\"Translated text: Uppt\u00e4ck det l\u00e4ckra s\u00e4ttet till v\u00e4lbefinnande. V\u00e5r Euphoria Dark Chocolate, infunderad med 100 mg CBD, erbjuder flera l\u00e4ckra doser. Tillverkad med 70 % m\u00f6rk choklad, det \u00e4r en goding som inte bara tillfredsst\u00e4ller dina smakl\u00f6kar utan ocks\u00e5 st\u00f6djer ditt v\u00e4lbefinnande. Det som g\u00f6r Euphoria Dark Chocolate med 100 mg CBD s\u00e5 speciellt \u00e4r inkluderingen av 10 % hampafr\u00f6n. \u00c4ven om hampafr\u00f6n inte bidrar till den totala CBD, \u00e4r de en utm\u00e4rkt k\u00e4lla till alla nio aminosyrorna. F\u00f6rdelar med aminosyror Aminosyror ger ett brett utbud av h\u00e4lsof\u00f6rdelar som vanligtvis inte finns i CBD-bara produkter. Frisk hud, h\u00e5r och naglar \u00e4r enorma f\u00f6rdelar med aminosyror och har vetenskapligt bevisats h\u00e5lla ditt yttre utseende obefl\u00e4ckat. Matsm\u00e4ltningsreglering \u00e4r ocks\u00e5 en viktig funktion f\u00f6r aminosyror. Tarmh\u00e4lsa \u00e4r inte n\u00e5got att ta l\u00e4tt p\u00e5 och \u00e4r avg\u00f6rande f\u00f6r att h\u00e5lla ditt matsm\u00e4ltningssystem ig\u00e5ng smidigt. Aminosyror ger ocks\u00e5 ditt immunf\u00f6rsvar en boost. De hj\u00e4lper till att avv\u00e4rja f\u00f6rkylningar och influensa f\u00f6r att f\u00e5 dig att njuta av livet med f\u00e4rre motg\u00e5ngar. De \u00e4r ocks\u00e5 bra f\u00f6r h\u00e5r och naglar och \u00f6kar till och med din \u00f6vergripande energi.\"><strong>Mj\u00f6lk Choklad med 100mg CBD fr\u00e5n Euphoria<\/strong><\/p>\n<p id=\"tw-target-text\" class=\"tw-data-text tw-text-large tw-ta ai-optimize-30\" dir=\"ltr\" data-placeholder=\"Translation\" data-ved=\"2ahUKEwj1l7G1xOiIAxXpFRAIHVDdEIMQ3ewLegQICBAU\" aria-label=\"Translated text: Uppt\u00e4ck det l\u00e4ckra s\u00e4ttet till v\u00e4lbefinnande. V\u00e5r Euphoria Dark Chocolate, infunderad med 100 mg CBD, erbjuder flera l\u00e4ckra doser. Tillverkad med 70 % m\u00f6rk choklad, det \u00e4r en goding som inte bara tillfredsst\u00e4ller dina smakl\u00f6kar utan ocks\u00e5 st\u00f6djer ditt v\u00e4lbefinnande. Det som g\u00f6r Euphoria Dark Chocolate med 100 mg CBD s\u00e5 speciellt \u00e4r inkluderingen av 10 % hampafr\u00f6n. \u00c4ven om hampafr\u00f6n inte bidrar till den totala CBD, \u00e4r de en utm\u00e4rkt k\u00e4lla till alla nio aminosyrorna. F\u00f6rdelar med aminosyror Aminosyror ger ett brett utbud av h\u00e4lsof\u00f6rdelar som vanligtvis inte finns i CBD-bara produkter. Frisk hud, h\u00e5r och naglar \u00e4r enorma f\u00f6rdelar med aminosyror och har vetenskapligt bevisats h\u00e5lla ditt yttre utseende obefl\u00e4ckat. Matsm\u00e4ltningsreglering \u00e4r ocks\u00e5 en viktig funktion f\u00f6r aminosyror. Tarmh\u00e4lsa \u00e4r inte n\u00e5got att ta l\u00e4tt p\u00e5 och \u00e4r avg\u00f6rande f\u00f6r att h\u00e5lla ditt matsm\u00e4ltningssystem ig\u00e5ng smidigt. Aminosyror ger ocks\u00e5 ditt immunf\u00f6rsvar en boost. De hj\u00e4lper till att avv\u00e4rja f\u00f6rkylningar och influensa f\u00f6r att f\u00e5 dig att njuta av livet med f\u00e4rre motg\u00e5ngar. De \u00e4r ocks\u00e5 bra f\u00f6r h\u00e5r och naglar och \u00f6kar till och med din \u00f6vergripande energi.\"><span class=\"Y2IQFc\" lang=\"sv\">Uppt\u00e4ck det smakfulla s\u00e4ttet till v\u00e4lbefinnande. V\u00e5r Euphoria Choklad, med 100mg CBD, erbjuder flera l\u00e4ckra doser.<\/span><\/p>","protected":false},"featured_media":273777,"comment_status":"open","ping_status":"closed","template":"","meta":{"site-sidebar-layout":"default","site-content-layout":"","ast-site-content-layout":"default","site-content-style":"default","site-sidebar-style":"default","ast-global-header-display":"","ast-banner-title-visibility":"","ast-main-header-display":"","ast-hfb-above-header-display":"","ast-hfb-below-header-display":"","ast-hfb-mobile-header-display":"","site-post-title":"","ast-breadcrumbs-content":"","ast-featured-img":"","footer-sml-layout":"","ast-disable-related-posts":"","theme-transparent-header-meta":"default","adv-header-id-meta":"","stick-header-meta":"default","header-above-stick-meta":"","header-main-stick-meta":"","header-below-stick-meta":"","astra-migrate-meta-layouts":"set","ast-page-background-enabled":"default","ast-page-background-meta":{"desktop":{"background-color":"var(--ast-global-color-4)","background-image":"","background-repeat":"repeat","background-position":"center center","background-size":"auto","background-attachment":"scroll","background-type":"","background-media":"","overlay-type":"","overlay-color":"","overlay-opacity":"","overlay-gradient":""},"tablet":{"background-color":"","background-image":"","background-repeat":"repeat","background-position":"center center","background-size":"auto","background-attachment":"scroll","background-type":"","background-media":"","overlay-type":"","overlay-color":"","overlay-opacity":"","overlay-gradient":""},"mobile":{"background-color":"","background-image":"","background-repeat":"repeat","background-position":"center center","background-size":"auto","background-attachment":"scroll","background-type":"","background-media":"","overlay-type":"","overlay-color":"","overlay-opacity":"","overlay-gradient":""}},"ast-content-background-meta":{"desktop":{"background-color":"var(--ast-global-color-5)","background-image":"","background-repeat":"repeat","background-position":"center center","background-size":"auto","background-attachment":"scroll","background-type":"","background-media":"","overlay-type":"","overlay-color":"","overlay-opacity":"","overlay-gradient":""},"tablet":{"background-color":"var(--ast-global-color-5)","background-image":"","background-repeat":"repeat","background-position":"center center","background-size":"auto","background-attachment":"scroll","background-type":"","background-media":"","overlay-type":"","overlay-color":"","overlay-opacity":"","overlay-gradient":""},"mobile":{"background-color":"var(--ast-global-color-5)","background-image":"","background-repeat":"repeat","background-position":"center center","background-size":"auto","background-attachment":"scroll","background-type":"","background-media":"","overlay-type":"","overlay-color":"","overlay-opacity":"","overlay-gradient":""}}},"product_brand":[738],"product_cat":[365,354],"product_tag":[],"superdeal":[],"product_variant_id":[],"class_list":{"0":"post-259561","1":"product","2":"type-product","3":"status-publish","4":"has-post-thumbnail","6":"product_brand-euphoria","7":"product_cat-choklad","8":"product_cat-edibles","9":"desktop-align-center","10":"tablet-align-left","11":"mobile-align-left","12":"ast-product-gallery-layout-horizontal-slider","13":"ast-product-gallery-with-no-image","14":"ast-magnify-disabled","15":"ast-product-tabs-layout-horizontal","17":"first","18":"instock","19":"taxable","20":"shipping-taxable","21":"purchasable","22":"product-type-simple"},"yoast_head":"<!-- This site is optimized with the Yoast SEO Premium plugin v26.9 (Yoast SEO v26.9) - https:\/\/yoast.com\/product\/yoast-seo-premium-wordpress\/ -->\n<title>Euphoria Mj\u00f6lk Choklad 100mg CBD<\/title>\n<meta name=\"description\" content=\"Euphoria Mj\u00f6lk Choklad 100mg CBD. Uppt\u00e4ck det smakfulla s\u00e4ttet till v\u00e4lbefinnande. V\u00e5r Euphoria Mj\u00f6lk Choklad, med 100mg CBD.\" \/>\n<meta name=\"robots\" content=\"noindex, follow, max-snippet:-1, max-image-preview:large, max-video-preview:-1\" \/>\n<meta property=\"og:locale\" content=\"da_DK\" \/>\n<meta property=\"og:type\" content=\"article\" \/>\n<meta property=\"og:title\" content=\"Euphoria M\u00f6rk Choklad 100mg CBD\" \/>\n<meta property=\"og:description\" content=\"Euphoria Mj\u00f6lk Choklad 100mg CBD. Uppt\u00e4ck det smakfulla s\u00e4ttet till v\u00e4lbefinnande. V\u00e5r Euphoria Mj\u00f6lk Choklad, med 100mg CBD.\" \/>\n<meta property=\"og:url\" content=\"https:\/\/www.swizzle.se\/produkt\/euphoria-mjolk-choklad-100mg-cbd\/\" \/>\n<meta property=\"og:site_name\" content=\"Swizzle\" \/>\n<meta property=\"article:modified_time\" content=\"2026-02-04T17:53:38+00:00\" \/>\n<meta property=\"og:image\" content=\"https:\/\/www.swizzle.se\/wp-content\/uploads\/2024\/09\/c2e9f9903d377972a263f6cae871ed15-cannabis-chocolate-with-cbd-milk-100-mg-cbd-1-1.webp\" \/>\n\t<meta property=\"og:image:width\" content=\"1500\" \/>\n\t<meta property=\"og:image:height\" content=\"1500\" \/>\n\t<meta property=\"og:image:type\" content=\"image\/webp\" \/>\n<meta name=\"twitter:card\" content=\"summary_large_image\" \/>\n<meta name=\"twitter:title\" content=\"Euphoria M\u00f6rk Choklad 100mg CBD\" \/>\n<meta name=\"twitter:label1\" content=\"Pris\" \/>\n\t<meta name=\"twitter:data1\" content=\"69.00&nbsp;&#107;&#114;\" \/>\n\t<meta name=\"twitter:label2\" content=\"Tilg\u00e6ngelighed\" \/>\n\t<meta name=\"twitter:data2\" content=\"P\u00e5 lager\" \/>\n<script type=\"application\/ld+json\" class=\"yoast-schema-graph\">{\"@context\":\"https:\/\/schema.org\",\"@graph\":[{\"@type\":\"WebPage\",\"@id\":\"https:\/\/www.swizzle.se\/produkt\/euphoria-mjolk-choklad-100mg-cbd\/\",\"url\":\"https:\/\/www.swizzle.se\/produkt\/euphoria-mjolk-choklad-100mg-cbd\/\",\"name\":\"Euphoria Mj\u00f6lk Choklad 100mg CBD\",\"isPartOf\":{\"@id\":\"https:\/\/staging.swizzle.se\/#website\"},\"primaryImageOfPage\":{\"@id\":\"https:\/\/www.swizzle.se\/produkt\/euphoria-mjolk-choklad-100mg-cbd\/#primaryimage\"},\"image\":{\"@id\":\"https:\/\/www.swizzle.se\/produkt\/euphoria-mjolk-choklad-100mg-cbd\/#primaryimage\"},\"thumbnailUrl\":\"https:\/\/staging.swizzle.se\/wp-content\/uploads\/2024\/09\/c2e9f9903d377972a263f6cae871ed15-cannabis-chocolate-with-cbd-milk-100-mg-cbd-1-1.webp\",\"datePublished\":\"2024-09-29T16:38:04+00:00\",\"dateModified\":\"2026-02-04T17:53:38+00:00\",\"description\":\"Euphoria Mj\u00f6lk Choklad 100mg CBD. Uppt\u00e4ck det smakfulla s\u00e4ttet till v\u00e4lbefinnande. V\u00e5r Euphoria Mj\u00f6lk Choklad, med 100mg CBD.\",\"breadcrumb\":{\"@id\":\"https:\/\/www.swizzle.se\/produkt\/euphoria-mjolk-choklad-100mg-cbd\/#breadcrumb\"},\"inLanguage\":\"da-DK\",\"potentialAction\":[{\"@type\":\"ReadAction\",\"target\":[\"https:\/\/www.swizzle.se\/produkt\/euphoria-mjolk-choklad-100mg-cbd\/\"]}]},{\"@type\":\"ImageObject\",\"inLanguage\":\"da-DK\",\"@id\":\"https:\/\/www.swizzle.se\/produkt\/euphoria-mjolk-choklad-100mg-cbd\/#primaryimage\",\"url\":\"https:\/\/staging.swizzle.se\/wp-content\/uploads\/2024\/09\/c2e9f9903d377972a263f6cae871ed15-cannabis-chocolate-with-cbd-milk-100-mg-cbd-1-1.webp\",\"contentUrl\":\"https:\/\/staging.swizzle.se\/wp-content\/uploads\/2024\/09\/c2e9f9903d377972a263f6cae871ed15-cannabis-chocolate-with-cbd-milk-100-mg-cbd-1-1.webp\",\"width\":1500,\"height\":1500,\"caption\":\"Bild euphoria\"},{\"@type\":\"BreadcrumbList\",\"@id\":\"https:\/\/www.swizzle.se\/produkt\/euphoria-mjolk-choklad-100mg-cbd\/#breadcrumb\",\"itemListElement\":[{\"@type\":\"ListItem\",\"position\":1,\"name\":\"Home\",\"item\":\"https:\/\/www.swizzle.se\/\"},{\"@type\":\"ListItem\",\"position\":2,\"name\":\"Shop\",\"item\":\"https:\/\/www.swizzle.se\/shop\/\"},{\"@type\":\"ListItem\",\"position\":3,\"name\":\"EDIBLES\",\"item\":\"https:\/\/www.swizzle.se\/produkt-kategori\/edibles\/\"},{\"@type\":\"ListItem\",\"position\":4,\"name\":\"CHOKLAD\",\"item\":\"https:\/\/www.swizzle.se\/produkt-kategori\/edibles\/choklad\/\"},{\"@type\":\"ListItem\",\"position\":5,\"name\":\"Euphoria Mj\u00f6lk Choklad 100mg CBD\"}]},{\"@type\":\"WebSite\",\"@id\":\"https:\/\/staging.swizzle.se\/#website\",\"url\":\"https:\/\/staging.swizzle.se\/\",\"name\":\"Swizzle\",\"description\":\"Nikotin CBD Vapes Snus White Portion\",\"publisher\":{\"@id\":\"https:\/\/staging.swizzle.se\/#organization\"},\"potentialAction\":[{\"@type\":\"SearchAction\",\"target\":{\"@type\":\"EntryPoint\",\"urlTemplate\":\"https:\/\/staging.swizzle.se\/?s={search_term_string}\"},\"query-input\":{\"@type\":\"PropertyValueSpecification\",\"valueRequired\":true,\"valueName\":\"search_term_string\"}}],\"inLanguage\":\"da-DK\"},{\"@type\":\"Organization\",\"@id\":\"https:\/\/staging.swizzle.se\/#organization\",\"name\":\"Swizzle\",\"url\":\"https:\/\/staging.swizzle.se\/\",\"logo\":{\"@type\":\"ImageObject\",\"inLanguage\":\"da-DK\",\"@id\":\"https:\/\/staging.swizzle.se\/#\/schema\/logo\/image\/\",\"url\":\"https:\/\/staging.swizzle.se\/wp-content\/uploads\/2025\/10\/cropped-SWIZZLE.-4.png\",\"contentUrl\":\"https:\/\/staging.swizzle.se\/wp-content\/uploads\/2025\/10\/cropped-SWIZZLE.-4.png\",\"width\":800,\"height\":267,\"caption\":\"Swizzle\"},\"image\":{\"@id\":\"https:\/\/staging.swizzle.se\/#\/schema\/logo\/image\/\"},\"hasMerchantReturnPolicy\":{\"@type\":\"MerchantReturnPolicy\",\"merchantReturnLink\":\"https:\/\/staging.swizzle.se\/dk\/villkor\/\"}}]}<\/script>\n<meta property=\"product:price:amount\" content=\"69.00\" \/>\n<meta property=\"product:price:currency\" content=\"SEK\" \/>\n<meta property=\"og:availability\" content=\"instock\" \/>\n<meta property=\"product:availability\" content=\"instock\" \/>\n<meta property=\"product:retailer_item_id\" content=\"887-1\" \/>\n<meta property=\"product:condition\" content=\"new\" \/>\n<!-- \/ Yoast SEO Premium plugin. -->","yoast_head_json":{"title":"Euphoria Mj\u00f6lk Choklad 100mg CBD","description":"Euphoria Mj\u00f6lk Choklad 100mg CBD. Uppt\u00e4ck det smakfulla s\u00e4ttet till v\u00e4lbefinnande. V\u00e5r Euphoria Mj\u00f6lk Choklad, med 100mg CBD.","robots":{"index":"noindex","follow":"follow","max-snippet":"max-snippet:-1","max-image-preview":"max-image-preview:large","max-video-preview":"max-video-preview:-1"},"og_locale":"da_DK","og_type":"article","og_title":"Euphoria M\u00f6rk Choklad 100mg CBD","og_description":"Euphoria Mj\u00f6lk Choklad 100mg CBD. Uppt\u00e4ck det smakfulla s\u00e4ttet till v\u00e4lbefinnande. V\u00e5r Euphoria Mj\u00f6lk Choklad, med 100mg CBD.","og_url":"https:\/\/www.swizzle.se\/produkt\/euphoria-mjolk-choklad-100mg-cbd\/","og_site_name":"Swizzle","article_modified_time":"2026-02-04T17:53:38+00:00","og_image":[{"width":1500,"height":1500,"url":"https:\/\/www.swizzle.se\/wp-content\/uploads\/2024\/09\/c2e9f9903d377972a263f6cae871ed15-cannabis-chocolate-with-cbd-milk-100-mg-cbd-1-1.webp","type":"image\/webp"}],"twitter_card":"summary_large_image","twitter_title":"Euphoria M\u00f6rk Choklad 100mg CBD","twitter_misc":{"Pris":"69.00&nbsp;&#107;&#114;","Tilg\u00e6ngelighed":"P\u00e5 lager"},"schema":{"@context":"https:\/\/schema.org","@graph":[{"@type":"WebPage","@id":"https:\/\/www.swizzle.se\/produkt\/euphoria-mjolk-choklad-100mg-cbd\/","url":"https:\/\/www.swizzle.se\/produkt\/euphoria-mjolk-choklad-100mg-cbd\/","name":"Euphoria Mj\u00f6lk Choklad 100mg CBD","isPartOf":{"@id":"https:\/\/staging.swizzle.se\/#website"},"primaryImageOfPage":{"@id":"https:\/\/www.swizzle.se\/produkt\/euphoria-mjolk-choklad-100mg-cbd\/#primaryimage"},"image":{"@id":"https:\/\/www.swizzle.se\/produkt\/euphoria-mjolk-choklad-100mg-cbd\/#primaryimage"},"thumbnailUrl":"https:\/\/staging.swizzle.se\/wp-content\/uploads\/2024\/09\/c2e9f9903d377972a263f6cae871ed15-cannabis-chocolate-with-cbd-milk-100-mg-cbd-1-1.webp","datePublished":"2024-09-29T16:38:04+00:00","dateModified":"2026-02-04T17:53:38+00:00","description":"Euphoria Mj\u00f6lk Choklad 100mg CBD. Uppt\u00e4ck det smakfulla s\u00e4ttet till v\u00e4lbefinnande. V\u00e5r Euphoria Mj\u00f6lk Choklad, med 100mg CBD.","breadcrumb":{"@id":"https:\/\/www.swizzle.se\/produkt\/euphoria-mjolk-choklad-100mg-cbd\/#breadcrumb"},"inLanguage":"da-DK","potentialAction":[{"@type":"ReadAction","target":["https:\/\/www.swizzle.se\/produkt\/euphoria-mjolk-choklad-100mg-cbd\/"]}]},{"@type":"ImageObject","inLanguage":"da-DK","@id":"https:\/\/www.swizzle.se\/produkt\/euphoria-mjolk-choklad-100mg-cbd\/#primaryimage","url":"https:\/\/staging.swizzle.se\/wp-content\/uploads\/2024\/09\/c2e9f9903d377972a263f6cae871ed15-cannabis-chocolate-with-cbd-milk-100-mg-cbd-1-1.webp","contentUrl":"https:\/\/staging.swizzle.se\/wp-content\/uploads\/2024\/09\/c2e9f9903d377972a263f6cae871ed15-cannabis-chocolate-with-cbd-milk-100-mg-cbd-1-1.webp","width":1500,"height":1500,"caption":"Bild euphoria"},{"@type":"BreadcrumbList","@id":"https:\/\/www.swizzle.se\/produkt\/euphoria-mjolk-choklad-100mg-cbd\/#breadcrumb","itemListElement":[{"@type":"ListItem","position":1,"name":"Home","item":"https:\/\/www.swizzle.se\/"},{"@type":"ListItem","position":2,"name":"Shop","item":"https:\/\/www.swizzle.se\/shop\/"},{"@type":"ListItem","position":3,"name":"EDIBLES","item":"https:\/\/www.swizzle.se\/produkt-kategori\/edibles\/"},{"@type":"ListItem","position":4,"name":"CHOKLAD","item":"https:\/\/www.swizzle.se\/produkt-kategori\/edibles\/choklad\/"},{"@type":"ListItem","position":5,"name":"Euphoria Mj\u00f6lk Choklad 100mg CBD"}]},{"@type":"WebSite","@id":"https:\/\/staging.swizzle.se\/#website","url":"https:\/\/staging.swizzle.se\/","name":"Swizzle","description":"Nikotin CBD Vapes Snus Hvid Portion","publisher":{"@id":"https:\/\/staging.swizzle.se\/#organization"},"potentialAction":[{"@type":"SearchAction","target":{"@type":"EntryPoint","urlTemplate":"https:\/\/staging.swizzle.se\/?s={search_term_string}"},"query-input":{"@type":"PropertyValueSpecification","valueRequired":true,"valueName":"search_term_string"}}],"inLanguage":"da-DK"},{"@type":"Organization","@id":"https:\/\/staging.swizzle.se\/#organization","name":"Swizzle","url":"https:\/\/staging.swizzle.se\/","logo":{"@type":"ImageObject","inLanguage":"da-DK","@id":"https:\/\/staging.swizzle.se\/#\/schema\/logo\/image\/","url":"https:\/\/staging.swizzle.se\/wp-content\/uploads\/2025\/10\/cropped-SWIZZLE.-4.png","contentUrl":"https:\/\/staging.swizzle.se\/wp-content\/uploads\/2025\/10\/cropped-SWIZZLE.-4.png","width":800,"height":267,"caption":"Swizzle"},"image":{"@id":"https:\/\/staging.swizzle.se\/#\/schema\/logo\/image\/"},"hasMerchantReturnPolicy":{"@type":"MerchantReturnPolicy","merchantReturnLink":"https:\/\/staging.swizzle.se\/dk\/villkor\/"}}]},"product_price_amount":"69.00","product_price_currency":"SEK","og_availability":"instock","product_availability":"instock","product_retailer_item_id":"887-1","product_condition":"new"},"tiered_pricing_type":"fixed","tiered_pricing_fixed_rules":[],"tiered_pricing_product_settings":{"layout":"default","base_unit_name":{"singular":null,"plural":null},"default_variation":null},"tiered_pricing_minimum_quantity":null,"tiered_pricing_roles_data":[],"tiered_pricing_percentage_rules":[],"tiered_pricing_maximum_quantity":null,"tiered_pricing_quantity_step":null,"_links":{"self":[{"href":"https:\/\/staging.swizzle.se\/dk\/wp-json\/wp\/v2\/product\/259561","targetHints":{"allow":["GET"]}}],"collection":[{"href":"https:\/\/staging.swizzle.se\/dk\/wp-json\/wp\/v2\/product"}],"about":[{"href":"https:\/\/staging.swizzle.se\/dk\/wp-json\/wp\/v2\/types\/product"}],"replies":[{"embeddable":true,"href":"https:\/\/staging.swizzle.se\/dk\/wp-json\/wp\/v2\/comments?post=259561"}],"version-history":[{"count":0,"href":"https:\/\/staging.swizzle.se\/dk\/wp-json\/wp\/v2\/product\/259561\/revisions"}],"wp:featuredmedia":[{"embeddable":true,"href":"https:\/\/staging.swizzle.se\/dk\/wp-json\/wp\/v2\/media\/273777"}],"wp:attachment":[{"href":"https:\/\/staging.swizzle.se\/dk\/wp-json\/wp\/v2\/media?parent=259561"}],"wp:term":[{"taxonomy":"product_brand","embeddable":true,"href":"https:\/\/staging.swizzle.se\/dk\/wp-json\/wp\/v2\/product_brand?post=259561"},{"taxonomy":"product_cat","embeddable":true,"href":"https:\/\/staging.swizzle.se\/dk\/wp-json\/wp\/v2\/product_cat?post=259561"},{"taxonomy":"product_tag","embeddable":true,"href":"https:\/\/staging.swizzle.se\/dk\/wp-json\/wp\/v2\/product_tag?post=259561"},{"taxonomy":"superdeal","embeddable":true,"href":"https:\/\/staging.swizzle.se\/dk\/wp-json\/wp\/v2\/superdeal?post=259561"},{"taxonomy":"product_variant_id","embeddable":true,"href":"https:\/\/staging.swizzle.se\/dk\/wp-json\/wp\/v2\/product_variant_id?post=259561"}],"curies":[{"name":"wp","href":"https:\/\/api.w.org\/{rel}","templated":true}]}}