{"id":259488,"date":"2024-09-22T18:26:35","date_gmt":"2024-09-22T18:26:35","guid":{"rendered":"https:\/\/new.staging.swizzle.se\/produkt\/cannadips-slim-tangy-citrus-cbd-15mg-cbd\/"},"modified":"2025-11-14T07:55:06","modified_gmt":"2025-11-14T07:55:06","slug":"cannadips-slim-tangy-citrus-cbd-15mg-cbd","status":"publish","type":"product","link":"https:\/\/staging.swizzle.se\/dk\/product-2\/cannadips-slim-tangy-citrus-cbd-15mg-cbd\/","title":{"rendered":"Cannadips Slim Tangy Citrus CBD 15mg\/p\u00e5se CBD"},"content":{"rendered":"<div class=\"qode-accordion-content ui-accordion-content ui-helper-reset ui-widget-content ui-corner-bottom ui-accordion-content-active\">\n<div class=\"qode-accordion-content-inner\">\n<div class=\"wpb_text_column wpb_content_element\">\n<div class=\"wpb_wrapper\">\n<p><strong>Cannadips Slim Tangy Citrus CBD 15mg CBD<\/strong> smaksatta med en balanserad blandning av s\u00f6t och fr\u00e4sch mint.<br \/>\nTillverkad endast med naturliga ingredienser (<strong>thc-fri<\/strong>, tobaksfri och nikotinfri). R\u00f6kfri, diskret och snabbverkande.<\/p>\n<p>CBD \u00e4r en f\u00f6rkortning f\u00f6r Cannabidiol, som \u00e4r en av de m\u00e5nga v\u00e4xtproducerade Cannabinoid-sammans\u00e4ttningarna som finns i hampaplantan.<br \/>\nDu kan utvinna CBD ur m\u00e5nga olika cannabissorter.<\/p>\n<\/div>\n<p><strong>Bem\u00e6rk!<\/strong><br \/>\nDu skal v\u00e6re mindst 18 \u00e5r gammel for at k\u00f8be dette produkt. Det er ikke beregnet som medicin, kosttilskud eller naturprodukt. Vi opfordrer ikke til at indtage eller ryge dette produkt. Opbevar det utilg\u00e6ngeligt for b\u00f8rn Vi fraskriver os ethvert ansvar for, hvordan du som kunde bruger vores produkter. Vi s\u00e6lger dem til indsamlings- og prydform\u00e5l.<\/p>\n<\/div>\n<\/div>\n<\/div>","protected":false},"excerpt":{"rendered":"<p><strong>Cannadips Slim Tangy Citrus CBD 15mg CBD<\/strong> med starkt inslag av syrlig apelsin och citron.<br \/>\nTillverkad endast med naturliga ingredienser (thc-fri, tobaksfri och nikotinfri). R\u00f6kfri, diskret och snabbverkande.<\/p>","protected":false},"featured_media":260977,"comment_status":"open","ping_status":"closed","template":"","meta":{"site-sidebar-layout":"default","site-content-layout":"","ast-site-content-layout":"default","site-content-style":"default","site-sidebar-style":"default","ast-global-header-display":"","ast-banner-title-visibility":"","ast-main-header-display":"","ast-hfb-above-header-display":"","ast-hfb-below-header-display":"","ast-hfb-mobile-header-display":"","site-post-title":"","ast-breadcrumbs-content":"","ast-featured-img":"","footer-sml-layout":"","ast-disable-related-posts":"","theme-transparent-header-meta":"","adv-header-id-meta":"","stick-header-meta":"","header-above-stick-meta":"","header-main-stick-meta":"","header-below-stick-meta":"","astra-migrate-meta-layouts":"default","ast-page-background-enabled":"default","ast-page-background-meta":{"desktop":{"background-color":"var(--ast-global-color-4)","background-image":"","background-repeat":"repeat","background-position":"center center","background-size":"auto","background-attachment":"scroll","background-type":"","background-media":"","overlay-type":"","overlay-color":"","overlay-opacity":"","overlay-gradient":""},"tablet":{"background-color":"","background-image":"","background-repeat":"repeat","background-position":"center center","background-size":"auto","background-attachment":"scroll","background-type":"","background-media":"","overlay-type":"","overlay-color":"","overlay-opacity":"","overlay-gradient":""},"mobile":{"background-color":"","background-image":"","background-repeat":"repeat","background-position":"center center","background-size":"auto","background-attachment":"scroll","background-type":"","background-media":"","overlay-type":"","overlay-color":"","overlay-opacity":"","overlay-gradient":""}},"ast-content-background-meta":{"desktop":{"background-color":"var(--ast-global-color-5)","background-image":"","background-repeat":"repeat","background-position":"center center","background-size":"auto","background-attachment":"scroll","background-type":"","background-media":"","overlay-type":"","overlay-color":"","overlay-opacity":"","overlay-gradient":""},"tablet":{"background-color":"var(--ast-global-color-5)","background-image":"","background-repeat":"repeat","background-position":"center center","background-size":"auto","background-attachment":"scroll","background-type":"","background-media":"","overlay-type":"","overlay-color":"","overlay-opacity":"","overlay-gradient":""},"mobile":{"background-color":"var(--ast-global-color-5)","background-image":"","background-repeat":"repeat","background-position":"center center","background-size":"auto","background-attachment":"scroll","background-type":"","background-media":"","overlay-type":"","overlay-color":"","overlay-opacity":"","overlay-gradient":""}}},"product_brand":[],"product_cat":[359,331],"product_tag":[],"superdeal":[],"product_variant_id":[],"class_list":{"0":"post-259488","1":"product","2":"type-product","3":"status-publish","4":"has-post-thumbnail","6":"product_cat-cbd-snus-cbd-g-n","7":"product_cat-cbd-g-n","8":"desktop-align-center","9":"tablet-align-left","10":"mobile-align-left","11":"ast-product-gallery-layout-horizontal-slider","12":"ast-magnify-disabled","13":"ast-product-tabs-layout-horizontal","15":"first","16":"outofstock","17":"sale","18":"taxable","19":"shipping-taxable","20":"purchasable","21":"product-type-simple"},"yoast_head":"<!-- This site is optimized with the Yoast SEO Premium plugin v26.9 (Yoast SEO v26.9) - https:\/\/yoast.com\/product\/yoast-seo-premium-wordpress\/ -->\n<title>Cannadips Slim Tangy Citrus CBD 15mg CBD<\/title>\n<meta name=\"description\" content=\"Cannadips Slim Tangy Citrus CBD 15mg CBD. Tillverkad endast med naturliga ingredienser (thc-fri, tobaksfri och nikotinfri). R\u00f6kfri och snabbverkande.\" \/>\n<meta name=\"robots\" content=\"noindex, follow, max-snippet:-1, max-image-preview:large, max-video-preview:-1\" \/>\n<meta property=\"og:locale\" content=\"da_DK\" \/>\n<meta property=\"og:type\" content=\"article\" \/>\n<meta property=\"og:title\" content=\"Cannadips Slim Tangy Citrus CBD 15mg CBD\" \/>\n<meta property=\"og:description\" content=\"Cannadips Slim Tangy Citrus CBD 15mg CBD. Tillverkad endast med naturliga ingredienser (thc-fri, tobaksfri och nikotinfri). R\u00f6kfri och snabbverkande.\" \/>\n<meta property=\"og:url\" content=\"https:\/\/www.swizzle.se\/produkt\/cannadips-slim-tangy-citrus-cbd-15mg-cbd\/\" \/>\n<meta property=\"og:site_name\" content=\"Swizzle\" \/>\n<meta property=\"article:modified_time\" content=\"2025-11-14T07:55:06+00:00\" \/>\n<meta property=\"og:image\" content=\"https:\/\/www.swizzle.se\/wp-content\/uploads\/2025\/06\/cannadip-cbd-snus-tangy-citrus_11zon.jpg\" \/>\n\t<meta property=\"og:image:width\" content=\"800\" \/>\n\t<meta property=\"og:image:height\" content=\"800\" \/>\n\t<meta property=\"og:image:type\" content=\"image\/jpeg\" \/>\n<meta name=\"twitter:card\" content=\"summary_large_image\" \/>\n<meta name=\"twitter:title\" content=\"Cannadips Slim Tangy Citrus CBD 15mg CBD\" \/>\n<meta name=\"twitter:description\" content=\"Cannadips Slim Tangy Citrus CBD 15mg CBD. Tillverkad endast med naturliga ingredienser (thc-fri, tobaksfri och nikotinfri). R\u00f6kfri och snabbverkande.\" \/>\n<meta name=\"twitter:label1\" content=\"Pris\" \/>\n\t<meta name=\"twitter:data1\" content=\"65.00&nbsp;&#107;&#114;\" \/>\n\t<meta name=\"twitter:label2\" content=\"Tilg\u00e6ngelighed\" \/>\n\t<meta name=\"twitter:data2\" content=\"Ikke p\u00e5 lager\" \/>\n<script type=\"application\/ld+json\" class=\"yoast-schema-graph\">{\"@context\":\"https:\/\/schema.org\",\"@graph\":[{\"@type\":\"WebPage\",\"@id\":\"https:\/\/www.swizzle.se\/produkt\/cannadips-slim-tangy-citrus-cbd-15mg-cbd\/\",\"url\":\"https:\/\/www.swizzle.se\/produkt\/cannadips-slim-tangy-citrus-cbd-15mg-cbd\/\",\"name\":\"Cannadips Slim Tangy Citrus CBD 15mg CBD\",\"isPartOf\":{\"@id\":\"https:\/\/staging.swizzle.se\/#website\"},\"primaryImageOfPage\":{\"@id\":\"https:\/\/www.swizzle.se\/produkt\/cannadips-slim-tangy-citrus-cbd-15mg-cbd\/#primaryimage\"},\"image\":{\"@id\":\"https:\/\/www.swizzle.se\/produkt\/cannadips-slim-tangy-citrus-cbd-15mg-cbd\/#primaryimage\"},\"thumbnailUrl\":\"https:\/\/staging.swizzle.se\/wp-content\/uploads\/2025\/06\/cannadip-cbd-snus-tangy-citrus_11zon.jpg\",\"datePublished\":\"2024-09-22T18:26:35+00:00\",\"dateModified\":\"2025-11-14T07:55:06+00:00\",\"description\":\"Cannadips Slim Tangy Citrus CBD 15mg CBD. Tillverkad endast med naturliga ingredienser (thc-fri, tobaksfri och nikotinfri). R\u00f6kfri och snabbverkande.\",\"breadcrumb\":{\"@id\":\"https:\/\/www.swizzle.se\/produkt\/cannadips-slim-tangy-citrus-cbd-15mg-cbd\/#breadcrumb\"},\"inLanguage\":\"da-DK\",\"potentialAction\":[{\"@type\":\"ReadAction\",\"target\":[\"https:\/\/www.swizzle.se\/produkt\/cannadips-slim-tangy-citrus-cbd-15mg-cbd\/\"]}]},{\"@type\":\"ImageObject\",\"inLanguage\":\"da-DK\",\"@id\":\"https:\/\/www.swizzle.se\/produkt\/cannadips-slim-tangy-citrus-cbd-15mg-cbd\/#primaryimage\",\"url\":\"https:\/\/staging.swizzle.se\/wp-content\/uploads\/2025\/06\/cannadip-cbd-snus-tangy-citrus_11zon.jpg\",\"contentUrl\":\"https:\/\/staging.swizzle.se\/wp-content\/uploads\/2025\/06\/cannadip-cbd-snus-tangy-citrus_11zon.jpg\",\"width\":800,\"height\":800,\"caption\":\"Bild cannadips\"},{\"@type\":\"BreadcrumbList\",\"@id\":\"https:\/\/www.swizzle.se\/produkt\/cannadips-slim-tangy-citrus-cbd-15mg-cbd\/#breadcrumb\",\"itemListElement\":[{\"@type\":\"ListItem\",\"position\":1,\"name\":\"Home\",\"item\":\"https:\/\/www.swizzle.se\/\"},{\"@type\":\"ListItem\",\"position\":2,\"name\":\"Shop\",\"item\":\"https:\/\/www.swizzle.se\/shop\/\"},{\"@type\":\"ListItem\",\"position\":3,\"name\":\"CANNABINOIDER\",\"item\":\"https:\/\/www.swizzle.se\/produkt-kategori\/cannabinoider\/\"},{\"@type\":\"ListItem\",\"position\":4,\"name\":\"CBD\/G\/N\",\"item\":\"https:\/\/www.swizzle.se\/produkt-kategori\/cannabinoider\/cbd-g-n\/\"},{\"@type\":\"ListItem\",\"position\":5,\"name\":\"CBD SNUS\",\"item\":\"https:\/\/www.swizzle.se\/produkt-kategori\/cannabinoider\/cbd-g-n\/cbd-snus-cbd-g-n\/\"},{\"@type\":\"ListItem\",\"position\":6,\"name\":\"Cannadips Slim Tangy Citrus CBD 15mg\/p\u00e5se CBD\"}]},{\"@type\":\"WebSite\",\"@id\":\"https:\/\/staging.swizzle.se\/#website\",\"url\":\"https:\/\/staging.swizzle.se\/\",\"name\":\"Swizzle\",\"description\":\"Nikotin CBD Vapes Snus White Portion\",\"publisher\":{\"@id\":\"https:\/\/staging.swizzle.se\/#organization\"},\"potentialAction\":[{\"@type\":\"SearchAction\",\"target\":{\"@type\":\"EntryPoint\",\"urlTemplate\":\"https:\/\/staging.swizzle.se\/?s={search_term_string}\"},\"query-input\":{\"@type\":\"PropertyValueSpecification\",\"valueRequired\":true,\"valueName\":\"search_term_string\"}}],\"inLanguage\":\"da-DK\"},{\"@type\":\"Organization\",\"@id\":\"https:\/\/staging.swizzle.se\/#organization\",\"name\":\"Swizzle\",\"url\":\"https:\/\/staging.swizzle.se\/\",\"logo\":{\"@type\":\"ImageObject\",\"inLanguage\":\"da-DK\",\"@id\":\"https:\/\/staging.swizzle.se\/#\/schema\/logo\/image\/\",\"url\":\"https:\/\/staging.swizzle.se\/wp-content\/uploads\/2025\/10\/cropped-SWIZZLE.-4.png\",\"contentUrl\":\"https:\/\/staging.swizzle.se\/wp-content\/uploads\/2025\/10\/cropped-SWIZZLE.-4.png\",\"width\":800,\"height\":267,\"caption\":\"Swizzle\"},\"image\":{\"@id\":\"https:\/\/staging.swizzle.se\/#\/schema\/logo\/image\/\"},\"hasMerchantReturnPolicy\":{\"@type\":\"MerchantReturnPolicy\",\"merchantReturnLink\":\"https:\/\/staging.swizzle.se\/dk\/villkor\/\"}}]}<\/script>\n<meta property=\"product:price:amount\" content=\"65.00\" \/>\n<meta property=\"product:price:currency\" content=\"SEK\" \/>\n<meta property=\"og:availability\" content=\"out of stock\" \/>\n<meta property=\"product:availability\" content=\"out of stock\" \/>\n<meta property=\"product:retailer_item_id\" content=\"CD150100\" \/>\n<meta property=\"product:condition\" content=\"new\" \/>\n<!-- \/ Yoast SEO Premium plugin. -->","yoast_head_json":{"title":"Cannadips Slim Tangy Citrus CBD 15mg CBD","description":"Cannadips Slim Tangy Citrus CBD 15mg CBD. Tillverkad endast med naturliga ingredienser (thc-fri, tobaksfri och nikotinfri). R\u00f6kfri och snabbverkande.","robots":{"index":"noindex","follow":"follow","max-snippet":"max-snippet:-1","max-image-preview":"max-image-preview:large","max-video-preview":"max-video-preview:-1"},"og_locale":"da_DK","og_type":"article","og_title":"Cannadips Slim Tangy Citrus CBD 15mg CBD","og_description":"Cannadips Slim Tangy Citrus CBD 15mg CBD. Tillverkad endast med naturliga ingredienser (thc-fri, tobaksfri och nikotinfri). R\u00f6kfri och snabbverkande.","og_url":"https:\/\/www.swizzle.se\/produkt\/cannadips-slim-tangy-citrus-cbd-15mg-cbd\/","og_site_name":"Swizzle","article_modified_time":"2025-11-14T07:55:06+00:00","og_image":[{"width":800,"height":800,"url":"https:\/\/www.swizzle.se\/wp-content\/uploads\/2025\/06\/cannadip-cbd-snus-tangy-citrus_11zon.jpg","type":"image\/jpeg"}],"twitter_card":"summary_large_image","twitter_title":"Cannadips Slim Tangy Citrus CBD 15mg CBD","twitter_description":"Cannadips Slim Tangy Citrus CBD 15mg CBD. Tillverkad endast med naturliga ingredienser (thc-fri, tobaksfri och nikotinfri). R\u00f6kfri och snabbverkande.","twitter_misc":{"Pris":"65.00&nbsp;&#107;&#114;","Tilg\u00e6ngelighed":"Ikke p\u00e5 lager"},"schema":{"@context":"https:\/\/schema.org","@graph":[{"@type":"WebPage","@id":"https:\/\/www.swizzle.se\/produkt\/cannadips-slim-tangy-citrus-cbd-15mg-cbd\/","url":"https:\/\/www.swizzle.se\/produkt\/cannadips-slim-tangy-citrus-cbd-15mg-cbd\/","name":"Cannadips Slim Tangy Citrus CBD 15mg CBD","isPartOf":{"@id":"https:\/\/staging.swizzle.se\/#website"},"primaryImageOfPage":{"@id":"https:\/\/www.swizzle.se\/produkt\/cannadips-slim-tangy-citrus-cbd-15mg-cbd\/#primaryimage"},"image":{"@id":"https:\/\/www.swizzle.se\/produkt\/cannadips-slim-tangy-citrus-cbd-15mg-cbd\/#primaryimage"},"thumbnailUrl":"https:\/\/staging.swizzle.se\/wp-content\/uploads\/2025\/06\/cannadip-cbd-snus-tangy-citrus_11zon.jpg","datePublished":"2024-09-22T18:26:35+00:00","dateModified":"2025-11-14T07:55:06+00:00","description":"Cannadips Slim Tangy Citrus CBD 15mg CBD. Tillverkad endast med naturliga ingredienser (thc-fri, tobaksfri och nikotinfri). R\u00f6kfri och snabbverkande.","breadcrumb":{"@id":"https:\/\/www.swizzle.se\/produkt\/cannadips-slim-tangy-citrus-cbd-15mg-cbd\/#breadcrumb"},"inLanguage":"da-DK","potentialAction":[{"@type":"ReadAction","target":["https:\/\/www.swizzle.se\/produkt\/cannadips-slim-tangy-citrus-cbd-15mg-cbd\/"]}]},{"@type":"ImageObject","inLanguage":"da-DK","@id":"https:\/\/www.swizzle.se\/produkt\/cannadips-slim-tangy-citrus-cbd-15mg-cbd\/#primaryimage","url":"https:\/\/staging.swizzle.se\/wp-content\/uploads\/2025\/06\/cannadip-cbd-snus-tangy-citrus_11zon.jpg","contentUrl":"https:\/\/staging.swizzle.se\/wp-content\/uploads\/2025\/06\/cannadip-cbd-snus-tangy-citrus_11zon.jpg","width":800,"height":800,"caption":"Bild cannadips"},{"@type":"BreadcrumbList","@id":"https:\/\/www.swizzle.se\/produkt\/cannadips-slim-tangy-citrus-cbd-15mg-cbd\/#breadcrumb","itemListElement":[{"@type":"ListItem","position":1,"name":"Home","item":"https:\/\/www.swizzle.se\/"},{"@type":"ListItem","position":2,"name":"Shop","item":"https:\/\/www.swizzle.se\/shop\/"},{"@type":"ListItem","position":3,"name":"CANNABINOIDER","item":"https:\/\/www.swizzle.se\/produkt-kategori\/cannabinoider\/"},{"@type":"ListItem","position":4,"name":"CBD\/G\/N","item":"https:\/\/www.swizzle.se\/produkt-kategori\/cannabinoider\/cbd-g-n\/"},{"@type":"ListItem","position":5,"name":"CBD SNUS","item":"https:\/\/www.swizzle.se\/produkt-kategori\/cannabinoider\/cbd-g-n\/cbd-snus-cbd-g-n\/"},{"@type":"ListItem","position":6,"name":"Cannadips Slim Tangy Citrus CBD 15mg\/p\u00e5se CBD"}]},{"@type":"WebSite","@id":"https:\/\/staging.swizzle.se\/#website","url":"https:\/\/staging.swizzle.se\/","name":"Swizzle","description":"Nikotin CBD Vapes Snus Hvid Portion","publisher":{"@id":"https:\/\/staging.swizzle.se\/#organization"},"potentialAction":[{"@type":"SearchAction","target":{"@type":"EntryPoint","urlTemplate":"https:\/\/staging.swizzle.se\/?s={search_term_string}"},"query-input":{"@type":"PropertyValueSpecification","valueRequired":true,"valueName":"search_term_string"}}],"inLanguage":"da-DK"},{"@type":"Organization","@id":"https:\/\/staging.swizzle.se\/#organization","name":"Swizzle","url":"https:\/\/staging.swizzle.se\/","logo":{"@type":"ImageObject","inLanguage":"da-DK","@id":"https:\/\/staging.swizzle.se\/#\/schema\/logo\/image\/","url":"https:\/\/staging.swizzle.se\/wp-content\/uploads\/2025\/10\/cropped-SWIZZLE.-4.png","contentUrl":"https:\/\/staging.swizzle.se\/wp-content\/uploads\/2025\/10\/cropped-SWIZZLE.-4.png","width":800,"height":267,"caption":"Swizzle"},"image":{"@id":"https:\/\/staging.swizzle.se\/#\/schema\/logo\/image\/"},"hasMerchantReturnPolicy":{"@type":"MerchantReturnPolicy","merchantReturnLink":"https:\/\/staging.swizzle.se\/dk\/villkor\/"}}]},"product_price_amount":"65.00","product_price_currency":"SEK","og_availability":"out of stock","product_availability":"out of stock","product_retailer_item_id":"CD150100","product_condition":"new"},"tiered_pricing_type":"fixed","tiered_pricing_fixed_rules":[],"tiered_pricing_product_settings":{"layout":"default","base_unit_name":{"singular":null,"plural":null},"default_variation":null},"tiered_pricing_minimum_quantity":null,"tiered_pricing_roles_data":[],"tiered_pricing_percentage_rules":[],"tiered_pricing_maximum_quantity":null,"tiered_pricing_quantity_step":null,"_links":{"self":[{"href":"https:\/\/staging.swizzle.se\/dk\/wp-json\/wp\/v2\/product\/259488","targetHints":{"allow":["GET"]}}],"collection":[{"href":"https:\/\/staging.swizzle.se\/dk\/wp-json\/wp\/v2\/product"}],"about":[{"href":"https:\/\/staging.swizzle.se\/dk\/wp-json\/wp\/v2\/types\/product"}],"replies":[{"embeddable":true,"href":"https:\/\/staging.swizzle.se\/dk\/wp-json\/wp\/v2\/comments?post=259488"}],"version-history":[{"count":0,"href":"https:\/\/staging.swizzle.se\/dk\/wp-json\/wp\/v2\/product\/259488\/revisions"}],"wp:featuredmedia":[{"embeddable":true,"href":"https:\/\/staging.swizzle.se\/dk\/wp-json\/wp\/v2\/media\/260977"}],"wp:attachment":[{"href":"https:\/\/staging.swizzle.se\/dk\/wp-json\/wp\/v2\/media?parent=259488"}],"wp:term":[{"taxonomy":"product_brand","embeddable":true,"href":"https:\/\/staging.swizzle.se\/dk\/wp-json\/wp\/v2\/product_brand?post=259488"},{"taxonomy":"product_cat","embeddable":true,"href":"https:\/\/staging.swizzle.se\/dk\/wp-json\/wp\/v2\/product_cat?post=259488"},{"taxonomy":"product_tag","embeddable":true,"href":"https:\/\/staging.swizzle.se\/dk\/wp-json\/wp\/v2\/product_tag?post=259488"},{"taxonomy":"superdeal","embeddable":true,"href":"https:\/\/staging.swizzle.se\/dk\/wp-json\/wp\/v2\/superdeal?post=259488"},{"taxonomy":"product_variant_id","embeddable":true,"href":"https:\/\/staging.swizzle.se\/dk\/wp-json\/wp\/v2\/product_variant_id?post=259488"}],"curies":[{"name":"wp","href":"https:\/\/api.w.org\/{rel}","templated":true}]}}