{"id":259454,"date":"2024-09-22T11:08:22","date_gmt":"2024-09-22T11:08:22","guid":{"rendered":"https:\/\/new.staging.swizzle.se\/produkt\/voon-snazzy-tangerine-mini-cbd-pasar-20mg\/"},"modified":"2025-11-14T12:18:31","modified_gmt":"2025-11-14T12:18:31","slug":"voon-snazzy-tangerine-mini-cbd-20mg","status":"publish","type":"product","link":"https:\/\/staging.swizzle.se\/dk\/product-2\/voon-snazzy-tangerine-mini-cbd-20mg\/","title":{"rendered":"VOON Snazzy Tangerine Mini P\u00e5sar 20mg CBD"},"content":{"rendered":"<h3><strong>VOON Snazzy Tangerine Mini 20mg CBD<\/strong><\/h3>\n<h3>Vad \u00e4r d\u00e5 Hampa och Marijuana &#8211; vad betyder det och vad \u00e4r skillnaden?<\/h3>\n<p>Marijuana, liksom termerna weed eller pot, \u00e4r slangnamn f\u00f6r cannabisv\u00e4xten. Hampa \u00e4r helt enkelt en cannabisv\u00e4xt som har ett l\u00e5gt THC-inneh\u00e5ll och som anv\u00e4nds f\u00f6r att skapa flera resurser och har m\u00e5nga industriella anv\u00e4ndningsomr\u00e5den. &#8221;Hamp enforcement law&#8221; i USA f\u00f6rbj\u00f6d Cannabis\/Hampa d\u00e5 man ville klassa det samma som Marijuana.\u00a0Jordbrukshampa var till\u00e5ten p\u00e5 experimentbasis enligt federal lag enligt jordbrukslagen fr\u00e5n 2014. Under\u00a02018 legaliserades r\u00e5varuhampaproduktion federalt.<\/p>\n<p>Lagligt definieras hampa som cannabis som inneh\u00e5ller mindre \u00e4n 0,2 % eller till och med 0 % THC i torrvikt, beroende p\u00e5 reglerna i landet. I Sverige\u00a0 har man satt den gr\u00e4nsen till 0% THC.<\/p>\n<p>Hampa har mer \u00e4n\u00a020 000 k\u00e4nda anv\u00e4ndningsomr\u00e5den. \u00c4ven fast b\u00e5de Hampa och Marijuana \u00e4r cannabisv\u00e4xter (cannabis sativa), har de v\u00e4ldigt olika funktioner och till\u00e4mpningar. Hampav\u00e4xten \u00e4r utan tvekan m\u00e5ngsidig, och anv\u00e4ndningsomr\u00e5dena str\u00e4cker sig fr\u00e5n kl\u00e4der, isoleringsmaterial, nedbrytbar plast, lotioner, h\u00e4lsokost, proteinpulver, mj\u00f6lk, bland olika andra v\u00e4sentligheter som \u00e4r f\u00f6rdelaktiga f\u00f6r det dagliga livet! Henry Ford byggde tex\u00a0de f\u00f6rsta bilarna i Hampamaterial&#8230;coolt va!<\/p>\n<p>Du kan allts\u00e5 inte bli h\u00f6g av THC-fri hampa. Den\u00a0har m\u00e5nga anv\u00e4ndningsomr\u00e5den\u00a0samt m\u00e5nga\u00a0andra h\u00e4lsofr\u00e4mjande f\u00f6rdelar som tex \u00f6kad kalciumtransfusion i leder samt\u00a0f\u00f6r en bra balans i kroppen.<\/p>\n<p>Hampa med en varierad cannabinoidprofil och h\u00f6gt terpeninneh\u00e5ll har visat sig vara sv\u00e5rare att f\u00e5 tag p\u00e5. Men tiderna f\u00f6r\u00e4ndras. Tillverkarna av CBD-produkter har bra relationer med de\u00a0b\u00f6nder som odlar och nu n\u00e4r CBD- industrin v\u00e4xer utvecklas hampan till att ha h\u00f6gre terpenniv\u00e5er och fler cannabinoider som CBG och CBC samt andra cannabinoider, vilket g\u00f6r den helt enkelt till en b\u00e4ttre produkt.<\/p>\n<h3>Nanoteknik ger snabbare upptagning av CBD<\/h3>\n<p>Genom att anv\u00e4nda nano-infusionsteknologi frisl\u00e4pps hampan i Voons produkter i form av vattenl\u00f6sliga partiklar med en diameter p\u00e5 under 100 nanometer \u2013 Nanopartiklar kan passera rakt genom kroppens biologiska membran vilket ger snabbare och effektivare upptag. Precis som med r\u00f6kning\u00a0ca 10min.<\/p>\n<p>F\u00f6r maximal upptagning av CBD\u00a0anv\u00e4nd Voon hampa pouches i ca 30 &#8211; 60 min eller s\u00e5 l\u00e4nge den smakar bra.<\/p>\n<p>Inneh\u00e5ller:<\/p>\n<p>S\u00f6tningsmedel (Maltitol)<\/p>\n<p>Emuligeringsmedel (Cellulosa och Propylenglykol)<\/p>\n<p>P\u00e5smaterial: Non-vovven 15st<\/p>\n<p>Hampa-extrakt (Cannabis sativa) THC-fri. CBD 20mg<\/p>\n<p>Smak: Snazzy Tangerine &#8211; smak av fr\u00e4sch s\u00f6tsyrlig Mandarin<\/p>\n<p>&nbsp;<\/p>\n<p><strong>Bem\u00e6rk!<\/strong><br \/>\nDu skal v\u00e6re mindst 18 \u00e5r gammel for at k\u00f8be dette produkt. Det er ikke beregnet som medicin, kosttilskud eller naturprodukt. Vi opfordrer ikke til at indtage eller ryge dette produkt. Opbevar det utilg\u00e6ngeligt for b\u00f8rn Vi fraskriver os ethvert ansvar for, hvordan du som kunde bruger vores produkter. Vi s\u00e6lger dem til indsamlings- og prydform\u00e5l.<\/p>","protected":false},"excerpt":{"rendered":"<p><strong>VOON Snazzy Tangerine Mini 20mg CBD\u00a0<\/strong>har smaken av mandarin och lime med en antydan till s\u00f6tma.<br \/>\nVarje p\u00e5se inneh\u00e5ller 20 mg CBD och levereras utan tobak eller nikotin.<\/p>","protected":false},"featured_media":260952,"comment_status":"open","ping_status":"closed","template":"","meta":{"site-sidebar-layout":"default","site-content-layout":"","ast-site-content-layout":"default","site-content-style":"default","site-sidebar-style":"default","ast-global-header-display":"","ast-banner-title-visibility":"","ast-main-header-display":"","ast-hfb-above-header-display":"","ast-hfb-below-header-display":"","ast-hfb-mobile-header-display":"","site-post-title":"","ast-breadcrumbs-content":"","ast-featured-img":"","footer-sml-layout":"","ast-disable-related-posts":"","theme-transparent-header-meta":"","adv-header-id-meta":"","stick-header-meta":"","header-above-stick-meta":"","header-main-stick-meta":"","header-below-stick-meta":"","astra-migrate-meta-layouts":"default","ast-page-background-enabled":"default","ast-page-background-meta":{"desktop":{"background-color":"var(--ast-global-color-4)","background-image":"","background-repeat":"repeat","background-position":"center center","background-size":"auto","background-attachment":"scroll","background-type":"","background-media":"","overlay-type":"","overlay-color":"","overlay-opacity":"","overlay-gradient":""},"tablet":{"background-color":"","background-image":"","background-repeat":"repeat","background-position":"center center","background-size":"auto","background-attachment":"scroll","background-type":"","background-media":"","overlay-type":"","overlay-color":"","overlay-opacity":"","overlay-gradient":""},"mobile":{"background-color":"","background-image":"","background-repeat":"repeat","background-position":"center center","background-size":"auto","background-attachment":"scroll","background-type":"","background-media":"","overlay-type":"","overlay-color":"","overlay-opacity":"","overlay-gradient":""}},"ast-content-background-meta":{"desktop":{"background-color":"var(--ast-global-color-5)","background-image":"","background-repeat":"repeat","background-position":"center center","background-size":"auto","background-attachment":"scroll","background-type":"","background-media":"","overlay-type":"","overlay-color":"","overlay-opacity":"","overlay-gradient":""},"tablet":{"background-color":"var(--ast-global-color-5)","background-image":"","background-repeat":"repeat","background-position":"center center","background-size":"auto","background-attachment":"scroll","background-type":"","background-media":"","overlay-type":"","overlay-color":"","overlay-opacity":"","overlay-gradient":""},"mobile":{"background-color":"var(--ast-global-color-5)","background-image":"","background-repeat":"repeat","background-position":"center center","background-size":"auto","background-attachment":"scroll","background-type":"","background-media":"","overlay-type":"","overlay-color":"","overlay-opacity":"","overlay-gradient":""}}},"product_brand":[],"product_cat":[359,331],"product_tag":[],"superdeal":[],"product_variant_id":[],"class_list":{"0":"post-259454","1":"product","2":"type-product","3":"status-publish","4":"has-post-thumbnail","6":"product_cat-cbd-snus-cbd-g-n","7":"product_cat-cbd-g-n","8":"desktop-align-center","9":"tablet-align-left","10":"mobile-align-left","11":"ast-product-gallery-layout-horizontal-slider","12":"ast-magnify-disabled","13":"ast-product-tabs-layout-horizontal","15":"first","16":"outofstock","17":"sale","18":"taxable","19":"shipping-taxable","20":"purchasable","21":"product-type-simple"},"yoast_head":"<!-- This site is optimized with the Yoast SEO Premium plugin v26.9 (Yoast SEO v26.9) - https:\/\/yoast.com\/product\/yoast-seo-premium-wordpress\/ -->\n<title>VOON Snazzy Tangerine Mini 20mg CBD<\/title>\n<meta name=\"description\" content=\"VOON Snazzy Tangerine Mini 20mg CBD. Varje p\u00e5se inneh\u00e5ller 20 mg CBD och levereras utan tobak eller nikotin. Mandarin och lime.\" \/>\n<meta name=\"robots\" content=\"noindex, follow, max-snippet:-1, max-image-preview:large, max-video-preview:-1\" \/>\n<meta property=\"og:locale\" content=\"da_DK\" \/>\n<meta property=\"og:type\" content=\"article\" \/>\n<meta property=\"og:title\" content=\"VOON Snazzy Tangerine Mini 20mg CBD\" \/>\n<meta property=\"og:description\" content=\"VOON Snazzy Tangerine Mini 20mg CBD. Varje p\u00e5se inneh\u00e5ller 20 mg CBD och levereras utan tobak eller nikotin. Mandarin och lime.\" \/>\n<meta property=\"og:url\" content=\"https:\/\/www.swizzle.se\/produkt\/voon-snazzy-tangerine-mini-cbd-20mg\/\" \/>\n<meta property=\"og:site_name\" content=\"Swizzle\" \/>\n<meta property=\"article:modified_time\" content=\"2025-11-14T12:18:31+00:00\" \/>\n<meta property=\"og:image\" content=\"https:\/\/www.swizzle.se\/wp-content\/uploads\/2025\/06\/Tangerine-Front_5_11zon.webp\" \/>\n\t<meta property=\"og:image:width\" content=\"1200\" \/>\n\t<meta property=\"og:image:height\" content=\"1200\" \/>\n\t<meta property=\"og:image:type\" content=\"image\/webp\" \/>\n<meta name=\"twitter:card\" content=\"summary_large_image\" \/>\n<meta name=\"twitter:title\" content=\"VOON Snazzy Tangerine Mini 20mg CBD\" \/>\n<meta name=\"twitter:description\" content=\"VOON Snazzy Tangerine Mini 20mg CBD. Varje p\u00e5se inneh\u00e5ller 20 mg CBD och levereras utan tobak eller nikotin. Mandarin och lime.\" \/>\n<meta name=\"twitter:label1\" content=\"Pris\" \/>\n\t<meta name=\"twitter:data1\" content=\"75.00&nbsp;&#107;&#114;\" \/>\n\t<meta name=\"twitter:label2\" content=\"Tilg\u00e6ngelighed\" \/>\n\t<meta name=\"twitter:data2\" content=\"Ikke p\u00e5 lager\" \/>\n<script type=\"application\/ld+json\" class=\"yoast-schema-graph\">{\"@context\":\"https:\/\/schema.org\",\"@graph\":[{\"@type\":\"WebPage\",\"@id\":\"https:\/\/www.swizzle.se\/produkt\/voon-snazzy-tangerine-mini-cbd-20mg\/\",\"url\":\"https:\/\/www.swizzle.se\/produkt\/voon-snazzy-tangerine-mini-cbd-20mg\/\",\"name\":\"VOON Snazzy Tangerine Mini 20mg CBD\",\"isPartOf\":{\"@id\":\"https:\/\/staging.swizzle.se\/#website\"},\"primaryImageOfPage\":{\"@id\":\"https:\/\/www.swizzle.se\/produkt\/voon-snazzy-tangerine-mini-cbd-20mg\/#primaryimage\"},\"image\":{\"@id\":\"https:\/\/www.swizzle.se\/produkt\/voon-snazzy-tangerine-mini-cbd-20mg\/#primaryimage\"},\"thumbnailUrl\":\"https:\/\/staging.swizzle.se\/wp-content\/uploads\/2025\/06\/Tangerine-Front_5_11zon.webp\",\"datePublished\":\"2024-09-22T11:08:22+00:00\",\"dateModified\":\"2025-11-14T12:18:31+00:00\",\"description\":\"VOON Snazzy Tangerine Mini 20mg CBD. Varje p\u00e5se inneh\u00e5ller 20 mg CBD och levereras utan tobak eller nikotin. Mandarin och lime.\",\"breadcrumb\":{\"@id\":\"https:\/\/www.swizzle.se\/produkt\/voon-snazzy-tangerine-mini-cbd-20mg\/#breadcrumb\"},\"inLanguage\":\"da-DK\",\"potentialAction\":[{\"@type\":\"ReadAction\",\"target\":[\"https:\/\/www.swizzle.se\/produkt\/voon-snazzy-tangerine-mini-cbd-20mg\/\"]}]},{\"@type\":\"ImageObject\",\"inLanguage\":\"da-DK\",\"@id\":\"https:\/\/www.swizzle.se\/produkt\/voon-snazzy-tangerine-mini-cbd-20mg\/#primaryimage\",\"url\":\"https:\/\/staging.swizzle.se\/wp-content\/uploads\/2025\/06\/Tangerine-Front_5_11zon.webp\",\"contentUrl\":\"https:\/\/staging.swizzle.se\/wp-content\/uploads\/2025\/06\/Tangerine-Front_5_11zon.webp\",\"width\":1200,\"height\":1200,\"caption\":\"Bild voon\"},{\"@type\":\"BreadcrumbList\",\"@id\":\"https:\/\/www.swizzle.se\/produkt\/voon-snazzy-tangerine-mini-cbd-20mg\/#breadcrumb\",\"itemListElement\":[{\"@type\":\"ListItem\",\"position\":1,\"name\":\"Home\",\"item\":\"https:\/\/www.swizzle.se\/\"},{\"@type\":\"ListItem\",\"position\":2,\"name\":\"Shop\",\"item\":\"https:\/\/www.swizzle.se\/shop\/\"},{\"@type\":\"ListItem\",\"position\":3,\"name\":\"CANNABINOIDER\",\"item\":\"https:\/\/www.swizzle.se\/produkt-kategori\/cannabinoider\/\"},{\"@type\":\"ListItem\",\"position\":4,\"name\":\"CBD\/G\/N\",\"item\":\"https:\/\/www.swizzle.se\/produkt-kategori\/cannabinoider\/cbd-g-n\/\"},{\"@type\":\"ListItem\",\"position\":5,\"name\":\"CBD SNUS\",\"item\":\"https:\/\/www.swizzle.se\/produkt-kategori\/cannabinoider\/cbd-g-n\/cbd-snus-cbd-g-n\/\"},{\"@type\":\"ListItem\",\"position\":6,\"name\":\"VOON Snazzy Tangerine Mini P\u00e5sar 20mg CBD\"}]},{\"@type\":\"WebSite\",\"@id\":\"https:\/\/staging.swizzle.se\/#website\",\"url\":\"https:\/\/staging.swizzle.se\/\",\"name\":\"Swizzle\",\"description\":\"Nikotin CBD Vapes Snus White Portion\",\"publisher\":{\"@id\":\"https:\/\/staging.swizzle.se\/#organization\"},\"potentialAction\":[{\"@type\":\"SearchAction\",\"target\":{\"@type\":\"EntryPoint\",\"urlTemplate\":\"https:\/\/staging.swizzle.se\/?s={search_term_string}\"},\"query-input\":{\"@type\":\"PropertyValueSpecification\",\"valueRequired\":true,\"valueName\":\"search_term_string\"}}],\"inLanguage\":\"da-DK\"},{\"@type\":\"Organization\",\"@id\":\"https:\/\/staging.swizzle.se\/#organization\",\"name\":\"Swizzle\",\"url\":\"https:\/\/staging.swizzle.se\/\",\"logo\":{\"@type\":\"ImageObject\",\"inLanguage\":\"da-DK\",\"@id\":\"https:\/\/staging.swizzle.se\/#\/schema\/logo\/image\/\",\"url\":\"https:\/\/staging.swizzle.se\/wp-content\/uploads\/2025\/10\/cropped-SWIZZLE.-4.png\",\"contentUrl\":\"https:\/\/staging.swizzle.se\/wp-content\/uploads\/2025\/10\/cropped-SWIZZLE.-4.png\",\"width\":800,\"height\":267,\"caption\":\"Swizzle\"},\"image\":{\"@id\":\"https:\/\/staging.swizzle.se\/#\/schema\/logo\/image\/\"},\"hasMerchantReturnPolicy\":{\"@type\":\"MerchantReturnPolicy\",\"merchantReturnLink\":\"https:\/\/staging.swizzle.se\/dk\/villkor\/\"}}]}<\/script>\n<meta property=\"product:price:amount\" content=\"75.00\" \/>\n<meta property=\"product:price:currency\" content=\"SEK\" \/>\n<meta property=\"og:availability\" content=\"out of stock\" \/>\n<meta property=\"product:availability\" content=\"out of stock\" \/>\n<meta property=\"product:retailer_item_id\" content=\"VOON300300\" \/>\n<meta property=\"product:condition\" content=\"new\" \/>\n<!-- \/ Yoast SEO Premium plugin. -->","yoast_head_json":{"title":"VOON Snazzy Tangerine Mini 20mg CBD","description":"VOON Snazzy Tangerine Mini 20mg CBD. Varje p\u00e5se inneh\u00e5ller 20 mg CBD och levereras utan tobak eller nikotin. Mandarin och lime.","robots":{"index":"noindex","follow":"follow","max-snippet":"max-snippet:-1","max-image-preview":"max-image-preview:large","max-video-preview":"max-video-preview:-1"},"og_locale":"da_DK","og_type":"article","og_title":"VOON Snazzy Tangerine Mini 20mg CBD","og_description":"VOON Snazzy Tangerine Mini 20mg CBD. Varje p\u00e5se inneh\u00e5ller 20 mg CBD och levereras utan tobak eller nikotin. Mandarin och lime.","og_url":"https:\/\/www.swizzle.se\/produkt\/voon-snazzy-tangerine-mini-cbd-20mg\/","og_site_name":"Swizzle","article_modified_time":"2025-11-14T12:18:31+00:00","og_image":[{"width":1200,"height":1200,"url":"https:\/\/www.swizzle.se\/wp-content\/uploads\/2025\/06\/Tangerine-Front_5_11zon.webp","type":"image\/webp"}],"twitter_card":"summary_large_image","twitter_title":"VOON Snazzy Tangerine Mini 20mg CBD","twitter_description":"VOON Snazzy Tangerine Mini 20mg CBD. Varje p\u00e5se inneh\u00e5ller 20 mg CBD och levereras utan tobak eller nikotin. Mandarin och lime.","twitter_misc":{"Pris":"75.00&nbsp;&#107;&#114;","Tilg\u00e6ngelighed":"Ikke p\u00e5 lager"},"schema":{"@context":"https:\/\/schema.org","@graph":[{"@type":"WebPage","@id":"https:\/\/www.swizzle.se\/produkt\/voon-snazzy-tangerine-mini-cbd-20mg\/","url":"https:\/\/www.swizzle.se\/produkt\/voon-snazzy-tangerine-mini-cbd-20mg\/","name":"VOON Snazzy Tangerine Mini 20mg CBD","isPartOf":{"@id":"https:\/\/staging.swizzle.se\/#website"},"primaryImageOfPage":{"@id":"https:\/\/www.swizzle.se\/produkt\/voon-snazzy-tangerine-mini-cbd-20mg\/#primaryimage"},"image":{"@id":"https:\/\/www.swizzle.se\/produkt\/voon-snazzy-tangerine-mini-cbd-20mg\/#primaryimage"},"thumbnailUrl":"https:\/\/staging.swizzle.se\/wp-content\/uploads\/2025\/06\/Tangerine-Front_5_11zon.webp","datePublished":"2024-09-22T11:08:22+00:00","dateModified":"2025-11-14T12:18:31+00:00","description":"VOON Snazzy Tangerine Mini 20mg CBD. Varje p\u00e5se inneh\u00e5ller 20 mg CBD och levereras utan tobak eller nikotin. Mandarin och lime.","breadcrumb":{"@id":"https:\/\/www.swizzle.se\/produkt\/voon-snazzy-tangerine-mini-cbd-20mg\/#breadcrumb"},"inLanguage":"da-DK","potentialAction":[{"@type":"ReadAction","target":["https:\/\/www.swizzle.se\/produkt\/voon-snazzy-tangerine-mini-cbd-20mg\/"]}]},{"@type":"ImageObject","inLanguage":"da-DK","@id":"https:\/\/www.swizzle.se\/produkt\/voon-snazzy-tangerine-mini-cbd-20mg\/#primaryimage","url":"https:\/\/staging.swizzle.se\/wp-content\/uploads\/2025\/06\/Tangerine-Front_5_11zon.webp","contentUrl":"https:\/\/staging.swizzle.se\/wp-content\/uploads\/2025\/06\/Tangerine-Front_5_11zon.webp","width":1200,"height":1200,"caption":"Bild voon"},{"@type":"BreadcrumbList","@id":"https:\/\/www.swizzle.se\/produkt\/voon-snazzy-tangerine-mini-cbd-20mg\/#breadcrumb","itemListElement":[{"@type":"ListItem","position":1,"name":"Home","item":"https:\/\/www.swizzle.se\/"},{"@type":"ListItem","position":2,"name":"Shop","item":"https:\/\/www.swizzle.se\/shop\/"},{"@type":"ListItem","position":3,"name":"CANNABINOIDER","item":"https:\/\/www.swizzle.se\/produkt-kategori\/cannabinoider\/"},{"@type":"ListItem","position":4,"name":"CBD\/G\/N","item":"https:\/\/www.swizzle.se\/produkt-kategori\/cannabinoider\/cbd-g-n\/"},{"@type":"ListItem","position":5,"name":"CBD SNUS","item":"https:\/\/www.swizzle.se\/produkt-kategori\/cannabinoider\/cbd-g-n\/cbd-snus-cbd-g-n\/"},{"@type":"ListItem","position":6,"name":"VOON Snazzy Tangerine Mini P\u00e5sar 20mg CBD"}]},{"@type":"WebSite","@id":"https:\/\/staging.swizzle.se\/#website","url":"https:\/\/staging.swizzle.se\/","name":"Swizzle","description":"Nikotin CBD Vapes Snus Hvid Portion","publisher":{"@id":"https:\/\/staging.swizzle.se\/#organization"},"potentialAction":[{"@type":"SearchAction","target":{"@type":"EntryPoint","urlTemplate":"https:\/\/staging.swizzle.se\/?s={search_term_string}"},"query-input":{"@type":"PropertyValueSpecification","valueRequired":true,"valueName":"search_term_string"}}],"inLanguage":"da-DK"},{"@type":"Organization","@id":"https:\/\/staging.swizzle.se\/#organization","name":"Swizzle","url":"https:\/\/staging.swizzle.se\/","logo":{"@type":"ImageObject","inLanguage":"da-DK","@id":"https:\/\/staging.swizzle.se\/#\/schema\/logo\/image\/","url":"https:\/\/staging.swizzle.se\/wp-content\/uploads\/2025\/10\/cropped-SWIZZLE.-4.png","contentUrl":"https:\/\/staging.swizzle.se\/wp-content\/uploads\/2025\/10\/cropped-SWIZZLE.-4.png","width":800,"height":267,"caption":"Swizzle"},"image":{"@id":"https:\/\/staging.swizzle.se\/#\/schema\/logo\/image\/"},"hasMerchantReturnPolicy":{"@type":"MerchantReturnPolicy","merchantReturnLink":"https:\/\/staging.swizzle.se\/dk\/villkor\/"}}]},"product_price_amount":"75.00","product_price_currency":"SEK","og_availability":"out of stock","product_availability":"out of stock","product_retailer_item_id":"VOON300300","product_condition":"new"},"tiered_pricing_type":"fixed","tiered_pricing_fixed_rules":[],"tiered_pricing_product_settings":{"layout":"default","base_unit_name":{"singular":null,"plural":null},"default_variation":null},"tiered_pricing_minimum_quantity":null,"tiered_pricing_roles_data":[],"tiered_pricing_percentage_rules":[],"tiered_pricing_maximum_quantity":null,"tiered_pricing_quantity_step":null,"_links":{"self":[{"href":"https:\/\/staging.swizzle.se\/dk\/wp-json\/wp\/v2\/product\/259454","targetHints":{"allow":["GET"]}}],"collection":[{"href":"https:\/\/staging.swizzle.se\/dk\/wp-json\/wp\/v2\/product"}],"about":[{"href":"https:\/\/staging.swizzle.se\/dk\/wp-json\/wp\/v2\/types\/product"}],"replies":[{"embeddable":true,"href":"https:\/\/staging.swizzle.se\/dk\/wp-json\/wp\/v2\/comments?post=259454"}],"version-history":[{"count":0,"href":"https:\/\/staging.swizzle.se\/dk\/wp-json\/wp\/v2\/product\/259454\/revisions"}],"wp:featuredmedia":[{"embeddable":true,"href":"https:\/\/staging.swizzle.se\/dk\/wp-json\/wp\/v2\/media\/260952"}],"wp:attachment":[{"href":"https:\/\/staging.swizzle.se\/dk\/wp-json\/wp\/v2\/media?parent=259454"}],"wp:term":[{"taxonomy":"product_brand","embeddable":true,"href":"https:\/\/staging.swizzle.se\/dk\/wp-json\/wp\/v2\/product_brand?post=259454"},{"taxonomy":"product_cat","embeddable":true,"href":"https:\/\/staging.swizzle.se\/dk\/wp-json\/wp\/v2\/product_cat?post=259454"},{"taxonomy":"product_tag","embeddable":true,"href":"https:\/\/staging.swizzle.se\/dk\/wp-json\/wp\/v2\/product_tag?post=259454"},{"taxonomy":"superdeal","embeddable":true,"href":"https:\/\/staging.swizzle.se\/dk\/wp-json\/wp\/v2\/superdeal?post=259454"},{"taxonomy":"product_variant_id","embeddable":true,"href":"https:\/\/staging.swizzle.se\/dk\/wp-json\/wp\/v2\/product_variant_id?post=259454"}],"curies":[{"name":"wp","href":"https:\/\/api.w.org\/{rel}","templated":true}]}}