{"id":259414,"date":"2024-02-23T23:40:20","date_gmt":"2024-02-23T23:40:20","guid":{"rendered":"https:\/\/new.staging.swizzle.se\/produkt\/king-palm-mango\/"},"modified":"2026-02-04T14:06:29","modified_gmt":"2026-02-04T14:06:29","slug":"2-king-palm-wraps-golden-mango","status":"publish","type":"product","link":"https:\/\/staging.swizzle.se\/dk\/product-2\/2-king-palm-wraps-golden-mango\/","title":{"rendered":"2 King Palm Wraps \u2013 Golden Mango"},"content":{"rendered":"<p><strong>2 King Palm Wraps \u2013 Golden Mango<\/strong><\/p>\n<ul>\n<li>2 Mango Lemon XL Wraps per p\u00e5se<\/li>\n<li>2 Model X Filter Tips per p\u00e5se<\/li>\n<li>100% Palmblad<\/li>\n<li>Rulla din egen produkt<\/li>\n<li>Tobaksfri<\/li>\n<li>L\u00e5ngsam f\u00f6rbr\u00e4nning<\/li>\n<\/ul>\n<p>King Palm vill att du ska ha m\u00f6jlighet att kontrollera hur du s\u00e4tter ihop din palm. Rulla den tjock, rulla den tunn; det \u00e4r upp till dig! Dessutom har du m\u00f6jlighet att anv\u00e4nda dina h\u00e4nder eller en rullmaskin. Oavsett vilket s\u00e4tt du v\u00e4ljer kommer du vilja placera produkten i Palm\u2019s smaksatta wrap, s\u00e4tt in majskolven i linje med wrappen s\u00e5 att kanterna matchar, och rulla sedan upp det snyggt och tight!<\/p>\n<p><strong>Biologiskt nedbrytbart och helt naturligt<\/strong><\/p>\n<p>Om du oroar dig f\u00f6r den milj\u00f6m\u00e4ssiga p\u00e5verkan av de saker du konsumerar kan du andas ut med l\u00e4ttnad med King Palm\u2019s smaksatta wraps. King Palm wraps, liksom majskolfiltipsen, \u00e4r 100% biologiskt nedbrytbara. King Palm-b\u00f6nder sk\u00f6rdar bladen fr\u00e5n Cordia dichotomy, ett inf\u00f6tt tr\u00e4d i Sydostasien som producerar massor av blad p\u00e5 kort tid. King Palm-b\u00f6nder plockar och tv\u00e4ttar varje blad, f\u00f6rpackar dem sedan f\u00f6r ultimat f\u00e4rskhet. King Palm\u2019s smaksatta wraps \u00e4r tobaks- och tillsatsfria. King Palm anv\u00e4nder naturliga smak\u00e4mnen, som eteriska oljor.<\/p>","protected":false},"excerpt":{"rendered":"<p><strong>2 King Palm Wraps \u2013 Golden Mango<\/strong><\/p>\n<ul>\n<li>2 Mango Lemon XL Wraps per p\u00e5se<\/li>\n<li>2 Model X Filter Tips per p\u00e5se<\/li>\n<li>100% Palmblad<\/li>\n<li>Rulla din egen produkt<\/li>\n<li>Tobaksfri<\/li>\n<li>L\u00e5ngsam f\u00f6rbr\u00e4nning<\/li>\n<\/ul>","protected":false},"featured_media":260924,"comment_status":"open","ping_status":"closed","template":"","meta":{"site-sidebar-layout":"default","site-content-layout":"","ast-site-content-layout":"default","site-content-style":"default","site-sidebar-style":"default","ast-global-header-display":"","ast-banner-title-visibility":"","ast-main-header-display":"","ast-hfb-above-header-display":"","ast-hfb-below-header-display":"","ast-hfb-mobile-header-display":"","site-post-title":"","ast-breadcrumbs-content":"","ast-featured-img":"","footer-sml-layout":"","ast-disable-related-posts":"","theme-transparent-header-meta":"","adv-header-id-meta":"","stick-header-meta":"","header-above-stick-meta":"","header-main-stick-meta":"","header-below-stick-meta":"","astra-migrate-meta-layouts":"default","ast-page-background-enabled":"default","ast-page-background-meta":{"desktop":{"background-color":"var(--ast-global-color-4)","background-image":"","background-repeat":"repeat","background-position":"center center","background-size":"auto","background-attachment":"scroll","background-type":"","background-media":"","overlay-type":"","overlay-color":"","overlay-opacity":"","overlay-gradient":""},"tablet":{"background-color":"","background-image":"","background-repeat":"repeat","background-position":"center center","background-size":"auto","background-attachment":"scroll","background-type":"","background-media":"","overlay-type":"","overlay-color":"","overlay-opacity":"","overlay-gradient":""},"mobile":{"background-color":"","background-image":"","background-repeat":"repeat","background-position":"center center","background-size":"auto","background-attachment":"scroll","background-type":"","background-media":"","overlay-type":"","overlay-color":"","overlay-opacity":"","overlay-gradient":""}},"ast-content-background-meta":{"desktop":{"background-color":"var(--ast-global-color-5)","background-image":"","background-repeat":"repeat","background-position":"center center","background-size":"auto","background-attachment":"scroll","background-type":"","background-media":"","overlay-type":"","overlay-color":"","overlay-opacity":"","overlay-gradient":""},"tablet":{"background-color":"var(--ast-global-color-5)","background-image":"","background-repeat":"repeat","background-position":"center center","background-size":"auto","background-attachment":"scroll","background-type":"","background-media":"","overlay-type":"","overlay-color":"","overlay-opacity":"","overlay-gradient":""},"mobile":{"background-color":"var(--ast-global-color-5)","background-image":"","background-repeat":"repeat","background-position":"center center","background-size":"auto","background-attachment":"scroll","background-type":"","background-media":"","overlay-type":"","overlay-color":"","overlay-opacity":"","overlay-gradient":""}}},"product_brand":[751],"product_cat":[292,284,285],"product_tag":[],"superdeal":[],"product_variant_id":[],"class_list":{"0":"post-259414","1":"product","2":"type-product","3":"status-publish","4":"has-post-thumbnail","6":"product_brand-king-palm","7":"product_cat-king-palm-rullpapper-roktillbehor","8":"product_cat-roktillbehor","9":"product_cat-rullpapper","10":"desktop-align-center","11":"tablet-align-left","12":"mobile-align-left","13":"ast-product-gallery-layout-horizontal-slider","14":"ast-magnify-disabled","15":"ast-product-tabs-layout-horizontal","17":"first","18":"instock","19":"sale","20":"taxable","21":"shipping-taxable","22":"purchasable","23":"product-type-simple"},"yoast_head":"<!-- This site is optimized with the Yoast SEO Premium plugin v26.9 (Yoast SEO v26.9) - https:\/\/yoast.com\/product\/yoast-seo-premium-wordpress\/ -->\n<title>2 King Palm Wraps \u2013 Golden Mango<\/title>\n<meta name=\"description\" content=\"2 King Palm Wraps \u2013 Golden Mango. Upplev v\u00e5ra ljuvliga Golden Mango King Palm Blunts direkt fr\u00e5n Kalifornien. Rulla din egen produkt, Tobaksfri.\" \/>\n<meta name=\"robots\" content=\"noindex, follow, max-snippet:-1, max-image-preview:large, max-video-preview:-1\" \/>\n<meta property=\"og:locale\" content=\"da_DK\" \/>\n<meta property=\"og:type\" content=\"article\" \/>\n<meta property=\"og:title\" content=\"2 King Palm Wraps \u2013 Golden Mango\" \/>\n<meta property=\"og:description\" content=\"2 King Palm Wraps \u2013 Golden Mango. Upplev v\u00e5ra ljuvliga Golden Mango King Palm Blunts direkt fr\u00e5n Kalifornien. Rulla din egen produkt, Tobaksfri.\" \/>\n<meta property=\"og:url\" content=\"https:\/\/www.swizzle.se\/produkt\/2-king-palm-wraps-golden-mango\/\" \/>\n<meta property=\"og:site_name\" content=\"Swizzle\" \/>\n<meta property=\"article:modified_time\" content=\"2026-02-04T14:06:29+00:00\" \/>\n<meta property=\"og:image\" content=\"https:\/\/www.swizzle.se\/wp-content\/uploads\/2025\/06\/ratt-bakrund-canadips-7-1.jpg\" \/>\n\t<meta property=\"og:image:width\" content=\"600\" \/>\n\t<meta property=\"og:image:height\" content=\"600\" \/>\n\t<meta property=\"og:image:type\" content=\"image\/jpeg\" \/>\n<meta name=\"twitter:card\" content=\"summary_large_image\" \/>\n<meta name=\"twitter:title\" content=\"2 King Palm Wraps \u2013 Golden Mango\" \/>\n<meta name=\"twitter:description\" content=\"2 King Palm Wraps \u2013 Golden Mango. Upplev v\u00e5ra ljuvliga Golden Mango King Palm Blunts direkt fr\u00e5n Kalifornien. Rulla din egen produkt, Tobaksfri.\" \/>\n<meta name=\"twitter:label1\" content=\"Pris\" \/>\n\t<meta name=\"twitter:data1\" content=\"29.00&nbsp;&#107;&#114;\" \/>\n\t<meta name=\"twitter:label2\" content=\"Tilg\u00e6ngelighed\" \/>\n\t<meta name=\"twitter:data2\" content=\"P\u00e5 lager\" \/>\n<script type=\"application\/ld+json\" class=\"yoast-schema-graph\">{\"@context\":\"https:\/\/schema.org\",\"@graph\":[{\"@type\":\"WebPage\",\"@id\":\"https:\/\/www.swizzle.se\/produkt\/2-king-palm-wraps-golden-mango\/\",\"url\":\"https:\/\/www.swizzle.se\/produkt\/2-king-palm-wraps-golden-mango\/\",\"name\":\"2 King Palm Wraps \u2013 Golden Mango\",\"isPartOf\":{\"@id\":\"https:\/\/staging.swizzle.se\/#website\"},\"primaryImageOfPage\":{\"@id\":\"https:\/\/www.swizzle.se\/produkt\/2-king-palm-wraps-golden-mango\/#primaryimage\"},\"image\":{\"@id\":\"https:\/\/www.swizzle.se\/produkt\/2-king-palm-wraps-golden-mango\/#primaryimage\"},\"thumbnailUrl\":\"https:\/\/staging.swizzle.se\/wp-content\/uploads\/2025\/06\/ratt-bakrund-canadips-7-1.jpg\",\"datePublished\":\"2024-02-23T23:40:20+00:00\",\"dateModified\":\"2026-02-04T14:06:29+00:00\",\"description\":\"2 King Palm Wraps \u2013 Golden Mango. Upplev v\u00e5ra ljuvliga Golden Mango King Palm Blunts direkt fr\u00e5n Kalifornien. Rulla din egen produkt, Tobaksfri.\",\"breadcrumb\":{\"@id\":\"https:\/\/www.swizzle.se\/produkt\/2-king-palm-wraps-golden-mango\/#breadcrumb\"},\"inLanguage\":\"da-DK\",\"potentialAction\":[{\"@type\":\"ReadAction\",\"target\":[\"https:\/\/www.swizzle.se\/produkt\/2-king-palm-wraps-golden-mango\/\"]}]},{\"@type\":\"ImageObject\",\"inLanguage\":\"da-DK\",\"@id\":\"https:\/\/www.swizzle.se\/produkt\/2-king-palm-wraps-golden-mango\/#primaryimage\",\"url\":\"https:\/\/staging.swizzle.se\/wp-content\/uploads\/2025\/06\/ratt-bakrund-canadips-7-1.jpg\",\"contentUrl\":\"https:\/\/staging.swizzle.se\/wp-content\/uploads\/2025\/06\/ratt-bakrund-canadips-7-1.jpg\",\"width\":600,\"height\":600,\"caption\":\"Bild king palm wraps\"},{\"@type\":\"BreadcrumbList\",\"@id\":\"https:\/\/www.swizzle.se\/produkt\/2-king-palm-wraps-golden-mango\/#breadcrumb\",\"itemListElement\":[{\"@type\":\"ListItem\",\"position\":1,\"name\":\"Home\",\"item\":\"https:\/\/www.swizzle.se\/\"},{\"@type\":\"ListItem\",\"position\":2,\"name\":\"Shop\",\"item\":\"https:\/\/www.swizzle.se\/shop\/\"},{\"@type\":\"ListItem\",\"position\":3,\"name\":\"R\u00d6KTILLBEH\u00d6R\",\"item\":\"https:\/\/www.swizzle.se\/produkt-kategori\/roktillbehor\/\"},{\"@type\":\"ListItem\",\"position\":4,\"name\":\"RULLPAPPER\",\"item\":\"https:\/\/www.swizzle.se\/produkt-kategori\/roktillbehor\/rullpapper\/\"},{\"@type\":\"ListItem\",\"position\":5,\"name\":\"KING PALM\",\"item\":\"https:\/\/www.swizzle.se\/produkt-kategori\/roktillbehor\/rullpapper\/king-palm-rullpapper-roktillbehor\/\"},{\"@type\":\"ListItem\",\"position\":6,\"name\":\"2 King Palm Wraps \u2013 Golden Mango\"}]},{\"@type\":\"WebSite\",\"@id\":\"https:\/\/staging.swizzle.se\/#website\",\"url\":\"https:\/\/staging.swizzle.se\/\",\"name\":\"Swizzle\",\"description\":\"Nikotin CBD Vapes Snus White Portion\",\"publisher\":{\"@id\":\"https:\/\/staging.swizzle.se\/#organization\"},\"potentialAction\":[{\"@type\":\"SearchAction\",\"target\":{\"@type\":\"EntryPoint\",\"urlTemplate\":\"https:\/\/staging.swizzle.se\/?s={search_term_string}\"},\"query-input\":{\"@type\":\"PropertyValueSpecification\",\"valueRequired\":true,\"valueName\":\"search_term_string\"}}],\"inLanguage\":\"da-DK\"},{\"@type\":\"Organization\",\"@id\":\"https:\/\/staging.swizzle.se\/#organization\",\"name\":\"Swizzle\",\"url\":\"https:\/\/staging.swizzle.se\/\",\"logo\":{\"@type\":\"ImageObject\",\"inLanguage\":\"da-DK\",\"@id\":\"https:\/\/staging.swizzle.se\/#\/schema\/logo\/image\/\",\"url\":\"https:\/\/staging.swizzle.se\/wp-content\/uploads\/2025\/10\/cropped-SWIZZLE.-4.png\",\"contentUrl\":\"https:\/\/staging.swizzle.se\/wp-content\/uploads\/2025\/10\/cropped-SWIZZLE.-4.png\",\"width\":800,\"height\":267,\"caption\":\"Swizzle\"},\"image\":{\"@id\":\"https:\/\/staging.swizzle.se\/#\/schema\/logo\/image\/\"},\"hasMerchantReturnPolicy\":{\"@type\":\"MerchantReturnPolicy\",\"merchantReturnLink\":\"https:\/\/staging.swizzle.se\/dk\/villkor\/\"}}]}<\/script>\n<meta property=\"product:price:amount\" content=\"29.00\" \/>\n<meta property=\"product:price:currency\" content=\"SEK\" \/>\n<meta property=\"og:availability\" content=\"instock\" \/>\n<meta property=\"product:availability\" content=\"instock\" \/>\n<meta property=\"product:retailer_item_id\" content=\"90748\" \/>\n<meta property=\"product:condition\" content=\"new\" \/>\n<!-- \/ Yoast SEO Premium plugin. -->","yoast_head_json":{"title":"2 King Palm Wraps \u2013 Golden Mango","description":"2 King Palm Wraps \u2013 Golden Mango. Upplev v\u00e5ra ljuvliga Golden Mango King Palm Blunts direkt fr\u00e5n Kalifornien. Rulla din egen produkt, Tobaksfri.","robots":{"index":"noindex","follow":"follow","max-snippet":"max-snippet:-1","max-image-preview":"max-image-preview:large","max-video-preview":"max-video-preview:-1"},"og_locale":"da_DK","og_type":"article","og_title":"2 King Palm Wraps \u2013 Golden Mango","og_description":"2 King Palm Wraps \u2013 Golden Mango. Upplev v\u00e5ra ljuvliga Golden Mango King Palm Blunts direkt fr\u00e5n Kalifornien. Rulla din egen produkt, Tobaksfri.","og_url":"https:\/\/www.swizzle.se\/produkt\/2-king-palm-wraps-golden-mango\/","og_site_name":"Swizzle","article_modified_time":"2026-02-04T14:06:29+00:00","og_image":[{"width":600,"height":600,"url":"https:\/\/www.swizzle.se\/wp-content\/uploads\/2025\/06\/ratt-bakrund-canadips-7-1.jpg","type":"image\/jpeg"}],"twitter_card":"summary_large_image","twitter_title":"2 King Palm Wraps \u2013 Golden Mango","twitter_description":"2 King Palm Wraps \u2013 Golden Mango. Upplev v\u00e5ra ljuvliga Golden Mango King Palm Blunts direkt fr\u00e5n Kalifornien. Rulla din egen produkt, Tobaksfri.","twitter_misc":{"Pris":"29.00&nbsp;&#107;&#114;","Tilg\u00e6ngelighed":"P\u00e5 lager"},"schema":{"@context":"https:\/\/schema.org","@graph":[{"@type":"WebPage","@id":"https:\/\/www.swizzle.se\/produkt\/2-king-palm-wraps-golden-mango\/","url":"https:\/\/www.swizzle.se\/produkt\/2-king-palm-wraps-golden-mango\/","name":"2 King Palm Wraps \u2013 Golden Mango","isPartOf":{"@id":"https:\/\/staging.swizzle.se\/#website"},"primaryImageOfPage":{"@id":"https:\/\/www.swizzle.se\/produkt\/2-king-palm-wraps-golden-mango\/#primaryimage"},"image":{"@id":"https:\/\/www.swizzle.se\/produkt\/2-king-palm-wraps-golden-mango\/#primaryimage"},"thumbnailUrl":"https:\/\/staging.swizzle.se\/wp-content\/uploads\/2025\/06\/ratt-bakrund-canadips-7-1.jpg","datePublished":"2024-02-23T23:40:20+00:00","dateModified":"2026-02-04T14:06:29+00:00","description":"2 King Palm Wraps \u2013 Golden Mango. Upplev v\u00e5ra ljuvliga Golden Mango King Palm Blunts direkt fr\u00e5n Kalifornien. Rulla din egen produkt, Tobaksfri.","breadcrumb":{"@id":"https:\/\/www.swizzle.se\/produkt\/2-king-palm-wraps-golden-mango\/#breadcrumb"},"inLanguage":"da-DK","potentialAction":[{"@type":"ReadAction","target":["https:\/\/www.swizzle.se\/produkt\/2-king-palm-wraps-golden-mango\/"]}]},{"@type":"ImageObject","inLanguage":"da-DK","@id":"https:\/\/www.swizzle.se\/produkt\/2-king-palm-wraps-golden-mango\/#primaryimage","url":"https:\/\/staging.swizzle.se\/wp-content\/uploads\/2025\/06\/ratt-bakrund-canadips-7-1.jpg","contentUrl":"https:\/\/staging.swizzle.se\/wp-content\/uploads\/2025\/06\/ratt-bakrund-canadips-7-1.jpg","width":600,"height":600,"caption":"Bild king palm wraps"},{"@type":"BreadcrumbList","@id":"https:\/\/www.swizzle.se\/produkt\/2-king-palm-wraps-golden-mango\/#breadcrumb","itemListElement":[{"@type":"ListItem","position":1,"name":"Home","item":"https:\/\/www.swizzle.se\/"},{"@type":"ListItem","position":2,"name":"Shop","item":"https:\/\/www.swizzle.se\/shop\/"},{"@type":"ListItem","position":3,"name":"R\u00d6KTILLBEH\u00d6R","item":"https:\/\/www.swizzle.se\/produkt-kategori\/roktillbehor\/"},{"@type":"ListItem","position":4,"name":"RULLPAPPER","item":"https:\/\/www.swizzle.se\/produkt-kategori\/roktillbehor\/rullpapper\/"},{"@type":"ListItem","position":5,"name":"KING PALM","item":"https:\/\/www.swizzle.se\/produkt-kategori\/roktillbehor\/rullpapper\/king-palm-rullpapper-roktillbehor\/"},{"@type":"ListItem","position":6,"name":"2 King Palm Wraps \u2013 Golden Mango"}]},{"@type":"WebSite","@id":"https:\/\/staging.swizzle.se\/#website","url":"https:\/\/staging.swizzle.se\/","name":"Swizzle","description":"Nikotin CBD Vapes Snus Hvid Portion","publisher":{"@id":"https:\/\/staging.swizzle.se\/#organization"},"potentialAction":[{"@type":"SearchAction","target":{"@type":"EntryPoint","urlTemplate":"https:\/\/staging.swizzle.se\/?s={search_term_string}"},"query-input":{"@type":"PropertyValueSpecification","valueRequired":true,"valueName":"search_term_string"}}],"inLanguage":"da-DK"},{"@type":"Organization","@id":"https:\/\/staging.swizzle.se\/#organization","name":"Swizzle","url":"https:\/\/staging.swizzle.se\/","logo":{"@type":"ImageObject","inLanguage":"da-DK","@id":"https:\/\/staging.swizzle.se\/#\/schema\/logo\/image\/","url":"https:\/\/staging.swizzle.se\/wp-content\/uploads\/2025\/10\/cropped-SWIZZLE.-4.png","contentUrl":"https:\/\/staging.swizzle.se\/wp-content\/uploads\/2025\/10\/cropped-SWIZZLE.-4.png","width":800,"height":267,"caption":"Swizzle"},"image":{"@id":"https:\/\/staging.swizzle.se\/#\/schema\/logo\/image\/"},"hasMerchantReturnPolicy":{"@type":"MerchantReturnPolicy","merchantReturnLink":"https:\/\/staging.swizzle.se\/dk\/villkor\/"}}]},"product_price_amount":"29.00","product_price_currency":"SEK","og_availability":"instock","product_availability":"instock","product_retailer_item_id":"90748","product_condition":"new"},"tiered_pricing_type":"fixed","tiered_pricing_fixed_rules":[],"tiered_pricing_product_settings":{"layout":"default","base_unit_name":{"singular":null,"plural":null},"default_variation":null},"tiered_pricing_minimum_quantity":null,"tiered_pricing_roles_data":[],"tiered_pricing_percentage_rules":[],"tiered_pricing_maximum_quantity":null,"tiered_pricing_quantity_step":null,"_links":{"self":[{"href":"https:\/\/staging.swizzle.se\/dk\/wp-json\/wp\/v2\/product\/259414","targetHints":{"allow":["GET"]}}],"collection":[{"href":"https:\/\/staging.swizzle.se\/dk\/wp-json\/wp\/v2\/product"}],"about":[{"href":"https:\/\/staging.swizzle.se\/dk\/wp-json\/wp\/v2\/types\/product"}],"replies":[{"embeddable":true,"href":"https:\/\/staging.swizzle.se\/dk\/wp-json\/wp\/v2\/comments?post=259414"}],"version-history":[{"count":0,"href":"https:\/\/staging.swizzle.se\/dk\/wp-json\/wp\/v2\/product\/259414\/revisions"}],"wp:featuredmedia":[{"embeddable":true,"href":"https:\/\/staging.swizzle.se\/dk\/wp-json\/wp\/v2\/media\/260924"}],"wp:attachment":[{"href":"https:\/\/staging.swizzle.se\/dk\/wp-json\/wp\/v2\/media?parent=259414"}],"wp:term":[{"taxonomy":"product_brand","embeddable":true,"href":"https:\/\/staging.swizzle.se\/dk\/wp-json\/wp\/v2\/product_brand?post=259414"},{"taxonomy":"product_cat","embeddable":true,"href":"https:\/\/staging.swizzle.se\/dk\/wp-json\/wp\/v2\/product_cat?post=259414"},{"taxonomy":"product_tag","embeddable":true,"href":"https:\/\/staging.swizzle.se\/dk\/wp-json\/wp\/v2\/product_tag?post=259414"},{"taxonomy":"superdeal","embeddable":true,"href":"https:\/\/staging.swizzle.se\/dk\/wp-json\/wp\/v2\/superdeal?post=259414"},{"taxonomy":"product_variant_id","embeddable":true,"href":"https:\/\/staging.swizzle.se\/dk\/wp-json\/wp\/v2\/product_variant_id?post=259414"}],"curies":[{"name":"wp","href":"https:\/\/api.w.org\/{rel}","templated":true}]}}