{"id":259389,"date":"2024-02-18T19:09:19","date_gmt":"2024-02-18T19:09:19","guid":{"rendered":"https:\/\/new.staging.swizzle.se\/produkt\/orange-bud-cbg-14-5g\/"},"modified":"2026-02-04T14:03:32","modified_gmt":"2026-02-04T14:03:32","slug":"orange-bud-cbg-14","status":"publish","type":"product","link":"https:\/\/staging.swizzle.se\/dk\/product-2\/orange-bud-cbg-14\/","title":{"rendered":"Orange Bud CBG \u2013 14%"},"content":{"rendered":"<div class=\"flex-1 overflow-hidden\">\n<div class=\"react-scroll-to-bottom--css-eywed-79elbk h-full\">\n<div class=\"react-scroll-to-bottom--css-eywed-1n7m0yu\">\n<div class=\"flex flex-col pb-9 text-sm\">\n<div class=\"w-full text-token-text-primary\" data-testid=\"conversation-turn-13\">\n<div class=\"px-4 py-2 justify-center text-base md:gap-6 m-auto\">\n<div class=\"flex flex-1 text-base mx-auto gap-3 md:px-5 lg:px-1 xl:px-5 md:max-w-3xl lg:max-w-[40rem] xl:max-w-[48rem] group final-completion\">\n<div class=\"relative flex w-full flex-col agent-turn\">\n<div class=\"flex-col gap-1 md:gap-3\">\n<div class=\"flex flex-grow flex-col max-w-full\">\n<div class=\"min-h-[20px] text-message flex flex-col items-start gap-3 whitespace-pre-wrap break-words [.text-message+&amp;]:mt-5 overflow-x-auto\" data-message-author-role=\"assistant\" data-message-id=\"2ffe848c-8f61-4db8-b088-17e5f9261409\">\n<div class=\"markdown prose w-full break-words dark:prose-invert dark\">\n<h3>Historien bakom Orange Bud<\/h3>\n<p>Orange Bud \u00e4r en legendarisk cannabisstam som uppstod p\u00e5 1980-talet i Kalifornien, inspirerande till m\u00e5nga andra citruskryssningar. Stamman h\u00e4rstammar fr\u00e5n en korsning mellan Colombian Gold, Acapulco Gold och en Afghani, vilket resulterar i en distinkt Skunkprofil med en dominans av 70% Sativa och 30% Indica. Denna hybridisering har skapat en v\u00e4sentlig sort i cannabisv\u00e4rlden.<\/p>\n<p>Orange Bud CBG skiljer sig med sin extraordin\u00e4ra utseende och aromatiska profil. N\u00e4r man pressar blommorna f\u00f6rsiktigt mellan fingrarna frig\u00f6rs en mjuk, s\u00f6t doft med en distinkt citruskarakt\u00e4r.<\/p>\n<h3>Orange Bud CBG Indoor<\/h3>\n<p>Orange Bud-plantor odlas inomhus under noggrant kontrollerade f\u00f6rh\u00e5llanden, med konstgjort ljus och en milj\u00f6 som maximerar blommornas kvalitet och CBG-inneh\u00e5ll. Denna inomhusproduktion garanterar inte bara en h\u00f6g produktion per kvadratmeter utan ocks\u00e5 en \u00f6verl\u00e4gsen produktkvalitet, utan behov av g\u00f6dningsmedel eller bek\u00e4mpningsmedel.<\/p>\n<p>Orange Bud CBG \u00e4r den perfekta produkten f\u00f6r dig som vill samla p\u00e5 CBG genom en legendarisk blomma som har f\u00f6rtjusat flera generationer. Oavsett om du \u00e4r intresserad av weedkultur eller bara vill njuta av en legendarisk blomma med djup historisk betydelse.<\/p>\n<p><strong>Bem\u00e6rk!<\/strong><br \/>\nDu skal v\u00e6re mindst 18 \u00e5r gammel for at k\u00f8be dette produkt. Det er ikke beregnet som medicin, kosttilskud eller naturprodukt. Vi opfordrer ikke til at indtage eller ryge dette produkt. Opbevar det utilg\u00e6ngeligt for b\u00f8rn Vi fraskriver os ethvert ansvar for, hvordan du som kunde bruger vores produkter. Vi s\u00e6lger dem til indsamlings- og prydform\u00e5l.<\/p>\n<\/div>\n<\/div>\n<\/div>\n<\/div>\n<\/div>\n<\/div>\n<\/div>\n<\/div>\n<\/div>\n<\/div>\n<\/div>\n<\/div>","protected":false},"excerpt":{"rendered":"<h3>Orange Bud CBG \u2013 14%<\/h3>\n<div class=\"flex-1 overflow-hidden\">\n<div class=\"react-scroll-to-bottom--css-eywed-79elbk h-full\">\n<div class=\"react-scroll-to-bottom--css-eywed-1n7m0yu\">\n<div class=\"flex flex-col pb-9 text-sm\">\n<div class=\"w-full text-token-text-primary\" data-testid=\"conversation-turn-13\">\n<div class=\"px-4 py-2 justify-center text-base md:gap-6 m-auto\">\n<div class=\"flex flex-1 text-base mx-auto gap-3 md:px-5 lg:px-1 xl:px-5 md:max-w-3xl lg:max-w-[40rem] xl:max-w-[48rem] group final-completion\">\n<div class=\"relative flex w-full flex-col agent-turn\">\n<div class=\"flex-col gap-1 md:gap-3\">\n<div class=\"flex flex-grow flex-col max-w-full\">\n<div class=\"min-h-[20px] text-message flex flex-col items-start gap-3 whitespace-pre-wrap break-words [.text-message+&amp;]:mt-5 overflow-x-auto\" data-message-author-role=\"assistant\" data-message-id=\"2ffe848c-8f61-4db8-b088-17e5f9261409\">\n<div class=\"markdown prose w-full break-words dark:prose-invert dark\">\n<p>V\u00e5r Orange Bud CBG \u00e4r en verklig klassiker till klassiska cannabisstammar med en modern twist. Denna produkt, som \u00e4r perfekt f\u00f6r dig som uppskattar den rika historien och komplexiteten i cannabis, erbjuder en unik kombination av h\u00f6gkvalitativ CBG.<\/p>\n<p><strong>Vad du f\u00e5r:<\/strong><\/p>\n<ul>\n<li><strong>Upplyftande CBG-effekt:<\/strong> Med 14% CBG<\/li>\n<li><strong>Unik smakprofil:<\/strong> En aromatisk resa som varierar fr\u00e5n clementin (mer syrlig) till grapefrukt (s\u00f6tare) och apelsin (balanserad), beroende p\u00e5 plantans fenotyp.<\/li>\n<li><strong>Rik historia:<\/strong> Orange Bud \u00e4r en ikonisk stam som d\u00f6k upp p\u00e5 1980-talet i Kalifornien, k\u00e4nd f\u00f6r sin kraftfulla Skunkprofil och citrusaromer.<\/li>\n<li><strong>Samlarobjekt<\/strong><\/li>\n<\/ul>\n<\/div>\n<\/div>\n<\/div>\n<\/div>\n<\/div>\n<\/div>\n<\/div>\n<\/div>\n<\/div>\n<\/div>\n<\/div>\n<\/div>","protected":false},"featured_media":294109,"comment_status":"open","ping_status":"closed","template":"","meta":{"site-sidebar-layout":"default","site-content-layout":"","ast-site-content-layout":"default","site-content-style":"default","site-sidebar-style":"default","ast-global-header-display":"","ast-banner-title-visibility":"","ast-main-header-display":"","ast-hfb-above-header-display":"","ast-hfb-below-header-display":"","ast-hfb-mobile-header-display":"","site-post-title":"","ast-breadcrumbs-content":"","ast-featured-img":"","footer-sml-layout":"","ast-disable-related-posts":"","theme-transparent-header-meta":"default","adv-header-id-meta":"","stick-header-meta":"default","header-above-stick-meta":"","header-main-stick-meta":"","header-below-stick-meta":"","astra-migrate-meta-layouts":"set","ast-page-background-enabled":"default","ast-page-background-meta":{"desktop":{"background-color":"var(--ast-global-color-4)","background-image":"","background-repeat":"repeat","background-position":"center center","background-size":"auto","background-attachment":"scroll","background-type":"","background-media":"","overlay-type":"","overlay-color":"","overlay-opacity":"","overlay-gradient":""},"tablet":{"background-color":"","background-image":"","background-repeat":"repeat","background-position":"center center","background-size":"auto","background-attachment":"scroll","background-type":"","background-media":"","overlay-type":"","overlay-color":"","overlay-opacity":"","overlay-gradient":""},"mobile":{"background-color":"","background-image":"","background-repeat":"repeat","background-position":"center center","background-size":"auto","background-attachment":"scroll","background-type":"","background-media":"","overlay-type":"","overlay-color":"","overlay-opacity":"","overlay-gradient":""}},"ast-content-background-meta":{"desktop":{"background-color":"var(--ast-global-color-5)","background-image":"","background-repeat":"repeat","background-position":"center center","background-size":"auto","background-attachment":"scroll","background-type":"","background-media":"","overlay-type":"","overlay-color":"","overlay-opacity":"","overlay-gradient":""},"tablet":{"background-color":"var(--ast-global-color-5)","background-image":"","background-repeat":"repeat","background-position":"center center","background-size":"auto","background-attachment":"scroll","background-type":"","background-media":"","overlay-type":"","overlay-color":"","overlay-opacity":"","overlay-gradient":""},"mobile":{"background-color":"var(--ast-global-color-5)","background-image":"","background-repeat":"repeat","background-position":"center center","background-size":"auto","background-attachment":"scroll","background-type":"","background-media":"","overlay-type":"","overlay-color":"","overlay-opacity":"","overlay-gradient":""}}},"product_brand":[756,765],"product_cat":[334,333,331],"product_tag":[],"superdeal":[],"product_variant_id":[],"class_list":{"0":"post-259389","1":"product","2":"type-product","3":"status-publish","4":"has-post-thumbnail","6":"product_brand-magic-farmers","7":"product_brand-sixty-8","8":"product_cat-cannabinoider","9":"product_cat-cbd-buds","10":"product_cat-cbd-g-n","11":"desktop-align-center","12":"tablet-align-left","13":"mobile-align-left","14":"ast-product-gallery-layout-horizontal-slider","15":"ast-product-gallery-with-no-image","16":"ast-magnify-disabled","17":"ast-product-tabs-layout-horizontal","19":"first","20":"instock","21":"taxable","22":"shipping-taxable","23":"purchasable","24":"product-type-simple"},"yoast_head":"<!-- This site is optimized with the Yoast SEO Premium plugin v26.9 (Yoast SEO v26.9) - https:\/\/yoast.com\/product\/yoast-seo-premium-wordpress\/ -->\n<title>Orange Bud CBG \u2013 14%<\/title>\n<meta name=\"description\" content=\"Orange Bud CBG \u2013 14% \u00e4r en verklig klassiker, av h\u00f6gkvalitativ CBG - Anv\u00e4nds med v\u00e5ra hampa blunts eller traditionella rullpapper OCB.\" \/>\n<meta name=\"robots\" content=\"noindex, follow, max-snippet:-1, max-image-preview:large, max-video-preview:-1\" \/>\n<meta property=\"og:locale\" content=\"da_DK\" \/>\n<meta property=\"og:type\" content=\"article\" \/>\n<meta property=\"og:title\" content=\"Orange Bud CBG \u2013 14%\" \/>\n<meta property=\"og:description\" content=\"Orange Bud CBG \u2013 14% \u00e4r en verklig klassiker, av h\u00f6gkvalitativ CBG - Anv\u00e4nds med v\u00e5ra hampa blunts eller traditionella rullpapper OCB.\" \/>\n<meta property=\"og:url\" content=\"https:\/\/www.swizzle.se\/produkt\/orange-bud-cbg-14\/\" \/>\n<meta property=\"og:site_name\" content=\"Swizzle\" \/>\n<meta property=\"article:modified_time\" content=\"2026-02-04T14:03:32+00:00\" \/>\n<meta property=\"og:image\" content=\"https:\/\/www.swizzle.se\/wp-content\/uploads\/2024\/02\/orange-bud-cbg-pack.jpg\" \/>\n\t<meta property=\"og:image:width\" content=\"800\" \/>\n\t<meta property=\"og:image:height\" content=\"800\" \/>\n\t<meta property=\"og:image:type\" content=\"image\/jpeg\" \/>\n<meta name=\"twitter:card\" content=\"summary_large_image\" \/>\n<meta name=\"twitter:label1\" content=\"Pris\" \/>\n\t<meta name=\"twitter:data1\" content=\"75.00&nbsp;&#107;&#114;\" \/>\n\t<meta name=\"twitter:label2\" content=\"Tilg\u00e6ngelighed\" \/>\n\t<meta name=\"twitter:data2\" content=\"P\u00e5 lager\" \/>\n<script type=\"application\/ld+json\" class=\"yoast-schema-graph\">{\"@context\":\"https:\/\/schema.org\",\"@graph\":[{\"@type\":\"WebPage\",\"@id\":\"https:\/\/www.swizzle.se\/produkt\/orange-bud-cbg-14\/\",\"url\":\"https:\/\/www.swizzle.se\/produkt\/orange-bud-cbg-14\/\",\"name\":\"Orange Bud CBG \u2013 14%\",\"isPartOf\":{\"@id\":\"https:\/\/staging.swizzle.se\/#website\"},\"primaryImageOfPage\":{\"@id\":\"https:\/\/www.swizzle.se\/produkt\/orange-bud-cbg-14\/#primaryimage\"},\"image\":{\"@id\":\"https:\/\/www.swizzle.se\/produkt\/orange-bud-cbg-14\/#primaryimage\"},\"thumbnailUrl\":\"https:\/\/staging.swizzle.se\/wp-content\/uploads\/2024\/02\/orange-bud-cbg-pack.jpg\",\"datePublished\":\"2024-02-18T19:09:19+00:00\",\"dateModified\":\"2026-02-04T14:03:32+00:00\",\"description\":\"Orange Bud CBG \u2013 14% \u00e4r en verklig klassiker, av h\u00f6gkvalitativ CBG - Anv\u00e4nds med v\u00e5ra hampa blunts eller traditionella rullpapper OCB.\",\"breadcrumb\":{\"@id\":\"https:\/\/www.swizzle.se\/produkt\/orange-bud-cbg-14\/#breadcrumb\"},\"inLanguage\":\"da-DK\",\"potentialAction\":[{\"@type\":\"ReadAction\",\"target\":[\"https:\/\/www.swizzle.se\/produkt\/orange-bud-cbg-14\/\"]}]},{\"@type\":\"ImageObject\",\"inLanguage\":\"da-DK\",\"@id\":\"https:\/\/www.swizzle.se\/produkt\/orange-bud-cbg-14\/#primaryimage\",\"url\":\"https:\/\/staging.swizzle.se\/wp-content\/uploads\/2024\/02\/orange-bud-cbg-pack.jpg\",\"contentUrl\":\"https:\/\/staging.swizzle.se\/wp-content\/uploads\/2024\/02\/orange-bud-cbg-pack.jpg\",\"width\":800,\"height\":800,\"caption\":\"orange-bud-cbg\"},{\"@type\":\"BreadcrumbList\",\"@id\":\"https:\/\/www.swizzle.se\/produkt\/orange-bud-cbg-14\/#breadcrumb\",\"itemListElement\":[{\"@type\":\"ListItem\",\"position\":1,\"name\":\"Home\",\"item\":\"https:\/\/www.swizzle.se\/\"},{\"@type\":\"ListItem\",\"position\":2,\"name\":\"Shop\",\"item\":\"https:\/\/www.swizzle.se\/shop\/\"},{\"@type\":\"ListItem\",\"position\":3,\"name\":\"CANNABINOIDER\",\"item\":\"https:\/\/www.swizzle.se\/produkt-kategori\/cannabinoider\/\"},{\"@type\":\"ListItem\",\"position\":4,\"name\":\"CBD\/G\/N\",\"item\":\"https:\/\/www.swizzle.se\/produkt-kategori\/cannabinoider\/cbd-g-n\/\"},{\"@type\":\"ListItem\",\"position\":5,\"name\":\"CBD BUDS\",\"item\":\"https:\/\/www.swizzle.se\/produkt-kategori\/cannabinoider\/cbd-g-n\/cbd-buds\/\"},{\"@type\":\"ListItem\",\"position\":6,\"name\":\"Orange Bud CBG \u2013 14%\"}]},{\"@type\":\"WebSite\",\"@id\":\"https:\/\/staging.swizzle.se\/#website\",\"url\":\"https:\/\/staging.swizzle.se\/\",\"name\":\"Swizzle\",\"description\":\"Nikotin CBD Vapes Snus White Portion\",\"publisher\":{\"@id\":\"https:\/\/staging.swizzle.se\/#organization\"},\"potentialAction\":[{\"@type\":\"SearchAction\",\"target\":{\"@type\":\"EntryPoint\",\"urlTemplate\":\"https:\/\/staging.swizzle.se\/?s={search_term_string}\"},\"query-input\":{\"@type\":\"PropertyValueSpecification\",\"valueRequired\":true,\"valueName\":\"search_term_string\"}}],\"inLanguage\":\"da-DK\"},{\"@type\":\"Organization\",\"@id\":\"https:\/\/staging.swizzle.se\/#organization\",\"name\":\"Swizzle\",\"url\":\"https:\/\/staging.swizzle.se\/\",\"logo\":{\"@type\":\"ImageObject\",\"inLanguage\":\"da-DK\",\"@id\":\"https:\/\/staging.swizzle.se\/#\/schema\/logo\/image\/\",\"url\":\"https:\/\/staging.swizzle.se\/wp-content\/uploads\/2025\/10\/cropped-SWIZZLE.-4.png\",\"contentUrl\":\"https:\/\/staging.swizzle.se\/wp-content\/uploads\/2025\/10\/cropped-SWIZZLE.-4.png\",\"width\":800,\"height\":267,\"caption\":\"Swizzle\"},\"image\":{\"@id\":\"https:\/\/staging.swizzle.se\/#\/schema\/logo\/image\/\"},\"hasMerchantReturnPolicy\":{\"@type\":\"MerchantReturnPolicy\",\"merchantReturnLink\":\"https:\/\/staging.swizzle.se\/dk\/villkor\/\"}}]}<\/script>\n<meta property=\"product:price:amount\" content=\"75.00\" \/>\n<meta property=\"product:price:currency\" content=\"SEK\" \/>\n<meta property=\"og:availability\" content=\"instock\" \/>\n<meta property=\"product:availability\" content=\"instock\" \/>\n<meta property=\"product:retailer_item_id\" content=\"Orangebud\" \/>\n<meta property=\"product:condition\" content=\"new\" \/>\n<!-- \/ Yoast SEO Premium plugin. -->","yoast_head_json":{"title":"Orange Bud CBG \u2013 14%","description":"Orange Bud CBG \u2013 14% \u00e4r en verklig klassiker, av h\u00f6gkvalitativ CBG - Anv\u00e4nds med v\u00e5ra hampa blunts eller traditionella rullpapper OCB.","robots":{"index":"noindex","follow":"follow","max-snippet":"max-snippet:-1","max-image-preview":"max-image-preview:large","max-video-preview":"max-video-preview:-1"},"og_locale":"da_DK","og_type":"article","og_title":"Orange Bud CBG \u2013 14%","og_description":"Orange Bud CBG \u2013 14% \u00e4r en verklig klassiker, av h\u00f6gkvalitativ CBG - Anv\u00e4nds med v\u00e5ra hampa blunts eller traditionella rullpapper OCB.","og_url":"https:\/\/www.swizzle.se\/produkt\/orange-bud-cbg-14\/","og_site_name":"Swizzle","article_modified_time":"2026-02-04T14:03:32+00:00","og_image":[{"width":800,"height":800,"url":"https:\/\/www.swizzle.se\/wp-content\/uploads\/2024\/02\/orange-bud-cbg-pack.jpg","type":"image\/jpeg"}],"twitter_card":"summary_large_image","twitter_misc":{"Pris":"75.00&nbsp;&#107;&#114;","Tilg\u00e6ngelighed":"P\u00e5 lager"},"schema":{"@context":"https:\/\/schema.org","@graph":[{"@type":"WebPage","@id":"https:\/\/www.swizzle.se\/produkt\/orange-bud-cbg-14\/","url":"https:\/\/www.swizzle.se\/produkt\/orange-bud-cbg-14\/","name":"Orange Bud CBG \u2013 14%","isPartOf":{"@id":"https:\/\/staging.swizzle.se\/#website"},"primaryImageOfPage":{"@id":"https:\/\/www.swizzle.se\/produkt\/orange-bud-cbg-14\/#primaryimage"},"image":{"@id":"https:\/\/www.swizzle.se\/produkt\/orange-bud-cbg-14\/#primaryimage"},"thumbnailUrl":"https:\/\/staging.swizzle.se\/wp-content\/uploads\/2024\/02\/orange-bud-cbg-pack.jpg","datePublished":"2024-02-18T19:09:19+00:00","dateModified":"2026-02-04T14:03:32+00:00","description":"Orange Bud CBG \u2013 14% \u00e4r en verklig klassiker, av h\u00f6gkvalitativ CBG - Anv\u00e4nds med v\u00e5ra hampa blunts eller traditionella rullpapper OCB.","breadcrumb":{"@id":"https:\/\/www.swizzle.se\/produkt\/orange-bud-cbg-14\/#breadcrumb"},"inLanguage":"da-DK","potentialAction":[{"@type":"ReadAction","target":["https:\/\/www.swizzle.se\/produkt\/orange-bud-cbg-14\/"]}]},{"@type":"ImageObject","inLanguage":"da-DK","@id":"https:\/\/www.swizzle.se\/produkt\/orange-bud-cbg-14\/#primaryimage","url":"https:\/\/staging.swizzle.se\/wp-content\/uploads\/2024\/02\/orange-bud-cbg-pack.jpg","contentUrl":"https:\/\/staging.swizzle.se\/wp-content\/uploads\/2024\/02\/orange-bud-cbg-pack.jpg","width":800,"height":800,"caption":"orange-bud-cbg"},{"@type":"BreadcrumbList","@id":"https:\/\/www.swizzle.se\/produkt\/orange-bud-cbg-14\/#breadcrumb","itemListElement":[{"@type":"ListItem","position":1,"name":"Home","item":"https:\/\/www.swizzle.se\/"},{"@type":"ListItem","position":2,"name":"Shop","item":"https:\/\/www.swizzle.se\/shop\/"},{"@type":"ListItem","position":3,"name":"CANNABINOIDER","item":"https:\/\/www.swizzle.se\/produkt-kategori\/cannabinoider\/"},{"@type":"ListItem","position":4,"name":"CBD\/G\/N","item":"https:\/\/www.swizzle.se\/produkt-kategori\/cannabinoider\/cbd-g-n\/"},{"@type":"ListItem","position":5,"name":"CBD BUDS","item":"https:\/\/www.swizzle.se\/produkt-kategori\/cannabinoider\/cbd-g-n\/cbd-buds\/"},{"@type":"ListItem","position":6,"name":"Orange Bud CBG \u2013 14%"}]},{"@type":"WebSite","@id":"https:\/\/staging.swizzle.se\/#website","url":"https:\/\/staging.swizzle.se\/","name":"Swizzle","description":"Nikotin CBD Vapes Snus Hvid Portion","publisher":{"@id":"https:\/\/staging.swizzle.se\/#organization"},"potentialAction":[{"@type":"SearchAction","target":{"@type":"EntryPoint","urlTemplate":"https:\/\/staging.swizzle.se\/?s={search_term_string}"},"query-input":{"@type":"PropertyValueSpecification","valueRequired":true,"valueName":"search_term_string"}}],"inLanguage":"da-DK"},{"@type":"Organization","@id":"https:\/\/staging.swizzle.se\/#organization","name":"Swizzle","url":"https:\/\/staging.swizzle.se\/","logo":{"@type":"ImageObject","inLanguage":"da-DK","@id":"https:\/\/staging.swizzle.se\/#\/schema\/logo\/image\/","url":"https:\/\/staging.swizzle.se\/wp-content\/uploads\/2025\/10\/cropped-SWIZZLE.-4.png","contentUrl":"https:\/\/staging.swizzle.se\/wp-content\/uploads\/2025\/10\/cropped-SWIZZLE.-4.png","width":800,"height":267,"caption":"Swizzle"},"image":{"@id":"https:\/\/staging.swizzle.se\/#\/schema\/logo\/image\/"},"hasMerchantReturnPolicy":{"@type":"MerchantReturnPolicy","merchantReturnLink":"https:\/\/staging.swizzle.se\/dk\/villkor\/"}}]},"product_price_amount":"75.00","product_price_currency":"SEK","og_availability":"instock","product_availability":"instock","product_retailer_item_id":"Orangebud","product_condition":"new"},"tiered_pricing_type":"fixed","tiered_pricing_fixed_rules":[],"tiered_pricing_product_settings":{"layout":"default","base_unit_name":{"singular":null,"plural":null},"default_variation":null},"tiered_pricing_minimum_quantity":null,"tiered_pricing_roles_data":[],"tiered_pricing_percentage_rules":[],"tiered_pricing_maximum_quantity":null,"tiered_pricing_quantity_step":null,"_links":{"self":[{"href":"https:\/\/staging.swizzle.se\/dk\/wp-json\/wp\/v2\/product\/259389","targetHints":{"allow":["GET"]}}],"collection":[{"href":"https:\/\/staging.swizzle.se\/dk\/wp-json\/wp\/v2\/product"}],"about":[{"href":"https:\/\/staging.swizzle.se\/dk\/wp-json\/wp\/v2\/types\/product"}],"replies":[{"embeddable":true,"href":"https:\/\/staging.swizzle.se\/dk\/wp-json\/wp\/v2\/comments?post=259389"}],"version-history":[{"count":0,"href":"https:\/\/staging.swizzle.se\/dk\/wp-json\/wp\/v2\/product\/259389\/revisions"}],"wp:featuredmedia":[{"embeddable":true,"href":"https:\/\/staging.swizzle.se\/dk\/wp-json\/wp\/v2\/media\/294109"}],"wp:attachment":[{"href":"https:\/\/staging.swizzle.se\/dk\/wp-json\/wp\/v2\/media?parent=259389"}],"wp:term":[{"taxonomy":"product_brand","embeddable":true,"href":"https:\/\/staging.swizzle.se\/dk\/wp-json\/wp\/v2\/product_brand?post=259389"},{"taxonomy":"product_cat","embeddable":true,"href":"https:\/\/staging.swizzle.se\/dk\/wp-json\/wp\/v2\/product_cat?post=259389"},{"taxonomy":"product_tag","embeddable":true,"href":"https:\/\/staging.swizzle.se\/dk\/wp-json\/wp\/v2\/product_tag?post=259389"},{"taxonomy":"superdeal","embeddable":true,"href":"https:\/\/staging.swizzle.se\/dk\/wp-json\/wp\/v2\/superdeal?post=259389"},{"taxonomy":"product_variant_id","embeddable":true,"href":"https:\/\/staging.swizzle.se\/dk\/wp-json\/wp\/v2\/product_variant_id?post=259389"}],"curies":[{"name":"wp","href":"https:\/\/api.w.org\/{rel}","templated":true}]}}