{"id":259350,"date":"2023-12-11T22:09:30","date_gmt":"2023-12-11T22:09:30","guid":{"rendered":"https:\/\/new.staging.swizzle.se\/produkt\/g-rollz-passion-fruit-blunts-i-2-pack\/"},"modified":"2026-02-04T14:09:16","modified_gmt":"2026-02-04T14:09:16","slug":"g-rollz-passion-fruit-blunts-i-2-pack","status":"publish","type":"product","link":"https:\/\/staging.swizzle.se\/dk\/product-2\/g-rollz-passion-fruit-blunts-i-2-pack\/","title":{"rendered":"G-Rollz | 2x Passion Fruit Flavored Pre-Rolled Hemp"},"content":{"rendered":"<p>I varje f\u00f6rpackning hittar du 2 f\u00e4rdig rullade hampa blunts som \u00e4r konformade och har ett spiralfilter f\u00f6r en f\u00f6rb\u00e4ttrad r\u00f6kupplevelse. V\u00e5ra blunts \u00e4r noggrant tillverkade av premium, ekologisk hampa fr\u00e5n Spanien som erbjuder enast\u00e5ende rivh\u00e5llfasthet och f\u00f6rm\u00e5ga att beh\u00e5lla fukt. Detta g\u00f6r att du kan fylla bluntsen utan problem med rivning eller sprickor.<\/p>\n<p>Blunts kan anv\u00e4ndas f\u00f6r att rulla och r\u00f6ka olika \u00e4mnen, s\u00e5som cannabis eller tobak. De ger en smakrik smakupplevelse, och i detta fall har de en l\u00e4cker smak av passionsfrukt.<\/p>\n<p>F\u00f6r att s\u00e4kerst\u00e4lla \u00e4ktheten p\u00e5 varje f\u00f6rpackning kan du enkelt verifiera den individuellt genom att skanna en QR-kod.<\/p>","protected":false},"excerpt":{"rendered":"<p>I varje f\u00f6rpackning hittar du 2 f\u00e4rdig rullade hampa blunts som \u00e4r konformade och har ett spiralfilter f\u00f6r en f\u00f6rb\u00e4ttrad r\u00f6kupplevelse. V\u00e5ra blunts \u00e4r noggrant tillverkade av premium, ekologisk hampa fr\u00e5n Spanien som erbjuder enast\u00e5ende rivh\u00e5llfasthet och f\u00f6rm\u00e5ga att beh\u00e5lla fukt. Detta g\u00f6r att du kan fylla bluntsen utan problem med rivning eller sprickor. Blunts [&hellip;]<\/p>","protected":false},"featured_media":259352,"comment_status":"open","ping_status":"closed","template":"","meta":{"site-sidebar-layout":"default","site-content-layout":"","ast-site-content-layout":"default","site-content-style":"default","site-sidebar-style":"default","ast-global-header-display":"","ast-banner-title-visibility":"","ast-main-header-display":"","ast-hfb-above-header-display":"","ast-hfb-below-header-display":"","ast-hfb-mobile-header-display":"","site-post-title":"","ast-breadcrumbs-content":"","ast-featured-img":"","footer-sml-layout":"","ast-disable-related-posts":"","theme-transparent-header-meta":"","adv-header-id-meta":"","stick-header-meta":"","header-above-stick-meta":"","header-main-stick-meta":"","header-below-stick-meta":"","astra-migrate-meta-layouts":"default","ast-page-background-enabled":"default","ast-page-background-meta":{"desktop":{"background-color":"var(--ast-global-color-4)","background-image":"","background-repeat":"repeat","background-position":"center center","background-size":"auto","background-attachment":"scroll","background-type":"","background-media":"","overlay-type":"","overlay-color":"","overlay-opacity":"","overlay-gradient":""},"tablet":{"background-color":"","background-image":"","background-repeat":"repeat","background-position":"center center","background-size":"auto","background-attachment":"scroll","background-type":"","background-media":"","overlay-type":"","overlay-color":"","overlay-opacity":"","overlay-gradient":""},"mobile":{"background-color":"","background-image":"","background-repeat":"repeat","background-position":"center center","background-size":"auto","background-attachment":"scroll","background-type":"","background-media":"","overlay-type":"","overlay-color":"","overlay-opacity":"","overlay-gradient":""}},"ast-content-background-meta":{"desktop":{"background-color":"var(--ast-global-color-5)","background-image":"","background-repeat":"repeat","background-position":"center center","background-size":"auto","background-attachment":"scroll","background-type":"","background-media":"","overlay-type":"","overlay-color":"","overlay-opacity":"","overlay-gradient":""},"tablet":{"background-color":"var(--ast-global-color-5)","background-image":"","background-repeat":"repeat","background-position":"center center","background-size":"auto","background-attachment":"scroll","background-type":"","background-media":"","overlay-type":"","overlay-color":"","overlay-opacity":"","overlay-gradient":""},"mobile":{"background-color":"var(--ast-global-color-5)","background-image":"","background-repeat":"repeat","background-position":"center center","background-size":"auto","background-attachment":"scroll","background-type":"","background-media":"","overlay-type":"","overlay-color":"","overlay-opacity":"","overlay-gradient":""}}},"product_brand":[742],"product_cat":[286,284,285],"product_tag":[],"superdeal":[],"product_variant_id":[],"class_list":{"0":"post-259350","1":"product","2":"type-product","3":"status-publish","4":"has-post-thumbnail","6":"product_brand-g-rollz","7":"product_cat-g-rollz-rullpapper-roktillbehor","8":"product_cat-roktillbehor","9":"product_cat-rullpapper","10":"desktop-align-center","11":"tablet-align-left","12":"mobile-align-left","13":"ast-product-gallery-layout-horizontal-slider","14":"ast-product-gallery-with-no-image","15":"ast-magnify-disabled","16":"ast-product-tabs-layout-horizontal","18":"first","19":"outofstock","20":"taxable","21":"shipping-taxable","22":"purchasable","23":"product-type-simple"},"yoast_head":"<!-- This site is optimized with the Yoast SEO Premium plugin v26.9 (Yoast SEO v26.9) - https:\/\/yoast.com\/product\/yoast-seo-premium-wordpress\/ -->\n<title>G Rollz | Passion Fruit \u2013Blunts I 2 pack<\/title>\n<meta name=\"description\" content=\"Varje f\u00f6rpackning inneh\u00e5ller 2 f\u00e4rdig rullade hampa bluntar, sakkunnigt tillverkade till en konform. Gjorda av naturlig odlad blomma.\" \/>\n<meta name=\"robots\" content=\"noindex, follow, max-snippet:-1, max-image-preview:large, max-video-preview:-1\" \/>\n<meta property=\"og:locale\" content=\"da_DK\" \/>\n<meta property=\"og:type\" content=\"article\" \/>\n<meta property=\"og:title\" content=\"G-Rollz | 2x Passion Fruit Flavored Pre-Rolled Hemp\" \/>\n<meta property=\"og:description\" content=\"Varje f\u00f6rpackning inneh\u00e5ller 2 f\u00e4rdig rullade hampa bluntar, sakkunnigt tillverkade till en konform. Gjorda av naturlig odlad blomma.\" \/>\n<meta property=\"og:url\" content=\"https:\/\/www.swizzle.se\/produkt\/g-rollz-passion-fruit-blunts-i-2-pack\/\" \/>\n<meta property=\"og:site_name\" content=\"Swizzle\" \/>\n<meta property=\"article:modified_time\" content=\"2026-02-04T14:09:16+00:00\" \/>\n<meta property=\"og:image\" content=\"https:\/\/www.swizzle.se\/wp-content\/uploads\/2025\/05\/grollz-prerolled-hemp-cones-passion-haze.jpg\" \/>\n\t<meta property=\"og:image:width\" content=\"800\" \/>\n\t<meta property=\"og:image:height\" content=\"800\" \/>\n\t<meta property=\"og:image:type\" content=\"image\/jpeg\" \/>\n<meta name=\"twitter:card\" content=\"summary_large_image\" \/>\n<meta name=\"twitter:label1\" content=\"Pris\" \/>\n\t<meta name=\"twitter:data1\" content=\"39.00&nbsp;&#107;&#114;\" \/>\n\t<meta name=\"twitter:label2\" content=\"Tilg\u00e6ngelighed\" \/>\n\t<meta name=\"twitter:data2\" content=\"Ikke p\u00e5 lager\" \/>\n<script type=\"application\/ld+json\" class=\"yoast-schema-graph\">{\"@context\":\"https:\/\/schema.org\",\"@graph\":[{\"@type\":\"WebPage\",\"@id\":\"https:\/\/www.swizzle.se\/produkt\/g-rollz-passion-fruit-blunts-i-2-pack\/\",\"url\":\"https:\/\/www.swizzle.se\/produkt\/g-rollz-passion-fruit-blunts-i-2-pack\/\",\"name\":\"G Rollz | Passion Fruit \u2013Blunts I 2 pack\",\"isPartOf\":{\"@id\":\"https:\/\/staging.swizzle.se\/#website\"},\"primaryImageOfPage\":{\"@id\":\"https:\/\/www.swizzle.se\/produkt\/g-rollz-passion-fruit-blunts-i-2-pack\/#primaryimage\"},\"image\":{\"@id\":\"https:\/\/www.swizzle.se\/produkt\/g-rollz-passion-fruit-blunts-i-2-pack\/#primaryimage\"},\"thumbnailUrl\":\"https:\/\/staging.swizzle.se\/wp-content\/uploads\/2025\/05\/grollz-prerolled-hemp-cones-passion-haze.jpg\",\"datePublished\":\"2023-12-11T22:09:30+00:00\",\"dateModified\":\"2026-02-04T14:09:16+00:00\",\"description\":\"Varje f\u00f6rpackning inneh\u00e5ller 2 f\u00e4rdig rullade hampa bluntar, sakkunnigt tillverkade till en konform. Gjorda av naturlig odlad blomma.\",\"breadcrumb\":{\"@id\":\"https:\/\/www.swizzle.se\/produkt\/g-rollz-passion-fruit-blunts-i-2-pack\/#breadcrumb\"},\"inLanguage\":\"da-DK\",\"potentialAction\":[{\"@type\":\"ReadAction\",\"target\":[\"https:\/\/www.swizzle.se\/produkt\/g-rollz-passion-fruit-blunts-i-2-pack\/\"]}]},{\"@type\":\"ImageObject\",\"inLanguage\":\"da-DK\",\"@id\":\"https:\/\/www.swizzle.se\/produkt\/g-rollz-passion-fruit-blunts-i-2-pack\/#primaryimage\",\"url\":\"https:\/\/staging.swizzle.se\/wp-content\/uploads\/2025\/05\/grollz-prerolled-hemp-cones-passion-haze.jpg\",\"contentUrl\":\"https:\/\/staging.swizzle.se\/wp-content\/uploads\/2025\/05\/grollz-prerolled-hemp-cones-passion-haze.jpg\",\"width\":800,\"height\":800},{\"@type\":\"BreadcrumbList\",\"@id\":\"https:\/\/www.swizzle.se\/produkt\/g-rollz-passion-fruit-blunts-i-2-pack\/#breadcrumb\",\"itemListElement\":[{\"@type\":\"ListItem\",\"position\":1,\"name\":\"Home\",\"item\":\"https:\/\/www.swizzle.se\/\"},{\"@type\":\"ListItem\",\"position\":2,\"name\":\"Shop\",\"item\":\"https:\/\/www.swizzle.se\/shop\/\"},{\"@type\":\"ListItem\",\"position\":3,\"name\":\"R\u00d6KTILLBEH\u00d6R\",\"item\":\"https:\/\/www.swizzle.se\/produkt-kategori\/roktillbehor\/\"},{\"@type\":\"ListItem\",\"position\":4,\"name\":\"RULLPAPPER\",\"item\":\"https:\/\/www.swizzle.se\/produkt-kategori\/roktillbehor\/rullpapper\/\"},{\"@type\":\"ListItem\",\"position\":5,\"name\":\"G-ROLLZ\",\"item\":\"https:\/\/www.swizzle.se\/produkt-kategori\/roktillbehor\/rullpapper\/g-rollz-rullpapper-roktillbehor\/\"},{\"@type\":\"ListItem\",\"position\":6,\"name\":\"G-Rollz | 2x Passion Fruit Flavored Pre-Rolled Hemp\"}]},{\"@type\":\"WebSite\",\"@id\":\"https:\/\/staging.swizzle.se\/#website\",\"url\":\"https:\/\/staging.swizzle.se\/\",\"name\":\"Swizzle\",\"description\":\"Nikotin CBD Vapes Snus White Portion\",\"publisher\":{\"@id\":\"https:\/\/staging.swizzle.se\/#organization\"},\"potentialAction\":[{\"@type\":\"SearchAction\",\"target\":{\"@type\":\"EntryPoint\",\"urlTemplate\":\"https:\/\/staging.swizzle.se\/?s={search_term_string}\"},\"query-input\":{\"@type\":\"PropertyValueSpecification\",\"valueRequired\":true,\"valueName\":\"search_term_string\"}}],\"inLanguage\":\"da-DK\"},{\"@type\":\"Organization\",\"@id\":\"https:\/\/staging.swizzle.se\/#organization\",\"name\":\"Swizzle\",\"url\":\"https:\/\/staging.swizzle.se\/\",\"logo\":{\"@type\":\"ImageObject\",\"inLanguage\":\"da-DK\",\"@id\":\"https:\/\/staging.swizzle.se\/#\/schema\/logo\/image\/\",\"url\":\"https:\/\/staging.swizzle.se\/wp-content\/uploads\/2025\/10\/cropped-SWIZZLE.-4.png\",\"contentUrl\":\"https:\/\/staging.swizzle.se\/wp-content\/uploads\/2025\/10\/cropped-SWIZZLE.-4.png\",\"width\":800,\"height\":267,\"caption\":\"Swizzle\"},\"image\":{\"@id\":\"https:\/\/staging.swizzle.se\/#\/schema\/logo\/image\/\"},\"hasMerchantReturnPolicy\":{\"@type\":\"MerchantReturnPolicy\",\"merchantReturnLink\":\"https:\/\/staging.swizzle.se\/dk\/villkor\/\"}}]}<\/script>\n<meta property=\"product:price:amount\" content=\"39.00\" \/>\n<meta property=\"product:price:currency\" content=\"SEK\" \/>\n<meta property=\"og:availability\" content=\"out of stock\" \/>\n<meta property=\"product:availability\" content=\"out of stock\" \/>\n<meta property=\"product:retailer_item_id\" content=\"87238637\" \/>\n<meta property=\"product:condition\" content=\"new\" \/>\n<!-- \/ Yoast SEO Premium plugin. -->","yoast_head_json":{"title":"G Rollz | Passion Fruit \u2013Blunts I 2 pack","description":"Varje f\u00f6rpackning inneh\u00e5ller 2 f\u00e4rdig rullade hampa bluntar, sakkunnigt tillverkade till en konform. Gjorda av naturlig odlad blomma.","robots":{"index":"noindex","follow":"follow","max-snippet":"max-snippet:-1","max-image-preview":"max-image-preview:large","max-video-preview":"max-video-preview:-1"},"og_locale":"da_DK","og_type":"article","og_title":"G-Rollz | 2x Passion Fruit Flavored Pre-Rolled Hemp","og_description":"Varje f\u00f6rpackning inneh\u00e5ller 2 f\u00e4rdig rullade hampa bluntar, sakkunnigt tillverkade till en konform. Gjorda av naturlig odlad blomma.","og_url":"https:\/\/www.swizzle.se\/produkt\/g-rollz-passion-fruit-blunts-i-2-pack\/","og_site_name":"Swizzle","article_modified_time":"2026-02-04T14:09:16+00:00","og_image":[{"width":800,"height":800,"url":"https:\/\/www.swizzle.se\/wp-content\/uploads\/2025\/05\/grollz-prerolled-hemp-cones-passion-haze.jpg","type":"image\/jpeg"}],"twitter_card":"summary_large_image","twitter_misc":{"Pris":"39.00&nbsp;&#107;&#114;","Tilg\u00e6ngelighed":"Ikke p\u00e5 lager"},"schema":{"@context":"https:\/\/schema.org","@graph":[{"@type":"WebPage","@id":"https:\/\/www.swizzle.se\/produkt\/g-rollz-passion-fruit-blunts-i-2-pack\/","url":"https:\/\/www.swizzle.se\/produkt\/g-rollz-passion-fruit-blunts-i-2-pack\/","name":"G Rollz | Passion Fruit \u2013Blunts I 2 pack","isPartOf":{"@id":"https:\/\/staging.swizzle.se\/#website"},"primaryImageOfPage":{"@id":"https:\/\/www.swizzle.se\/produkt\/g-rollz-passion-fruit-blunts-i-2-pack\/#primaryimage"},"image":{"@id":"https:\/\/www.swizzle.se\/produkt\/g-rollz-passion-fruit-blunts-i-2-pack\/#primaryimage"},"thumbnailUrl":"https:\/\/staging.swizzle.se\/wp-content\/uploads\/2025\/05\/grollz-prerolled-hemp-cones-passion-haze.jpg","datePublished":"2023-12-11T22:09:30+00:00","dateModified":"2026-02-04T14:09:16+00:00","description":"Varje f\u00f6rpackning inneh\u00e5ller 2 f\u00e4rdig rullade hampa bluntar, sakkunnigt tillverkade till en konform. Gjorda av naturlig odlad blomma.","breadcrumb":{"@id":"https:\/\/www.swizzle.se\/produkt\/g-rollz-passion-fruit-blunts-i-2-pack\/#breadcrumb"},"inLanguage":"da-DK","potentialAction":[{"@type":"ReadAction","target":["https:\/\/www.swizzle.se\/produkt\/g-rollz-passion-fruit-blunts-i-2-pack\/"]}]},{"@type":"ImageObject","inLanguage":"da-DK","@id":"https:\/\/www.swizzle.se\/produkt\/g-rollz-passion-fruit-blunts-i-2-pack\/#primaryimage","url":"https:\/\/staging.swizzle.se\/wp-content\/uploads\/2025\/05\/grollz-prerolled-hemp-cones-passion-haze.jpg","contentUrl":"https:\/\/staging.swizzle.se\/wp-content\/uploads\/2025\/05\/grollz-prerolled-hemp-cones-passion-haze.jpg","width":800,"height":800},{"@type":"BreadcrumbList","@id":"https:\/\/www.swizzle.se\/produkt\/g-rollz-passion-fruit-blunts-i-2-pack\/#breadcrumb","itemListElement":[{"@type":"ListItem","position":1,"name":"Home","item":"https:\/\/www.swizzle.se\/"},{"@type":"ListItem","position":2,"name":"Shop","item":"https:\/\/www.swizzle.se\/shop\/"},{"@type":"ListItem","position":3,"name":"R\u00d6KTILLBEH\u00d6R","item":"https:\/\/www.swizzle.se\/produkt-kategori\/roktillbehor\/"},{"@type":"ListItem","position":4,"name":"RULLPAPPER","item":"https:\/\/www.swizzle.se\/produkt-kategori\/roktillbehor\/rullpapper\/"},{"@type":"ListItem","position":5,"name":"G-ROLLZ","item":"https:\/\/www.swizzle.se\/produkt-kategori\/roktillbehor\/rullpapper\/g-rollz-rullpapper-roktillbehor\/"},{"@type":"ListItem","position":6,"name":"G-Rollz | 2x Passion Fruit Flavored Pre-Rolled Hemp"}]},{"@type":"WebSite","@id":"https:\/\/staging.swizzle.se\/#website","url":"https:\/\/staging.swizzle.se\/","name":"Swizzle","description":"Nikotin CBD Vapes Snus Hvid Portion","publisher":{"@id":"https:\/\/staging.swizzle.se\/#organization"},"potentialAction":[{"@type":"SearchAction","target":{"@type":"EntryPoint","urlTemplate":"https:\/\/staging.swizzle.se\/?s={search_term_string}"},"query-input":{"@type":"PropertyValueSpecification","valueRequired":true,"valueName":"search_term_string"}}],"inLanguage":"da-DK"},{"@type":"Organization","@id":"https:\/\/staging.swizzle.se\/#organization","name":"Swizzle","url":"https:\/\/staging.swizzle.se\/","logo":{"@type":"ImageObject","inLanguage":"da-DK","@id":"https:\/\/staging.swizzle.se\/#\/schema\/logo\/image\/","url":"https:\/\/staging.swizzle.se\/wp-content\/uploads\/2025\/10\/cropped-SWIZZLE.-4.png","contentUrl":"https:\/\/staging.swizzle.se\/wp-content\/uploads\/2025\/10\/cropped-SWIZZLE.-4.png","width":800,"height":267,"caption":"Swizzle"},"image":{"@id":"https:\/\/staging.swizzle.se\/#\/schema\/logo\/image\/"},"hasMerchantReturnPolicy":{"@type":"MerchantReturnPolicy","merchantReturnLink":"https:\/\/staging.swizzle.se\/dk\/villkor\/"}}]},"product_price_amount":"39.00","product_price_currency":"SEK","og_availability":"out of stock","product_availability":"out of stock","product_retailer_item_id":"87238637","product_condition":"new"},"tiered_pricing_type":"fixed","tiered_pricing_fixed_rules":[],"tiered_pricing_product_settings":{"layout":"default","base_unit_name":{"singular":null,"plural":null},"default_variation":null},"tiered_pricing_minimum_quantity":null,"tiered_pricing_roles_data":[],"tiered_pricing_percentage_rules":[],"tiered_pricing_maximum_quantity":null,"tiered_pricing_quantity_step":null,"_links":{"self":[{"href":"https:\/\/staging.swizzle.se\/dk\/wp-json\/wp\/v2\/product\/259350","targetHints":{"allow":["GET"]}}],"collection":[{"href":"https:\/\/staging.swizzle.se\/dk\/wp-json\/wp\/v2\/product"}],"about":[{"href":"https:\/\/staging.swizzle.se\/dk\/wp-json\/wp\/v2\/types\/product"}],"replies":[{"embeddable":true,"href":"https:\/\/staging.swizzle.se\/dk\/wp-json\/wp\/v2\/comments?post=259350"}],"version-history":[{"count":0,"href":"https:\/\/staging.swizzle.se\/dk\/wp-json\/wp\/v2\/product\/259350\/revisions"}],"wp:featuredmedia":[{"embeddable":true,"href":"https:\/\/staging.swizzle.se\/dk\/wp-json\/wp\/v2\/media\/259352"}],"wp:attachment":[{"href":"https:\/\/staging.swizzle.se\/dk\/wp-json\/wp\/v2\/media?parent=259350"}],"wp:term":[{"taxonomy":"product_brand","embeddable":true,"href":"https:\/\/staging.swizzle.se\/dk\/wp-json\/wp\/v2\/product_brand?post=259350"},{"taxonomy":"product_cat","embeddable":true,"href":"https:\/\/staging.swizzle.se\/dk\/wp-json\/wp\/v2\/product_cat?post=259350"},{"taxonomy":"product_tag","embeddable":true,"href":"https:\/\/staging.swizzle.se\/dk\/wp-json\/wp\/v2\/product_tag?post=259350"},{"taxonomy":"superdeal","embeddable":true,"href":"https:\/\/staging.swizzle.se\/dk\/wp-json\/wp\/v2\/superdeal?post=259350"},{"taxonomy":"product_variant_id","embeddable":true,"href":"https:\/\/staging.swizzle.se\/dk\/wp-json\/wp\/v2\/product_variant_id?post=259350"}],"curies":[{"name":"wp","href":"https:\/\/api.w.org\/{rel}","templated":true}]}}