{"id":259320,"date":"2023-12-11T21:23:32","date_gmt":"2023-12-11T21:23:32","guid":{"rendered":"https:\/\/new.staging.swizzle.se\/produkt\/g-rollz-candy-crunched-hampa-blunts\/"},"modified":"2026-02-04T14:09:17","modified_gmt":"2026-02-04T14:09:17","slug":"g-rollz-candy-crunched-hampa-blunts","status":"publish","type":"product","link":"https:\/\/staging.swizzle.se\/dk\/product-2\/g-rollz-candy-crunched-hampa-blunts\/","title":{"rendered":"G-Rollz | Candy Crunched Infused Pre-rolled Hemp Cones (2-pack)"},"content":{"rendered":"<p><strong>G-Rollz | Candy Crunched \u2013 Hampa Blunts<\/strong><\/p>\n<p>Dessa f\u00f6rpackningar inneh\u00e5ller G-Rollz cones som \u00e4r rullade i f\u00f6rv\u00e4g och klara att anv\u00e4ndas. Conesen \u00e4r gjorda av h\u00f6gkvalitativa amerikanska blommor och smaksatta med \u00e4kta amerikanska terpener.<\/p>\n<p>Varje f\u00f6rpackning inneh\u00e5ller 2 f\u00e4rdigrullade cones, och de \u00e4r utrustade med en unik G-Rollz-konstruktion som skyddar dem och g\u00f6r det enkelt att fylla p\u00e5 dem med din \u00f6nskade substans. Om du vill k\u00f6pa dem f\u00f6r din butik, s\u00e4ljs de i f\u00f6rpackningar med 12 stycken.<\/p>\n<p>Det \u00e4r viktigt att notera att dessa kottar inte inneh\u00e5ller tobak eller nikotin, vilket g\u00f6r dem till ett h\u00e4lsosamt alternativ f\u00f6r dem som vill ha en upplevelse utan att uts\u00e4ttas f\u00f6r de negativa effekterna av tobak och nikotin.<\/p>","protected":false},"excerpt":{"rendered":"<p><strong>G-Rollz | Candy Crunched \u2013 Hampa Blunts<\/strong><\/p>\n<p>Varje f\u00f6rpackning inneh\u00e5ller 2 f\u00e4rdigrullade cones, och de \u00e4r utrustade med en unik G-Rollz-konstruktion som skyddar dem och g\u00f6r det enkelt att fylla p\u00e5 dem med din \u00f6nskade substans. Om du vill k\u00f6pa dem f\u00f6r din butik, s\u00e4ljs de i f\u00f6rpackningar med 12 stycken.<\/p>","protected":false},"featured_media":259322,"comment_status":"open","ping_status":"closed","template":"","meta":{"site-sidebar-layout":"default","site-content-layout":"","ast-site-content-layout":"default","site-content-style":"default","site-sidebar-style":"default","ast-global-header-display":"","ast-banner-title-visibility":"","ast-main-header-display":"","ast-hfb-above-header-display":"","ast-hfb-below-header-display":"","ast-hfb-mobile-header-display":"","site-post-title":"","ast-breadcrumbs-content":"","ast-featured-img":"","footer-sml-layout":"","ast-disable-related-posts":"","theme-transparent-header-meta":"","adv-header-id-meta":"","stick-header-meta":"","header-above-stick-meta":"","header-main-stick-meta":"","header-below-stick-meta":"","astra-migrate-meta-layouts":"default","ast-page-background-enabled":"default","ast-page-background-meta":{"desktop":{"background-color":"var(--ast-global-color-4)","background-image":"","background-repeat":"repeat","background-position":"center center","background-size":"auto","background-attachment":"scroll","background-type":"","background-media":"","overlay-type":"","overlay-color":"","overlay-opacity":"","overlay-gradient":""},"tablet":{"background-color":"","background-image":"","background-repeat":"repeat","background-position":"center center","background-size":"auto","background-attachment":"scroll","background-type":"","background-media":"","overlay-type":"","overlay-color":"","overlay-opacity":"","overlay-gradient":""},"mobile":{"background-color":"","background-image":"","background-repeat":"repeat","background-position":"center center","background-size":"auto","background-attachment":"scroll","background-type":"","background-media":"","overlay-type":"","overlay-color":"","overlay-opacity":"","overlay-gradient":""}},"ast-content-background-meta":{"desktop":{"background-color":"var(--ast-global-color-5)","background-image":"","background-repeat":"repeat","background-position":"center center","background-size":"auto","background-attachment":"scroll","background-type":"","background-media":"","overlay-type":"","overlay-color":"","overlay-opacity":"","overlay-gradient":""},"tablet":{"background-color":"var(--ast-global-color-5)","background-image":"","background-repeat":"repeat","background-position":"center center","background-size":"auto","background-attachment":"scroll","background-type":"","background-media":"","overlay-type":"","overlay-color":"","overlay-opacity":"","overlay-gradient":""},"mobile":{"background-color":"var(--ast-global-color-5)","background-image":"","background-repeat":"repeat","background-position":"center center","background-size":"auto","background-attachment":"scroll","background-type":"","background-media":"","overlay-type":"","overlay-color":"","overlay-opacity":"","overlay-gradient":""}}},"product_brand":[742],"product_cat":[286,284,285],"product_tag":[],"superdeal":[],"product_variant_id":[],"class_list":{"0":"post-259320","1":"product","2":"type-product","3":"status-publish","4":"has-post-thumbnail","6":"product_brand-g-rollz","7":"product_cat-g-rollz-rullpapper-roktillbehor","8":"product_cat-roktillbehor","9":"product_cat-rullpapper","10":"desktop-align-center","11":"tablet-align-left","12":"mobile-align-left","13":"ast-product-gallery-layout-horizontal-slider","14":"ast-product-gallery-with-no-image","15":"ast-magnify-disabled","16":"ast-product-tabs-layout-horizontal","18":"first","19":"instock","20":"taxable","21":"shipping-taxable","22":"purchasable","23":"product-type-simple"},"yoast_head":"<!-- This site is optimized with the Yoast SEO Premium plugin v26.9 (Yoast SEO v26.9) - https:\/\/yoast.com\/product\/yoast-seo-premium-wordpress\/ -->\n<title>G-Rollz | Candy Crunched \u2013 Hampa Blunts<\/title>\n<meta name=\"description\" content=\"G-Rollz | Candy Crunched \u2013 Hampa Blunts. Varje f\u00f6rpackning inneh\u00e5ller 2 f\u00e4rdigrullade blunts. L\u00e4mpligt f\u00f6r personer som vill r\u00f6ka \u00f6rter som cannabis.\" \/>\n<meta name=\"robots\" content=\"noindex, follow, max-snippet:-1, max-image-preview:large, max-video-preview:-1\" \/>\n<meta property=\"og:locale\" content=\"da_DK\" \/>\n<meta property=\"og:type\" content=\"article\" \/>\n<meta property=\"og:title\" content=\"G-Rollz | Candy Crunched \u2013 Hampa Blunts\" \/>\n<meta property=\"og:description\" content=\"G-Rollz | Candy Crunched \u2013 Hampa Blunts. Varje f\u00f6rpackning inneh\u00e5ller 2 f\u00e4rdigrullade blunts. L\u00e4mpligt f\u00f6r personer som vill r\u00f6ka \u00f6rter som cannabis.\" \/>\n<meta property=\"og:url\" content=\"https:\/\/www.swizzle.se\/produkt\/g-rollz-candy-crunched-hampa-blunts\/\" \/>\n<meta property=\"og:site_name\" content=\"Swizzle\" \/>\n<meta property=\"article:modified_time\" content=\"2026-02-04T14:09:17+00:00\" \/>\n<meta property=\"og:image\" content=\"https:\/\/www.swizzle.se\/wp-content\/uploads\/2025\/05\/grollz-terpeninfuserad-cone-candy-crunched_179148.jpg\" \/>\n\t<meta property=\"og:image:width\" content=\"800\" \/>\n\t<meta property=\"og:image:height\" content=\"800\" \/>\n\t<meta property=\"og:image:type\" content=\"image\/jpeg\" \/>\n<meta name=\"twitter:card\" content=\"summary_large_image\" \/>\n<meta name=\"twitter:title\" content=\"G-Rollz | Candy Crunched \u2013 Hampa Blunts\" \/>\n<meta name=\"twitter:description\" content=\"G-Rollz | Candy Crunched \u2013 Hampa Blunts. Varje f\u00f6rpackning inneh\u00e5ller 2 f\u00e4rdigrullade blunts. L\u00e4mpligt f\u00f6r personer som vill r\u00f6ka \u00f6rter som cannabis.\" \/>\n<meta name=\"twitter:label1\" content=\"Pris\" \/>\n\t<meta name=\"twitter:data1\" content=\"39.00&nbsp;&#107;&#114;\" \/>\n\t<meta name=\"twitter:label2\" content=\"Tilg\u00e6ngelighed\" \/>\n\t<meta name=\"twitter:data2\" content=\"P\u00e5 lager\" \/>\n<script type=\"application\/ld+json\" class=\"yoast-schema-graph\">{\"@context\":\"https:\/\/schema.org\",\"@graph\":[{\"@type\":\"WebPage\",\"@id\":\"https:\/\/www.swizzle.se\/produkt\/g-rollz-candy-crunched-hampa-blunts\/\",\"url\":\"https:\/\/www.swizzle.se\/produkt\/g-rollz-candy-crunched-hampa-blunts\/\",\"name\":\"G-Rollz | Candy Crunched \u2013 Hampa Blunts\",\"isPartOf\":{\"@id\":\"https:\/\/staging.swizzle.se\/#website\"},\"primaryImageOfPage\":{\"@id\":\"https:\/\/www.swizzle.se\/produkt\/g-rollz-candy-crunched-hampa-blunts\/#primaryimage\"},\"image\":{\"@id\":\"https:\/\/www.swizzle.se\/produkt\/g-rollz-candy-crunched-hampa-blunts\/#primaryimage\"},\"thumbnailUrl\":\"https:\/\/staging.swizzle.se\/wp-content\/uploads\/2025\/05\/grollz-terpeninfuserad-cone-candy-crunched_179148.jpg\",\"datePublished\":\"2023-12-11T21:23:32+00:00\",\"dateModified\":\"2026-02-04T14:09:17+00:00\",\"description\":\"G-Rollz | Candy Crunched \u2013 Hampa Blunts. Varje f\u00f6rpackning inneh\u00e5ller 2 f\u00e4rdigrullade blunts. L\u00e4mpligt f\u00f6r personer som vill r\u00f6ka \u00f6rter som cannabis.\",\"breadcrumb\":{\"@id\":\"https:\/\/www.swizzle.se\/produkt\/g-rollz-candy-crunched-hampa-blunts\/#breadcrumb\"},\"inLanguage\":\"da-DK\",\"potentialAction\":[{\"@type\":\"ReadAction\",\"target\":[\"https:\/\/www.swizzle.se\/produkt\/g-rollz-candy-crunched-hampa-blunts\/\"]}]},{\"@type\":\"ImageObject\",\"inLanguage\":\"da-DK\",\"@id\":\"https:\/\/www.swizzle.se\/produkt\/g-rollz-candy-crunched-hampa-blunts\/#primaryimage\",\"url\":\"https:\/\/staging.swizzle.se\/wp-content\/uploads\/2025\/05\/grollz-terpeninfuserad-cone-candy-crunched_179148.jpg\",\"contentUrl\":\"https:\/\/staging.swizzle.se\/wp-content\/uploads\/2025\/05\/grollz-terpeninfuserad-cone-candy-crunched_179148.jpg\",\"width\":800,\"height\":800,\"caption\":\"G-Rollz\"},{\"@type\":\"BreadcrumbList\",\"@id\":\"https:\/\/www.swizzle.se\/produkt\/g-rollz-candy-crunched-hampa-blunts\/#breadcrumb\",\"itemListElement\":[{\"@type\":\"ListItem\",\"position\":1,\"name\":\"Home\",\"item\":\"https:\/\/www.swizzle.se\/\"},{\"@type\":\"ListItem\",\"position\":2,\"name\":\"Shop\",\"item\":\"https:\/\/www.swizzle.se\/shop\/\"},{\"@type\":\"ListItem\",\"position\":3,\"name\":\"R\u00d6KTILLBEH\u00d6R\",\"item\":\"https:\/\/www.swizzle.se\/produkt-kategori\/roktillbehor\/\"},{\"@type\":\"ListItem\",\"position\":4,\"name\":\"RULLPAPPER\",\"item\":\"https:\/\/www.swizzle.se\/produkt-kategori\/roktillbehor\/rullpapper\/\"},{\"@type\":\"ListItem\",\"position\":5,\"name\":\"G-ROLLZ\",\"item\":\"https:\/\/www.swizzle.se\/produkt-kategori\/roktillbehor\/rullpapper\/g-rollz-rullpapper-roktillbehor\/\"},{\"@type\":\"ListItem\",\"position\":6,\"name\":\"G-Rollz | Candy Crunched Infused Pre-rolled Hemp Cones (2-pack)\"}]},{\"@type\":\"WebSite\",\"@id\":\"https:\/\/staging.swizzle.se\/#website\",\"url\":\"https:\/\/staging.swizzle.se\/\",\"name\":\"Swizzle\",\"description\":\"Nikotin CBD Vapes Snus White Portion\",\"publisher\":{\"@id\":\"https:\/\/staging.swizzle.se\/#organization\"},\"potentialAction\":[{\"@type\":\"SearchAction\",\"target\":{\"@type\":\"EntryPoint\",\"urlTemplate\":\"https:\/\/staging.swizzle.se\/?s={search_term_string}\"},\"query-input\":{\"@type\":\"PropertyValueSpecification\",\"valueRequired\":true,\"valueName\":\"search_term_string\"}}],\"inLanguage\":\"da-DK\"},{\"@type\":\"Organization\",\"@id\":\"https:\/\/staging.swizzle.se\/#organization\",\"name\":\"Swizzle\",\"url\":\"https:\/\/staging.swizzle.se\/\",\"logo\":{\"@type\":\"ImageObject\",\"inLanguage\":\"da-DK\",\"@id\":\"https:\/\/staging.swizzle.se\/#\/schema\/logo\/image\/\",\"url\":\"https:\/\/staging.swizzle.se\/wp-content\/uploads\/2025\/10\/cropped-SWIZZLE.-4.png\",\"contentUrl\":\"https:\/\/staging.swizzle.se\/wp-content\/uploads\/2025\/10\/cropped-SWIZZLE.-4.png\",\"width\":800,\"height\":267,\"caption\":\"Swizzle\"},\"image\":{\"@id\":\"https:\/\/staging.swizzle.se\/#\/schema\/logo\/image\/\"},\"hasMerchantReturnPolicy\":{\"@type\":\"MerchantReturnPolicy\",\"merchantReturnLink\":\"https:\/\/staging.swizzle.se\/dk\/villkor\/\"}}]}<\/script>\n<meta property=\"product:price:amount\" content=\"39.00\" \/>\n<meta property=\"product:price:currency\" content=\"SEK\" \/>\n<meta property=\"og:availability\" content=\"instock\" \/>\n<meta property=\"product:availability\" content=\"instock\" \/>\n<meta property=\"product:retailer_item_id\" content=\"3773722\" \/>\n<meta property=\"product:condition\" content=\"new\" \/>\n<!-- \/ Yoast SEO Premium plugin. -->","yoast_head_json":{"title":"G-Rollz | Candy Crunched \u2013 Hampa Blunts","description":"G-Rollz | Candy Crunched \u2013 Hampa Blunts. Varje f\u00f6rpackning inneh\u00e5ller 2 f\u00e4rdigrullade blunts. L\u00e4mpligt f\u00f6r personer som vill r\u00f6ka \u00f6rter som cannabis.","robots":{"index":"noindex","follow":"follow","max-snippet":"max-snippet:-1","max-image-preview":"max-image-preview:large","max-video-preview":"max-video-preview:-1"},"og_locale":"da_DK","og_type":"article","og_title":"G-Rollz | Candy Crunched \u2013 Hampa Blunts","og_description":"G-Rollz | Candy Crunched \u2013 Hampa Blunts. Varje f\u00f6rpackning inneh\u00e5ller 2 f\u00e4rdigrullade blunts. L\u00e4mpligt f\u00f6r personer som vill r\u00f6ka \u00f6rter som cannabis.","og_url":"https:\/\/www.swizzle.se\/produkt\/g-rollz-candy-crunched-hampa-blunts\/","og_site_name":"Swizzle","article_modified_time":"2026-02-04T14:09:17+00:00","og_image":[{"width":800,"height":800,"url":"https:\/\/www.swizzle.se\/wp-content\/uploads\/2025\/05\/grollz-terpeninfuserad-cone-candy-crunched_179148.jpg","type":"image\/jpeg"}],"twitter_card":"summary_large_image","twitter_title":"G-Rollz | Candy Crunched \u2013 Hampa Blunts","twitter_description":"G-Rollz | Candy Crunched \u2013 Hampa Blunts. Varje f\u00f6rpackning inneh\u00e5ller 2 f\u00e4rdigrullade blunts. L\u00e4mpligt f\u00f6r personer som vill r\u00f6ka \u00f6rter som cannabis.","twitter_misc":{"Pris":"39.00&nbsp;&#107;&#114;","Tilg\u00e6ngelighed":"P\u00e5 lager"},"schema":{"@context":"https:\/\/schema.org","@graph":[{"@type":"WebPage","@id":"https:\/\/www.swizzle.se\/produkt\/g-rollz-candy-crunched-hampa-blunts\/","url":"https:\/\/www.swizzle.se\/produkt\/g-rollz-candy-crunched-hampa-blunts\/","name":"G-Rollz | Candy Crunched \u2013 Hampa Blunts","isPartOf":{"@id":"https:\/\/staging.swizzle.se\/#website"},"primaryImageOfPage":{"@id":"https:\/\/www.swizzle.se\/produkt\/g-rollz-candy-crunched-hampa-blunts\/#primaryimage"},"image":{"@id":"https:\/\/www.swizzle.se\/produkt\/g-rollz-candy-crunched-hampa-blunts\/#primaryimage"},"thumbnailUrl":"https:\/\/staging.swizzle.se\/wp-content\/uploads\/2025\/05\/grollz-terpeninfuserad-cone-candy-crunched_179148.jpg","datePublished":"2023-12-11T21:23:32+00:00","dateModified":"2026-02-04T14:09:17+00:00","description":"G-Rollz | Candy Crunched \u2013 Hampa Blunts. Varje f\u00f6rpackning inneh\u00e5ller 2 f\u00e4rdigrullade blunts. L\u00e4mpligt f\u00f6r personer som vill r\u00f6ka \u00f6rter som cannabis.","breadcrumb":{"@id":"https:\/\/www.swizzle.se\/produkt\/g-rollz-candy-crunched-hampa-blunts\/#breadcrumb"},"inLanguage":"da-DK","potentialAction":[{"@type":"ReadAction","target":["https:\/\/www.swizzle.se\/produkt\/g-rollz-candy-crunched-hampa-blunts\/"]}]},{"@type":"ImageObject","inLanguage":"da-DK","@id":"https:\/\/www.swizzle.se\/produkt\/g-rollz-candy-crunched-hampa-blunts\/#primaryimage","url":"https:\/\/staging.swizzle.se\/wp-content\/uploads\/2025\/05\/grollz-terpeninfuserad-cone-candy-crunched_179148.jpg","contentUrl":"https:\/\/staging.swizzle.se\/wp-content\/uploads\/2025\/05\/grollz-terpeninfuserad-cone-candy-crunched_179148.jpg","width":800,"height":800,"caption":"G-Rollz"},{"@type":"BreadcrumbList","@id":"https:\/\/www.swizzle.se\/produkt\/g-rollz-candy-crunched-hampa-blunts\/#breadcrumb","itemListElement":[{"@type":"ListItem","position":1,"name":"Home","item":"https:\/\/www.swizzle.se\/"},{"@type":"ListItem","position":2,"name":"Shop","item":"https:\/\/www.swizzle.se\/shop\/"},{"@type":"ListItem","position":3,"name":"R\u00d6KTILLBEH\u00d6R","item":"https:\/\/www.swizzle.se\/produkt-kategori\/roktillbehor\/"},{"@type":"ListItem","position":4,"name":"RULLPAPPER","item":"https:\/\/www.swizzle.se\/produkt-kategori\/roktillbehor\/rullpapper\/"},{"@type":"ListItem","position":5,"name":"G-ROLLZ","item":"https:\/\/www.swizzle.se\/produkt-kategori\/roktillbehor\/rullpapper\/g-rollz-rullpapper-roktillbehor\/"},{"@type":"ListItem","position":6,"name":"G-Rollz | Candy Crunched Infused Pre-rolled Hemp Cones (2-pack)"}]},{"@type":"WebSite","@id":"https:\/\/staging.swizzle.se\/#website","url":"https:\/\/staging.swizzle.se\/","name":"Swizzle","description":"Nikotin CBD Vapes Snus Hvid Portion","publisher":{"@id":"https:\/\/staging.swizzle.se\/#organization"},"potentialAction":[{"@type":"SearchAction","target":{"@type":"EntryPoint","urlTemplate":"https:\/\/staging.swizzle.se\/?s={search_term_string}"},"query-input":{"@type":"PropertyValueSpecification","valueRequired":true,"valueName":"search_term_string"}}],"inLanguage":"da-DK"},{"@type":"Organization","@id":"https:\/\/staging.swizzle.se\/#organization","name":"Swizzle","url":"https:\/\/staging.swizzle.se\/","logo":{"@type":"ImageObject","inLanguage":"da-DK","@id":"https:\/\/staging.swizzle.se\/#\/schema\/logo\/image\/","url":"https:\/\/staging.swizzle.se\/wp-content\/uploads\/2025\/10\/cropped-SWIZZLE.-4.png","contentUrl":"https:\/\/staging.swizzle.se\/wp-content\/uploads\/2025\/10\/cropped-SWIZZLE.-4.png","width":800,"height":267,"caption":"Swizzle"},"image":{"@id":"https:\/\/staging.swizzle.se\/#\/schema\/logo\/image\/"},"hasMerchantReturnPolicy":{"@type":"MerchantReturnPolicy","merchantReturnLink":"https:\/\/staging.swizzle.se\/dk\/villkor\/"}}]},"product_price_amount":"39.00","product_price_currency":"SEK","og_availability":"instock","product_availability":"instock","product_retailer_item_id":"3773722","product_condition":"new"},"tiered_pricing_type":"fixed","tiered_pricing_fixed_rules":[],"tiered_pricing_product_settings":{"layout":"default","base_unit_name":{"singular":null,"plural":null},"default_variation":null},"tiered_pricing_minimum_quantity":null,"tiered_pricing_roles_data":[],"tiered_pricing_percentage_rules":[],"tiered_pricing_maximum_quantity":null,"tiered_pricing_quantity_step":null,"_links":{"self":[{"href":"https:\/\/staging.swizzle.se\/dk\/wp-json\/wp\/v2\/product\/259320","targetHints":{"allow":["GET"]}}],"collection":[{"href":"https:\/\/staging.swizzle.se\/dk\/wp-json\/wp\/v2\/product"}],"about":[{"href":"https:\/\/staging.swizzle.se\/dk\/wp-json\/wp\/v2\/types\/product"}],"replies":[{"embeddable":true,"href":"https:\/\/staging.swizzle.se\/dk\/wp-json\/wp\/v2\/comments?post=259320"}],"version-history":[{"count":0,"href":"https:\/\/staging.swizzle.se\/dk\/wp-json\/wp\/v2\/product\/259320\/revisions"}],"wp:featuredmedia":[{"embeddable":true,"href":"https:\/\/staging.swizzle.se\/dk\/wp-json\/wp\/v2\/media\/259322"}],"wp:attachment":[{"href":"https:\/\/staging.swizzle.se\/dk\/wp-json\/wp\/v2\/media?parent=259320"}],"wp:term":[{"taxonomy":"product_brand","embeddable":true,"href":"https:\/\/staging.swizzle.se\/dk\/wp-json\/wp\/v2\/product_brand?post=259320"},{"taxonomy":"product_cat","embeddable":true,"href":"https:\/\/staging.swizzle.se\/dk\/wp-json\/wp\/v2\/product_cat?post=259320"},{"taxonomy":"product_tag","embeddable":true,"href":"https:\/\/staging.swizzle.se\/dk\/wp-json\/wp\/v2\/product_tag?post=259320"},{"taxonomy":"superdeal","embeddable":true,"href":"https:\/\/staging.swizzle.se\/dk\/wp-json\/wp\/v2\/superdeal?post=259320"},{"taxonomy":"product_variant_id","embeddable":true,"href":"https:\/\/staging.swizzle.se\/dk\/wp-json\/wp\/v2\/product_variant_id?post=259320"}],"curies":[{"name":"wp","href":"https:\/\/api.w.org\/{rel}","templated":true}]}}