{"id":258891,"date":"2025-06-16T08:18:34","date_gmt":"2025-06-16T08:18:34","guid":{"rendered":"https:\/\/new.staging.swizzle.se\/?post_type=product&#038;p=258891"},"modified":"2026-02-04T14:07:28","modified_gmt":"2026-02-04T14:07:28","slug":"cbd-cartridge-mint-hemp-harmony","status":"publish","type":"product","link":"https:\/\/staging.swizzle.se\/dk\/product-2\/cbd-cartridge-mint-hemp-harmony\/","title":{"rendered":"CBD Cartridge Mint Hemp &#8211; Harmony"},"content":{"rendered":"<div class=\"product-description\">\n<h3>CBD Cartridge Mint Hemp &#8211; Harmony<\/h3>\n<h4>Naturlig och kraftfull cannabinoid-upplevelse med mintsmak<\/h4>\n<p>Utforska en helt ny niv\u00e5 av vaping med v\u00e5r <strong>fullspektrum cannabinoid-formel<\/strong>, s\u00e4rskilt framtagen f\u00f6r dig som s\u00f6ker b\u00e5de effekt och naturlighet. Med ett imponerande inneh\u00e5ll p\u00e5 <strong>75 % CBD<\/strong> i kombination med <strong>CBG<\/strong> och ett brett spektrum av andra mindre cannabinoider, erbjuder denna produkt en helt\u00e4ckande och balanserad upplevelse som f\u00e5 andra kan m\u00e4ta sig med.<\/p>\n<p>Varje inandning bjuder p\u00e5 en frisk och uppfriskande <strong>mint-hampa-arom<\/strong> som skapar en ren smakprofil med en jordn\u00e4ra underton. Den naturliga doften och smaken kommer fr\u00e5n noggrant utvalda terpener som samverkar med cannabinoiderna f\u00f6r att skapa den s\u00e5 kallade <em>entourage-effekten<\/em>, vilket f\u00f6rst\u00e4rker upplevelsen utan att addera n\u00e5gra konstgjorda \u00e4mnen.<\/p>\n<p>Denna vape-produkt inneh\u00e5ller <strong>inga tillsatser som PG (propylenglykol), VG (vegetabiliskt glycerin)<\/strong> eller andra fyllnadsmedel. Det du f\u00e5r \u00e4r ett <strong>100 % naturligt hampaextrakt<\/strong> \u2013 direkt fr\u00e5n naturen, utan kompromisser. Det \u00e4r ett rent val f\u00f6r dig som vill ha h\u00f6gsta kvalitet och renhet i varje puff.<\/p>\n<p>Allt vi producerar \u00e4r <strong>laboratorietestat<\/strong> f\u00f6r att s\u00e4kerst\u00e4lla korrekt cannabinoidprofil, renhet och s\u00e4kerhet. Med v\u00e5rt fullspektrumextrakt f\u00e5r du en djupare och mer nyanserad vapingupplevelse som verkligen g\u00f6r skillnad.<\/p>\n<h3>F\u00f6rdelar:<\/h3>\n<ul>\n<li>75 % CBD tillsammans med CBG och andra cannabinoider<\/li>\n<li>Frisk och naturlig mintsmak med hampaarom<\/li>\n<li>Inga PG, VG eller andra tillsatser \u2013 100 % naturligt<\/li>\n<li>Fullspektrumextrakt f\u00f6r maximal entourage-effekt<\/li>\n<li>Laboratorietestad f\u00f6r kvalitet och s\u00e4kerhet<\/li>\n<\/ul>\n<\/div>\n<p><strong>Bem\u00e6rk!<\/strong><br \/>\nDu skal v\u00e6re mindst 18 \u00e5r gammel for at k\u00f8be dette produkt. Det er ikke beregnet som medicin, kosttilskud eller naturprodukt. Vi opfordrer ikke til at indtage eller ryge dette produkt. Opbevar det utilg\u00e6ngeligt for b\u00f8rn Vi fraskriver os ethvert ansvar for, hvordan du som kunde bruger vores produkter. Vi s\u00e6lger dem til indsamlings- og prydform\u00e5l.<\/p>","protected":false},"excerpt":{"rendered":"<div class=\"product-summary\">\n<h2 class=\"ai-optimize-42\">CBD Cartridge Mint Hemp &#8211; Harmony<\/h2>\n<p class=\"ai-optimize-43\">Njut av en kraftfull och naturlig vape med <strong>75 % CBD<\/strong>, <strong>CBG<\/strong> och andra cannabinoider. Frisk <strong>mint-hampa-arom<\/strong> utan PG, VG eller tillsatser \u2013 endast <strong>100 % naturligt fullspektrumextrakt<\/strong> fr\u00e5n hampa.<\/p>\n<p><strong>OBS! alla cartridges m\u00e5ste kombineras med batteri f\u00f6r att anv\u00e4ndas. Vi har flera modeller bland annat denna:\u00a0<a href=\"https:\/\/staging.swizzle.se\/dk\/product-2\/ccell-m3-batteri\/\">CCELL M3 batteri 510 g\u00e4ngning<\/a><\/strong><\/p>\n<ul>\n<li class=\"ai-optimize-44\">75 % CBD + CBG och mindre cannabinoider<\/li>\n<li class=\"ai-optimize-45\">Uppfriskande mintsmak med hampaton<\/li>\n<li class=\"ai-optimize-46\">Utan PG, VG eller fyllnadsmedel<\/li>\n<li class=\"ai-optimize-47\">Laboratorietestad kvalitet och renhet<\/li>\n<\/ul>\n<\/div>","protected":false},"featured_media":261577,"comment_status":"open","ping_status":"closed","template":"","meta":{"site-sidebar-layout":"default","site-content-layout":"","ast-site-content-layout":"default","site-content-style":"default","site-sidebar-style":"default","ast-global-header-display":"","ast-banner-title-visibility":"","ast-main-header-display":"","ast-hfb-above-header-display":"","ast-hfb-below-header-display":"","ast-hfb-mobile-header-display":"","site-post-title":"","ast-breadcrumbs-content":"","ast-featured-img":"","footer-sml-layout":"","ast-disable-related-posts":"","theme-transparent-header-meta":"default","adv-header-id-meta":"","stick-header-meta":"","header-above-stick-meta":"","header-main-stick-meta":"","header-below-stick-meta":"","astra-migrate-meta-layouts":"set","ast-page-background-enabled":"default","ast-page-background-meta":{"desktop":{"background-color":"var(--ast-global-color-4)","background-image":"","background-repeat":"repeat","background-position":"center center","background-size":"auto","background-attachment":"scroll","background-type":"","background-media":"","overlay-type":"","overlay-color":"","overlay-opacity":"","overlay-gradient":""},"tablet":{"background-color":"","background-image":"","background-repeat":"repeat","background-position":"center center","background-size":"auto","background-attachment":"scroll","background-type":"","background-media":"","overlay-type":"","overlay-color":"","overlay-opacity":"","overlay-gradient":""},"mobile":{"background-color":"","background-image":"","background-repeat":"repeat","background-position":"center center","background-size":"auto","background-attachment":"scroll","background-type":"","background-media":"","overlay-type":"","overlay-color":"","overlay-opacity":"","overlay-gradient":""}},"ast-content-background-meta":{"desktop":{"background-color":"var(--ast-global-color-5)","background-image":"","background-repeat":"repeat","background-position":"center center","background-size":"auto","background-attachment":"scroll","background-type":"","background-media":"","overlay-type":"","overlay-color":"","overlay-opacity":"","overlay-gradient":""},"tablet":{"background-color":"var(--ast-global-color-5)","background-image":"","background-repeat":"repeat","background-position":"center center","background-size":"auto","background-attachment":"scroll","background-type":"","background-media":"","overlay-type":"","overlay-color":"","overlay-opacity":"","overlay-gradient":""},"mobile":{"background-color":"var(--ast-global-color-5)","background-image":"","background-repeat":"repeat","background-position":"center center","background-size":"auto","background-attachment":"scroll","background-type":"","background-media":"","overlay-type":"","overlay-color":"","overlay-opacity":"","overlay-gradient":""}}},"product_brand":[746],"product_cat":[444,412,331,381],"product_tag":[],"superdeal":[],"product_variant_id":[],"class_list":{"0":"post-258891","1":"product","2":"type-product","3":"status-publish","4":"has-post-thumbnail","6":"product_brand-harmony","7":"product_cat-carts","8":"product_cat-cbd-cartridges","9":"product_cat-cbd-g-n","10":"product_cat-vapes","11":"desktop-align-center","12":"tablet-align-left","13":"mobile-align-left","14":"ast-product-gallery-layout-horizontal-slider","15":"ast-product-gallery-with-no-image","16":"ast-magnify-disabled","17":"ast-product-tabs-layout-horizontal","19":"first","20":"instock","21":"taxable","22":"shipping-taxable","23":"purchasable","24":"product-type-simple"},"yoast_head":"<!-- This site is optimized with the Yoast SEO Premium plugin v26.9 (Yoast SEO v26.9) - https:\/\/yoast.com\/product\/yoast-seo-premium-wordpress\/ -->\n<title>CBD Cartridge Mint Hemp - Harmony<\/title>\n<meta name=\"description\" content=\"CBD Cartridge Mint Hemp - Harmony. En kraftfull och naturlig vape med 75 % CBD, CBG. Frisk mint-hampa-arom utan PG, VG eller tillsatser\" \/>\n<meta name=\"robots\" content=\"noindex, follow, max-snippet:-1, max-image-preview:large, max-video-preview:-1\" \/>\n<meta property=\"og:locale\" content=\"da_DK\" \/>\n<meta property=\"og:type\" content=\"article\" \/>\n<meta property=\"og:title\" content=\"CBD Cartridge Mint Hemp - Harmony\" \/>\n<meta property=\"og:description\" content=\"CBD Cartridge Mint Hemp - Harmony. En kraftfull och naturlig vape med 75 % CBD, CBG. Frisk mint-hampa-arom utan PG, VG eller tillsatser\" \/>\n<meta property=\"og:url\" content=\"https:\/\/www.swizzle.se\/produkt\/cbd-cartridge-mint-hemp-harmony\/\" \/>\n<meta property=\"og:site_name\" content=\"Swizzle\" \/>\n<meta property=\"article:modified_time\" content=\"2026-02-04T14:07:28+00:00\" \/>\n<meta property=\"og:image\" content=\"https:\/\/www.swizzle.se\/wp-content\/uploads\/2025\/06\/ratt-bakrund-canadips-2-1.png\" \/>\n\t<meta property=\"og:image:width\" content=\"600\" \/>\n\t<meta property=\"og:image:height\" content=\"600\" \/>\n\t<meta property=\"og:image:type\" content=\"image\/png\" \/>\n<meta name=\"twitter:card\" content=\"summary_large_image\" \/>\n<meta name=\"twitter:title\" content=\"CBD Cartridge Mint Hemp - Harmony\" \/>\n<meta name=\"twitter:description\" content=\"CBD Cartridge Mint Hemp - Harmony. En kraftfull och naturlig vape med 75 % CBD, CBG. Frisk mint-hampa-arom utan PG, VG eller tillsatser\" \/>\n<meta name=\"twitter:label1\" content=\"Pris\" \/>\n\t<meta name=\"twitter:data1\" content=\"499.00&nbsp;&#107;&#114;\" \/>\n\t<meta name=\"twitter:label2\" content=\"Tilg\u00e6ngelighed\" \/>\n\t<meta name=\"twitter:data2\" content=\"P\u00e5 lager\" \/>\n<script type=\"application\/ld+json\" class=\"yoast-schema-graph\">{\"@context\":\"https:\/\/schema.org\",\"@graph\":[{\"@type\":\"WebPage\",\"@id\":\"https:\/\/www.swizzle.se\/produkt\/cbd-cartridge-mint-hemp-harmony\/\",\"url\":\"https:\/\/www.swizzle.se\/produkt\/cbd-cartridge-mint-hemp-harmony\/\",\"name\":\"CBD Cartridge Mint Hemp - Harmony\",\"isPartOf\":{\"@id\":\"https:\/\/staging.swizzle.se\/#website\"},\"primaryImageOfPage\":{\"@id\":\"https:\/\/www.swizzle.se\/produkt\/cbd-cartridge-mint-hemp-harmony\/#primaryimage\"},\"image\":{\"@id\":\"https:\/\/www.swizzle.se\/produkt\/cbd-cartridge-mint-hemp-harmony\/#primaryimage\"},\"thumbnailUrl\":\"https:\/\/staging.swizzle.se\/wp-content\/uploads\/2025\/06\/ratt-bakrund-canadips-2-1.png\",\"datePublished\":\"2025-06-16T08:18:34+00:00\",\"dateModified\":\"2026-02-04T14:07:28+00:00\",\"description\":\"CBD Cartridge Mint Hemp - Harmony. En kraftfull och naturlig vape med 75 % CBD, CBG. Frisk mint-hampa-arom utan PG, VG eller tillsatser\",\"breadcrumb\":{\"@id\":\"https:\/\/www.swizzle.se\/produkt\/cbd-cartridge-mint-hemp-harmony\/#breadcrumb\"},\"inLanguage\":\"da-DK\",\"potentialAction\":[{\"@type\":\"ReadAction\",\"target\":[\"https:\/\/www.swizzle.se\/produkt\/cbd-cartridge-mint-hemp-harmony\/\"]}]},{\"@type\":\"ImageObject\",\"inLanguage\":\"da-DK\",\"@id\":\"https:\/\/www.swizzle.se\/produkt\/cbd-cartridge-mint-hemp-harmony\/#primaryimage\",\"url\":\"https:\/\/staging.swizzle.se\/wp-content\/uploads\/2025\/06\/ratt-bakrund-canadips-2-1.png\",\"contentUrl\":\"https:\/\/staging.swizzle.se\/wp-content\/uploads\/2025\/06\/ratt-bakrund-canadips-2-1.png\",\"width\":600,\"height\":600,\"caption\":\"Bild mint hemp\"},{\"@type\":\"BreadcrumbList\",\"@id\":\"https:\/\/www.swizzle.se\/produkt\/cbd-cartridge-mint-hemp-harmony\/#breadcrumb\",\"itemListElement\":[{\"@type\":\"ListItem\",\"position\":1,\"name\":\"Home\",\"item\":\"https:\/\/www.swizzle.se\/\"},{\"@type\":\"ListItem\",\"position\":2,\"name\":\"Shop\",\"item\":\"https:\/\/www.swizzle.se\/shop\/\"},{\"@type\":\"ListItem\",\"position\":3,\"name\":\"CANNABINOIDER\",\"item\":\"https:\/\/www.swizzle.se\/produkt-kategori\/cannabinoider\/\"},{\"@type\":\"ListItem\",\"position\":4,\"name\":\"CBD\/G\/N\",\"item\":\"https:\/\/www.swizzle.se\/produkt-kategori\/cannabinoider\/cbd-g-n\/\"},{\"@type\":\"ListItem\",\"position\":5,\"name\":\"CBD Cartridge Mint Hemp &#8211; Harmony\"}]},{\"@type\":\"WebSite\",\"@id\":\"https:\/\/staging.swizzle.se\/#website\",\"url\":\"https:\/\/staging.swizzle.se\/\",\"name\":\"Swizzle\",\"description\":\"Nikotin CBD Vapes Snus White Portion\",\"publisher\":{\"@id\":\"https:\/\/staging.swizzle.se\/#organization\"},\"potentialAction\":[{\"@type\":\"SearchAction\",\"target\":{\"@type\":\"EntryPoint\",\"urlTemplate\":\"https:\/\/staging.swizzle.se\/?s={search_term_string}\"},\"query-input\":{\"@type\":\"PropertyValueSpecification\",\"valueRequired\":true,\"valueName\":\"search_term_string\"}}],\"inLanguage\":\"da-DK\"},{\"@type\":\"Organization\",\"@id\":\"https:\/\/staging.swizzle.se\/#organization\",\"name\":\"Swizzle\",\"url\":\"https:\/\/staging.swizzle.se\/\",\"logo\":{\"@type\":\"ImageObject\",\"inLanguage\":\"da-DK\",\"@id\":\"https:\/\/staging.swizzle.se\/#\/schema\/logo\/image\/\",\"url\":\"https:\/\/staging.swizzle.se\/wp-content\/uploads\/2025\/10\/cropped-SWIZZLE.-4.png\",\"contentUrl\":\"https:\/\/staging.swizzle.se\/wp-content\/uploads\/2025\/10\/cropped-SWIZZLE.-4.png\",\"width\":800,\"height\":267,\"caption\":\"Swizzle\"},\"image\":{\"@id\":\"https:\/\/staging.swizzle.se\/#\/schema\/logo\/image\/\"},\"hasMerchantReturnPolicy\":{\"@type\":\"MerchantReturnPolicy\",\"merchantReturnLink\":\"https:\/\/staging.swizzle.se\/dk\/villkor\/\"}}]}<\/script>\n<meta property=\"product:price:amount\" content=\"499.00\" \/>\n<meta property=\"product:price:currency\" content=\"SEK\" \/>\n<meta property=\"og:availability\" content=\"instock\" \/>\n<meta property=\"product:availability\" content=\"instock\" \/>\n<meta property=\"product:condition\" content=\"new\" \/>\n<!-- \/ Yoast SEO Premium plugin. -->","yoast_head_json":{"title":"CBD Cartridge Mint Hemp - Harmony","description":"CBD Cartridge Mint Hemp - Harmony. En kraftfull och naturlig vape med 75 % CBD, CBG. Frisk mint-hampa-arom utan PG, VG eller tillsatser","robots":{"index":"noindex","follow":"follow","max-snippet":"max-snippet:-1","max-image-preview":"max-image-preview:large","max-video-preview":"max-video-preview:-1"},"og_locale":"da_DK","og_type":"article","og_title":"CBD Cartridge Mint Hemp - Harmony","og_description":"CBD Cartridge Mint Hemp - Harmony. En kraftfull och naturlig vape med 75 % CBD, CBG. Frisk mint-hampa-arom utan PG, VG eller tillsatser","og_url":"https:\/\/www.swizzle.se\/produkt\/cbd-cartridge-mint-hemp-harmony\/","og_site_name":"Swizzle","article_modified_time":"2026-02-04T14:07:28+00:00","og_image":[{"width":600,"height":600,"url":"https:\/\/www.swizzle.se\/wp-content\/uploads\/2025\/06\/ratt-bakrund-canadips-2-1.png","type":"image\/png"}],"twitter_card":"summary_large_image","twitter_title":"CBD Cartridge Mint Hemp - Harmony","twitter_description":"CBD Cartridge Mint Hemp - Harmony. En kraftfull och naturlig vape med 75 % CBD, CBG. Frisk mint-hampa-arom utan PG, VG eller tillsatser","twitter_misc":{"Pris":"499.00&nbsp;&#107;&#114;","Tilg\u00e6ngelighed":"P\u00e5 lager"},"schema":{"@context":"https:\/\/schema.org","@graph":[{"@type":"WebPage","@id":"https:\/\/www.swizzle.se\/produkt\/cbd-cartridge-mint-hemp-harmony\/","url":"https:\/\/www.swizzle.se\/produkt\/cbd-cartridge-mint-hemp-harmony\/","name":"CBD Cartridge Mint Hemp - Harmony","isPartOf":{"@id":"https:\/\/staging.swizzle.se\/#website"},"primaryImageOfPage":{"@id":"https:\/\/www.swizzle.se\/produkt\/cbd-cartridge-mint-hemp-harmony\/#primaryimage"},"image":{"@id":"https:\/\/www.swizzle.se\/produkt\/cbd-cartridge-mint-hemp-harmony\/#primaryimage"},"thumbnailUrl":"https:\/\/staging.swizzle.se\/wp-content\/uploads\/2025\/06\/ratt-bakrund-canadips-2-1.png","datePublished":"2025-06-16T08:18:34+00:00","dateModified":"2026-02-04T14:07:28+00:00","description":"CBD Cartridge Mint Hemp - Harmony. En kraftfull och naturlig vape med 75 % CBD, CBG. Frisk mint-hampa-arom utan PG, VG eller tillsatser","breadcrumb":{"@id":"https:\/\/www.swizzle.se\/produkt\/cbd-cartridge-mint-hemp-harmony\/#breadcrumb"},"inLanguage":"da-DK","potentialAction":[{"@type":"ReadAction","target":["https:\/\/www.swizzle.se\/produkt\/cbd-cartridge-mint-hemp-harmony\/"]}]},{"@type":"ImageObject","inLanguage":"da-DK","@id":"https:\/\/www.swizzle.se\/produkt\/cbd-cartridge-mint-hemp-harmony\/#primaryimage","url":"https:\/\/staging.swizzle.se\/wp-content\/uploads\/2025\/06\/ratt-bakrund-canadips-2-1.png","contentUrl":"https:\/\/staging.swizzle.se\/wp-content\/uploads\/2025\/06\/ratt-bakrund-canadips-2-1.png","width":600,"height":600,"caption":"Bild mint hemp"},{"@type":"BreadcrumbList","@id":"https:\/\/www.swizzle.se\/produkt\/cbd-cartridge-mint-hemp-harmony\/#breadcrumb","itemListElement":[{"@type":"ListItem","position":1,"name":"Home","item":"https:\/\/www.swizzle.se\/"},{"@type":"ListItem","position":2,"name":"Shop","item":"https:\/\/www.swizzle.se\/shop\/"},{"@type":"ListItem","position":3,"name":"CANNABINOIDER","item":"https:\/\/www.swizzle.se\/produkt-kategori\/cannabinoider\/"},{"@type":"ListItem","position":4,"name":"CBD\/G\/N","item":"https:\/\/www.swizzle.se\/produkt-kategori\/cannabinoider\/cbd-g-n\/"},{"@type":"ListItem","position":5,"name":"CBD Cartridge Mint Hemp &#8211; Harmony"}]},{"@type":"WebSite","@id":"https:\/\/staging.swizzle.se\/#website","url":"https:\/\/staging.swizzle.se\/","name":"Swizzle","description":"Nikotin CBD Vapes Snus Hvid Portion","publisher":{"@id":"https:\/\/staging.swizzle.se\/#organization"},"potentialAction":[{"@type":"SearchAction","target":{"@type":"EntryPoint","urlTemplate":"https:\/\/staging.swizzle.se\/?s={search_term_string}"},"query-input":{"@type":"PropertyValueSpecification","valueRequired":true,"valueName":"search_term_string"}}],"inLanguage":"da-DK"},{"@type":"Organization","@id":"https:\/\/staging.swizzle.se\/#organization","name":"Swizzle","url":"https:\/\/staging.swizzle.se\/","logo":{"@type":"ImageObject","inLanguage":"da-DK","@id":"https:\/\/staging.swizzle.se\/#\/schema\/logo\/image\/","url":"https:\/\/staging.swizzle.se\/wp-content\/uploads\/2025\/10\/cropped-SWIZZLE.-4.png","contentUrl":"https:\/\/staging.swizzle.se\/wp-content\/uploads\/2025\/10\/cropped-SWIZZLE.-4.png","width":800,"height":267,"caption":"Swizzle"},"image":{"@id":"https:\/\/staging.swizzle.se\/#\/schema\/logo\/image\/"},"hasMerchantReturnPolicy":{"@type":"MerchantReturnPolicy","merchantReturnLink":"https:\/\/staging.swizzle.se\/dk\/villkor\/"}}]},"product_price_amount":"499.00","product_price_currency":"SEK","og_availability":"instock","product_availability":"instock","product_condition":"new"},"tiered_pricing_type":"fixed","tiered_pricing_fixed_rules":[],"tiered_pricing_product_settings":{"layout":"default","base_unit_name":{"singular":null,"plural":null},"default_variation":null},"tiered_pricing_minimum_quantity":null,"tiered_pricing_roles_data":[],"tiered_pricing_percentage_rules":[],"tiered_pricing_maximum_quantity":null,"tiered_pricing_quantity_step":null,"_links":{"self":[{"href":"https:\/\/staging.swizzle.se\/dk\/wp-json\/wp\/v2\/product\/258891","targetHints":{"allow":["GET"]}}],"collection":[{"href":"https:\/\/staging.swizzle.se\/dk\/wp-json\/wp\/v2\/product"}],"about":[{"href":"https:\/\/staging.swizzle.se\/dk\/wp-json\/wp\/v2\/types\/product"}],"replies":[{"embeddable":true,"href":"https:\/\/staging.swizzle.se\/dk\/wp-json\/wp\/v2\/comments?post=258891"}],"version-history":[{"count":0,"href":"https:\/\/staging.swizzle.se\/dk\/wp-json\/wp\/v2\/product\/258891\/revisions"}],"wp:featuredmedia":[{"embeddable":true,"href":"https:\/\/staging.swizzle.se\/dk\/wp-json\/wp\/v2\/media\/261577"}],"wp:attachment":[{"href":"https:\/\/staging.swizzle.se\/dk\/wp-json\/wp\/v2\/media?parent=258891"}],"wp:term":[{"taxonomy":"product_brand","embeddable":true,"href":"https:\/\/staging.swizzle.se\/dk\/wp-json\/wp\/v2\/product_brand?post=258891"},{"taxonomy":"product_cat","embeddable":true,"href":"https:\/\/staging.swizzle.se\/dk\/wp-json\/wp\/v2\/product_cat?post=258891"},{"taxonomy":"product_tag","embeddable":true,"href":"https:\/\/staging.swizzle.se\/dk\/wp-json\/wp\/v2\/product_tag?post=258891"},{"taxonomy":"superdeal","embeddable":true,"href":"https:\/\/staging.swizzle.se\/dk\/wp-json\/wp\/v2\/superdeal?post=258891"},{"taxonomy":"product_variant_id","embeddable":true,"href":"https:\/\/staging.swizzle.se\/dk\/wp-json\/wp\/v2\/product_variant_id?post=258891"}],"curies":[{"name":"wp","href":"https:\/\/api.w.org\/{rel}","templated":true}]}}