{"id":257972,"date":"2022-10-05T17:44:59","date_gmt":"2022-10-05T17:44:59","guid":{"rendered":"https:\/\/new.staging.swizzle.se\/villkor\/"},"modified":"2025-04-14T20:30:37","modified_gmt":"2025-04-14T20:30:37","slug":"villkor","status":"publish","type":"page","link":"https:\/\/staging.swizzle.se\/dk\/villkor\/","title":{"rendered":"Vilk\u00e5r og betingelser"},"content":{"rendered":"<div data-elementor-type=\"wp-page\" data-elementor-id=\"257972\" class=\"elementor elementor-257972\" data-elementor-post-type=\"page\">\n\t\t\t\t<div class=\"elementor-element elementor-element-292231c4 e-flex e-con-boxed e-con e-parent\" data-id=\"292231c4\" data-element_type=\"container\" data-e-type=\"container\">\n\t\t\t\t\t<div class=\"e-con-inner\">\n\t\t\t\t<div class=\"elementor-element elementor-element-5e072abc elementor-widget elementor-widget-text-editor\" data-id=\"5e072abc\" data-element_type=\"widget\" data-e-type=\"widget\" data-widget_type=\"text-editor.default\">\n\t\t\t\t<div class=\"elementor-widget-container\">\n\t\t\t\t\t\t\t\t\t<p>Anv\u00e4ndning av webbplatsen: Du f\u00e5r anv\u00e4nda Swizzles webbplats f\u00f6r personliga, icke-kommersiella syften endast. Du f\u00e5r inte anv\u00e4nda webbplatsen f\u00f6r n\u00e5got olagligt eller oauktoriserat syfte.<\/p>\n<p><!-- \/wp:paragraph --><\/p>\n<p><!-- wp:paragraph --><\/p>\n<p>Produktbeskrivningar: Swizzle g\u00f6r allt f\u00f6r att beskriva v\u00e5ra produkter p\u00e5 ett s\u00e5 exakt s\u00e4tt som m\u00f6jligt, men vi garanterar inte att produktbeskrivningar eller annat inneh\u00e5ll p\u00e5 webbplatsen \u00e4r korrekt, fullst\u00e4ndigt, p\u00e5litligt, aktuellt eller fri fr\u00e5n fel. Om en produkt du mottar inte \u00e4r som beskriven \u00e4r ditt enda tillv\u00e4gag\u00e5ngss\u00e4tt att returnera den i oanv\u00e4nt skick.<\/p>\n<p><!-- \/wp:paragraph --><\/p>\n<p><!-- wp:paragraph --><\/p>\n<p><!-- \/wp:paragraph --><\/p>\n<p><!-- wp:paragraph --><\/p>\n<h4>Integritetspolicy<\/h4>\n<p>Swizzle tar din integritet p\u00e5 allvar och \u00e4r engagerade i att skydda din personliga information. Genom att anv\u00e4nda v\u00e5r webbplats godk\u00e4nner du v\u00e5r Integritetspolicy.<br \/><br \/>Insamling av personlig information: Vi samlar in personlig information, s\u00e5som namn, adress, e-postadress och telefonnummer, n\u00e4r du g\u00f6r en best\u00e4llning eller skapar en konto p\u00e5 Swizzles webbplats. Anv\u00e4ndning av personlig information. Vi anv\u00e4nder din personliga information f\u00f6r att bearbeta och leverera din best\u00e4llning, f\u00f6r att kontakta dig i samband med din best\u00e4llning samt i marknadsf\u00f6rings syfte fr\u00e5n oss, du kan avsluta reklam genom att kontakta oss. Vi f\u00f6rbinder oss att inte s\u00e4lja eller p\u00e5 annat s\u00e4tt \u00f6verf\u00f6ra din personliga information till tredje part utan ditt uttryckliga samtycke.<\/p>\n<h4>\u00c5ldergr\u00e4ns<\/h4>\n<p>F\u00f6r att handla vape m\u00e5ste du vara 18 \u00e5r eller \u00e4ldre. Vi f\u00f6rbeh\u00e5ller oss r\u00e4tten att beg\u00e4ra \u00e5ldersverifiering av alla kunder och kan avvisa best\u00e4llningar om \u00e5lder inte kan bekr\u00e4ftas.\u00a0<\/p>\n<h4>Returer &amp; \u00c5ngerr\u00e4tt<\/h4>\n<p>Vi accepterar inte n\u00e5gon retur eftersom produkterna vi s\u00e4ljer \u00e4r k\u00e4nsliga produkter som vi inte kan ta tillbaka. Om du vill returnera en produkt som inte \u00e4r en vape-produkt. V\u00e4nligen kontakta oss f\u00f6r vidare instruktioner. Kunden st\u00e5r f\u00f6r fraktkostnaderna vid retur av produkter.<br \/><br \/>Vi f\u00f6ljer konsumentk\u00f6plagen och erbjuder 14 dagars \u00e5ngerr\u00e4tt p\u00e5 alla <strong>o\u00f6ppnade och oanv\u00e4nda<\/strong> produkter.<\/p>\n<h4>Reklamationsr\u00e4tt<\/h4>\n<p>Om du uppt\u00e4cker n\u00e5got fel p\u00e5 din produkt. V\u00e4nligen kontakta oss via mail p\u00e5\u00a0<a href=\"\/dk\/\\&quot;mailto:Info@staging.swizzle.se\\&quot;\/\">Info@staging.swizzle.se<\/a> med ditt ordernummer och information om problemet. Vi kommer att g\u00f6ra v\u00e5rt b\u00e4sta f\u00f6r att hj\u00e4lpa dig s\u00e5 snabbt som m\u00f6jligt.\u00a0<\/p>\n<h4>Prydnadsf\u00f6rem\u00e5l<\/h4>\n<p>Vi rekommenderar ingen att bruka v\u00e5ra produkter. V\u00e5ra produkter s\u00e4ljs som prydnadsf\u00f6rem\u00e5l. Vi tar avst\u00e5nd fr\u00e5n all anv\u00e4ndning av dessa produkter ut\u00f6ver deras avsedda syfte som souvenirs och dekorativa objekt. Som k\u00f6pare \u00e4r det ditt ansvar att f\u00f6lja denna rekommendation och vi fr\u00e5ns\u00e4ger oss allt ansvar f\u00f6r felaktig anv\u00e4ndning.<\/p>\t\t\t\t\t\t\t\t<\/div>\n\t\t\t\t<\/div>\n\t\t\t\t\t<\/div>\n\t\t\t\t<\/div>\n\t\t\t\t<\/div>","protected":false},"excerpt":{"rendered":"<p>Anv\u00e4ndning av webbplatsen: Du f\u00e5r anv\u00e4nda Swizzles webbplats f\u00f6r personliga, icke-kommersiella syften endast. Du f\u00e5r inte anv\u00e4nda webbplatsen f\u00f6r n\u00e5got olagligt eller oauktoriserat syfte. Produktbeskrivningar: Swizzle g\u00f6r allt f\u00f6r att beskriva v\u00e5ra produkter p\u00e5 ett s\u00e5 exakt s\u00e4tt som m\u00f6jligt, men vi garanterar inte att produktbeskrivningar eller annat inneh\u00e5ll p\u00e5 webbplatsen \u00e4r korrekt, fullst\u00e4ndigt, p\u00e5litligt, [&hellip;]<\/p>","protected":false},"author":1,"featured_media":0,"parent":0,"menu_order":0,"comment_status":"closed","ping_status":"closed","template":"elementor_theme","meta":{"site-sidebar-layout":"default","site-content-layout":"","ast-site-content-layout":"default","site-content-style":"default","site-sidebar-style":"default","ast-global-header-display":"","ast-banner-title-visibility":"","ast-main-header-display":"","ast-hfb-above-header-display":"","ast-hfb-below-header-display":"","ast-hfb-mobile-header-display":"","site-post-title":"","ast-breadcrumbs-content":"","ast-featured-img":"","footer-sml-layout":"","ast-disable-related-posts":"","theme-transparent-header-meta":"","adv-header-id-meta":"","stick-header-meta":"","header-above-stick-meta":"","header-main-stick-meta":"","header-below-stick-meta":"","astra-migrate-meta-layouts":"set","ast-page-background-enabled":"default","ast-page-background-meta":{"desktop":{"background-color":"var(--ast-global-color-4)","background-image":"","background-repeat":"repeat","background-position":"center center","background-size":"auto","background-attachment":"scroll","background-type":"","background-media":"","overlay-type":"","overlay-color":"","overlay-opacity":"","overlay-gradient":""},"tablet":{"background-color":"","background-image":"","background-repeat":"repeat","background-position":"center center","background-size":"auto","background-attachment":"scroll","background-type":"","background-media":"","overlay-type":"","overlay-color":"","overlay-opacity":"","overlay-gradient":""},"mobile":{"background-color":"","background-image":"","background-repeat":"repeat","background-position":"center center","background-size":"auto","background-attachment":"scroll","background-type":"","background-media":"","overlay-type":"","overlay-color":"","overlay-opacity":"","overlay-gradient":""}},"ast-content-background-meta":{"desktop":{"background-color":"var(--ast-global-color-5)","background-image":"","background-repeat":"repeat","background-position":"center center","background-size":"auto","background-attachment":"scroll","background-type":"","background-media":"","overlay-type":"","overlay-color":"","overlay-opacity":"","overlay-gradient":""},"tablet":{"background-color":"var(--ast-global-color-5)","background-image":"","background-repeat":"repeat","background-position":"center center","background-size":"auto","background-attachment":"scroll","background-type":"","background-media":"","overlay-type":"","overlay-color":"","overlay-opacity":"","overlay-gradient":""},"mobile":{"background-color":"var(--ast-global-color-5)","background-image":"","background-repeat":"repeat","background-position":"center center","background-size":"auto","background-attachment":"scroll","background-type":"","background-media":"","overlay-type":"","overlay-color":"","overlay-opacity":"","overlay-gradient":""}},"footnotes":""},"class_list":["post-257972","page","type-page","status-publish","hentry"],"yoast_head":"<!-- This site is optimized with the Yoast SEO Premium plugin v26.9 (Yoast SEO v26.9) - https:\/\/yoast.com\/product\/yoast-seo-premium-wordpress\/ -->\n<title>Villkor - Swizzle<\/title>\n<meta name=\"description\" content=\"Villkor om v\u00e5r integritetspolicy f\u00f6r att f\u00f6rst\u00e5 hur vi hanterar din personliga information n\u00e4r du bes\u00f6ker v\u00e5r webbplats och anv\u00e4nder v\u00e5ra.....\" \/>\n<meta name=\"robots\" content=\"noindex, follow, max-snippet:-1, max-image-preview:large, max-video-preview:-1\" \/>\n<meta property=\"og:locale\" content=\"da_DK\" \/>\n<meta property=\"og:type\" content=\"article\" \/>\n<meta property=\"og:title\" content=\"Villkor\" \/>\n<meta property=\"og:description\" content=\"Villkor om v\u00e5r integritetspolicy f\u00f6r att f\u00f6rst\u00e5 hur vi hanterar din personliga information n\u00e4r du bes\u00f6ker v\u00e5r webbplats och anv\u00e4nder v\u00e5ra.....\" \/>\n<meta property=\"og:url\" content=\"https:\/\/www.swizzle.se\/villkor\/\" \/>\n<meta property=\"og:site_name\" content=\"Swizzle\" \/>\n<meta property=\"article:modified_time\" content=\"2025-04-14T20:30:37+00:00\" \/>\n<meta name=\"twitter:card\" content=\"summary_large_image\" \/>\n<meta name=\"twitter:label1\" content=\"Estimeret l\u00e6setid\" \/>\n\t<meta name=\"twitter:data1\" content=\"2 minutter\" \/>\n<script type=\"application\/ld+json\" class=\"yoast-schema-graph\">{\"@context\":\"https:\/\/schema.org\",\"@graph\":[{\"@type\":[\"Article\",\"BlogPosting\"],\"@id\":\"https:\/\/www.swizzle.se\/villkor\/#article\",\"isPartOf\":{\"@id\":\"https:\/\/www.swizzle.se\/villkor\/\"},\"author\":{\"name\":\"swizzle\",\"@id\":\"https:\/\/staging.swizzle.se\/#\/schema\/person\/6a5d2987838f1fe7332c6632334462ad\"},\"headline\":\"Villkor\",\"datePublished\":\"2022-10-05T17:44:59+00:00\",\"dateModified\":\"2025-04-14T20:30:37+00:00\",\"mainEntityOfPage\":{\"@id\":\"https:\/\/www.swizzle.se\/villkor\/\"},\"wordCount\":461,\"publisher\":{\"@id\":\"https:\/\/staging.swizzle.se\/#organization\"},\"inLanguage\":\"da-DK\"},{\"@type\":\"WebPage\",\"@id\":\"https:\/\/www.swizzle.se\/villkor\/\",\"url\":\"https:\/\/www.swizzle.se\/villkor\/\",\"name\":\"Villkor - Swizzle\",\"isPartOf\":{\"@id\":\"https:\/\/staging.swizzle.se\/#website\"},\"datePublished\":\"2022-10-05T17:44:59+00:00\",\"dateModified\":\"2025-04-14T20:30:37+00:00\",\"description\":\"Villkor om v\u00e5r integritetspolicy f\u00f6r att f\u00f6rst\u00e5 hur vi hanterar din personliga information n\u00e4r du bes\u00f6ker v\u00e5r webbplats och anv\u00e4nder v\u00e5ra.....\",\"breadcrumb\":{\"@id\":\"https:\/\/www.swizzle.se\/villkor\/#breadcrumb\"},\"inLanguage\":\"da-DK\",\"potentialAction\":[{\"@type\":\"ReadAction\",\"target\":[\"https:\/\/www.swizzle.se\/villkor\/\"]}]},{\"@type\":\"BreadcrumbList\",\"@id\":\"https:\/\/www.swizzle.se\/villkor\/#breadcrumb\",\"itemListElement\":[{\"@type\":\"ListItem\",\"position\":1,\"name\":\"Home\",\"item\":\"https:\/\/www.swizzle.se\/\"},{\"@type\":\"ListItem\",\"position\":2,\"name\":\"Villkor\"}]},{\"@type\":\"WebSite\",\"@id\":\"https:\/\/staging.swizzle.se\/#website\",\"url\":\"https:\/\/staging.swizzle.se\/\",\"name\":\"Swizzle\",\"description\":\"Nikotin CBD Vapes Snus White Portion\",\"publisher\":{\"@id\":\"https:\/\/staging.swizzle.se\/#organization\"},\"potentialAction\":[{\"@type\":\"SearchAction\",\"target\":{\"@type\":\"EntryPoint\",\"urlTemplate\":\"https:\/\/staging.swizzle.se\/?s={search_term_string}\"},\"query-input\":{\"@type\":\"PropertyValueSpecification\",\"valueRequired\":true,\"valueName\":\"search_term_string\"}}],\"inLanguage\":\"da-DK\"},{\"@type\":\"Organization\",\"@id\":\"https:\/\/staging.swizzle.se\/#organization\",\"name\":\"Swizzle\",\"url\":\"https:\/\/staging.swizzle.se\/\",\"logo\":{\"@type\":\"ImageObject\",\"inLanguage\":\"da-DK\",\"@id\":\"https:\/\/staging.swizzle.se\/#\/schema\/logo\/image\/\",\"url\":\"https:\/\/staging.swizzle.se\/wp-content\/uploads\/2025\/10\/cropped-SWIZZLE.-4.png\",\"contentUrl\":\"https:\/\/staging.swizzle.se\/wp-content\/uploads\/2025\/10\/cropped-SWIZZLE.-4.png\",\"width\":800,\"height\":267,\"caption\":\"Swizzle\"},\"image\":{\"@id\":\"https:\/\/staging.swizzle.se\/#\/schema\/logo\/image\/\"},\"hasMerchantReturnPolicy\":{\"@type\":\"MerchantReturnPolicy\",\"merchantReturnLink\":\"https:\/\/staging.swizzle.se\/dk\/villkor\/\"}},{\"@type\":\"Person\",\"@id\":\"https:\/\/staging.swizzle.se\/#\/schema\/person\/6a5d2987838f1fe7332c6632334462ad\",\"name\":\"swizzle\",\"image\":{\"@type\":\"ImageObject\",\"inLanguage\":\"da-DK\",\"@id\":\"https:\/\/staging.swizzle.se\/#\/schema\/person\/image\/\",\"url\":\"https:\/\/secure.gravatar.com\/avatar\/ec47099af09d54eecd5129e5f28d899047f08b53fd84760131cd5897b2bcce7f?s=96&d=mm&r=g\",\"contentUrl\":\"https:\/\/secure.gravatar.com\/avatar\/ec47099af09d54eecd5129e5f28d899047f08b53fd84760131cd5897b2bcce7f?s=96&d=mm&r=g\",\"caption\":\"swizzle\"},\"sameAs\":[\"https:\/\/new.staging.swizzle.se\"]}]}<\/script>\n<!-- \/ Yoast SEO Premium plugin. -->","yoast_head_json":{"title":"Villkor - Swizzle","description":"Villkor om v\u00e5r integritetspolicy f\u00f6r att f\u00f6rst\u00e5 hur vi hanterar din personliga information n\u00e4r du bes\u00f6ker v\u00e5r webbplats och anv\u00e4nder v\u00e5ra.....","robots":{"index":"noindex","follow":"follow","max-snippet":"max-snippet:-1","max-image-preview":"max-image-preview:large","max-video-preview":"max-video-preview:-1"},"og_locale":"da_DK","og_type":"article","og_title":"Villkor","og_description":"Villkor om v\u00e5r integritetspolicy f\u00f6r att f\u00f6rst\u00e5 hur vi hanterar din personliga information n\u00e4r du bes\u00f6ker v\u00e5r webbplats och anv\u00e4nder v\u00e5ra.....","og_url":"https:\/\/www.swizzle.se\/villkor\/","og_site_name":"Swizzle","article_modified_time":"2025-04-14T20:30:37+00:00","twitter_card":"summary_large_image","twitter_misc":{"Estimeret l\u00e6setid":"2 minutter"},"schema":{"@context":"https:\/\/schema.org","@graph":[{"@type":["Article","BlogPosting"],"@id":"https:\/\/www.swizzle.se\/villkor\/#article","isPartOf":{"@id":"https:\/\/www.swizzle.se\/villkor\/"},"author":{"name":"swizzle","@id":"https:\/\/staging.swizzle.se\/#\/schema\/person\/6a5d2987838f1fe7332c6632334462ad"},"headline":"Villkor","datePublished":"2022-10-05T17:44:59+00:00","dateModified":"2025-04-14T20:30:37+00:00","mainEntityOfPage":{"@id":"https:\/\/www.swizzle.se\/villkor\/"},"wordCount":461,"publisher":{"@id":"https:\/\/staging.swizzle.se\/#organization"},"inLanguage":"da-DK"},{"@type":"WebPage","@id":"https:\/\/www.swizzle.se\/villkor\/","url":"https:\/\/www.swizzle.se\/villkor\/","name":"Villkor - Swizzle","isPartOf":{"@id":"https:\/\/staging.swizzle.se\/#website"},"datePublished":"2022-10-05T17:44:59+00:00","dateModified":"2025-04-14T20:30:37+00:00","description":"Villkor om v\u00e5r integritetspolicy f\u00f6r att f\u00f6rst\u00e5 hur vi hanterar din personliga information n\u00e4r du bes\u00f6ker v\u00e5r webbplats och anv\u00e4nder v\u00e5ra.....","breadcrumb":{"@id":"https:\/\/www.swizzle.se\/villkor\/#breadcrumb"},"inLanguage":"da-DK","potentialAction":[{"@type":"ReadAction","target":["https:\/\/www.swizzle.se\/villkor\/"]}]},{"@type":"BreadcrumbList","@id":"https:\/\/www.swizzle.se\/villkor\/#breadcrumb","itemListElement":[{"@type":"ListItem","position":1,"name":"Home","item":"https:\/\/www.swizzle.se\/"},{"@type":"ListItem","position":2,"name":"Villkor"}]},{"@type":"WebSite","@id":"https:\/\/staging.swizzle.se\/#website","url":"https:\/\/staging.swizzle.se\/","name":"Swizzle","description":"Nikotin CBD Vapes Snus Hvid Portion","publisher":{"@id":"https:\/\/staging.swizzle.se\/#organization"},"potentialAction":[{"@type":"SearchAction","target":{"@type":"EntryPoint","urlTemplate":"https:\/\/staging.swizzle.se\/?s={search_term_string}"},"query-input":{"@type":"PropertyValueSpecification","valueRequired":true,"valueName":"search_term_string"}}],"inLanguage":"da-DK"},{"@type":"Organization","@id":"https:\/\/staging.swizzle.se\/#organization","name":"Swizzle","url":"https:\/\/staging.swizzle.se\/","logo":{"@type":"ImageObject","inLanguage":"da-DK","@id":"https:\/\/staging.swizzle.se\/#\/schema\/logo\/image\/","url":"https:\/\/staging.swizzle.se\/wp-content\/uploads\/2025\/10\/cropped-SWIZZLE.-4.png","contentUrl":"https:\/\/staging.swizzle.se\/wp-content\/uploads\/2025\/10\/cropped-SWIZZLE.-4.png","width":800,"height":267,"caption":"Swizzle"},"image":{"@id":"https:\/\/staging.swizzle.se\/#\/schema\/logo\/image\/"},"hasMerchantReturnPolicy":{"@type":"MerchantReturnPolicy","merchantReturnLink":"https:\/\/staging.swizzle.se\/dk\/villkor\/"}},{"@type":"Person","@id":"https:\/\/staging.swizzle.se\/#\/schema\/person\/6a5d2987838f1fe7332c6632334462ad","name":"Svamp","image":{"@type":"ImageObject","inLanguage":"da-DK","@id":"https:\/\/staging.swizzle.se\/#\/schema\/person\/image\/","url":"https:\/\/secure.gravatar.com\/avatar\/ec47099af09d54eecd5129e5f28d899047f08b53fd84760131cd5897b2bcce7f?s=96&d=mm&r=g","contentUrl":"https:\/\/secure.gravatar.com\/avatar\/ec47099af09d54eecd5129e5f28d899047f08b53fd84760131cd5897b2bcce7f?s=96&d=mm&r=g","caption":"swizzle"},"sameAs":["https:\/\/new.staging.swizzle.se"]}]}},"_links":{"self":[{"href":"https:\/\/staging.swizzle.se\/dk\/wp-json\/wp\/v2\/pages\/257972","targetHints":{"allow":["GET"]}}],"collection":[{"href":"https:\/\/staging.swizzle.se\/dk\/wp-json\/wp\/v2\/pages"}],"about":[{"href":"https:\/\/staging.swizzle.se\/dk\/wp-json\/wp\/v2\/types\/page"}],"author":[{"embeddable":true,"href":"https:\/\/staging.swizzle.se\/dk\/wp-json\/wp\/v2\/users\/1"}],"replies":[{"embeddable":true,"href":"https:\/\/staging.swizzle.se\/dk\/wp-json\/wp\/v2\/comments?post=257972"}],"version-history":[{"count":0,"href":"https:\/\/staging.swizzle.se\/dk\/wp-json\/wp\/v2\/pages\/257972\/revisions"}],"wp:attachment":[{"href":"https:\/\/staging.swizzle.se\/dk\/wp-json\/wp\/v2\/media?parent=257972"}],"curies":[{"name":"wp","href":"https:\/\/api.w.org\/{rel}","templated":true}]}}